{"id":904,"date":"2017-03-01T14:02:26","date_gmt":"2017-03-01T13:02:26","guid":{"rendered":"http:\/\/kichiko.net\/?page_id=904"},"modified":"2019-12-10T21:47:16","modified_gmt":"2019-12-10T20:47:16","slug":"kichikos-l-4","status":"publish","type":"page","link":"https:\/\/kichiko.net\/?page_id=904","title":{"rendered":"Kichiko`s Lucky Mariko"},"content":{"rendered":"<p style=\"text-align: left;\">Kl. 01:50\u00a0. Nr.4 ble en r\u00f8d tispe som veide 225 gr.\u00a0 <span class=\"rtb4\">Hun fikk navnet : Kichiko`s \u00a0Lucky Mariko. Det betyr : Heldig lite garnn\u00f8ste<\/span><\/p>\n<div class=\"tmpMainPicBox\">\n<div class=\"tmpMainPicSubBox\">\n<div class=\"tmpMainRich\">\n<p style=\"text-align: left;\"><span class=\"rtb4\">Nick :\u00a0Akira<br \/>\nRase : Shiba<br \/>\nKj\u00f8nn : Tispe<br \/>\nFarge : R\u00f8d<br \/>\nF\u00f8dt :\u00a022\/2-2017<br \/>\nReg.nr : NO 36562\/17<br \/>\nHD : B\/B<br \/>\nAD : 0\/0<\/span><\/p>\n<p style=\"text-align: left;\"><strong><span class=\"rtb4\"><br \/>\n<\/span><\/strong><span class=\"rtb4\">Eier : Synne Kristine Berge og Andreas Haukli, Stavanger<\/span><\/p>\n<\/div>\n<\/div>\n<\/div>\n<div id=\"attachment_905\" style=\"width: 410px\" class=\"wp-caption aligncenter\"><img aria-describedby=\"caption-attachment-905\" loading=\"lazy\" class=\"size-medium wp-image-905\" src=\"http:\/\/kichiko.net\/wp-content\/uploads\/2017\/03\/44-400x372.jpg\" alt=\"1 uke \" width=\"400\" height=\"372\" srcset=\"https:\/\/kichiko.net\/wp-content\/uploads\/2017\/03\/44-400x372.jpg 400w, https:\/\/kichiko.net\/wp-content\/uploads\/2017\/03\/44-768x714.jpg 768w, https:\/\/kichiko.net\/wp-content\/uploads\/2017\/03\/44-1024x952.jpg 1024w, https:\/\/kichiko.net\/wp-content\/uploads\/2017\/03\/44.jpg 1497w\" sizes=\"(max-width: 400px) 100vw, 400px\" \/><p id=\"caption-attachment-905\" class=\"wp-caption-text\">1 uke<\/p><\/div>\n<div id=\"attachment_933\" style=\"width: 410px\" class=\"wp-caption aligncenter\"><img aria-describedby=\"caption-attachment-933\" loading=\"lazy\" class=\"size-medium wp-image-933\" src=\"http:\/\/kichiko.net\/wp-content\/uploads\/2017\/03\/t-400x467.jpg\" alt=\"2 uker\" width=\"400\" height=\"467\" srcset=\"https:\/\/kichiko.net\/wp-content\/uploads\/2017\/03\/t-400x467.jpg 400w, https:\/\/kichiko.net\/wp-content\/uploads\/2017\/03\/t-768x897.jpg 768w, https:\/\/kichiko.net\/wp-content\/uploads\/2017\/03\/t.jpg 822w\" sizes=\"(max-width: 400px) 100vw, 400px\" \/><p id=\"caption-attachment-933\" class=\"wp-caption-text\">2 uker<\/p><\/div>\n<div id=\"attachment_949\" style=\"width: 410px\" class=\"wp-caption aligncenter\"><img aria-describedby=\"caption-attachment-949\" loading=\"lazy\" class=\"size-medium wp-image-949\" src=\"http:\/\/kichiko.net\/wp-content\/uploads\/2017\/03\/tispe-400x381.jpg\" alt=\"3 uker \" width=\"400\" height=\"381\" srcset=\"https:\/\/kichiko.net\/wp-content\/uploads\/2017\/03\/tispe-400x381.jpg 400w, https:\/\/kichiko.net\/wp-content\/uploads\/2017\/03\/tispe-768x731.jpg 768w, https:\/\/kichiko.net\/wp-content\/uploads\/2017\/03\/tispe.jpg 960w\" sizes=\"(max-width: 400px) 100vw, 400px\" \/><p id=\"caption-attachment-949\" class=\"wp-caption-text\">3 uker<\/p><\/div>\n<div id=\"attachment_958\" style=\"width: 410px\" class=\"wp-caption aligncenter\"><img aria-describedby=\"caption-attachment-958\" loading=\"lazy\" class=\"size-medium wp-image-958\" src=\"http:\/\/kichiko.net\/wp-content\/uploads\/2017\/02\/IMG_8394-400x482.jpg\" alt=\"4 uker\" width=\"400\" height=\"482\" srcset=\"https:\/\/kichiko.net\/wp-content\/uploads\/2017\/02\/IMG_8394-400x482.jpg 400w, https:\/\/kichiko.net\/wp-content\/uploads\/2017\/02\/IMG_8394-768x926.jpg 768w, https:\/\/kichiko.net\/wp-content\/uploads\/2017\/02\/IMG_8394-849x1024.jpg 849w, https:\/\/kichiko.net\/wp-content\/uploads\/2017\/02\/IMG_8394.jpg 1837w\" sizes=\"(max-width: 400px) 100vw, 400px\" \/><p id=\"caption-attachment-958\" class=\"wp-caption-text\">4 uker<\/p><\/div>\n<div id=\"attachment_979\" style=\"width: 410px\" class=\"wp-caption aligncenter\"><img aria-describedby=\"caption-attachment-979\" loading=\"lazy\" class=\"size-medium wp-image-979\" src=\"http:\/\/kichiko.net\/wp-content\/uploads\/2017\/03\/IMG_8454-400x518.jpg\" alt=\"5 uker \" width=\"400\" height=\"518\" srcset=\"https:\/\/kichiko.net\/wp-content\/uploads\/2017\/03\/IMG_8454-400x518.jpg 400w, https:\/\/kichiko.net\/wp-content\/uploads\/2017\/03\/IMG_8454-768x994.jpg 768w, https:\/\/kichiko.net\/wp-content\/uploads\/2017\/03\/IMG_8454-791x1024.jpg 791w, https:\/\/kichiko.net\/wp-content\/uploads\/2017\/03\/IMG_8454.jpg 1455w\" sizes=\"(max-width: 400px) 100vw, 400px\" \/><p id=\"caption-attachment-979\" class=\"wp-caption-text\">5 uker<\/p><\/div>\n<div id=\"attachment_997\" style=\"width: 410px\" class=\"wp-caption aligncenter\"><img aria-describedby=\"caption-attachment-997\" loading=\"lazy\" class=\"size-medium wp-image-997\" src=\"http:\/\/kichiko.net\/wp-content\/uploads\/2017\/03\/IMG_8572-400x267.jpg\" alt=\"6 uker\" width=\"400\" height=\"267\" srcset=\"https:\/\/kichiko.net\/wp-content\/uploads\/2017\/03\/IMG_8572-400x267.jpg 400w, https:\/\/kichiko.net\/wp-content\/uploads\/2017\/03\/IMG_8572-768x512.jpg 768w, https:\/\/kichiko.net\/wp-content\/uploads\/2017\/03\/IMG_8572-1024x683.jpg 1024w\" sizes=\"(max-width: 400px) 100vw, 400px\" \/><p id=\"caption-attachment-997\" class=\"wp-caption-text\">6 uker<\/p><\/div>\n<div id=\"attachment_1010\" style=\"width: 410px\" class=\"wp-caption aligncenter\"><img aria-describedby=\"caption-attachment-1010\" loading=\"lazy\" class=\"size-medium wp-image-1010\" src=\"http:\/\/kichiko.net\/wp-content\/uploads\/2017\/03\/IMG_8615-400x321.jpg\" alt=\"7 uker\" width=\"400\" height=\"321\" srcset=\"https:\/\/kichiko.net\/wp-content\/uploads\/2017\/03\/IMG_8615-400x321.jpg 400w, https:\/\/kichiko.net\/wp-content\/uploads\/2017\/03\/IMG_8615-768x616.jpg 768w, https:\/\/kichiko.net\/wp-content\/uploads\/2017\/03\/IMG_8615-1024x821.jpg 1024w\" sizes=\"(max-width: 400px) 100vw, 400px\" \/><p id=\"caption-attachment-1010\" class=\"wp-caption-text\">7 uker<\/p><\/div>\n<div id=\"attachment_1020\" style=\"width: 410px\" class=\"wp-caption aligncenter\"><img aria-describedby=\"caption-attachment-1020\" loading=\"lazy\" class=\"size-medium wp-image-1020\" src=\"http:\/\/kichiko.net\/wp-content\/uploads\/2017\/03\/IMG_8669-400x302.jpg\" alt=\"8 uker\" width=\"400\" height=\"302\" srcset=\"https:\/\/kichiko.net\/wp-content\/uploads\/2017\/03\/IMG_8669-400x302.jpg 400w, https:\/\/kichiko.net\/wp-content\/uploads\/2017\/03\/IMG_8669-768x580.jpg 768w, https:\/\/kichiko.net\/wp-content\/uploads\/2017\/03\/IMG_8669-1024x774.jpg 1024w\" sizes=\"(max-width: 400px) 100vw, 400px\" \/><p id=\"caption-attachment-1020\" class=\"wp-caption-text\">8 uker<\/p><\/div>\n<div id=\"attachment_1021\" style=\"width: 410px\" class=\"wp-caption aligncenter\"><img aria-describedby=\"caption-attachment-1021\" loading=\"lazy\" class=\"size-medium wp-image-1021\" src=\"http:\/\/kichiko.net\/wp-content\/uploads\/2017\/03\/IMG_8676-400x564.jpg\" alt=\"8 uker\" width=\"400\" height=\"564\" srcset=\"https:\/\/kichiko.net\/wp-content\/uploads\/2017\/03\/IMG_8676-400x564.jpg 400w, https:\/\/kichiko.net\/wp-content\/uploads\/2017\/03\/IMG_8676-768x1083.jpg 768w, https:\/\/kichiko.net\/wp-content\/uploads\/2017\/03\/IMG_8676-726x1024.jpg 726w, https:\/\/kichiko.net\/wp-content\/uploads\/2017\/03\/IMG_8676.jpg 1413w\" sizes=\"(max-width: 400px) 100vw, 400px\" \/><p id=\"caption-attachment-1021\" class=\"wp-caption-text\">8 uker<\/p><\/div>\n<div id=\"attachment_1032\" style=\"width: 410px\" class=\"wp-caption aligncenter\"><img aria-describedby=\"caption-attachment-1032\" loading=\"lazy\" class=\" wp-image-1032\" src=\"http:\/\/kichiko.net\/wp-content\/uploads\/2017\/03\/18157794_10155218461411241_5922084967617452890_n-303x600.jpg\" alt=\"Akira med sine nye eiere, Andreas og Synne\" width=\"400\" height=\"792\" srcset=\"https:\/\/kichiko.net\/wp-content\/uploads\/2017\/03\/18157794_10155218461411241_5922084967617452890_n-303x600.jpg 303w, https:\/\/kichiko.net\/wp-content\/uploads\/2017\/03\/18157794_10155218461411241_5922084967617452890_n.jpg 484w\" sizes=\"(max-width: 400px) 100vw, 400px\" \/><p id=\"caption-attachment-1032\" class=\"wp-caption-text\">Akira med sine nye eiere, Andreas og Synne<\/p><\/div>\n<p><img loading=\"lazy\" class=\"alignnone size-medium wp-image-1446 aligncenter\" src=\"http:\/\/kichiko.net\/wp-content\/uploads\/2017\/03\/Akira1\u00e5r-400x276.jpg\" alt=\"Akira1\u00e5r\" width=\"400\" height=\"276\" srcset=\"https:\/\/kichiko.net\/wp-content\/uploads\/2017\/03\/Akira1\u00e5r-400x276.jpg 400w, https:\/\/kichiko.net\/wp-content\/uploads\/2017\/03\/Akira1\u00e5r.jpg 477w\" sizes=\"(max-width: 400px) 100vw, 400px\" \/><\/p>\n","protected":false},"excerpt":{"rendered":"<p>Kl. 01:50\u00a0. Nr.4 ble en r\u00f8d tispe som veide 225 gr.\u00a0 Hun fikk navnet : Kichiko`s \u00a0Lucky Mariko. Det betyr : Heldig lite garnn\u00f8ste Nick :\u00a0Akira Rase : Shiba Kj\u00f8nn : Tispe Farge : R\u00f8d F\u00f8dt :\u00a022\/2-2017 Reg.nr : NO 36562\/17 HD : B\/B AD : 0\/0 Eier : Synne Kristine Berge og Andreas Haukli, [&hellip;]<\/p>\n","protected":false},"author":2,"featured_media":0,"parent":883,"menu_order":4,"comment_status":"closed","ping_status":"closed","template":"","meta":[],"_links":{"self":[{"href":"https:\/\/kichiko.net\/index.php?rest_route=\/wp\/v2\/pages\/904"}],"collection":[{"href":"https:\/\/kichiko.net\/index.php?rest_route=\/wp\/v2\/pages"}],"about":[{"href":"https:\/\/kichiko.net\/index.php?rest_route=\/wp\/v2\/types\/page"}],"author":[{"embeddable":true,"href":"https:\/\/kichiko.net\/index.php?rest_route=\/wp\/v2\/users\/2"}],"replies":[{"embeddable":true,"href":"https:\/\/kichiko.net\/index.php?rest_route=%2Fwp%2Fv2%2Fcomments&post=904"}],"version-history":[{"count":15,"href":"https:\/\/kichiko.net\/index.php?rest_route=\/wp\/v2\/pages\/904\/revisions"}],"predecessor-version":[{"id":2524,"href":"https:\/\/kichiko.net\/index.php?rest_route=\/wp\/v2\/pages\/904\/revisions\/2524"}],"up":[{"embeddable":true,"href":"https:\/\/kichiko.net\/index.php?rest_route=\/wp\/v2\/pages\/883"}],"wp:attachment":[{"href":"https:\/\/kichiko.net\/index.php?rest_route=%2Fwp%2Fv2%2Fmedia&parent=904"}],"curies":[{"name":"wp","href":"https:\/\/api.w.org\/{rel}","templated":true}]}}