{"id":900,"date":"2017-03-01T14:01:22","date_gmt":"2017-03-01T13:01:22","guid":{"rendered":"http:\/\/kichiko.net\/?page_id=900"},"modified":"2019-05-23T21:10:03","modified_gmt":"2019-05-23T20:10:03","slug":"kichikos-l-3","status":"publish","type":"page","link":"https:\/\/kichiko.net\/?page_id=900","title":{"rendered":"Kichiko`s Lucky Shiro"},"content":{"rendered":"<p style=\"text-align: left;\">Kl. 01:03 . Nr.3 ble en r\u00f8d hann som veide 240\u00a0gr.\u00a0 <span class=\"rtb4\">Han fikk navnet : Kichiko`s \u00a0Lucky Shiro. Det betyr : Heldig Samurai<\/span><\/p>\n<div class=\"tmpMainPicBox\">\n<div class=\"tmpMainPicSubBox\">\n<div class=\"tmpMainRich\">\n<p style=\"text-align: left;\"><span class=\"rtb4\">Nick : Isak<br \/>\nRase : Shiba<br \/>\nKj\u00f8nn : Hann<br \/>\nFarge : R\u00f8d<br \/>\nF\u00f8dt :\u00a022\/2-2017<br \/>\nReg.nr : NO 36565\/17<br \/>\nHD : B\/B<br \/>\nAD : 0\/0<\/span><\/p>\n<p style=\"text-align: left;\"><strong><span class=\"rtb4\"><br \/>\n<\/span><\/strong><span class=\"rtb4\">Eier : Terje Tomtum, Rena<\/span><\/p>\n<\/div>\n<\/div>\n<\/div>\n<div id=\"attachment_901\" style=\"width: 410px\" class=\"wp-caption aligncenter\"><img aria-describedby=\"caption-attachment-901\" loading=\"lazy\" class=\"size-medium wp-image-901\" src=\"http:\/\/kichiko.net\/wp-content\/uploads\/2017\/03\/33-400x509.jpg\" alt=\"1 uke \" width=\"400\" height=\"509\" srcset=\"https:\/\/kichiko.net\/wp-content\/uploads\/2017\/03\/33-400x509.jpg 400w, https:\/\/kichiko.net\/wp-content\/uploads\/2017\/03\/33-768x977.jpg 768w, https:\/\/kichiko.net\/wp-content\/uploads\/2017\/03\/33-805x1024.jpg 805w, https:\/\/kichiko.net\/wp-content\/uploads\/2017\/03\/33.jpg 1314w\" sizes=\"(max-width: 400px) 100vw, 400px\" \/><p id=\"caption-attachment-901\" class=\"wp-caption-text\">1 uke<\/p><\/div>\n<div id=\"attachment_935\" style=\"width: 410px\" class=\"wp-caption aligncenter\"><img aria-describedby=\"caption-attachment-935\" loading=\"lazy\" class=\"size-medium wp-image-935\" src=\"http:\/\/kichiko.net\/wp-content\/uploads\/2017\/03\/3-400x364.jpg\" alt=\"2 uker\" width=\"400\" height=\"364\" srcset=\"https:\/\/kichiko.net\/wp-content\/uploads\/2017\/03\/3-400x364.jpg 400w, https:\/\/kichiko.net\/wp-content\/uploads\/2017\/03\/3-768x699.jpg 768w, https:\/\/kichiko.net\/wp-content\/uploads\/2017\/03\/3.jpg 960w\" sizes=\"(max-width: 400px) 100vw, 400px\" \/><p id=\"caption-attachment-935\" class=\"wp-caption-text\">2 uker<\/p><\/div>\n<div id=\"attachment_948\" style=\"width: 410px\" class=\"wp-caption aligncenter\"><img aria-describedby=\"caption-attachment-948\" loading=\"lazy\" class=\"size-medium wp-image-948\" src=\"http:\/\/kichiko.net\/wp-content\/uploads\/2017\/03\/hann3-400x401.jpg\" alt=\"3 uker\" width=\"400\" height=\"401\" srcset=\"https:\/\/kichiko.net\/wp-content\/uploads\/2017\/03\/hann3-400x401.jpg 400w, https:\/\/kichiko.net\/wp-content\/uploads\/2017\/03\/hann3-150x150.jpg 150w, https:\/\/kichiko.net\/wp-content\/uploads\/2017\/03\/hann3-768x770.jpg 768w, https:\/\/kichiko.net\/wp-content\/uploads\/2017\/03\/hann3.jpg 958w\" sizes=\"(max-width: 400px) 100vw, 400px\" \/><p id=\"caption-attachment-948\" class=\"wp-caption-text\">3 uker<\/p><\/div>\n<div id=\"attachment_957\" style=\"width: 410px\" class=\"wp-caption aligncenter\"><img aria-describedby=\"caption-attachment-957\" loading=\"lazy\" class=\"size-medium wp-image-957\" src=\"http:\/\/kichiko.net\/wp-content\/uploads\/2017\/02\/IMG_8386-400x388.jpg\" alt=\"4 uker\" width=\"400\" height=\"388\" srcset=\"https:\/\/kichiko.net\/wp-content\/uploads\/2017\/02\/IMG_8386-400x388.jpg 400w, https:\/\/kichiko.net\/wp-content\/uploads\/2017\/02\/IMG_8386-768x745.jpg 768w, https:\/\/kichiko.net\/wp-content\/uploads\/2017\/02\/IMG_8386-1024x993.jpg 1024w, https:\/\/kichiko.net\/wp-content\/uploads\/2017\/02\/IMG_8386.jpg 1728w\" sizes=\"(max-width: 400px) 100vw, 400px\" \/><p id=\"caption-attachment-957\" class=\"wp-caption-text\">4 uker<\/p><\/div>\n<div id=\"attachment_976\" style=\"width: 410px\" class=\"wp-caption aligncenter\"><img aria-describedby=\"caption-attachment-976\" loading=\"lazy\" class=\"size-medium wp-image-976\" src=\"http:\/\/kichiko.net\/wp-content\/uploads\/2017\/03\/IMG_8451-400x441.jpg\" alt=\"5 uker\" width=\"400\" height=\"441\" srcset=\"https:\/\/kichiko.net\/wp-content\/uploads\/2017\/03\/IMG_8451-400x441.jpg 400w, https:\/\/kichiko.net\/wp-content\/uploads\/2017\/03\/IMG_8451-768x847.jpg 768w, https:\/\/kichiko.net\/wp-content\/uploads\/2017\/03\/IMG_8451-928x1024.jpg 928w, https:\/\/kichiko.net\/wp-content\/uploads\/2017\/03\/IMG_8451.jpg 1657w\" sizes=\"(max-width: 400px) 100vw, 400px\" \/><p id=\"caption-attachment-976\" class=\"wp-caption-text\">5 uker<\/p><\/div>\n<div id=\"attachment_995\" style=\"width: 410px\" class=\"wp-caption aligncenter\"><img aria-describedby=\"caption-attachment-995\" loading=\"lazy\" class=\"size-medium wp-image-995\" src=\"http:\/\/kichiko.net\/wp-content\/uploads\/2017\/03\/IMG_8567-400x267.jpg\" alt=\"6 uker\" width=\"400\" height=\"267\" srcset=\"https:\/\/kichiko.net\/wp-content\/uploads\/2017\/03\/IMG_8567-400x267.jpg 400w, https:\/\/kichiko.net\/wp-content\/uploads\/2017\/03\/IMG_8567-768x512.jpg 768w, https:\/\/kichiko.net\/wp-content\/uploads\/2017\/03\/IMG_8567-1024x683.jpg 1024w\" sizes=\"(max-width: 400px) 100vw, 400px\" \/><p id=\"caption-attachment-995\" class=\"wp-caption-text\">6 uker<\/p><\/div>\n<div id=\"attachment_1004\" style=\"width: 410px\" class=\"wp-caption aligncenter\"><img aria-describedby=\"caption-attachment-1004\" loading=\"lazy\" class=\"size-medium wp-image-1004\" src=\"http:\/\/kichiko.net\/wp-content\/uploads\/2017\/03\/IMG_8603-400x506.jpg\" alt=\"7 uker\" width=\"400\" height=\"506\" srcset=\"https:\/\/kichiko.net\/wp-content\/uploads\/2017\/03\/IMG_8603-400x506.jpg 400w, https:\/\/kichiko.net\/wp-content\/uploads\/2017\/03\/IMG_8603-768x972.jpg 768w, https:\/\/kichiko.net\/wp-content\/uploads\/2017\/03\/IMG_8603-809x1024.jpg 809w, https:\/\/kichiko.net\/wp-content\/uploads\/2017\/03\/IMG_8603.jpg 2047w\" sizes=\"(max-width: 400px) 100vw, 400px\" \/><p id=\"caption-attachment-1004\" class=\"wp-caption-text\">7 uker<\/p><\/div>\n<div id=\"attachment_1018\" style=\"width: 410px\" class=\"wp-caption aligncenter\"><img aria-describedby=\"caption-attachment-1018\" loading=\"lazy\" class=\"size-medium wp-image-1018\" src=\"http:\/\/kichiko.net\/wp-content\/uploads\/2017\/03\/IMG_8652-400x297.jpg\" alt=\"8 uker\" width=\"400\" height=\"297\" srcset=\"https:\/\/kichiko.net\/wp-content\/uploads\/2017\/03\/IMG_8652-400x297.jpg 400w, https:\/\/kichiko.net\/wp-content\/uploads\/2017\/03\/IMG_8652-768x570.jpg 768w, https:\/\/kichiko.net\/wp-content\/uploads\/2017\/03\/IMG_8652-1024x760.jpg 1024w\" sizes=\"(max-width: 400px) 100vw, 400px\" \/><p id=\"caption-attachment-1018\" class=\"wp-caption-text\">8 uker<\/p><\/div>\n<div id=\"attachment_1019\" style=\"width: 410px\" class=\"wp-caption aligncenter\"><img aria-describedby=\"caption-attachment-1019\" loading=\"lazy\" class=\"size-medium wp-image-1019\" src=\"http:\/\/kichiko.net\/wp-content\/uploads\/2017\/03\/IMG_8663-400x553.jpg\" alt=\"8 uker\" width=\"400\" height=\"553\" srcset=\"https:\/\/kichiko.net\/wp-content\/uploads\/2017\/03\/IMG_8663-400x553.jpg 400w, https:\/\/kichiko.net\/wp-content\/uploads\/2017\/03\/IMG_8663-768x1062.jpg 768w, https:\/\/kichiko.net\/wp-content\/uploads\/2017\/03\/IMG_8663-741x1024.jpg 741w, https:\/\/kichiko.net\/wp-content\/uploads\/2017\/03\/IMG_8663.jpg 1581w\" sizes=\"(max-width: 400px) 100vw, 400px\" \/><p id=\"caption-attachment-1019\" class=\"wp-caption-text\">8 uker<\/p><\/div>\n<div id=\"attachment_1034\" style=\"width: 396px\" class=\"wp-caption aligncenter\"><img aria-describedby=\"caption-attachment-1034\" loading=\"lazy\" class=\"size-medium wp-image-1034\" src=\"http:\/\/kichiko.net\/wp-content\/uploads\/2017\/03\/17991942_10155196137996241_1852586430329117063_n-386x600.jpg\" alt=\"Isak med sin nye eier, Terje og hans datter Ruth-Anne\" width=\"386\" height=\"600\" srcset=\"https:\/\/kichiko.net\/wp-content\/uploads\/2017\/03\/17991942_10155196137996241_1852586430329117063_n-386x600.jpg 386w, https:\/\/kichiko.net\/wp-content\/uploads\/2017\/03\/17991942_10155196137996241_1852586430329117063_n.jpg 618w\" sizes=\"(max-width: 386px) 100vw, 386px\" \/><p id=\"caption-attachment-1034\" class=\"wp-caption-text\">Isak med sin nye eier, Terje og hans datter Ruth-Anne<\/p><\/div>\n","protected":false},"excerpt":{"rendered":"<p>Kl. 01:03 . Nr.3 ble en r\u00f8d hann som veide 240\u00a0gr.\u00a0 Han fikk navnet : Kichiko`s \u00a0Lucky Shiro. Det betyr : Heldig Samurai Nick : Isak Rase : Shiba Kj\u00f8nn : Hann Farge : R\u00f8d F\u00f8dt :\u00a022\/2-2017 Reg.nr : NO 36565\/17 HD : B\/B AD : 0\/0 Eier : Terje Tomtum, Rena<\/p>\n","protected":false},"author":2,"featured_media":0,"parent":883,"menu_order":2,"comment_status":"closed","ping_status":"closed","template":"","meta":[],"_links":{"self":[{"href":"https:\/\/kichiko.net\/index.php?rest_route=\/wp\/v2\/pages\/900"}],"collection":[{"href":"https:\/\/kichiko.net\/index.php?rest_route=\/wp\/v2\/pages"}],"about":[{"href":"https:\/\/kichiko.net\/index.php?rest_route=\/wp\/v2\/types\/page"}],"author":[{"embeddable":true,"href":"https:\/\/kichiko.net\/index.php?rest_route=\/wp\/v2\/users\/2"}],"replies":[{"embeddable":true,"href":"https:\/\/kichiko.net\/index.php?rest_route=%2Fwp%2Fv2%2Fcomments&post=900"}],"version-history":[{"count":13,"href":"https:\/\/kichiko.net\/index.php?rest_route=\/wp\/v2\/pages\/900\/revisions"}],"predecessor-version":[{"id":2200,"href":"https:\/\/kichiko.net\/index.php?rest_route=\/wp\/v2\/pages\/900\/revisions\/2200"}],"up":[{"embeddable":true,"href":"https:\/\/kichiko.net\/index.php?rest_route=\/wp\/v2\/pages\/883"}],"wp:attachment":[{"href":"https:\/\/kichiko.net\/index.php?rest_route=%2Fwp%2Fv2%2Fmedia&parent=900"}],"curies":[{"name":"wp","href":"https:\/\/api.w.org\/{rel}","templated":true}]}}