{"id":894,"date":"2017-03-01T13:59:33","date_gmt":"2017-03-01T12:59:33","guid":{"rendered":"http:\/\/kichiko.net\/?page_id=894"},"modified":"2018-03-20T21:22:21","modified_gmt":"2018-03-20T20:22:21","slug":"kichikos-l","status":"publish","type":"page","link":"https:\/\/kichiko.net\/?page_id=894","title":{"rendered":"Kichiko`s Lucky Kinshu"},"content":{"rendered":"<p style=\"text-align: left;\">Kl. 23:30\u00a0. Nr.1 ble en r\u00f8d hann som veide 260\u00a0gr.\u00a0 <span class=\"rtb4\">Han fikk navnet : Kichiko`s \u00a0Lucky Kinshu. Det betyr : Heldig Gullklump<\/span><\/p>\n<div class=\"tmpMainPicBox\">\n<div class=\"tmpMainPicSubBox\">\n<div class=\"tmpMainRich\">\n<p style=\"text-align: left;\"><span class=\"rtb4\">Nick : Fenris<br \/>\nRase : Shiba<br \/>\nKj\u00f8nn : Hann<br \/>\nFarge : R\u00f8d<br \/>\nF\u00f8dt :\u00a022\/2-2017<br \/>\nReg.nr : NO 36563\/17<br \/>\nHD : A\/A<br \/>\nAD : 0\/0<br \/>\nPatella : 0\/0<\/span><\/p>\n<p style=\"text-align: left;\"><strong><span class=\"rtb4\"><br \/>\n<\/span><\/strong><span class=\"rtb4\">Eiere : Sara Bakken Bar\u00f8 og Fritz Helge Bar\u00f8, Tananger<\/span><\/p>\n<\/div>\n<\/div>\n<\/div>\n<div id=\"attachment_895\" style=\"width: 410px\" class=\"wp-caption aligncenter\"><img aria-describedby=\"caption-attachment-895\" loading=\"lazy\" class=\"size-medium wp-image-895\" src=\"http:\/\/kichiko.net\/wp-content\/uploads\/2017\/03\/11-400x354.jpg\" alt=\"1 uke\" width=\"400\" height=\"354\" srcset=\"https:\/\/kichiko.net\/wp-content\/uploads\/2017\/03\/11-400x354.jpg 400w, https:\/\/kichiko.net\/wp-content\/uploads\/2017\/03\/11-768x680.jpg 768w, https:\/\/kichiko.net\/wp-content\/uploads\/2017\/03\/11-1024x907.jpg 1024w, https:\/\/kichiko.net\/wp-content\/uploads\/2017\/03\/11.jpg 1837w\" sizes=\"(max-width: 400px) 100vw, 400px\" \/><p id=\"caption-attachment-895\" class=\"wp-caption-text\">1 uke<\/p><\/div>\n<div id=\"attachment_934\" style=\"width: 410px\" class=\"wp-caption aligncenter\"><img aria-describedby=\"caption-attachment-934\" loading=\"lazy\" class=\"size-medium wp-image-934\" src=\"http:\/\/kichiko.net\/wp-content\/uploads\/2017\/03\/1-400x475.jpg\" alt=\"2 uker\" width=\"400\" height=\"475\" srcset=\"https:\/\/kichiko.net\/wp-content\/uploads\/2017\/03\/1-400x475.jpg 400w, https:\/\/kichiko.net\/wp-content\/uploads\/2017\/03\/1-768x912.jpg 768w, https:\/\/kichiko.net\/wp-content\/uploads\/2017\/03\/1.jpg 808w\" sizes=\"(max-width: 400px) 100vw, 400px\" \/><p id=\"caption-attachment-934\" class=\"wp-caption-text\">2 uker<\/p><\/div>\n<div id=\"attachment_946\" style=\"width: 410px\" class=\"wp-caption aligncenter\"><img aria-describedby=\"caption-attachment-946\" loading=\"lazy\" class=\"size-medium wp-image-946\" src=\"http:\/\/kichiko.net\/wp-content\/uploads\/2017\/03\/hann1-400x391.jpg\" alt=\"3 uker\" width=\"400\" height=\"391\" srcset=\"https:\/\/kichiko.net\/wp-content\/uploads\/2017\/03\/hann1-400x391.jpg 400w, https:\/\/kichiko.net\/wp-content\/uploads\/2017\/03\/hann1-768x750.jpg 768w, https:\/\/kichiko.net\/wp-content\/uploads\/2017\/03\/hann1.jpg 960w\" sizes=\"(max-width: 400px) 100vw, 400px\" \/><p id=\"caption-attachment-946\" class=\"wp-caption-text\">3 uker<\/p><\/div>\n<div id=\"attachment_955\" style=\"width: 410px\" class=\"wp-caption aligncenter\"><img aria-describedby=\"caption-attachment-955\" loading=\"lazy\" class=\"size-medium wp-image-955\" src=\"http:\/\/kichiko.net\/wp-content\/uploads\/2017\/02\/IMG_8375-400x362.jpg\" alt=\"4 uker\" width=\"400\" height=\"362\" srcset=\"https:\/\/kichiko.net\/wp-content\/uploads\/2017\/02\/IMG_8375-400x362.jpg 400w, https:\/\/kichiko.net\/wp-content\/uploads\/2017\/02\/IMG_8375-768x696.jpg 768w, https:\/\/kichiko.net\/wp-content\/uploads\/2017\/02\/IMG_8375-1024x928.jpg 1024w, https:\/\/kichiko.net\/wp-content\/uploads\/2017\/02\/IMG_8375.jpg 1936w\" sizes=\"(max-width: 400px) 100vw, 400px\" \/><p id=\"caption-attachment-955\" class=\"wp-caption-text\">4 uker<\/p><\/div>\n<div id=\"attachment_971\" style=\"width: 410px\" class=\"wp-caption aligncenter\"><img aria-describedby=\"caption-attachment-971\" loading=\"lazy\" class=\"size-medium wp-image-971\" src=\"http:\/\/kichiko.net\/wp-content\/uploads\/2017\/03\/IMG_8435-400x486.jpg\" alt=\"5 uker \" width=\"400\" height=\"486\" srcset=\"https:\/\/kichiko.net\/wp-content\/uploads\/2017\/03\/IMG_8435-400x486.jpg 400w, https:\/\/kichiko.net\/wp-content\/uploads\/2017\/03\/IMG_8435-768x934.jpg 768w, https:\/\/kichiko.net\/wp-content\/uploads\/2017\/03\/IMG_8435-842x1024.jpg 842w, https:\/\/kichiko.net\/wp-content\/uploads\/2017\/03\/IMG_8435.jpg 1419w\" sizes=\"(max-width: 400px) 100vw, 400px\" \/><p id=\"caption-attachment-971\" class=\"wp-caption-text\">5 uker<\/p><\/div>\n<div id=\"attachment_991\" style=\"width: 410px\" class=\"wp-caption aligncenter\"><img aria-describedby=\"caption-attachment-991\" loading=\"lazy\" class=\"size-medium wp-image-991\" src=\"http:\/\/kichiko.net\/wp-content\/uploads\/2017\/03\/IMG_8546-400x267.jpg\" alt=\"6 uker\" width=\"400\" height=\"267\" srcset=\"https:\/\/kichiko.net\/wp-content\/uploads\/2017\/03\/IMG_8546-400x267.jpg 400w, https:\/\/kichiko.net\/wp-content\/uploads\/2017\/03\/IMG_8546-768x512.jpg 768w, https:\/\/kichiko.net\/wp-content\/uploads\/2017\/03\/IMG_8546-1024x683.jpg 1024w\" sizes=\"(max-width: 400px) 100vw, 400px\" \/><p id=\"caption-attachment-991\" class=\"wp-caption-text\">6 uker<\/p><\/div>\n<div id=\"attachment_1002\" style=\"width: 410px\" class=\"wp-caption aligncenter\"><img aria-describedby=\"caption-attachment-1002\" loading=\"lazy\" class=\"size-medium wp-image-1002\" src=\"http:\/\/kichiko.net\/wp-content\/uploads\/2017\/03\/IMG_8587-400x434.jpg\" alt=\"7 uker \" width=\"400\" height=\"434\" srcset=\"https:\/\/kichiko.net\/wp-content\/uploads\/2017\/03\/IMG_8587-400x434.jpg 400w, https:\/\/kichiko.net\/wp-content\/uploads\/2017\/03\/IMG_8587-768x834.jpg 768w, https:\/\/kichiko.net\/wp-content\/uploads\/2017\/03\/IMG_8587-943x1024.jpg 943w, https:\/\/kichiko.net\/wp-content\/uploads\/2017\/03\/IMG_8587.jpg 1187w\" sizes=\"(max-width: 400px) 100vw, 400px\" \/><p id=\"caption-attachment-1002\" class=\"wp-caption-text\">7 uker<\/p><\/div>\n<div id=\"attachment_1014\" style=\"width: 410px\" class=\"wp-caption aligncenter\"><img aria-describedby=\"caption-attachment-1014\" loading=\"lazy\" class=\"size-medium wp-image-1014\" src=\"http:\/\/kichiko.net\/wp-content\/uploads\/2017\/03\/IMG_8635-400x267.jpg\" alt=\"8 uker\" width=\"400\" height=\"267\" srcset=\"https:\/\/kichiko.net\/wp-content\/uploads\/2017\/03\/IMG_8635-400x267.jpg 400w, https:\/\/kichiko.net\/wp-content\/uploads\/2017\/03\/IMG_8635-768x512.jpg 768w, https:\/\/kichiko.net\/wp-content\/uploads\/2017\/03\/IMG_8635-1024x682.jpg 1024w\" sizes=\"(max-width: 400px) 100vw, 400px\" \/><p id=\"caption-attachment-1014\" class=\"wp-caption-text\">8 uker<\/p><\/div>\n<div id=\"attachment_1015\" style=\"width: 410px\" class=\"wp-caption aligncenter\"><img aria-describedby=\"caption-attachment-1015\" loading=\"lazy\" class=\"size-medium wp-image-1015\" src=\"http:\/\/kichiko.net\/wp-content\/uploads\/2017\/03\/IMG_8636-400x475.jpg\" alt=\"8 uker\" width=\"400\" height=\"475\" srcset=\"https:\/\/kichiko.net\/wp-content\/uploads\/2017\/03\/IMG_8636-400x475.jpg 400w, https:\/\/kichiko.net\/wp-content\/uploads\/2017\/03\/IMG_8636-768x913.jpg 768w, https:\/\/kichiko.net\/wp-content\/uploads\/2017\/03\/IMG_8636-862x1024.jpg 862w, https:\/\/kichiko.net\/wp-content\/uploads\/2017\/03\/IMG_8636.jpg 1890w\" sizes=\"(max-width: 400px) 100vw, 400px\" \/><p id=\"caption-attachment-1015\" class=\"wp-caption-text\">8 uker<\/p><\/div>\n<div id=\"attachment_1035\" style=\"width: 410px\" class=\"wp-caption aligncenter\"><img aria-describedby=\"caption-attachment-1035\" loading=\"lazy\" class=\"size-medium wp-image-1035\" src=\"http:\/\/kichiko.net\/wp-content\/uploads\/2017\/03\/18033209_10155193329526241_1469876556397655345_n-400x439.jpg\" alt=\"Fenris med sine nye eiere, Sara og Fritz\" width=\"400\" height=\"439\" srcset=\"https:\/\/kichiko.net\/wp-content\/uploads\/2017\/03\/18033209_10155193329526241_1469876556397655345_n-400x439.jpg 400w, https:\/\/kichiko.net\/wp-content\/uploads\/2017\/03\/18033209_10155193329526241_1469876556397655345_n-768x844.jpg 768w, https:\/\/kichiko.net\/wp-content\/uploads\/2017\/03\/18033209_10155193329526241_1469876556397655345_n.jpg 874w\" sizes=\"(max-width: 400px) 100vw, 400px\" \/><p id=\"caption-attachment-1035\" class=\"wp-caption-text\">Fenris med sine nye eiere, Sara og Fritz<\/p><\/div>\n","protected":false},"excerpt":{"rendered":"<p>Kl. 23:30\u00a0. Nr.1 ble en r\u00f8d hann som veide 260\u00a0gr.\u00a0 Han fikk navnet : Kichiko`s \u00a0Lucky Kinshu. Det betyr : Heldig Gullklump Nick : Fenris Rase : Shiba Kj\u00f8nn : Hann Farge : R\u00f8d F\u00f8dt :\u00a022\/2-2017 Reg.nr : NO 36563\/17 HD : A\/A AD : 0\/0 Patella : 0\/0 Eiere : Sara Bakken Bar\u00f8 og [&hellip;]<\/p>\n","protected":false},"author":2,"featured_media":0,"parent":883,"menu_order":0,"comment_status":"closed","ping_status":"closed","template":"","meta":[],"_links":{"self":[{"href":"https:\/\/kichiko.net\/index.php?rest_route=\/wp\/v2\/pages\/894"}],"collection":[{"href":"https:\/\/kichiko.net\/index.php?rest_route=\/wp\/v2\/pages"}],"about":[{"href":"https:\/\/kichiko.net\/index.php?rest_route=\/wp\/v2\/types\/page"}],"author":[{"embeddable":true,"href":"https:\/\/kichiko.net\/index.php?rest_route=\/wp\/v2\/users\/2"}],"replies":[{"embeddable":true,"href":"https:\/\/kichiko.net\/index.php?rest_route=%2Fwp%2Fv2%2Fcomments&post=894"}],"version-history":[{"count":15,"href":"https:\/\/kichiko.net\/index.php?rest_route=\/wp\/v2\/pages\/894\/revisions"}],"predecessor-version":[{"id":1421,"href":"https:\/\/kichiko.net\/index.php?rest_route=\/wp\/v2\/pages\/894\/revisions\/1421"}],"up":[{"embeddable":true,"href":"https:\/\/kichiko.net\/index.php?rest_route=\/wp\/v2\/pages\/883"}],"wp:attachment":[{"href":"https:\/\/kichiko.net\/index.php?rest_route=%2Fwp%2Fv2%2Fmedia&parent=894"}],"curies":[{"name":"wp","href":"https:\/\/api.w.org\/{rel}","templated":true}]}}