{"id":830,"date":"2016-12-09T20:01:28","date_gmt":"2016-12-09T19:01:28","guid":{"rendered":"http:\/\/kichiko.net\/?page_id=830"},"modified":"2019-10-14T09:37:16","modified_gmt":"2019-10-14T08:37:16","slug":"ny-hund","status":"publish","type":"page","link":"https:\/\/kichiko.net\/?page_id=830","title":{"rendered":"Sensei"},"content":{"rendered":"<p><img loading=\"lazy\" class=\"alignnone size-medium wp-image-1058 aligncenter\" src=\"http:\/\/kichiko.net\/wp-content\/uploads\/2017\/05\/Sensei-400x261.jpg\" alt=\"Sensei\" width=\"400\" height=\"261\" srcset=\"https:\/\/kichiko.net\/wp-content\/uploads\/2017\/05\/Sensei-400x261.jpg 400w, https:\/\/kichiko.net\/wp-content\/uploads\/2017\/05\/Sensei.jpg 632w\" sizes=\"(max-width: 400px) 100vw, 400px\" \/><\/p>\n<p style=\"text-align: left;\">Navn: SansaiHiroyukiMadeInItaly<br \/>\nNick: Sensei<br \/>\nRase : Shiba<br \/>\nReg.Nr :\u00a0<a href=\"https:\/\/www.dogweb.no\/dogweb\/dw\/openPage\/hundIndex.html?HUID=ROI16\/30597\">ROI16\/30597<\/a><br \/>\nKj\u00f8nn: Hann<br \/>\nFarge : R\u00f8d<br \/>\nF\u00f8dt: 02.09.2015<br \/>\nOppdretter : Gianni Zozzaro, Sassano, Italia<br \/>\nHD: B\/B<br \/>\nAD: 0\/0<br \/>\nLyenlyst: Intet p\u00e5vist<br \/>\nBitt: Korrekt og fulltannet<\/p>\n<p style=\"text-align: left;\">Tittel: NUCH<\/p>\n<p style=\"text-align: left;\">Eier: Veronica Schyttelvik Hansen, \u00c5ros<\/p>\n<p style=\"text-align: left;\">Premieringer : 5 X CK, 2 X res.cert, 2 X stor Cert, 1 X lite Cert, 1 X 4.BIG<\/p>\n<div id=\"attachment_1207\" style=\"width: 410px\" class=\"wp-caption aligncenter\"><img aria-describedby=\"caption-attachment-1207\" loading=\"lazy\" class=\"size-medium wp-image-1207\" src=\"http:\/\/kichiko.net\/wp-content\/uploads\/2017\/10\/sensei-og-w-1-400x503.jpg\" alt=\"Sensei, 4.BIG, NDK, Letohallen 27\/12-2017\" width=\"400\" height=\"503\" srcset=\"https:\/\/kichiko.net\/wp-content\/uploads\/2017\/10\/sensei-og-w-1-400x503.jpg 400w, https:\/\/kichiko.net\/wp-content\/uploads\/2017\/10\/sensei-og-w-1.jpg 764w\" sizes=\"(max-width: 400px) 100vw, 400px\" \/><p id=\"caption-attachment-1207\" class=\"wp-caption-text\">Sensei, 4.BIG, NDK, Letohallen 27\/12-2017<\/p><\/div>\n<div id=\"attachment_1208\" style=\"width: 390px\" class=\"wp-caption aligncenter\"><img aria-describedby=\"caption-attachment-1208\" loading=\"lazy\" class=\"size-medium wp-image-1208\" src=\"http:\/\/kichiko.net\/wp-content\/uploads\/2017\/10\/sensei-og-w-380x600.jpg\" alt=\"Sensei, Ex, CK, Cert, Bir og NUCH\" width=\"380\" height=\"600\" srcset=\"https:\/\/kichiko.net\/wp-content\/uploads\/2017\/10\/sensei-og-w-380x600.jpg 380w, https:\/\/kichiko.net\/wp-content\/uploads\/2017\/10\/sensei-og-w.jpg 608w\" sizes=\"(max-width: 380px) 100vw, 380px\" \/><p id=\"caption-attachment-1208\" class=\"wp-caption-text\">Sensei, Ex, CK, Cert, Bir og NUCH<\/p><\/div>\n<p><img loading=\"lazy\" class=\"size-medium wp-image-835 aligncenter\" src=\"http:\/\/kichiko.net\/wp-content\/uploads\/2016\/12\/15420793_10154776133206241_2042317742371923813_n-400x457.jpg\" alt=\"15420793_10154776133206241_2042317742371923813_n\" width=\"400\" height=\"457\" srcset=\"https:\/\/kichiko.net\/wp-content\/uploads\/2016\/12\/15420793_10154776133206241_2042317742371923813_n-400x457.jpg 400w, https:\/\/kichiko.net\/wp-content\/uploads\/2016\/12\/15420793_10154776133206241_2042317742371923813_n-768x878.jpg 768w, https:\/\/kichiko.net\/wp-content\/uploads\/2016\/12\/15420793_10154776133206241_2042317742371923813_n.jpg 840w\" sizes=\"(max-width: 400px) 100vw, 400px\" \/><\/p>\n<p style=\"text-align: right;\"><img loading=\"lazy\" class=\"size-medium wp-image-834 aligncenter\" src=\"http:\/\/kichiko.net\/wp-content\/uploads\/2016\/12\/15400937_10154776133216241_7009883657334391213_n-400x324.jpg\" alt=\"15400937_10154776133216241_7009883657334391213_n\" width=\"400\" height=\"324\" srcset=\"https:\/\/kichiko.net\/wp-content\/uploads\/2016\/12\/15400937_10154776133216241_7009883657334391213_n-400x324.jpg 400w, https:\/\/kichiko.net\/wp-content\/uploads\/2016\/12\/15400937_10154776133216241_7009883657334391213_n-768x622.jpg 768w, https:\/\/kichiko.net\/wp-content\/uploads\/2016\/12\/15400937_10154776133216241_7009883657334391213_n.jpg 960w\" sizes=\"(max-width: 400px) 100vw, 400px\" \/>\u00a0<img loading=\"lazy\" class=\"size-medium wp-image-836 aligncenter\" src=\"http:\/\/kichiko.net\/wp-content\/uploads\/2016\/12\/14906980_10210411085303830_6005240503400067580_n-400x475.jpg\" alt=\"14906980_10210411085303830_6005240503400067580_n\" width=\"400\" height=\"475\" srcset=\"https:\/\/kichiko.net\/wp-content\/uploads\/2016\/12\/14906980_10210411085303830_6005240503400067580_n-400x475.jpg 400w, https:\/\/kichiko.net\/wp-content\/uploads\/2016\/12\/14906980_10210411085303830_6005240503400067580_n-768x911.jpg 768w, https:\/\/kichiko.net\/wp-content\/uploads\/2016\/12\/14906980_10210411085303830_6005240503400067580_n.jpg 809w\" sizes=\"(max-width: 400px) 100vw, 400px\" \/><\/p>\n","protected":false},"excerpt":{"rendered":"<p>Navn: SansaiHiroyukiMadeInItaly Nick: Sensei Rase : Shiba Reg.Nr :\u00a0ROI16\/30597 Kj\u00f8nn: Hann Farge : R\u00f8d F\u00f8dt: 02.09.2015 Oppdretter : Gianni Zozzaro, Sassano, Italia HD: B\/B AD: 0\/0 Lyenlyst: Intet p\u00e5vist Bitt: Korrekt og fulltannet Tittel: NUCH Eier: Veronica Schyttelvik Hansen, \u00c5ros Premieringer : 5 X CK, 2 X res.cert, 2 X stor Cert, 1 X lite [&hellip;]<\/p>\n","protected":false},"author":2,"featured_media":0,"parent":2015,"menu_order":4,"comment_status":"closed","ping_status":"closed","template":"","meta":[],"_links":{"self":[{"href":"https:\/\/kichiko.net\/index.php?rest_route=\/wp\/v2\/pages\/830"}],"collection":[{"href":"https:\/\/kichiko.net\/index.php?rest_route=\/wp\/v2\/pages"}],"about":[{"href":"https:\/\/kichiko.net\/index.php?rest_route=\/wp\/v2\/types\/page"}],"author":[{"embeddable":true,"href":"https:\/\/kichiko.net\/index.php?rest_route=\/wp\/v2\/users\/2"}],"replies":[{"embeddable":true,"href":"https:\/\/kichiko.net\/index.php?rest_route=%2Fwp%2Fv2%2Fcomments&post=830"}],"version-history":[{"count":12,"href":"https:\/\/kichiko.net\/index.php?rest_route=\/wp\/v2\/pages\/830\/revisions"}],"predecessor-version":[{"id":2387,"href":"https:\/\/kichiko.net\/index.php?rest_route=\/wp\/v2\/pages\/830\/revisions\/2387"}],"up":[{"embeddable":true,"href":"https:\/\/kichiko.net\/index.php?rest_route=\/wp\/v2\/pages\/2015"}],"wp:attachment":[{"href":"https:\/\/kichiko.net\/index.php?rest_route=%2Fwp%2Fv2%2Fmedia&parent=830"}],"curies":[{"name":"wp","href":"https:\/\/api.w.org\/{rel}","templated":true}]}}