{"id":70,"date":"2016-09-28T22:57:25","date_gmt":"2016-09-28T21:57:25","guid":{"rendered":"http:\/\/kichiko.net\/?page_id=70"},"modified":"2016-10-04T22:22:54","modified_gmt":"2016-10-04T21:22:54","slug":"sacho","status":"publish","type":"page","link":"https:\/\/kichiko.net\/?page_id=70","title":{"rendered":"Sacho"},"content":{"rendered":"<h1 style=\"text-align: center;\"><em><strong>Sacho<\/strong><\/em><\/h1>\n<div class=\"_d97\" style=\"text-align: center;\"><span class=\"_5yl5\">Sacho kom til oss i november 2002. Vi hentet han p\u00e5 Kennel Mj\u00e6rumh\u00f8gda p\u00e5 Hob\u00f8l. I hans kull var det 4 valper. 2 hanner og 2 tisper. Han har 4 kull etter seg, 13 avkom i alt. Han har ogs\u00e5 15 barnebarn og 6 oldebarn. Takket v\u00e6re Sacho og hans herlige vesen, startet vi oppdrett selv. I utstillingsringen gjorde han ofte rent bord. Fikk NUCH tittel 13.08.2005, Norsk Vinner p\u00e5 Vikingskipet 21.11.2008 og gikk av med pensjon 17.10.2015 hvor han ble Norsk Veteranvinner i en alder av nesten 14 \u00e5r for dommer Arne Foss.. Min handler m\u00e5tte ta en \u00e6resrunde med Sacho til alles glede og applausen gjallet p\u00e5 Vikingskipet for gode, gamle gutten. Han ble 3.mestvinnende shiba i 2008 Han ble 3.mestvinnende veteran i 2010 Han ble 2.mestvinnende veteran i 2011 Han var &laquo;one in a million&raquo; og er dypt savnet av alle som kjente han.<\/span><\/div>\n<div class=\"_d97\" style=\"text-align: center;\">\n<div id=\"attachment_695\" style=\"width: 610px\" class=\"wp-caption aligncenter\"><img aria-describedby=\"caption-attachment-695\" loading=\"lazy\" class=\" wp-image-695\" src=\"http:\/\/kichiko.net\/wp-content\/uploads\/2016\/09\/sacho-og-oldebarn-400x431.jpg\" alt=\"Sacho og hans 2 f\u00f8rste oldebarn, Cashew og Otto\" width=\"600\" height=\"646\" srcset=\"https:\/\/kichiko.net\/wp-content\/uploads\/2016\/09\/sacho-og-oldebarn-400x431.jpg 400w, https:\/\/kichiko.net\/wp-content\/uploads\/2016\/09\/sacho-og-oldebarn-768x828.jpg 768w, https:\/\/kichiko.net\/wp-content\/uploads\/2016\/09\/sacho-og-oldebarn.jpg 890w\" sizes=\"(max-width: 600px) 100vw, 600px\" \/><p id=\"caption-attachment-695\" class=\"wp-caption-text\">Sacho og hans 2 f\u00f8rste oldebarn, Cashew og Otto<\/p><\/div>\n<\/div>\n<div class=\"_d97\" style=\"text-align: center;\"><span style=\"color: #ffffff;\">\u00a0.<\/span><\/div>\n<p><img loading=\"lazy\" class=\"wp-image-72 aligncenter\" src=\"http:\/\/kichiko.net\/wp-content\/uploads\/2016\/09\/i283726789487056244__szw1280h1280_.jpg\" alt=\"i283726789487056244__szw1280h1280_\" width=\"600\" height=\"479\" srcset=\"https:\/\/kichiko.net\/wp-content\/uploads\/2016\/09\/i283726789487056244__szw1280h1280_.jpg 720w, https:\/\/kichiko.net\/wp-content\/uploads\/2016\/09\/i283726789487056244__szw1280h1280_-300x239.jpg 300w\" sizes=\"(max-width: 600px) 100vw, 600px\" \/><\/p>\n<p><img loading=\"lazy\" class=\"alignnone wp-image-76 aligncenter\" src=\"http:\/\/kichiko.net\/wp-content\/uploads\/2016\/09\/i283726789437558056__szw1280h1280_-300x251.jpg\" alt=\"i283726789437558056__szw1280h1280_\" width=\"600\" height=\"503\" srcset=\"https:\/\/kichiko.net\/wp-content\/uploads\/2016\/09\/i283726789437558056__szw1280h1280_-300x251.jpg 300w, https:\/\/kichiko.net\/wp-content\/uploads\/2016\/09\/i283726789437558056__szw1280h1280_.jpg 329w\" sizes=\"(max-width: 600px) 100vw, 600px\" \/><img loading=\"lazy\" class=\"alignnone wp-image-75 aligncenter\" src=\"http:\/\/kichiko.net\/wp-content\/uploads\/2016\/09\/i283726789437558051__szw1280h1280_-300x260.jpg\" alt=\"i283726789437558051__szw1280h1280_\" width=\"600\" height=\"520\" srcset=\"https:\/\/kichiko.net\/wp-content\/uploads\/2016\/09\/i283726789437558051__szw1280h1280_-300x260.jpg 300w, https:\/\/kichiko.net\/wp-content\/uploads\/2016\/09\/i283726789437558051__szw1280h1280_.jpg 317w\" sizes=\"(max-width: 600px) 100vw, 600px\" \/><\/p>\n<p>&nbsp;<\/p>\n<p style=\"text-align: center;\">Navn:\u00a0Mj\u00e6rumh\u00f8gda`s Sachiko\u00a0(Lykkebarn)<br \/>\nNick:\u00a0\u00a0\u00a0 \u00a0\u00a0\u00a0\u00a0\u00a0\u00a0\u00a0\u00a0\u00a0 \u00a0Sacho<br \/>\nRase:\u00a0\u00a0\u00a0\u00a0 \u00a0\u00a0\u00a0\u00a0\u00a0\u00a0\u00a0\u00a0 \u00a0Shiba<br \/>\nKj\u00f8nn:\u00a0 \u00a0Hannhund<br \/>\nFarge : R\u00f8d\/Sesam<br \/>\nF\u00f8dt:\u00a0\u00a002\/11-2001<br \/>\nHD:\u00a0\u00a0\u00a0\u00a0\u00a0\u00a0\u00a0\u00a0\u00a0\u00a0\u00a0\u00a0\u00a0\u00a0\u00a0\u00a0\u00a0\u00a0\u00a0\u00a0\u00a0A<br \/>\nAD:\u00a0\u00a0\u00a0\u00a0 \u00a0A\/C (v.side)<br \/>\nPatella:\u00a0\u00a0\u00a0\u00a0\u00a0\u00a0\u00a0\u00a0\u00a0\u00a0\u00a0\u00a0\u00a0\u00a0 \u00a0UA<br \/>\nBitt:\u00a0\u00a0\u00a0\u00a0\u00a0\u00a0 \u00a0korrekt og fulltannet<br \/>\nTittel : Nuch NV-08 , NVV-15<\/p>\n<p style=\"text-align: center;\">Premieringer :<\/p>\n<p style=\"text-align: center;\">VALP:<br \/>\n1 X\u00a0BIR VALP<br \/>\n1 X \u00a04.BIG VALP<\/p>\n<p style=\"text-align: center;\">VOKSEN:<br \/>\n23 X\u00a0CK<br \/>\n4 X CERT<br \/>\n2 X HP<br \/>\n8 X BIR<br \/>\n7 X BIM<br \/>\n3 X CACIB<br \/>\n1 X 3. BIG<br \/>\n1 X 3. BIS<br \/>\nVETERAN:<br \/>\n6 X BIR<br \/>\n6 X BIM<br \/>\n2 X 4. BIS<\/p>\n","protected":false},"excerpt":{"rendered":"<p>Sacho Sacho kom til oss i november 2002. Vi hentet han p\u00e5 Kennel Mj\u00e6rumh\u00f8gda p\u00e5 Hob\u00f8l. I hans kull var det 4 valper. 2 hanner og 2 tisper. Han har 4 kull etter seg, 13 avkom i alt. Han har ogs\u00e5 15 barnebarn og 6 oldebarn. Takket v\u00e6re Sacho og hans herlige vesen, startet vi [&hellip;]<\/p>\n","protected":false},"author":1,"featured_media":0,"parent":61,"menu_order":0,"comment_status":"closed","ping_status":"closed","template":"","meta":[],"_links":{"self":[{"href":"https:\/\/kichiko.net\/index.php?rest_route=\/wp\/v2\/pages\/70"}],"collection":[{"href":"https:\/\/kichiko.net\/index.php?rest_route=\/wp\/v2\/pages"}],"about":[{"href":"https:\/\/kichiko.net\/index.php?rest_route=\/wp\/v2\/types\/page"}],"author":[{"embeddable":true,"href":"https:\/\/kichiko.net\/index.php?rest_route=\/wp\/v2\/users\/1"}],"replies":[{"embeddable":true,"href":"https:\/\/kichiko.net\/index.php?rest_route=%2Fwp%2Fv2%2Fcomments&post=70"}],"version-history":[{"count":20,"href":"https:\/\/kichiko.net\/index.php?rest_route=\/wp\/v2\/pages\/70\/revisions"}],"predecessor-version":[{"id":712,"href":"https:\/\/kichiko.net\/index.php?rest_route=\/wp\/v2\/pages\/70\/revisions\/712"}],"up":[{"embeddable":true,"href":"https:\/\/kichiko.net\/index.php?rest_route=\/wp\/v2\/pages\/61"}],"wp:attachment":[{"href":"https:\/\/kichiko.net\/index.php?rest_route=%2Fwp%2Fv2%2Fmedia&parent=70"}],"curies":[{"name":"wp","href":"https:\/\/api.w.org\/{rel}","templated":true}]}}