{"id":601,"date":"2016-10-04T00:24:33","date_gmt":"2016-10-03T23:24:33","guid":{"rendered":"http:\/\/kichiko.net\/?page_id=601"},"modified":"2017-04-04T18:55:48","modified_gmt":"2017-04-04T17:55:48","slug":"ichi-katsu","status":"publish","type":"page","link":"https:\/\/kichiko.net\/?page_id=601","title":{"rendered":"Ichi Katsu"},"content":{"rendered":"<p>Kl.\u00a017:50 ble det f\u00f8dt en\u00a0hann p\u00e5 230\u00a0gram. Han fikk navnet Kichiko`s Ichi Katsu som betyr &laquo;Den f\u00f8rste seier&raquo;<\/p>\n<p>Nick : Kayakk<br \/>\nRase : Shiba<br \/>\nKj\u00f8nn : Hann<br \/>\nFarge : R\u00f8d<br \/>\nF\u00f8dt : 6\/2-2016<br \/>\nReg.nr : NO 34387\/16<br \/>\nHD : B<br \/>\nAD : 0<br \/>\nPatella :<br \/>\nBitt:<\/p>\n<p>Eier : Marianne B\u00e5rli Andreassen, Sperrebotn<\/p>\n<div id=\"attachment_604\" style=\"width: 410px\" class=\"wp-caption alignnone\"><img aria-describedby=\"caption-attachment-604\" loading=\"lazy\" class=\"size-medium wp-image-604\" src=\"http:\/\/kichiko.net\/wp-content\/uploads\/2016\/10\/hjkay-400x347.jpg\" alt=\"1 uke\" width=\"400\" height=\"347\" srcset=\"https:\/\/kichiko.net\/wp-content\/uploads\/2016\/10\/hjkay-400x347.jpg 400w, https:\/\/kichiko.net\/wp-content\/uploads\/2016\/10\/hjkay-768x666.jpg 768w, https:\/\/kichiko.net\/wp-content\/uploads\/2016\/10\/hjkay.jpg 960w\" sizes=\"(max-width: 400px) 100vw, 400px\" \/><p id=\"caption-attachment-604\" class=\"wp-caption-text\">1 uke<\/p><\/div>\n<div id=\"attachment_608\" style=\"width: 410px\" class=\"wp-caption alignnone\"><img aria-describedby=\"caption-attachment-608\" loading=\"lazy\" class=\"size-medium wp-image-608\" src=\"http:\/\/kichiko.net\/wp-content\/uploads\/2016\/10\/hjemkay-400x479.jpg\" alt=\"7 uker\" width=\"400\" height=\"479\" srcset=\"https:\/\/kichiko.net\/wp-content\/uploads\/2016\/10\/hjemkay-400x479.jpg 400w, https:\/\/kichiko.net\/wp-content\/uploads\/2016\/10\/hjemkay-768x919.jpg 768w, https:\/\/kichiko.net\/wp-content\/uploads\/2016\/10\/hjemkay.jpg 802w\" sizes=\"(max-width: 400px) 100vw, 400px\" \/><p id=\"caption-attachment-608\" class=\"wp-caption-text\">7 uker<\/p><\/div>\n<div id=\"attachment_605\" style=\"width: 410px\" class=\"wp-caption alignnone\"><img aria-describedby=\"caption-attachment-605\" loading=\"lazy\" class=\"size-medium wp-image-605\" src=\"http:\/\/kichiko.net\/wp-content\/uploads\/2016\/10\/Kayakkh-400x425.jpg\" alt=\"Kayakk med sin nye eier\" width=\"400\" height=\"425\" srcset=\"https:\/\/kichiko.net\/wp-content\/uploads\/2016\/10\/Kayakkh-400x425.jpg 400w, https:\/\/kichiko.net\/wp-content\/uploads\/2016\/10\/Kayakkh-768x815.jpg 768w, https:\/\/kichiko.net\/wp-content\/uploads\/2016\/10\/Kayakkh-965x1024.jpg 965w, https:\/\/kichiko.net\/wp-content\/uploads\/2016\/10\/Kayakkh.jpg 1206w\" sizes=\"(max-width: 400px) 100vw, 400px\" \/><p id=\"caption-attachment-605\" class=\"wp-caption-text\">Kayakk med sin nye eier<\/p><\/div>\n<div id=\"attachment_606\" style=\"width: 330px\" class=\"wp-caption alignnone\"><img aria-describedby=\"caption-attachment-606\" loading=\"lazy\" class=\"size-full wp-image-606\" src=\"http:\/\/kichiko.net\/wp-content\/uploads\/2016\/10\/Kayakkhj.jpg\" alt=\"Kayakk\" width=\"320\" height=\"233\" \/><p id=\"caption-attachment-606\" class=\"wp-caption-text\">Kayakk<\/p><\/div>\n","protected":false},"excerpt":{"rendered":"<p>Kl.\u00a017:50 ble det f\u00f8dt en\u00a0hann p\u00e5 230\u00a0gram. Han fikk navnet Kichiko`s Ichi Katsu som betyr &laquo;Den f\u00f8rste seier&raquo; Nick : Kayakk Rase : Shiba Kj\u00f8nn : Hann Farge : R\u00f8d F\u00f8dt : 6\/2-2016 Reg.nr : NO 34387\/16 HD : B AD : 0 Patella : Bitt: Eier : Marianne B\u00e5rli Andreassen, Sperrebotn<\/p>\n","protected":false},"author":2,"featured_media":0,"parent":133,"menu_order":1,"comment_status":"closed","ping_status":"closed","template":"","meta":[],"_links":{"self":[{"href":"https:\/\/kichiko.net\/index.php?rest_route=\/wp\/v2\/pages\/601"}],"collection":[{"href":"https:\/\/kichiko.net\/index.php?rest_route=\/wp\/v2\/pages"}],"about":[{"href":"https:\/\/kichiko.net\/index.php?rest_route=\/wp\/v2\/types\/page"}],"author":[{"embeddable":true,"href":"https:\/\/kichiko.net\/index.php?rest_route=\/wp\/v2\/users\/2"}],"replies":[{"embeddable":true,"href":"https:\/\/kichiko.net\/index.php?rest_route=%2Fwp%2Fv2%2Fcomments&post=601"}],"version-history":[{"count":2,"href":"https:\/\/kichiko.net\/index.php?rest_route=\/wp\/v2\/pages\/601\/revisions"}],"predecessor-version":[{"id":982,"href":"https:\/\/kichiko.net\/index.php?rest_route=\/wp\/v2\/pages\/601\/revisions\/982"}],"up":[{"embeddable":true,"href":"https:\/\/kichiko.net\/index.php?rest_route=\/wp\/v2\/pages\/133"}],"wp:attachment":[{"href":"https:\/\/kichiko.net\/index.php?rest_route=%2Fwp%2Fv2%2Fmedia&parent=601"}],"curies":[{"name":"wp","href":"https:\/\/api.w.org\/{rel}","templated":true}]}}