{"id":5942,"date":"2026-02-18T21:21:42","date_gmt":"2026-02-18T20:21:42","guid":{"rendered":"https:\/\/kichiko.net\/?page_id=5942"},"modified":"2026-02-18T21:39:54","modified_gmt":"2026-02-18T20:39:54","slug":"adorable-lucky-boy","status":"publish","type":"page","link":"https:\/\/kichiko.net\/?page_id=5942","title":{"rendered":"Adorable Lucky Boy"},"content":{"rendered":"\n<p>Nr.2\u00a0ble en r\u00f8d hann. Han fikk navnet \u00abKichiko`s Adorable Lucky Boy \u00bb.<br>Nick : Mochi<br>Rase : Shiba<br>Kj\u00f8nn: Hann<br>Farge : R\u00f8d<br>F\u00f8dt:\u00a05\/11-2025<br>Reg.nr : NO54441\/25<br>HD:<br>AD:<br>Patella:<br>Bitt:<\/p>\n\n\n\n<p>Eier : Frida Grahm og Gabriel Bentes, Oslo<\/p>\n\n\n\n<figure class=\"wp-block-image size-large\"><img loading=\"lazy\" width=\"1024\" height=\"969\" src=\"https:\/\/kichiko.net\/wp-content\/uploads\/2026\/02\/577711609_10164050098281241_6374910086561817602_n-1024x969.jpg\" alt=\"\" class=\"wp-image-5959\" srcset=\"https:\/\/kichiko.net\/wp-content\/uploads\/2026\/02\/577711609_10164050098281241_6374910086561817602_n-1024x969.jpg 1024w, https:\/\/kichiko.net\/wp-content\/uploads\/2026\/02\/577711609_10164050098281241_6374910086561817602_n-400x379.jpg 400w, https:\/\/kichiko.net\/wp-content\/uploads\/2026\/02\/577711609_10164050098281241_6374910086561817602_n-768x727.jpg 768w, https:\/\/kichiko.net\/wp-content\/uploads\/2026\/02\/577711609_10164050098281241_6374910086561817602_n-1536x1454.jpg 1536w, https:\/\/kichiko.net\/wp-content\/uploads\/2026\/02\/577711609_10164050098281241_6374910086561817602_n.jpg 1869w\" sizes=\"(max-width: 1024px) 100vw, 1024px\" \/><figcaption>Nyf\u00f8dt<\/figcaption><\/figure>\n\n\n\n<figure class=\"wp-block-image size-large\"><img loading=\"lazy\" width=\"768\" height=\"1024\" src=\"https:\/\/kichiko.net\/wp-content\/uploads\/2026\/02\/1-1-uke-768x1024.jpg\" alt=\"\" class=\"wp-image-5960\" srcset=\"https:\/\/kichiko.net\/wp-content\/uploads\/2026\/02\/1-1-uke-768x1024.jpg 768w, https:\/\/kichiko.net\/wp-content\/uploads\/2026\/02\/1-1-uke-400x533.jpg 400w, https:\/\/kichiko.net\/wp-content\/uploads\/2026\/02\/1-1-uke-1152x1536.jpg 1152w, https:\/\/kichiko.net\/wp-content\/uploads\/2026\/02\/1-1-uke.jpg 1536w\" sizes=\"(max-width: 768px) 100vw, 768px\" \/><figcaption>1 uke<\/figcaption><\/figure>\n\n\n\n<figure class=\"wp-block-image size-large\"><img loading=\"lazy\" width=\"851\" height=\"1024\" src=\"https:\/\/kichiko.net\/wp-content\/uploads\/2026\/02\/1-2-uker-851x1024.jpg\" alt=\"\" class=\"wp-image-5961\" srcset=\"https:\/\/kichiko.net\/wp-content\/uploads\/2026\/02\/1-2-uker-851x1024.jpg 851w, https:\/\/kichiko.net\/wp-content\/uploads\/2026\/02\/1-2-uker-400x481.jpg 400w, https:\/\/kichiko.net\/wp-content\/uploads\/2026\/02\/1-2-uker-768x924.jpg 768w, https:\/\/kichiko.net\/wp-content\/uploads\/2026\/02\/1-2-uker-1277x1536.jpg 1277w, https:\/\/kichiko.net\/wp-content\/uploads\/2026\/02\/1-2-uker.jpg 1658w\" sizes=\"(max-width: 851px) 100vw, 851px\" \/><figcaption>2 uker<\/figcaption><\/figure>\n\n\n\n<figure class=\"wp-block-image size-large\"><img loading=\"lazy\" width=\"855\" height=\"1024\" src=\"https:\/\/kichiko.net\/wp-content\/uploads\/2026\/02\/2-3-uker-855x1024.jpg\" alt=\"\" class=\"wp-image-5962\" srcset=\"https:\/\/kichiko.net\/wp-content\/uploads\/2026\/02\/2-3-uker-855x1024.jpg 855w, https:\/\/kichiko.net\/wp-content\/uploads\/2026\/02\/2-3-uker-400x479.jpg 400w, https:\/\/kichiko.net\/wp-content\/uploads\/2026\/02\/2-3-uker-768x920.jpg 768w, https:\/\/kichiko.net\/wp-content\/uploads\/2026\/02\/2-3-uker-1282x1536.jpg 1282w, https:\/\/kichiko.net\/wp-content\/uploads\/2026\/02\/2-3-uker.jpg 1662w\" sizes=\"(max-width: 855px) 100vw, 855px\" \/><figcaption>3 uker<\/figcaption><\/figure>\n\n\n\n<figure class=\"wp-block-image size-large\"><img loading=\"lazy\" width=\"874\" height=\"1024\" src=\"https:\/\/kichiko.net\/wp-content\/uploads\/2026\/02\/bla-4-uker-874x1024.jpg\" alt=\"\" class=\"wp-image-5963\" srcset=\"https:\/\/kichiko.net\/wp-content\/uploads\/2026\/02\/bla-4-uker-874x1024.jpg 874w, https:\/\/kichiko.net\/wp-content\/uploads\/2026\/02\/bla-4-uker-400x469.jpg 400w, https:\/\/kichiko.net\/wp-content\/uploads\/2026\/02\/bla-4-uker-768x900.jpg 768w, https:\/\/kichiko.net\/wp-content\/uploads\/2026\/02\/bla-4-uker-1311x1536.jpg 1311w, https:\/\/kichiko.net\/wp-content\/uploads\/2026\/02\/bla-4-uker.jpg 1680w\" sizes=\"(max-width: 874px) 100vw, 874px\" \/><figcaption>4 uker<\/figcaption><\/figure>\n\n\n\n<figure class=\"wp-block-image size-large\"><img loading=\"lazy\" width=\"780\" height=\"1024\" src=\"https:\/\/kichiko.net\/wp-content\/uploads\/2026\/02\/bla-5-uker-780x1024.jpg\" alt=\"\" class=\"wp-image-5964\" srcset=\"https:\/\/kichiko.net\/wp-content\/uploads\/2026\/02\/bla-5-uker-780x1024.jpg 780w, https:\/\/kichiko.net\/wp-content\/uploads\/2026\/02\/bla-5-uker-400x525.jpg 400w, https:\/\/kichiko.net\/wp-content\/uploads\/2026\/02\/bla-5-uker-768x1008.jpg 768w, https:\/\/kichiko.net\/wp-content\/uploads\/2026\/02\/bla-5-uker-1170x1536.jpg 1170w, https:\/\/kichiko.net\/wp-content\/uploads\/2026\/02\/bla-5-uker.jpg 1560w\" sizes=\"(max-width: 780px) 100vw, 780px\" \/><figcaption>5 uker<\/figcaption><\/figure>\n\n\n\n<figure class=\"wp-block-image size-large\"><img loading=\"lazy\" width=\"674\" height=\"1024\" src=\"https:\/\/kichiko.net\/wp-content\/uploads\/2026\/02\/bla-6-uker-674x1024.jpg\" alt=\"\" class=\"wp-image-5965\" srcset=\"https:\/\/kichiko.net\/wp-content\/uploads\/2026\/02\/bla-6-uker-674x1024.jpg 674w, https:\/\/kichiko.net\/wp-content\/uploads\/2026\/02\/bla-6-uker-395x600.jpg 395w, https:\/\/kichiko.net\/wp-content\/uploads\/2026\/02\/bla-6-uker-768x1167.jpg 768w, https:\/\/kichiko.net\/wp-content\/uploads\/2026\/02\/bla-6-uker-1011x1536.jpg 1011w, https:\/\/kichiko.net\/wp-content\/uploads\/2026\/02\/bla-6-uker.jpg 1348w\" sizes=\"(max-width: 674px) 100vw, 674px\" \/><figcaption>6 uker<\/figcaption><\/figure>\n\n\n\n<figure class=\"wp-block-image size-large\"><img loading=\"lazy\" width=\"846\" height=\"1024\" src=\"https:\/\/kichiko.net\/wp-content\/uploads\/2026\/02\/bla-7-uker-846x1024.jpg\" alt=\"\" class=\"wp-image-5966\" srcset=\"https:\/\/kichiko.net\/wp-content\/uploads\/2026\/02\/bla-7-uker-846x1024.jpg 846w, https:\/\/kichiko.net\/wp-content\/uploads\/2026\/02\/bla-7-uker-400x484.jpg 400w, https:\/\/kichiko.net\/wp-content\/uploads\/2026\/02\/bla-7-uker-768x930.jpg 768w, https:\/\/kichiko.net\/wp-content\/uploads\/2026\/02\/bla-7-uker-1269x1536.jpg 1269w, https:\/\/kichiko.net\/wp-content\/uploads\/2026\/02\/bla-7-uker.jpg 1692w\" sizes=\"(max-width: 846px) 100vw, 846px\" \/><figcaption>7 uker<\/figcaption><\/figure>\n\n\n\n<figure class=\"wp-block-image size-full\"><img loading=\"lazy\" width=\"526\" height=\"701\" src=\"https:\/\/kichiko.net\/wp-content\/uploads\/2026\/02\/Mochi-bla.jpg\" alt=\"\" class=\"wp-image-5967\" srcset=\"https:\/\/kichiko.net\/wp-content\/uploads\/2026\/02\/Mochi-bla.jpg 526w, https:\/\/kichiko.net\/wp-content\/uploads\/2026\/02\/Mochi-bla-400x533.jpg 400w\" sizes=\"(max-width: 526px) 100vw, 526px\" \/><figcaption>Mochi med sine nye eiere<\/figcaption><\/figure>\n\n\n\n<p><\/p>\n","protected":false},"excerpt":{"rendered":"<p>Nr.2\u00a0ble en r\u00f8d hann. Han fikk navnet \u00abKichiko`s Adorable Lucky Boy \u00bb.Nick : MochiRase : ShibaKj\u00f8nn: HannFarge : R\u00f8dF\u00f8dt:\u00a05\/11-2025Reg.nr : NO54441\/25HD:AD:Patella:Bitt: Eier : Frida Grahm og Gabriel Bentes, Oslo<\/p>\n","protected":false},"author":2,"featured_media":0,"parent":5925,"menu_order":2,"comment_status":"closed","ping_status":"closed","template":"","meta":[],"_links":{"self":[{"href":"https:\/\/kichiko.net\/index.php?rest_route=\/wp\/v2\/pages\/5942"}],"collection":[{"href":"https:\/\/kichiko.net\/index.php?rest_route=\/wp\/v2\/pages"}],"about":[{"href":"https:\/\/kichiko.net\/index.php?rest_route=\/wp\/v2\/types\/page"}],"author":[{"embeddable":true,"href":"https:\/\/kichiko.net\/index.php?rest_route=\/wp\/v2\/users\/2"}],"replies":[{"embeddable":true,"href":"https:\/\/kichiko.net\/index.php?rest_route=%2Fwp%2Fv2%2Fcomments&post=5942"}],"version-history":[{"count":3,"href":"https:\/\/kichiko.net\/index.php?rest_route=\/wp\/v2\/pages\/5942\/revisions"}],"predecessor-version":[{"id":5968,"href":"https:\/\/kichiko.net\/index.php?rest_route=\/wp\/v2\/pages\/5942\/revisions\/5968"}],"up":[{"embeddable":true,"href":"https:\/\/kichiko.net\/index.php?rest_route=\/wp\/v2\/pages\/5925"}],"wp:attachment":[{"href":"https:\/\/kichiko.net\/index.php?rest_route=%2Fwp%2Fv2%2Fmedia&parent=5942"}],"curies":[{"name":"wp","href":"https:\/\/api.w.org\/{rel}","templated":true}]}}