{"id":5940,"date":"2026-02-18T21:21:12","date_gmt":"2026-02-18T20:21:12","guid":{"rendered":"https:\/\/kichiko.net\/?page_id=5940"},"modified":"2026-02-18T21:31:12","modified_gmt":"2026-02-18T20:31:12","slug":"adorable-lucky-girl","status":"publish","type":"page","link":"https:\/\/kichiko.net\/?page_id=5940","title":{"rendered":"Adorable Lucky Girl"},"content":{"rendered":"\n<p>Nr.1\u00a0ble en r\u00f8d tispe. Hun fikk navnet \u00abKichiko`s Adorable Lucky Girl\u00bb.<br>Nick : Nara<br>Rase : Shiba<br>Kj\u00f8nn: Tispe<br>Farge : R\u00f8d<br>F\u00f8dt:\u00a05\/11-2025<br>Reg.nr : NO54440\/25<br>HD:<br>AD:<br>Patella:<br>Bitt:<\/p>\n\n\n\n<p>Eier : Vilde Ylvis\u00e5ker F\u00f8rre og Karsten Friis, Sogndal<\/p>\n\n\n\n<figure class=\"wp-block-image size-large\"><img loading=\"lazy\" width=\"940\" height=\"1024\" src=\"https:\/\/kichiko.net\/wp-content\/uploads\/2026\/02\/t-940x1024.jpg\" alt=\"\" class=\"wp-image-5947\" srcset=\"https:\/\/kichiko.net\/wp-content\/uploads\/2026\/02\/t-940x1024.jpg 940w, https:\/\/kichiko.net\/wp-content\/uploads\/2026\/02\/t-400x436.jpg 400w, https:\/\/kichiko.net\/wp-content\/uploads\/2026\/02\/t-768x837.jpg 768w, https:\/\/kichiko.net\/wp-content\/uploads\/2026\/02\/t-1410x1536.jpg 1410w, https:\/\/kichiko.net\/wp-content\/uploads\/2026\/02\/t.jpg 1742w\" sizes=\"(max-width: 940px) 100vw, 940px\" \/><figcaption>Nyf\u00f8dt<\/figcaption><\/figure>\n\n\n\n<figure class=\"wp-block-image size-large\"><img loading=\"lazy\" width=\"768\" height=\"1024\" src=\"https:\/\/kichiko.net\/wp-content\/uploads\/2026\/02\/t-1-uke-768x1024.jpg\" alt=\"\" class=\"wp-image-5948\" srcset=\"https:\/\/kichiko.net\/wp-content\/uploads\/2026\/02\/t-1-uke-768x1024.jpg 768w, https:\/\/kichiko.net\/wp-content\/uploads\/2026\/02\/t-1-uke-400x533.jpg 400w, https:\/\/kichiko.net\/wp-content\/uploads\/2026\/02\/t-1-uke-1152x1536.jpg 1152w, https:\/\/kichiko.net\/wp-content\/uploads\/2026\/02\/t-1-uke.jpg 1536w\" sizes=\"(max-width: 768px) 100vw, 768px\" \/><figcaption>1 uke<\/figcaption><\/figure>\n\n\n\n<figure class=\"wp-block-image size-large\"><img loading=\"lazy\" width=\"950\" height=\"1024\" src=\"https:\/\/kichiko.net\/wp-content\/uploads\/2026\/02\/t-2-uker-950x1024.jpg\" alt=\"\" class=\"wp-image-5949\" srcset=\"https:\/\/kichiko.net\/wp-content\/uploads\/2026\/02\/t-2-uker-950x1024.jpg 950w, https:\/\/kichiko.net\/wp-content\/uploads\/2026\/02\/t-2-uker-400x431.jpg 400w, https:\/\/kichiko.net\/wp-content\/uploads\/2026\/02\/t-2-uker-768x828.jpg 768w, https:\/\/kichiko.net\/wp-content\/uploads\/2026\/02\/t-2-uker-1425x1536.jpg 1425w, https:\/\/kichiko.net\/wp-content\/uploads\/2026\/02\/t-2-uker.jpg 1752w\" sizes=\"(max-width: 950px) 100vw, 950px\" \/><figcaption>2 uker<\/figcaption><\/figure>\n\n\n\n<figure class=\"wp-block-image size-large\"><img loading=\"lazy\" width=\"779\" height=\"1024\" src=\"https:\/\/kichiko.net\/wp-content\/uploads\/2026\/02\/t-3-uker-779x1024.jpg\" alt=\"\" class=\"wp-image-5950\" srcset=\"https:\/\/kichiko.net\/wp-content\/uploads\/2026\/02\/t-3-uker-779x1024.jpg 779w, https:\/\/kichiko.net\/wp-content\/uploads\/2026\/02\/t-3-uker-400x526.jpg 400w, https:\/\/kichiko.net\/wp-content\/uploads\/2026\/02\/t-3-uker-768x1010.jpg 768w, https:\/\/kichiko.net\/wp-content\/uploads\/2026\/02\/t-3-uker-1169x1536.jpg 1169w, https:\/\/kichiko.net\/wp-content\/uploads\/2026\/02\/t-3-uker.jpg 1558w\" sizes=\"(max-width: 779px) 100vw, 779px\" \/><figcaption>3 uker<\/figcaption><\/figure>\n\n\n\n<figure class=\"wp-block-image size-large\"><img loading=\"lazy\" width=\"947\" height=\"1024\" src=\"https:\/\/kichiko.net\/wp-content\/uploads\/2026\/02\/tispe-4-uker-947x1024.jpg\" alt=\"\" class=\"wp-image-5951\" srcset=\"https:\/\/kichiko.net\/wp-content\/uploads\/2026\/02\/tispe-4-uker-947x1024.jpg 947w, https:\/\/kichiko.net\/wp-content\/uploads\/2026\/02\/tispe-4-uker-400x432.jpg 400w, https:\/\/kichiko.net\/wp-content\/uploads\/2026\/02\/tispe-4-uker-768x830.jpg 768w, https:\/\/kichiko.net\/wp-content\/uploads\/2026\/02\/tispe-4-uker-1421x1536.jpg 1421w, https:\/\/kichiko.net\/wp-content\/uploads\/2026\/02\/tispe-4-uker.jpg 1749w\" sizes=\"(max-width: 947px) 100vw, 947px\" \/><figcaption>4 uker<\/figcaption><\/figure>\n\n\n\n<figure class=\"wp-block-image size-large\"><img loading=\"lazy\" width=\"692\" height=\"1024\" src=\"https:\/\/kichiko.net\/wp-content\/uploads\/2026\/02\/tispe-5-uker-692x1024.jpg\" alt=\"\" class=\"wp-image-5952\" srcset=\"https:\/\/kichiko.net\/wp-content\/uploads\/2026\/02\/tispe-5-uker-692x1024.jpg 692w, https:\/\/kichiko.net\/wp-content\/uploads\/2026\/02\/tispe-5-uker-400x592.jpg 400w, https:\/\/kichiko.net\/wp-content\/uploads\/2026\/02\/tispe-5-uker-768x1136.jpg 768w, https:\/\/kichiko.net\/wp-content\/uploads\/2026\/02\/tispe-5-uker-1038x1536.jpg 1038w, https:\/\/kichiko.net\/wp-content\/uploads\/2026\/02\/tispe-5-uker.jpg 1384w\" sizes=\"(max-width: 692px) 100vw, 692px\" \/><figcaption>5 uker<\/figcaption><\/figure>\n\n\n\n<figure class=\"wp-block-image size-large\"><img loading=\"lazy\" width=\"834\" height=\"1024\" src=\"https:\/\/kichiko.net\/wp-content\/uploads\/2026\/02\/tispe-6-uker-834x1024.jpg\" alt=\"\" class=\"wp-image-5953\" srcset=\"https:\/\/kichiko.net\/wp-content\/uploads\/2026\/02\/tispe-6-uker-834x1024.jpg 834w, https:\/\/kichiko.net\/wp-content\/uploads\/2026\/02\/tispe-6-uker-400x491.jpg 400w, https:\/\/kichiko.net\/wp-content\/uploads\/2026\/02\/tispe-6-uker-768x943.jpg 768w, https:\/\/kichiko.net\/wp-content\/uploads\/2026\/02\/tispe-6-uker-1251x1536.jpg 1251w, https:\/\/kichiko.net\/wp-content\/uploads\/2026\/02\/tispe-6-uker.jpg 1668w\" sizes=\"(max-width: 834px) 100vw, 834px\" \/><figcaption>6 uker<\/figcaption><\/figure>\n\n\n\n<figure class=\"wp-block-image size-large\"><img loading=\"lazy\" width=\"853\" height=\"1024\" src=\"https:\/\/kichiko.net\/wp-content\/uploads\/2026\/02\/tispe-7-uker-853x1024.jpg\" alt=\"\" class=\"wp-image-5954\" srcset=\"https:\/\/kichiko.net\/wp-content\/uploads\/2026\/02\/tispe-7-uker-853x1024.jpg 853w, https:\/\/kichiko.net\/wp-content\/uploads\/2026\/02\/tispe-7-uker-400x480.jpg 400w, https:\/\/kichiko.net\/wp-content\/uploads\/2026\/02\/tispe-7-uker-768x922.jpg 768w, https:\/\/kichiko.net\/wp-content\/uploads\/2026\/02\/tispe-7-uker-1280x1536.jpg 1280w, https:\/\/kichiko.net\/wp-content\/uploads\/2026\/02\/tispe-7-uker.jpg 1706w\" sizes=\"(max-width: 853px) 100vw, 853px\" \/><figcaption>7 uker<\/figcaption><\/figure>\n\n\n\n<figure class=\"wp-block-image size-large\"><img loading=\"lazy\" width=\"768\" height=\"1024\" src=\"https:\/\/kichiko.net\/wp-content\/uploads\/2026\/02\/Nara-tispe-768x1024.jpg\" alt=\"\" class=\"wp-image-5955\" srcset=\"https:\/\/kichiko.net\/wp-content\/uploads\/2026\/02\/Nara-tispe-768x1024.jpg 768w, https:\/\/kichiko.net\/wp-content\/uploads\/2026\/02\/Nara-tispe-400x533.jpg 400w, https:\/\/kichiko.net\/wp-content\/uploads\/2026\/02\/Nara-tispe-1152x1536.jpg 1152w, https:\/\/kichiko.net\/wp-content\/uploads\/2026\/02\/Nara-tispe.jpg 1536w\" sizes=\"(max-width: 768px) 100vw, 768px\" \/><figcaption>Nara med sine nye eiere<\/figcaption><\/figure>\n","protected":false},"excerpt":{"rendered":"<p>Nr.1\u00a0ble en r\u00f8d tispe. Hun fikk navnet \u00abKichiko`s Adorable Lucky Girl\u00bb.Nick : NaraRase : ShibaKj\u00f8nn: TispeFarge : R\u00f8dF\u00f8dt:\u00a05\/11-2025Reg.nr : NO54440\/25HD:AD:Patella:Bitt: Eier : Vilde Ylvis\u00e5ker F\u00f8rre og Karsten Friis, Sogndal<\/p>\n","protected":false},"author":2,"featured_media":0,"parent":5925,"menu_order":1,"comment_status":"closed","ping_status":"closed","template":"","meta":[],"_links":{"self":[{"href":"https:\/\/kichiko.net\/index.php?rest_route=\/wp\/v2\/pages\/5940"}],"collection":[{"href":"https:\/\/kichiko.net\/index.php?rest_route=\/wp\/v2\/pages"}],"about":[{"href":"https:\/\/kichiko.net\/index.php?rest_route=\/wp\/v2\/types\/page"}],"author":[{"embeddable":true,"href":"https:\/\/kichiko.net\/index.php?rest_route=\/wp\/v2\/users\/2"}],"replies":[{"embeddable":true,"href":"https:\/\/kichiko.net\/index.php?rest_route=%2Fwp%2Fv2%2Fcomments&post=5940"}],"version-history":[{"count":4,"href":"https:\/\/kichiko.net\/index.php?rest_route=\/wp\/v2\/pages\/5940\/revisions"}],"predecessor-version":[{"id":5957,"href":"https:\/\/kichiko.net\/index.php?rest_route=\/wp\/v2\/pages\/5940\/revisions\/5957"}],"up":[{"embeddable":true,"href":"https:\/\/kichiko.net\/index.php?rest_route=\/wp\/v2\/pages\/5925"}],"wp:attachment":[{"href":"https:\/\/kichiko.net\/index.php?rest_route=%2Fwp%2Fv2%2Fmedia&parent=5940"}],"curies":[{"name":"wp","href":"https:\/\/api.w.org\/{rel}","templated":true}]}}