{"id":594,"date":"2016-10-04T00:19:23","date_gmt":"2016-10-03T23:19:23","guid":{"rendered":"http:\/\/kichiko.net\/?page_id=594"},"modified":"2017-10-23T08:54:09","modified_gmt":"2017-10-23T07:54:09","slug":"ichi-musha","status":"publish","type":"page","link":"https:\/\/kichiko.net\/?page_id=594","title":{"rendered":"Ichi Musha"},"content":{"rendered":"<p>Kl.\u00a014:43 ble det f\u00f8dt en\u00a0hann p\u00e5 210\u00a0gram. Han fikk navnet Kichiko`s Ichi Musha som betyr &laquo;Den f\u00f8rste soldat&raquo;<\/p>\n<div class=\"tmpMainPicBox\">\n<div class=\"tmpMainPicSubBox\">\n<div class=\"tmpMainRich\">\n<p>Nick : Kasai<br \/>\nRase : Shiba<br \/>\nKj\u00f8nn : Hann<br \/>\nFarge : R\u00f8d<br \/>\nF\u00f8dt : 6\/2-2016<br \/>\nReg.nr : NO 34386\/16<br \/>\nHD : A<br \/>\nAD : 0<br \/>\nPatella :<br \/>\nBitt:<\/p>\n<p>Eier : Sigmund og Ida Heggeland, Hagavik<\/p>\n<div id=\"attachment_598\" style=\"width: 410px\" class=\"wp-caption alignnone\"><img aria-describedby=\"caption-attachment-598\" loading=\"lazy\" class=\"size-medium wp-image-598\" src=\"http:\/\/kichiko.net\/wp-content\/uploads\/2016\/10\/hjk-3-400x416.jpg\" alt=\"1 uke\" width=\"400\" height=\"416\" srcset=\"https:\/\/kichiko.net\/wp-content\/uploads\/2016\/10\/hjk-3-400x416.jpg 400w, https:\/\/kichiko.net\/wp-content\/uploads\/2016\/10\/hjk-3-768x799.jpg 768w, https:\/\/kichiko.net\/wp-content\/uploads\/2016\/10\/hjk-3.jpg 923w\" sizes=\"(max-width: 400px) 100vw, 400px\" \/><p id=\"caption-attachment-598\" class=\"wp-caption-text\">1 uke<\/p><\/div>\n<div id=\"attachment_599\" style=\"width: 410px\" class=\"wp-caption alignnone\"><img aria-describedby=\"caption-attachment-599\" loading=\"lazy\" class=\"size-medium wp-image-599\" src=\"http:\/\/kichiko.net\/wp-content\/uploads\/2016\/10\/hjkasai-400x537.jpg\" alt=\"7 uker\" width=\"400\" height=\"537\" srcset=\"https:\/\/kichiko.net\/wp-content\/uploads\/2016\/10\/hjkasai-400x537.jpg 400w, https:\/\/kichiko.net\/wp-content\/uploads\/2016\/10\/hjkasai-768x1032.jpg 768w, https:\/\/kichiko.net\/wp-content\/uploads\/2016\/10\/hjkasai-762x1024.jpg 762w, https:\/\/kichiko.net\/wp-content\/uploads\/2016\/10\/hjkasai.jpg 953w\" sizes=\"(max-width: 400px) 100vw, 400px\" \/><p id=\"caption-attachment-599\" class=\"wp-caption-text\">7 uker<\/p><\/div>\n<div id=\"attachment_596\" style=\"width: 410px\" class=\"wp-caption alignnone\"><img aria-describedby=\"caption-attachment-596\" loading=\"lazy\" class=\"size-medium wp-image-596\" src=\"http:\/\/kichiko.net\/wp-content\/uploads\/2016\/10\/hjemk-400x580.jpg\" alt=\"Kasai med sin nye eier\" width=\"400\" height=\"580\" srcset=\"https:\/\/kichiko.net\/wp-content\/uploads\/2016\/10\/hjemk-400x580.jpg 400w, https:\/\/kichiko.net\/wp-content\/uploads\/2016\/10\/hjemk.jpg 662w\" sizes=\"(max-width: 400px) 100vw, 400px\" \/><p id=\"caption-attachment-596\" class=\"wp-caption-text\">Kasai med sin nye eie<\/p><\/div>\n<div id=\"attachment_597\" style=\"width: 410px\" class=\"wp-caption alignnone\"><img aria-describedby=\"caption-attachment-597\" loading=\"lazy\" class=\"size-medium wp-image-597\" src=\"http:\/\/kichiko.net\/wp-content\/uploads\/2016\/10\/hjemmk-400x483.jpg\" alt=\"Kasai\" width=\"400\" height=\"483\" srcset=\"https:\/\/kichiko.net\/wp-content\/uploads\/2016\/10\/hjemmk-400x483.jpg 400w, https:\/\/kichiko.net\/wp-content\/uploads\/2016\/10\/hjemmk.jpg 501w\" sizes=\"(max-width: 400px) 100vw, 400px\" \/><p id=\"caption-attachment-597\" class=\"wp-caption-text\">Kasai<\/p><\/div>\n<div id=\"attachment_1054\" style=\"width: 410px\" class=\"wp-caption alignnone\"><img aria-describedby=\"caption-attachment-1054\" loading=\"lazy\" class=\"size-medium wp-image-1054\" src=\"http:\/\/kichiko.net\/wp-content\/uploads\/2017\/05\/Kasai-400x300.jpg\" alt=\"Kasai, 1,5 \u00e5r \" width=\"400\" height=\"300\" srcset=\"https:\/\/kichiko.net\/wp-content\/uploads\/2017\/05\/Kasai-400x300.jpg 400w, https:\/\/kichiko.net\/wp-content\/uploads\/2017\/05\/Kasai-768x576.jpg 768w, https:\/\/kichiko.net\/wp-content\/uploads\/2017\/05\/Kasai-1024x768.jpg 1024w, https:\/\/kichiko.net\/wp-content\/uploads\/2017\/05\/Kasai.jpg 2048w\" sizes=\"(max-width: 400px) 100vw, 400px\" \/><p id=\"caption-attachment-1054\" class=\"wp-caption-text\">Kasai, 1,5 \u00e5r<\/p><\/div>\n<p>&nbsp;<\/p>\n<\/div>\n<\/div>\n<\/div>\n","protected":false},"excerpt":{"rendered":"<p>Kl.\u00a014:43 ble det f\u00f8dt en\u00a0hann p\u00e5 210\u00a0gram. Han fikk navnet Kichiko`s Ichi Musha som betyr &laquo;Den f\u00f8rste soldat&raquo; Nick : Kasai Rase : Shiba Kj\u00f8nn : Hann Farge : R\u00f8d F\u00f8dt : 6\/2-2016 Reg.nr : NO 34386\/16 HD : A AD : 0 Patella : Bitt: Eier : Sigmund og Ida Heggeland, Hagavik &nbsp;<\/p>\n","protected":false},"author":2,"featured_media":0,"parent":133,"menu_order":0,"comment_status":"closed","ping_status":"closed","template":"","meta":[],"_links":{"self":[{"href":"https:\/\/kichiko.net\/index.php?rest_route=\/wp\/v2\/pages\/594"}],"collection":[{"href":"https:\/\/kichiko.net\/index.php?rest_route=\/wp\/v2\/pages"}],"about":[{"href":"https:\/\/kichiko.net\/index.php?rest_route=\/wp\/v2\/types\/page"}],"author":[{"embeddable":true,"href":"https:\/\/kichiko.net\/index.php?rest_route=\/wp\/v2\/users\/2"}],"replies":[{"embeddable":true,"href":"https:\/\/kichiko.net\/index.php?rest_route=%2Fwp%2Fv2%2Fcomments&post=594"}],"version-history":[{"count":4,"href":"https:\/\/kichiko.net\/index.php?rest_route=\/wp\/v2\/pages\/594\/revisions"}],"predecessor-version":[{"id":1145,"href":"https:\/\/kichiko.net\/index.php?rest_route=\/wp\/v2\/pages\/594\/revisions\/1145"}],"up":[{"embeddable":true,"href":"https:\/\/kichiko.net\/index.php?rest_route=\/wp\/v2\/pages\/133"}],"wp:attachment":[{"href":"https:\/\/kichiko.net\/index.php?rest_route=%2Fwp%2Fv2%2Fmedia&parent=594"}],"curies":[{"name":"wp","href":"https:\/\/api.w.org\/{rel}","templated":true}]}}