{"id":5830,"date":"2025-05-11T21:59:57","date_gmt":"2025-05-11T20:59:57","guid":{"rendered":"https:\/\/kichiko.net\/?page_id=5830"},"modified":"2025-05-11T22:01:50","modified_gmt":"2025-05-11T21:01:50","slug":"link","status":"publish","type":"page","link":"https:\/\/kichiko.net\/?page_id=5830","title":{"rendered":"Link"},"content":{"rendered":"\n<figure class=\"wp-block-image size-large\"><img loading=\"lazy\" width=\"683\" height=\"1024\" src=\"https:\/\/kichiko.net\/wp-content\/uploads\/2025\/05\/Link-683x1024.jpg\" alt=\"\" class=\"wp-image-5831\" srcset=\"https:\/\/kichiko.net\/wp-content\/uploads\/2025\/05\/Link-683x1024.jpg 683w, https:\/\/kichiko.net\/wp-content\/uploads\/2025\/05\/Link-400x600.jpg 400w, https:\/\/kichiko.net\/wp-content\/uploads\/2025\/05\/Link-768x1152.jpg 768w, https:\/\/kichiko.net\/wp-content\/uploads\/2025\/05\/Link-1024x1536.jpg 1024w, https:\/\/kichiko.net\/wp-content\/uploads\/2025\/05\/Link.jpg 1365w\" sizes=\"(max-width: 683px) 100vw, 683px\" \/><\/figure>\n\n\n\n<p>100 % japansk stamtavle <img loading=\"lazy\" height=\"16\" width=\"16\" alt=\"\ud83c\uddef\ud83c\uddf5\" src=\"https:\/\/static.xx.fbcdn.net\/images\/emoji.php\/v9\/t76\/1\/16\/1f1ef_1f1f5.png\"><\/p>\n\n\n\n<p>Kristine har f\u00e5tt den \u00e6re av \u00e5 ha Link boende her som en stud hund for tisper! ( til utvalgte\/ passende tisper)<\/p>\n\n\n\n<p>En fantastisk hund med et nydelig temperament<\/p>\n\n\n\n<p><\/p>\n\n\n\n<p>Navn :&nbsp; The Legend Of Zelda No Miyajima Vormund<br>Nick : Link<br>Rase : Shiba<br>Kj\u00f8nn :&nbsp;Hann<br>Farge : R\u00f8d Sesame ( m\/creme )<br>F\u00f8dt : <br>Reg.nr :&nbsp;<br>Oppdretter : <br>HD : A\/A<br>AD: 0\/0<br>Patella : 0\/0<br>\u00d8yenlyst m\/Gonioskopi: Intet p\u00e5vist<br>Bitt : Korrekt og fulltannet<br><br>Eier i Norge: Kristine Elene Schyttelvik-Rundhaug<\/p>\n","protected":false},"excerpt":{"rendered":"<p>100 % japansk stamtavle Kristine har f\u00e5tt den \u00e6re av \u00e5 ha Link boende her som en stud hund for tisper! ( til utvalgte\/ passende tisper) En fantastisk hund med et nydelig temperament Navn :&nbsp; The Legend Of Zelda No Miyajima VormundNick : LinkRase : ShibaKj\u00f8nn :&nbsp;HannFarge : R\u00f8d Sesame ( m\/creme )F\u00f8dt : Reg.nr [&hellip;]<\/p>\n","protected":false},"author":2,"featured_media":0,"parent":864,"menu_order":18,"comment_status":"closed","ping_status":"closed","template":"","meta":[],"_links":{"self":[{"href":"https:\/\/kichiko.net\/index.php?rest_route=\/wp\/v2\/pages\/5830"}],"collection":[{"href":"https:\/\/kichiko.net\/index.php?rest_route=\/wp\/v2\/pages"}],"about":[{"href":"https:\/\/kichiko.net\/index.php?rest_route=\/wp\/v2\/types\/page"}],"author":[{"embeddable":true,"href":"https:\/\/kichiko.net\/index.php?rest_route=\/wp\/v2\/users\/2"}],"replies":[{"embeddable":true,"href":"https:\/\/kichiko.net\/index.php?rest_route=%2Fwp%2Fv2%2Fcomments&post=5830"}],"version-history":[{"count":2,"href":"https:\/\/kichiko.net\/index.php?rest_route=\/wp\/v2\/pages\/5830\/revisions"}],"predecessor-version":[{"id":5834,"href":"https:\/\/kichiko.net\/index.php?rest_route=\/wp\/v2\/pages\/5830\/revisions\/5834"}],"up":[{"embeddable":true,"href":"https:\/\/kichiko.net\/index.php?rest_route=\/wp\/v2\/pages\/864"}],"wp:attachment":[{"href":"https:\/\/kichiko.net\/index.php?rest_route=%2Fwp%2Fv2%2Fmedia&parent=5830"}],"curies":[{"name":"wp","href":"https:\/\/api.w.org\/{rel}","templated":true}]}}