{"id":5822,"date":"2025-05-11T21:43:32","date_gmt":"2025-05-11T20:43:32","guid":{"rendered":"https:\/\/kichiko.net\/?page_id=5822"},"modified":"2025-08-28T09:56:36","modified_gmt":"2025-08-28T08:56:36","slug":"z-3","status":"publish","type":"page","link":"https:\/\/kichiko.net\/?page_id=5822","title":{"rendered":"Zuper Zalto"},"content":{"rendered":"\n<p>Nr.3&nbsp;ble en r\u00f8d hann. Han fikk navnet \u00abKichiko`s Z \u00bb.<br>Nick : Salto<br>Rase : Shiba<br>Kj\u00f8nn: Hann<br>Farge : R\u00f8d<br>F\u00f8dt:&nbsp;8\/5-2025<br>Reg.nr : NO<br>HD:<br>AD:<br>Patella:<br>Bitt:<\/p>\n\n\n\n<p>Eier : Tone Helen Angsund, Oslo<\/p>\n\n\n\n<figure class=\"wp-block-image size-large\"><img loading=\"lazy\" width=\"1014\" height=\"1024\" src=\"https:\/\/kichiko.net\/wp-content\/uploads\/2025\/05\/3-1014x1024.jpg\" alt=\"\" class=\"wp-image-5839\" srcset=\"https:\/\/kichiko.net\/wp-content\/uploads\/2025\/05\/3-1014x1024.jpg 1014w, https:\/\/kichiko.net\/wp-content\/uploads\/2025\/05\/3-400x404.jpg 400w, https:\/\/kichiko.net\/wp-content\/uploads\/2025\/05\/3-150x150.jpg 150w, https:\/\/kichiko.net\/wp-content\/uploads\/2025\/05\/3-768x776.jpg 768w, https:\/\/kichiko.net\/wp-content\/uploads\/2025\/05\/3-1521x1536.jpg 1521w, https:\/\/kichiko.net\/wp-content\/uploads\/2025\/05\/3.jpg 2028w\" sizes=\"(max-width: 1014px) 100vw, 1014px\" \/><figcaption>Ganske fersk<\/figcaption><\/figure>\n\n\n\n<figure class=\"wp-block-image size-large\"><img loading=\"lazy\" width=\"1024\" height=\"1024\" src=\"https:\/\/kichiko.net\/wp-content\/uploads\/2025\/06\/2-1-1024x1024.jpg\" alt=\"\" class=\"wp-image-5867\" srcset=\"https:\/\/kichiko.net\/wp-content\/uploads\/2025\/06\/2-1-1024x1024.jpg 1024w, https:\/\/kichiko.net\/wp-content\/uploads\/2025\/06\/2-1-400x400.jpg 400w, https:\/\/kichiko.net\/wp-content\/uploads\/2025\/06\/2-1-150x150.jpg 150w, https:\/\/kichiko.net\/wp-content\/uploads\/2025\/06\/2-1-768x769.jpg 768w, https:\/\/kichiko.net\/wp-content\/uploads\/2025\/06\/2-1-1536x1536.jpg 1536w, https:\/\/kichiko.net\/wp-content\/uploads\/2025\/06\/2-1.jpg 2046w\" sizes=\"(max-width: 1024px) 100vw, 1024px\" \/><figcaption>1 uke<\/figcaption><\/figure>\n\n\n\n<figure class=\"wp-block-image size-large\"><img loading=\"lazy\" width=\"938\" height=\"1024\" src=\"https:\/\/kichiko.net\/wp-content\/uploads\/2025\/06\/2-2-938x1024.jpg\" alt=\"\" class=\"wp-image-5868\" srcset=\"https:\/\/kichiko.net\/wp-content\/uploads\/2025\/06\/2-2-938x1024.jpg 938w, https:\/\/kichiko.net\/wp-content\/uploads\/2025\/06\/2-2-400x437.jpg 400w, https:\/\/kichiko.net\/wp-content\/uploads\/2025\/06\/2-2-768x838.jpg 768w, https:\/\/kichiko.net\/wp-content\/uploads\/2025\/06\/2-2-1407x1536.jpg 1407w, https:\/\/kichiko.net\/wp-content\/uploads\/2025\/06\/2-2.jpg 1876w\" sizes=\"(max-width: 938px) 100vw, 938px\" \/><figcaption>2 uker<\/figcaption><\/figure>\n\n\n\n<figure class=\"wp-block-image size-large\"><img loading=\"lazy\" width=\"757\" height=\"1024\" src=\"https:\/\/kichiko.net\/wp-content\/uploads\/2025\/06\/2-3-757x1024.jpg\" alt=\"\" class=\"wp-image-5869\" srcset=\"https:\/\/kichiko.net\/wp-content\/uploads\/2025\/06\/2-3-757x1024.jpg 757w, https:\/\/kichiko.net\/wp-content\/uploads\/2025\/06\/2-3-400x541.jpg 400w, https:\/\/kichiko.net\/wp-content\/uploads\/2025\/06\/2-3-768x1039.jpg 768w, https:\/\/kichiko.net\/wp-content\/uploads\/2025\/06\/2-3-1136x1536.jpg 1136w, https:\/\/kichiko.net\/wp-content\/uploads\/2025\/06\/2-3.jpg 1514w\" sizes=\"(max-width: 757px) 100vw, 757px\" \/><figcaption>3 uker<\/figcaption><\/figure>\n\n\n\n<figure class=\"wp-block-image size-large\"><img loading=\"lazy\" width=\"800\" height=\"1024\" src=\"https:\/\/kichiko.net\/wp-content\/uploads\/2025\/06\/2-4-800x1024.jpg\" alt=\"\" class=\"wp-image-5871\" srcset=\"https:\/\/kichiko.net\/wp-content\/uploads\/2025\/06\/2-4-800x1024.jpg 800w, https:\/\/kichiko.net\/wp-content\/uploads\/2025\/06\/2-4-400x512.jpg 400w, https:\/\/kichiko.net\/wp-content\/uploads\/2025\/06\/2-4-768x983.jpg 768w, https:\/\/kichiko.net\/wp-content\/uploads\/2025\/06\/2-4-1200x1536.jpg 1200w, https:\/\/kichiko.net\/wp-content\/uploads\/2025\/06\/2-4.jpg 1600w\" sizes=\"(max-width: 800px) 100vw, 800px\" \/><figcaption>4 uker<\/figcaption><\/figure>\n\n\n\n<figure class=\"wp-block-image size-large\"><img loading=\"lazy\" width=\"877\" height=\"1024\" src=\"https:\/\/kichiko.net\/wp-content\/uploads\/2025\/06\/2-5-877x1024.jpg\" alt=\"\" class=\"wp-image-5872\" srcset=\"https:\/\/kichiko.net\/wp-content\/uploads\/2025\/06\/2-5-877x1024.jpg 877w, https:\/\/kichiko.net\/wp-content\/uploads\/2025\/06\/2-5-400x467.jpg 400w, https:\/\/kichiko.net\/wp-content\/uploads\/2025\/06\/2-5-768x897.jpg 768w, https:\/\/kichiko.net\/wp-content\/uploads\/2025\/06\/2-5-1316x1536.jpg 1316w, https:\/\/kichiko.net\/wp-content\/uploads\/2025\/06\/2-5.jpg 1754w\" sizes=\"(max-width: 877px) 100vw, 877px\" \/><figcaption>5 uker<\/figcaption><\/figure>\n\n\n\n<figure class=\"wp-block-image size-large\"><img loading=\"lazy\" width=\"873\" height=\"1024\" src=\"https:\/\/kichiko.net\/wp-content\/uploads\/2025\/08\/22-873x1024.jpg\" alt=\"\" class=\"wp-image-5907\" srcset=\"https:\/\/kichiko.net\/wp-content\/uploads\/2025\/08\/22-873x1024.jpg 873w, https:\/\/kichiko.net\/wp-content\/uploads\/2025\/08\/22-400x469.jpg 400w, https:\/\/kichiko.net\/wp-content\/uploads\/2025\/08\/22-768x901.jpg 768w, https:\/\/kichiko.net\/wp-content\/uploads\/2025\/08\/22-1310x1536.jpg 1310w, https:\/\/kichiko.net\/wp-content\/uploads\/2025\/08\/22.jpg 1703w\" sizes=\"(max-width: 873px) 100vw, 873px\" \/><figcaption>6 uker<\/figcaption><\/figure>\n\n\n\n<figure class=\"wp-block-image size-large\"><img loading=\"lazy\" width=\"973\" height=\"1024\" src=\"https:\/\/kichiko.net\/wp-content\/uploads\/2025\/08\/2-973x1024.jpg\" alt=\"\" class=\"wp-image-5909\" srcset=\"https:\/\/kichiko.net\/wp-content\/uploads\/2025\/08\/2-973x1024.jpg 973w, https:\/\/kichiko.net\/wp-content\/uploads\/2025\/08\/2-400x421.jpg 400w, https:\/\/kichiko.net\/wp-content\/uploads\/2025\/08\/2-768x808.jpg 768w, https:\/\/kichiko.net\/wp-content\/uploads\/2025\/08\/2-1460x1536.jpg 1460w, https:\/\/kichiko.net\/wp-content\/uploads\/2025\/08\/2.jpg 1946w\" sizes=\"(max-width: 973px) 100vw, 973px\" \/><figcaption>7 uker<\/figcaption><\/figure>\n\n\n\n<p><\/p>\n","protected":false},"excerpt":{"rendered":"<p>Nr.3&nbsp;ble en r\u00f8d hann. Han fikk navnet \u00abKichiko`s Z \u00bb.Nick : SaltoRase : ShibaKj\u00f8nn: HannFarge : R\u00f8dF\u00f8dt:&nbsp;8\/5-2025Reg.nr : NOHD:AD:Patella:Bitt: Eier : Tone Helen Angsund, Oslo<\/p>\n","protected":false},"author":2,"featured_media":0,"parent":5814,"menu_order":3,"comment_status":"closed","ping_status":"closed","template":"","meta":[],"_links":{"self":[{"href":"https:\/\/kichiko.net\/index.php?rest_route=\/wp\/v2\/pages\/5822"}],"collection":[{"href":"https:\/\/kichiko.net\/index.php?rest_route=\/wp\/v2\/pages"}],"about":[{"href":"https:\/\/kichiko.net\/index.php?rest_route=\/wp\/v2\/types\/page"}],"author":[{"embeddable":true,"href":"https:\/\/kichiko.net\/index.php?rest_route=\/wp\/v2\/users\/2"}],"replies":[{"embeddable":true,"href":"https:\/\/kichiko.net\/index.php?rest_route=%2Fwp%2Fv2%2Fcomments&post=5822"}],"version-history":[{"count":6,"href":"https:\/\/kichiko.net\/index.php?rest_route=\/wp\/v2\/pages\/5822\/revisions"}],"predecessor-version":[{"id":5911,"href":"https:\/\/kichiko.net\/index.php?rest_route=\/wp\/v2\/pages\/5822\/revisions\/5911"}],"up":[{"embeddable":true,"href":"https:\/\/kichiko.net\/index.php?rest_route=\/wp\/v2\/pages\/5814"}],"wp:attachment":[{"href":"https:\/\/kichiko.net\/index.php?rest_route=%2Fwp%2Fv2%2Fmedia&parent=5822"}],"curies":[{"name":"wp","href":"https:\/\/api.w.org\/{rel}","templated":true}]}}