{"id":5820,"date":"2025-05-11T21:42:12","date_gmt":"2025-05-11T20:42:12","guid":{"rendered":"https:\/\/kichiko.net\/?page_id=5820"},"modified":"2025-08-28T09:53:42","modified_gmt":"2025-08-28T08:53:42","slug":"z-2","status":"publish","type":"page","link":"https:\/\/kichiko.net\/?page_id=5820","title":{"rendered":"Zuper Zoomie"},"content":{"rendered":"\n<p>Nr.2\u00a0ble en r\u00f8d hann. Han fikk navnet \u00abKichiko`s Z\u00bb.<br>Nick :  Yoichi<br>Rase : Shiba<br>Kj\u00f8nn: Hann<br>Farge : R\u00f8d<br>F\u00f8dt:\u00a08\/5-2025<br>Reg.nr : NO42725\/25<br>HD:<br>AD:<br>Patella:<br>Bitt:<\/p>\n\n\n\n<p>Eier : Aleksander Lyse, Sola<\/p>\n\n\n\n<figure class=\"wp-block-image size-large\"><img loading=\"lazy\" width=\"837\" height=\"1024\" src=\"https:\/\/kichiko.net\/wp-content\/uploads\/2025\/05\/2-837x1024.jpg\" alt=\"\" class=\"wp-image-5837\" srcset=\"https:\/\/kichiko.net\/wp-content\/uploads\/2025\/05\/2-837x1024.jpg 837w, https:\/\/kichiko.net\/wp-content\/uploads\/2025\/05\/2-400x489.jpg 400w, https:\/\/kichiko.net\/wp-content\/uploads\/2025\/05\/2-768x940.jpg 768w, https:\/\/kichiko.net\/wp-content\/uploads\/2025\/05\/2-1256x1536.jpg 1256w, https:\/\/kichiko.net\/wp-content\/uploads\/2025\/05\/2.jpg 1674w\" sizes=\"(max-width: 837px) 100vw, 837px\" \/><figcaption>Ganske fersk<\/figcaption><\/figure>\n\n\n\n<figure class=\"wp-block-image size-large\"><img loading=\"lazy\" width=\"938\" height=\"1024\" src=\"https:\/\/kichiko.net\/wp-content\/uploads\/2025\/06\/1-938x1024.jpg\" alt=\"\" class=\"wp-image-5857\" srcset=\"https:\/\/kichiko.net\/wp-content\/uploads\/2025\/06\/1-938x1024.jpg 938w, https:\/\/kichiko.net\/wp-content\/uploads\/2025\/06\/1-400x437.jpg 400w, https:\/\/kichiko.net\/wp-content\/uploads\/2025\/06\/1-768x838.jpg 768w, https:\/\/kichiko.net\/wp-content\/uploads\/2025\/06\/1-1407x1536.jpg 1407w, https:\/\/kichiko.net\/wp-content\/uploads\/2025\/06\/1.jpg 1876w\" sizes=\"(max-width: 938px) 100vw, 938px\" \/><figcaption>1 uke <\/figcaption><\/figure>\n\n\n\n<figure class=\"wp-block-image size-large\"><img loading=\"lazy\" width=\"938\" height=\"1024\" src=\"https:\/\/kichiko.net\/wp-content\/uploads\/2025\/06\/2-938x1024.jpg\" alt=\"\" class=\"wp-image-5859\" srcset=\"https:\/\/kichiko.net\/wp-content\/uploads\/2025\/06\/2-938x1024.jpg 938w, https:\/\/kichiko.net\/wp-content\/uploads\/2025\/06\/2-400x437.jpg 400w, https:\/\/kichiko.net\/wp-content\/uploads\/2025\/06\/2-768x838.jpg 768w, https:\/\/kichiko.net\/wp-content\/uploads\/2025\/06\/2-1407x1536.jpg 1407w, https:\/\/kichiko.net\/wp-content\/uploads\/2025\/06\/2.jpg 1876w\" sizes=\"(max-width: 938px) 100vw, 938px\" \/><figcaption>2 uker<\/figcaption><\/figure>\n\n\n\n<figure class=\"wp-block-image size-large\"><img loading=\"lazy\" width=\"837\" height=\"1024\" src=\"https:\/\/kichiko.net\/wp-content\/uploads\/2025\/06\/1-2-837x1024.jpg\" alt=\"\" class=\"wp-image-5860\" srcset=\"https:\/\/kichiko.net\/wp-content\/uploads\/2025\/06\/1-2-837x1024.jpg 837w, https:\/\/kichiko.net\/wp-content\/uploads\/2025\/06\/1-2-400x489.jpg 400w, https:\/\/kichiko.net\/wp-content\/uploads\/2025\/06\/1-2-768x940.jpg 768w, https:\/\/kichiko.net\/wp-content\/uploads\/2025\/06\/1-2-1256x1536.jpg 1256w, https:\/\/kichiko.net\/wp-content\/uploads\/2025\/06\/1-2.jpg 1674w\" sizes=\"(max-width: 837px) 100vw, 837px\" \/><figcaption>3 uker<\/figcaption><\/figure>\n\n\n\n<figure class=\"wp-block-image size-large\"><img loading=\"lazy\" width=\"897\" height=\"1024\" src=\"https:\/\/kichiko.net\/wp-content\/uploads\/2025\/06\/1-3-897x1024.jpg\" alt=\"\" class=\"wp-image-5861\" srcset=\"https:\/\/kichiko.net\/wp-content\/uploads\/2025\/06\/1-3-897x1024.jpg 897w, https:\/\/kichiko.net\/wp-content\/uploads\/2025\/06\/1-3-400x457.jpg 400w, https:\/\/kichiko.net\/wp-content\/uploads\/2025\/06\/1-3-768x877.jpg 768w, https:\/\/kichiko.net\/wp-content\/uploads\/2025\/06\/1-3-1346x1536.jpg 1346w, https:\/\/kichiko.net\/wp-content\/uploads\/2025\/06\/1-3.jpg 1794w\" sizes=\"(max-width: 897px) 100vw, 897px\" \/><figcaption>4 uker<\/figcaption><\/figure>\n\n\n\n<figure class=\"wp-block-image size-large\"><img loading=\"lazy\" width=\"737\" height=\"1024\" src=\"https:\/\/kichiko.net\/wp-content\/uploads\/2025\/06\/1-4-737x1024.jpg\" alt=\"\" class=\"wp-image-5862\" srcset=\"https:\/\/kichiko.net\/wp-content\/uploads\/2025\/06\/1-4-737x1024.jpg 737w, https:\/\/kichiko.net\/wp-content\/uploads\/2025\/06\/1-4-400x556.jpg 400w, https:\/\/kichiko.net\/wp-content\/uploads\/2025\/06\/1-4-768x1067.jpg 768w, https:\/\/kichiko.net\/wp-content\/uploads\/2025\/06\/1-4-1106x1536.jpg 1106w, https:\/\/kichiko.net\/wp-content\/uploads\/2025\/06\/1-4.jpg 1474w\" sizes=\"(max-width: 737px) 100vw, 737px\" \/><figcaption>5 uker<\/figcaption><\/figure>\n\n\n\n<figure class=\"wp-block-image size-large\"><img loading=\"lazy\" width=\"827\" height=\"1024\" src=\"https:\/\/kichiko.net\/wp-content\/uploads\/2025\/08\/1-827x1024.jpg\" alt=\"\" class=\"wp-image-5902\" srcset=\"https:\/\/kichiko.net\/wp-content\/uploads\/2025\/08\/1-827x1024.jpg 827w, https:\/\/kichiko.net\/wp-content\/uploads\/2025\/08\/1-400x495.jpg 400w, https:\/\/kichiko.net\/wp-content\/uploads\/2025\/08\/1-768x951.jpg 768w, https:\/\/kichiko.net\/wp-content\/uploads\/2025\/08\/1-1241x1536.jpg 1241w, https:\/\/kichiko.net\/wp-content\/uploads\/2025\/08\/1.jpg 1654w\" sizes=\"(max-width: 827px) 100vw, 827px\" \/><figcaption>6 uker<\/figcaption><\/figure>\n\n\n\n<figure class=\"wp-block-image size-full\"><img loading=\"lazy\" width=\"548\" height=\"735\" src=\"https:\/\/kichiko.net\/wp-content\/uploads\/2025\/08\/1-1.jpg\" alt=\"\" class=\"wp-image-5904\" srcset=\"https:\/\/kichiko.net\/wp-content\/uploads\/2025\/08\/1-1.jpg 548w, https:\/\/kichiko.net\/wp-content\/uploads\/2025\/08\/1-1-400x536.jpg 400w\" sizes=\"(max-width: 548px) 100vw, 548px\" \/><figcaption>7 uker<\/figcaption><\/figure>\n","protected":false},"excerpt":{"rendered":"<p>Nr.2\u00a0ble en r\u00f8d hann. Han fikk navnet \u00abKichiko`s Z\u00bb.Nick : YoichiRase : ShibaKj\u00f8nn: HannFarge : R\u00f8dF\u00f8dt:\u00a08\/5-2025Reg.nr : NO42725\/25HD:AD:Patella:Bitt: Eier : Aleksander Lyse, Sola<\/p>\n","protected":false},"author":2,"featured_media":0,"parent":5814,"menu_order":2,"comment_status":"closed","ping_status":"closed","template":"","meta":[],"_links":{"self":[{"href":"https:\/\/kichiko.net\/index.php?rest_route=\/wp\/v2\/pages\/5820"}],"collection":[{"href":"https:\/\/kichiko.net\/index.php?rest_route=\/wp\/v2\/pages"}],"about":[{"href":"https:\/\/kichiko.net\/index.php?rest_route=\/wp\/v2\/types\/page"}],"author":[{"embeddable":true,"href":"https:\/\/kichiko.net\/index.php?rest_route=\/wp\/v2\/users\/2"}],"replies":[{"embeddable":true,"href":"https:\/\/kichiko.net\/index.php?rest_route=%2Fwp%2Fv2%2Fcomments&post=5820"}],"version-history":[{"count":6,"href":"https:\/\/kichiko.net\/index.php?rest_route=\/wp\/v2\/pages\/5820\/revisions"}],"predecessor-version":[{"id":5906,"href":"https:\/\/kichiko.net\/index.php?rest_route=\/wp\/v2\/pages\/5820\/revisions\/5906"}],"up":[{"embeddable":true,"href":"https:\/\/kichiko.net\/index.php?rest_route=\/wp\/v2\/pages\/5814"}],"wp:attachment":[{"href":"https:\/\/kichiko.net\/index.php?rest_route=%2Fwp%2Fv2%2Fmedia&parent=5820"}],"curies":[{"name":"wp","href":"https:\/\/api.w.org\/{rel}","templated":true}]}}