{"id":564,"date":"2016-10-03T23:50:48","date_gmt":"2016-10-03T22:50:48","guid":{"rendered":"http:\/\/kichiko.net\/?page_id=564"},"modified":"2022-02-22T21:23:27","modified_gmt":"2022-02-22T20:23:27","slug":"ginmaru","status":"publish","type":"page","link":"https:\/\/kichiko.net\/?page_id=564","title":{"rendered":"Ginmaru"},"content":{"rendered":"<p>Kl. 13:15 ble det f\u00f8dt en hann p\u00e5 275 gram. Han fikk navnet Kichiko`s Ginmaru som betyr S\u00f8lvgutt<\/p>\n<div class=\"tmpMainPicBox\">\n<div class=\"tmpMainPicSubBox\">\n<div class=\"tmpMainRich\">\n<p>Nick : Otto<br \/>\nRase : Shiba<br \/>\nKj\u00f8nn : Hann<br \/>\nFarge : Black\/Tan<br \/>\nF\u00f8dt : 10\/10-2015<br \/>\nReg.nr : NO53588\/15<br \/>\nHD : B<br \/>\nAD : 0<br \/>\nBitt:<\/p>\n<p>Eier :\u00a0Veronica Schyttelvik Hansen, \u00c5ros<\/p>\n<p>D\u00f8d<\/p>\n<div id=\"attachment_565\" style=\"width: 410px\" class=\"wp-caption alignnone\"><img aria-describedby=\"caption-attachment-565\" loading=\"lazy\" class=\"size-medium wp-image-565\" src=\"http:\/\/kichiko.net\/wp-content\/uploads\/2016\/10\/hjo-400x390.jpg\" alt=\"1 uke\" width=\"400\" height=\"390\" srcset=\"https:\/\/kichiko.net\/wp-content\/uploads\/2016\/10\/hjo-400x390.jpg 400w, https:\/\/kichiko.net\/wp-content\/uploads\/2016\/10\/hjo-768x749.jpg 768w, https:\/\/kichiko.net\/wp-content\/uploads\/2016\/10\/hjo-1024x998.jpg 1024w, https:\/\/kichiko.net\/wp-content\/uploads\/2016\/10\/hjo.jpg 1279w\" sizes=\"(max-width: 400px) 100vw, 400px\" \/><p id=\"caption-attachment-565\" class=\"wp-caption-text\">1 uke<\/p><\/div>\n<div id=\"attachment_566\" style=\"width: 410px\" class=\"wp-caption alignnone\"><img aria-describedby=\"caption-attachment-566\" loading=\"lazy\" class=\"size-medium wp-image-566\" src=\"http:\/\/kichiko.net\/wp-content\/uploads\/2016\/10\/hjoo-400x567.jpg\" alt=\"7 uker\" width=\"400\" height=\"567\" srcset=\"https:\/\/kichiko.net\/wp-content\/uploads\/2016\/10\/hjoo-400x567.jpg 400w, https:\/\/kichiko.net\/wp-content\/uploads\/2016\/10\/hjoo.jpg 677w\" sizes=\"(max-width: 400px) 100vw, 400px\" \/><p id=\"caption-attachment-566\" class=\"wp-caption-text\">7 uker<\/p><\/div>\n<div id=\"attachment_567\" style=\"width: 410px\" class=\"wp-caption alignnone\"><img aria-describedby=\"caption-attachment-567\" loading=\"lazy\" class=\"size-medium wp-image-567\" src=\"http:\/\/kichiko.net\/wp-content\/uploads\/2016\/10\/hjooo-400x326.jpg\" alt=\"Otto med sine nye eiere\" width=\"400\" height=\"326\" srcset=\"https:\/\/kichiko.net\/wp-content\/uploads\/2016\/10\/hjooo-400x326.jpg 400w, https:\/\/kichiko.net\/wp-content\/uploads\/2016\/10\/hjooo-768x626.jpg 768w, https:\/\/kichiko.net\/wp-content\/uploads\/2016\/10\/hjooo-1024x835.jpg 1024w, https:\/\/kichiko.net\/wp-content\/uploads\/2016\/10\/hjooo.jpg 1279w\" sizes=\"(max-width: 400px) 100vw, 400px\" \/><p id=\"caption-attachment-567\" class=\"wp-caption-text\">Otto med sine nye eiere<\/p><\/div>\n<p><img loading=\"lazy\" class=\"alignnone wp-image-568\" src=\"http:\/\/kichiko.net\/wp-content\/uploads\/2016\/10\/Hjooooo-400x399.jpg\" alt=\"hjooooo\" width=\"398\" height=\"397\" srcset=\"https:\/\/kichiko.net\/wp-content\/uploads\/2016\/10\/Hjooooo-400x399.jpg 400w, https:\/\/kichiko.net\/wp-content\/uploads\/2016\/10\/Hjooooo-150x150.jpg 150w, https:\/\/kichiko.net\/wp-content\/uploads\/2016\/10\/Hjooooo.jpg 603w\" sizes=\"(max-width: 398px) 100vw, 398px\" \/><\/p>\n<\/div>\n<\/div>\n<\/div>\n","protected":false},"excerpt":{"rendered":"<p>Kl. 13:15 ble det f\u00f8dt en hann p\u00e5 275 gram. Han fikk navnet Kichiko`s Ginmaru som betyr S\u00f8lvgutt Nick : Otto Rase : Shiba Kj\u00f8nn : Hann Farge : Black\/Tan F\u00f8dt : 10\/10-2015 Reg.nr : NO53588\/15 HD : B AD : 0 Bitt: Eier :\u00a0Veronica Schyttelvik Hansen, \u00c5ros D\u00f8d<\/p>\n","protected":false},"author":2,"featured_media":0,"parent":129,"menu_order":0,"comment_status":"closed","ping_status":"closed","template":"","meta":[],"_links":{"self":[{"href":"https:\/\/kichiko.net\/index.php?rest_route=\/wp\/v2\/pages\/564"}],"collection":[{"href":"https:\/\/kichiko.net\/index.php?rest_route=\/wp\/v2\/pages"}],"about":[{"href":"https:\/\/kichiko.net\/index.php?rest_route=\/wp\/v2\/types\/page"}],"author":[{"embeddable":true,"href":"https:\/\/kichiko.net\/index.php?rest_route=\/wp\/v2\/users\/2"}],"replies":[{"embeddable":true,"href":"https:\/\/kichiko.net\/index.php?rest_route=%2Fwp%2Fv2%2Fcomments&post=564"}],"version-history":[{"count":5,"href":"https:\/\/kichiko.net\/index.php?rest_route=\/wp\/v2\/pages\/564\/revisions"}],"predecessor-version":[{"id":4049,"href":"https:\/\/kichiko.net\/index.php?rest_route=\/wp\/v2\/pages\/564\/revisions\/4049"}],"up":[{"embeddable":true,"href":"https:\/\/kichiko.net\/index.php?rest_route=\/wp\/v2\/pages\/129"}],"wp:attachment":[{"href":"https:\/\/kichiko.net\/index.php?rest_route=%2Fwp%2Fv2%2Fmedia&parent=564"}],"curies":[{"name":"wp","href":"https:\/\/api.w.org\/{rel}","templated":true}]}}