{"id":5638,"date":"2025-02-09T19:14:00","date_gmt":"2025-02-09T18:14:00","guid":{"rendered":"https:\/\/kichiko.net\/?page_id=5638"},"modified":"2025-02-09T19:50:37","modified_gmt":"2025-02-09T18:50:37","slug":"a-xmas-6","status":"publish","type":"page","link":"https:\/\/kichiko.net\/?page_id=5638","title":{"rendered":"A Xmas Thunder"},"content":{"rendered":"\n<figure class=\"wp-block-image size-large\"><img loading=\"lazy\" width=\"1024\" height=\"683\" src=\"https:\/\/kichiko.net\/wp-content\/uploads\/2025\/02\/mollie-1024x683.jpg\" alt=\"\" class=\"wp-image-5691\" srcset=\"https:\/\/kichiko.net\/wp-content\/uploads\/2025\/02\/mollie-1024x683.jpg 1024w, https:\/\/kichiko.net\/wp-content\/uploads\/2025\/02\/mollie-400x267.jpg 400w, https:\/\/kichiko.net\/wp-content\/uploads\/2025\/02\/mollie-768x512.jpg 768w, https:\/\/kichiko.net\/wp-content\/uploads\/2025\/02\/mollie-1536x1024.jpg 1536w, https:\/\/kichiko.net\/wp-content\/uploads\/2025\/02\/mollie.jpg 2048w\" sizes=\"(max-width: 1024px) 100vw, 1024px\" \/><\/figure>\n\n\n\n<p>Navn :&nbsp;Kichiko`s A Xmas Thunder<br>Nick : Molly<br>Kj\u00f8nn :&nbsp;Tispe<br>Farge : Sort\/gr\u00e5<br>H\u00e5rlag: Langh\u00e5r<br>F\u00f8dt : 29\/10-2024<br>Reg.nr :&nbsp;No56098\/24<br>Oppdretter : Hilde Schyttelvik, \u00c5ros<br>HD :<br>AD:<br>Bitt :<br>Eiere: Marius Skavhaug og Marthe Ervik, Eidsvoll<\/p>\n\n\n\n<figure class=\"wp-block-image size-large\"><img loading=\"lazy\" width=\"1024\" height=\"857\" src=\"https:\/\/kichiko.net\/wp-content\/uploads\/2025\/02\/Muli-1024x857.jpg\" alt=\"\" class=\"wp-image-5679\" srcset=\"https:\/\/kichiko.net\/wp-content\/uploads\/2025\/02\/Muli-1024x857.jpg 1024w, https:\/\/kichiko.net\/wp-content\/uploads\/2025\/02\/Muli-400x335.jpg 400w, https:\/\/kichiko.net\/wp-content\/uploads\/2025\/02\/Muli-768x642.jpg 768w, https:\/\/kichiko.net\/wp-content\/uploads\/2025\/02\/Muli-1536x1285.jpg 1536w, https:\/\/kichiko.net\/wp-content\/uploads\/2025\/02\/Muli.jpg 2048w\" sizes=\"(max-width: 1024px) 100vw, 1024px\" \/><\/figure>\n","protected":false},"excerpt":{"rendered":"<p>Navn :&nbsp;Kichiko`s A Xmas ThunderNick : MollyKj\u00f8nn :&nbsp;TispeFarge : Sort\/gr\u00e5H\u00e5rlag: Langh\u00e5rF\u00f8dt : 29\/10-2024Reg.nr :&nbsp;No56098\/24Oppdretter : Hilde Schyttelvik, \u00c5rosHD :AD:Bitt :Eiere: Marius Skavhaug og Marthe Ervik, Eidsvoll<\/p>\n","protected":false},"author":2,"featured_media":0,"parent":5625,"menu_order":6,"comment_status":"closed","ping_status":"closed","template":"","meta":[],"_links":{"self":[{"href":"https:\/\/kichiko.net\/index.php?rest_route=\/wp\/v2\/pages\/5638"}],"collection":[{"href":"https:\/\/kichiko.net\/index.php?rest_route=\/wp\/v2\/pages"}],"about":[{"href":"https:\/\/kichiko.net\/index.php?rest_route=\/wp\/v2\/types\/page"}],"author":[{"embeddable":true,"href":"https:\/\/kichiko.net\/index.php?rest_route=\/wp\/v2\/users\/2"}],"replies":[{"embeddable":true,"href":"https:\/\/kichiko.net\/index.php?rest_route=%2Fwp%2Fv2%2Fcomments&post=5638"}],"version-history":[{"count":5,"href":"https:\/\/kichiko.net\/index.php?rest_route=\/wp\/v2\/pages\/5638\/revisions"}],"predecessor-version":[{"id":5692,"href":"https:\/\/kichiko.net\/index.php?rest_route=\/wp\/v2\/pages\/5638\/revisions\/5692"}],"up":[{"embeddable":true,"href":"https:\/\/kichiko.net\/index.php?rest_route=\/wp\/v2\/pages\/5625"}],"wp:attachment":[{"href":"https:\/\/kichiko.net\/index.php?rest_route=%2Fwp%2Fv2%2Fmedia&parent=5638"}],"curies":[{"name":"wp","href":"https:\/\/api.w.org\/{rel}","templated":true}]}}