{"id":5636,"date":"2025-02-09T19:13:06","date_gmt":"2025-02-09T18:13:06","guid":{"rendered":"https:\/\/kichiko.net\/?page_id=5636"},"modified":"2025-02-09T19:50:11","modified_gmt":"2025-02-09T18:50:11","slug":"a-xmas-5","status":"publish","type":"page","link":"https:\/\/kichiko.net\/?page_id=5636","title":{"rendered":"A Xmas Star"},"content":{"rendered":"\n<figure class=\"wp-block-image size-full\"><img loading=\"lazy\" width=\"683\" height=\"1024\" src=\"https:\/\/kichiko.net\/wp-content\/uploads\/2025\/02\/balla.jpg\" alt=\"\" class=\"wp-image-5689\" srcset=\"https:\/\/kichiko.net\/wp-content\/uploads\/2025\/02\/balla.jpg 683w, https:\/\/kichiko.net\/wp-content\/uploads\/2025\/02\/balla-400x600.jpg 400w\" sizes=\"(max-width: 683px) 100vw, 683px\" \/><\/figure>\n\n\n\n<p>Navn :&nbsp;Kichiko`s A Xmas Star<br>Nick : Bella<br>Kj\u00f8nn :&nbsp;Tispe<br>Farge : Sort\/r\u00f8dbrun<br>H\u00e5rlag: Langh\u00e5r<br>F\u00f8dt : 29\/10-2024<br>Reg.nr :&nbsp;No56097\/24<br>Oppdretter : Hilde Schyttelvik, \u00c5ros<br>HD :<br>AD:<br>Bitt :<br>Eiere: Egil Mo, Lomen<\/p>\n\n\n\n<figure class=\"wp-block-image size-large\"><img loading=\"lazy\" width=\"1024\" height=\"908\" src=\"https:\/\/kichiko.net\/wp-content\/uploads\/2025\/02\/bala-1024x908.jpg\" alt=\"\" class=\"wp-image-5677\" srcset=\"https:\/\/kichiko.net\/wp-content\/uploads\/2025\/02\/bala-1024x908.jpg 1024w, https:\/\/kichiko.net\/wp-content\/uploads\/2025\/02\/bala-400x354.jpg 400w, https:\/\/kichiko.net\/wp-content\/uploads\/2025\/02\/bala-768x681.jpg 768w, https:\/\/kichiko.net\/wp-content\/uploads\/2025\/02\/bala-1536x1361.jpg 1536w, https:\/\/kichiko.net\/wp-content\/uploads\/2025\/02\/bala.jpg 2048w\" sizes=\"(max-width: 1024px) 100vw, 1024px\" \/><\/figure>\n","protected":false},"excerpt":{"rendered":"<p>Navn :&nbsp;Kichiko`s A Xmas StarNick : BellaKj\u00f8nn :&nbsp;TispeFarge : Sort\/r\u00f8dbrunH\u00e5rlag: Langh\u00e5rF\u00f8dt : 29\/10-2024Reg.nr :&nbsp;No56097\/24Oppdretter : Hilde Schyttelvik, \u00c5rosHD :AD:Bitt :Eiere: Egil Mo, Lomen<\/p>\n","protected":false},"author":2,"featured_media":0,"parent":5625,"menu_order":5,"comment_status":"closed","ping_status":"closed","template":"","meta":[],"_links":{"self":[{"href":"https:\/\/kichiko.net\/index.php?rest_route=\/wp\/v2\/pages\/5636"}],"collection":[{"href":"https:\/\/kichiko.net\/index.php?rest_route=\/wp\/v2\/pages"}],"about":[{"href":"https:\/\/kichiko.net\/index.php?rest_route=\/wp\/v2\/types\/page"}],"author":[{"embeddable":true,"href":"https:\/\/kichiko.net\/index.php?rest_route=\/wp\/v2\/users\/2"}],"replies":[{"embeddable":true,"href":"https:\/\/kichiko.net\/index.php?rest_route=%2Fwp%2Fv2%2Fcomments&post=5636"}],"version-history":[{"count":5,"href":"https:\/\/kichiko.net\/index.php?rest_route=\/wp\/v2\/pages\/5636\/revisions"}],"predecessor-version":[{"id":5690,"href":"https:\/\/kichiko.net\/index.php?rest_route=\/wp\/v2\/pages\/5636\/revisions\/5690"}],"up":[{"embeddable":true,"href":"https:\/\/kichiko.net\/index.php?rest_route=\/wp\/v2\/pages\/5625"}],"wp:attachment":[{"href":"https:\/\/kichiko.net\/index.php?rest_route=%2Fwp%2Fv2%2Fmedia&parent=5636"}],"curies":[{"name":"wp","href":"https:\/\/api.w.org\/{rel}","templated":true}]}}