{"id":5634,"date":"2025-02-09T19:12:23","date_gmt":"2025-02-09T18:12:23","guid":{"rendered":"https:\/\/kichiko.net\/?page_id=5634"},"modified":"2025-02-09T19:49:05","modified_gmt":"2025-02-09T18:49:05","slug":"a-xmas-4","status":"publish","type":"page","link":"https:\/\/kichiko.net\/?page_id=5634","title":{"rendered":"A Xmas Beauty"},"content":{"rendered":"\n<figure class=\"wp-block-image size-full\"><img loading=\"lazy\" width=\"1024\" height=\"683\" src=\"https:\/\/kichiko.net\/wp-content\/uploads\/2025\/02\/raevv.jpg\" alt=\"\" class=\"wp-image-5687\" srcset=\"https:\/\/kichiko.net\/wp-content\/uploads\/2025\/02\/raevv.jpg 1024w, https:\/\/kichiko.net\/wp-content\/uploads\/2025\/02\/raevv-400x267.jpg 400w, https:\/\/kichiko.net\/wp-content\/uploads\/2025\/02\/raevv-768x512.jpg 768w\" sizes=\"(max-width: 1024px) 100vw, 1024px\" \/><\/figure>\n\n\n\n<p>Navn :&nbsp;Kichiko`s A Xmas Beauty<br>Nick : Bailey<br>Kj\u00f8nn :&nbsp;Tispe<br>Farge : Sort\/gr\u00e5<br>H\u00e5rlag: Langh\u00e5r<br>F\u00f8dt : 29\/10-2024<br>Reg.nr :&nbsp;No56096\/24<br>Oppdretter : Hilde Schyttelvik, \u00c5ros<br>HD :<br>AD:<br>Bitt :<br>Eiere: Kenneth Olsen, Holmestrand<\/p>\n\n\n\n<figure class=\"wp-block-image size-large\"><img loading=\"lazy\" width=\"1024\" height=\"882\" src=\"https:\/\/kichiko.net\/wp-content\/uploads\/2025\/02\/rosa-1024x882.jpg\" alt=\"\" class=\"wp-image-5675\" srcset=\"https:\/\/kichiko.net\/wp-content\/uploads\/2025\/02\/rosa-1024x882.jpg 1024w, https:\/\/kichiko.net\/wp-content\/uploads\/2025\/02\/rosa-400x345.jpg 400w, https:\/\/kichiko.net\/wp-content\/uploads\/2025\/02\/rosa-768x662.jpg 768w, https:\/\/kichiko.net\/wp-content\/uploads\/2025\/02\/rosa-1536x1323.jpg 1536w, https:\/\/kichiko.net\/wp-content\/uploads\/2025\/02\/rosa.jpg 2048w\" sizes=\"(max-width: 1024px) 100vw, 1024px\" \/><\/figure>\n","protected":false},"excerpt":{"rendered":"<p>Navn :&nbsp;Kichiko`s A Xmas BeautyNick : BaileyKj\u00f8nn :&nbsp;TispeFarge : Sort\/gr\u00e5H\u00e5rlag: Langh\u00e5rF\u00f8dt : 29\/10-2024Reg.nr :&nbsp;No56096\/24Oppdretter : Hilde Schyttelvik, \u00c5rosHD :AD:Bitt :Eiere: Kenneth Olsen, Holmestrand<\/p>\n","protected":false},"author":2,"featured_media":0,"parent":5625,"menu_order":4,"comment_status":"closed","ping_status":"closed","template":"","meta":[],"_links":{"self":[{"href":"https:\/\/kichiko.net\/index.php?rest_route=\/wp\/v2\/pages\/5634"}],"collection":[{"href":"https:\/\/kichiko.net\/index.php?rest_route=\/wp\/v2\/pages"}],"about":[{"href":"https:\/\/kichiko.net\/index.php?rest_route=\/wp\/v2\/types\/page"}],"author":[{"embeddable":true,"href":"https:\/\/kichiko.net\/index.php?rest_route=\/wp\/v2\/users\/2"}],"replies":[{"embeddable":true,"href":"https:\/\/kichiko.net\/index.php?rest_route=%2Fwp%2Fv2%2Fcomments&post=5634"}],"version-history":[{"count":5,"href":"https:\/\/kichiko.net\/index.php?rest_route=\/wp\/v2\/pages\/5634\/revisions"}],"predecessor-version":[{"id":5688,"href":"https:\/\/kichiko.net\/index.php?rest_route=\/wp\/v2\/pages\/5634\/revisions\/5688"}],"up":[{"embeddable":true,"href":"https:\/\/kichiko.net\/index.php?rest_route=\/wp\/v2\/pages\/5625"}],"wp:attachment":[{"href":"https:\/\/kichiko.net\/index.php?rest_route=%2Fwp%2Fv2%2Fmedia&parent=5634"}],"curies":[{"name":"wp","href":"https:\/\/api.w.org\/{rel}","templated":true}]}}