{"id":5630,"date":"2025-02-09T19:11:27","date_gmt":"2025-02-09T18:11:27","guid":{"rendered":"https:\/\/kichiko.net\/?page_id=5630"},"modified":"2025-02-09T19:47:39","modified_gmt":"2025-02-09T18:47:39","slug":"a-xmas-2","status":"publish","type":"page","link":"https:\/\/kichiko.net\/?page_id=5630","title":{"rendered":"A Xmas Extra Love"},"content":{"rendered":"\n<figure class=\"wp-block-image size-large\"><img loading=\"lazy\" width=\"1024\" height=\"658\" src=\"https:\/\/kichiko.net\/wp-content\/uploads\/2025\/02\/feri-1024x658.jpg\" alt=\"\" class=\"wp-image-5683\" srcset=\"https:\/\/kichiko.net\/wp-content\/uploads\/2025\/02\/feri-1024x658.jpg 1024w, https:\/\/kichiko.net\/wp-content\/uploads\/2025\/02\/feri-400x257.jpg 400w, https:\/\/kichiko.net\/wp-content\/uploads\/2025\/02\/feri-768x493.jpg 768w, https:\/\/kichiko.net\/wp-content\/uploads\/2025\/02\/feri-1536x986.jpg 1536w, https:\/\/kichiko.net\/wp-content\/uploads\/2025\/02\/feri.jpg 2048w\" sizes=\"(max-width: 1024px) 100vw, 1024px\" \/><\/figure>\n\n\n\n<p>Navn :&nbsp;Kichiko`s A Xmas Extra Love<br>Nick : Freyja<br>Kj\u00f8nn :&nbsp;Tispe<br>Farge : Sort\/r\u00f8dbrun<br>H\u00e5rlag: Langh\u00e5r<br>F\u00f8dt : 29\/10-2024<br>Reg.nr :&nbsp;No56094\/24<br>Oppdretter : Hilde Schyttelvik, \u00c5ros<br>HD :<br>AD:<br>Bitt :<br>Eiere: Ad\u00e9la Konselov\u00e1, Noresund<\/p>\n\n\n\n<figure class=\"wp-block-image size-large\"><img loading=\"lazy\" width=\"1024\" height=\"740\" src=\"https:\/\/kichiko.net\/wp-content\/uploads\/2025\/02\/Belly-1024x740.jpg\" alt=\"\" class=\"wp-image-5670\" srcset=\"https:\/\/kichiko.net\/wp-content\/uploads\/2025\/02\/Belly-1024x740.jpg 1024w, https:\/\/kichiko.net\/wp-content\/uploads\/2025\/02\/Belly-400x289.jpg 400w, https:\/\/kichiko.net\/wp-content\/uploads\/2025\/02\/Belly-768x555.jpg 768w, https:\/\/kichiko.net\/wp-content\/uploads\/2025\/02\/Belly-1536x1109.jpg 1536w, https:\/\/kichiko.net\/wp-content\/uploads\/2025\/02\/Belly.jpg 2048w\" sizes=\"(max-width: 1024px) 100vw, 1024px\" \/><\/figure>\n","protected":false},"excerpt":{"rendered":"<p>Navn :&nbsp;Kichiko`s A Xmas Extra LoveNick : FreyjaKj\u00f8nn :&nbsp;TispeFarge : Sort\/r\u00f8dbrunH\u00e5rlag: Langh\u00e5rF\u00f8dt : 29\/10-2024Reg.nr :&nbsp;No56094\/24Oppdretter : Hilde Schyttelvik, \u00c5rosHD :AD:Bitt :Eiere: Ad\u00e9la Konselov\u00e1, Noresund<\/p>\n","protected":false},"author":2,"featured_media":0,"parent":5625,"menu_order":2,"comment_status":"closed","ping_status":"closed","template":"","meta":[],"_links":{"self":[{"href":"https:\/\/kichiko.net\/index.php?rest_route=\/wp\/v2\/pages\/5630"}],"collection":[{"href":"https:\/\/kichiko.net\/index.php?rest_route=\/wp\/v2\/pages"}],"about":[{"href":"https:\/\/kichiko.net\/index.php?rest_route=\/wp\/v2\/types\/page"}],"author":[{"embeddable":true,"href":"https:\/\/kichiko.net\/index.php?rest_route=\/wp\/v2\/users\/2"}],"replies":[{"embeddable":true,"href":"https:\/\/kichiko.net\/index.php?rest_route=%2Fwp%2Fv2%2Fcomments&post=5630"}],"version-history":[{"count":5,"href":"https:\/\/kichiko.net\/index.php?rest_route=\/wp\/v2\/pages\/5630\/revisions"}],"predecessor-version":[{"id":5684,"href":"https:\/\/kichiko.net\/index.php?rest_route=\/wp\/v2\/pages\/5630\/revisions\/5684"}],"up":[{"embeddable":true,"href":"https:\/\/kichiko.net\/index.php?rest_route=\/wp\/v2\/pages\/5625"}],"wp:attachment":[{"href":"https:\/\/kichiko.net\/index.php?rest_route=%2Fwp%2Fv2%2Fmedia&parent=5630"}],"curies":[{"name":"wp","href":"https:\/\/api.w.org\/{rel}","templated":true}]}}