{"id":5619,"date":"2025-02-09T17:22:42","date_gmt":"2025-02-09T16:22:42","guid":{"rendered":"https:\/\/kichiko.net\/?page_id=5619"},"modified":"2025-06-17T21:01:45","modified_gmt":"2025-06-17T20:01:45","slug":"maya","status":"publish","type":"page","link":"https:\/\/kichiko.net\/?page_id=5619","title":{"rendered":"Maya"},"content":{"rendered":"\n<figure class=\"wp-block-image size-large\"><img loading=\"lazy\" width=\"920\" height=\"1024\" src=\"https:\/\/kichiko.net\/wp-content\/uploads\/2025\/02\/may-920x1024.jpg\" alt=\"\" class=\"wp-image-5620\" srcset=\"https:\/\/kichiko.net\/wp-content\/uploads\/2025\/02\/may-920x1024.jpg 920w, https:\/\/kichiko.net\/wp-content\/uploads\/2025\/02\/may-400x445.jpg 400w, https:\/\/kichiko.net\/wp-content\/uploads\/2025\/02\/may-768x855.jpg 768w, https:\/\/kichiko.net\/wp-content\/uploads\/2025\/02\/may-1380x1536.jpg 1380w, https:\/\/kichiko.net\/wp-content\/uploads\/2025\/02\/may.jpg 1840w\" sizes=\"(max-width: 920px) 100vw, 920px\" \/><\/figure>\n\n\n\n<p><\/p>\n\n\n\n<p>Navn: Kichiko`s X-Mas Tiny Miracle<br>Nick : Maya<br>Rase : Shiba<br>Kj\u00f8nn: Tispe<br>Farge : R\u00f8d<br>F\u00f8dt:&nbsp;2\/11-2024<br>Reg.nr : NO55871\/24<br>HD:<br>AD:<br>Patella:<br>Bitt:<\/p>\n\n\n\n<p>Eier :&nbsp;Lise Schyttelvik Sauer, \u00c5ros<\/p>\n\n\n\n<p>( Medeiere: Hilde &amp; Kristine )<\/p>\n\n\n\n<p>Premieringer: <\/p>\n\n\n\n<p>Valp: 1 X HP, 1 X BIM<\/p>\n\n\n\n<figure class=\"wp-block-image size-large\"><img loading=\"lazy\" width=\"769\" height=\"1024\" src=\"https:\/\/kichiko.net\/wp-content\/uploads\/2025\/06\/b06fd40d-39e0-40b5-a49b-08a0c1ba226b-769x1024.jpg\" alt=\"\" class=\"wp-image-5890\" srcset=\"https:\/\/kichiko.net\/wp-content\/uploads\/2025\/06\/b06fd40d-39e0-40b5-a49b-08a0c1ba226b-769x1024.jpg 769w, https:\/\/kichiko.net\/wp-content\/uploads\/2025\/06\/b06fd40d-39e0-40b5-a49b-08a0c1ba226b-400x533.jpg 400w, https:\/\/kichiko.net\/wp-content\/uploads\/2025\/06\/b06fd40d-39e0-40b5-a49b-08a0c1ba226b-768x1023.jpg 768w, https:\/\/kichiko.net\/wp-content\/uploads\/2025\/06\/b06fd40d-39e0-40b5-a49b-08a0c1ba226b-1153x1536.jpg 1153w, https:\/\/kichiko.net\/wp-content\/uploads\/2025\/06\/b06fd40d-39e0-40b5-a49b-08a0c1ba226b.jpg 1537w\" sizes=\"(max-width: 769px) 100vw, 769px\" \/><\/figure>\n\n\n\n<figure class=\"wp-block-image size-full\"><img loading=\"lazy\" width=\"719\" height=\"868\" src=\"https:\/\/kichiko.net\/wp-content\/uploads\/2025\/06\/876ea690-5cbf-460c-92f1-9285d8d7b4f5.jpg\" alt=\"\" class=\"wp-image-5891\" srcset=\"https:\/\/kichiko.net\/wp-content\/uploads\/2025\/06\/876ea690-5cbf-460c-92f1-9285d8d7b4f5.jpg 719w, https:\/\/kichiko.net\/wp-content\/uploads\/2025\/06\/876ea690-5cbf-460c-92f1-9285d8d7b4f5-400x483.jpg 400w\" sizes=\"(max-width: 719px) 100vw, 719px\" \/><figcaption>BIM valp p\u00e5 Japanspesialen 8\/6-2025 i regi av JUN <\/figcaption><\/figure>\n","protected":false},"excerpt":{"rendered":"<p>Navn: Kichiko`s X-Mas Tiny MiracleNick : MayaRase : ShibaKj\u00f8nn: TispeFarge : R\u00f8dF\u00f8dt:&nbsp;2\/11-2024Reg.nr : NO55871\/24HD:AD:Patella:Bitt: Eier :&nbsp;Lise Schyttelvik Sauer, \u00c5ros ( Medeiere: Hilde &amp; Kristine ) Premieringer: Valp: 1 X HP, 1 X BIM<\/p>\n","protected":false},"author":2,"featured_media":0,"parent":2015,"menu_order":38,"comment_status":"closed","ping_status":"closed","template":"","meta":[],"_links":{"self":[{"href":"https:\/\/kichiko.net\/index.php?rest_route=\/wp\/v2\/pages\/5619"}],"collection":[{"href":"https:\/\/kichiko.net\/index.php?rest_route=\/wp\/v2\/pages"}],"about":[{"href":"https:\/\/kichiko.net\/index.php?rest_route=\/wp\/v2\/types\/page"}],"author":[{"embeddable":true,"href":"https:\/\/kichiko.net\/index.php?rest_route=\/wp\/v2\/users\/2"}],"replies":[{"embeddable":true,"href":"https:\/\/kichiko.net\/index.php?rest_route=%2Fwp%2Fv2%2Fcomments&post=5619"}],"version-history":[{"count":3,"href":"https:\/\/kichiko.net\/index.php?rest_route=\/wp\/v2\/pages\/5619\/revisions"}],"predecessor-version":[{"id":5892,"href":"https:\/\/kichiko.net\/index.php?rest_route=\/wp\/v2\/pages\/5619\/revisions\/5892"}],"up":[{"embeddable":true,"href":"https:\/\/kichiko.net\/index.php?rest_route=\/wp\/v2\/pages\/2015"}],"wp:attachment":[{"href":"https:\/\/kichiko.net\/index.php?rest_route=%2Fwp%2Fv2%2Fmedia&parent=5619"}],"curies":[{"name":"wp","href":"https:\/\/api.w.org\/{rel}","templated":true}]}}