{"id":5605,"date":"2025-02-09T17:07:36","date_gmt":"2025-02-09T16:07:36","guid":{"rendered":"https:\/\/kichiko.net\/?page_id=5605"},"modified":"2025-02-09T17:07:36","modified_gmt":"2025-02-09T16:07:36","slug":"gaathe","status":"publish","type":"page","link":"https:\/\/kichiko.net\/?page_id=5605","title":{"rendered":"Gaathe"},"content":{"rendered":"\n<figure class=\"wp-block-image size-large\"><img loading=\"lazy\" width=\"1024\" height=\"683\" src=\"https:\/\/kichiko.net\/wp-content\/uploads\/2025\/02\/gaat-1024x683.jpg\" alt=\"\" class=\"wp-image-5606\" srcset=\"https:\/\/kichiko.net\/wp-content\/uploads\/2025\/02\/gaat-1024x683.jpg 1024w, https:\/\/kichiko.net\/wp-content\/uploads\/2025\/02\/gaat-400x267.jpg 400w, https:\/\/kichiko.net\/wp-content\/uploads\/2025\/02\/gaat-768x512.jpg 768w, https:\/\/kichiko.net\/wp-content\/uploads\/2025\/02\/gaat-1536x1024.jpg 1536w, https:\/\/kichiko.net\/wp-content\/uploads\/2025\/02\/gaat.jpg 2048w\" sizes=\"(max-width: 1024px) 100vw, 1024px\" \/><figcaption>Februar 2025<\/figcaption><\/figure>\n\n\n\n<p>Navn :\u00a0Welincha`s Gaathe<br>Nick : G\u00e5te<br>Kj\u00f8nn :\u00a0Tispe<br>Farge : Sort\/brun<br>H\u00e5rlag: Normalh\u00e5r<br>F\u00f8dt : 31\/10-2024<br>Reg.nr :\u00a0No56255\/24<br>Oppdretter : Ragnhild, Leif Vidar og Silje Marie Belgen, Tr\u00f8gstad<br>HD : <br>AD: <br>Bitt :<\/p>\n\n\n\n<p>Eiere: Kristine Elene Schyttelvik-Rundhaug<\/p>\n\n\n\n<figure class=\"wp-block-image size-large\"><img loading=\"lazy\" width=\"683\" height=\"1024\" src=\"https:\/\/kichiko.net\/wp-content\/uploads\/2025\/02\/gaa-683x1024.jpg\" alt=\"\" class=\"wp-image-5607\" srcset=\"https:\/\/kichiko.net\/wp-content\/uploads\/2025\/02\/gaa-683x1024.jpg 683w, https:\/\/kichiko.net\/wp-content\/uploads\/2025\/02\/gaa-400x600.jpg 400w, https:\/\/kichiko.net\/wp-content\/uploads\/2025\/02\/gaa-768x1152.jpg 768w, https:\/\/kichiko.net\/wp-content\/uploads\/2025\/02\/gaa-1024x1536.jpg 1024w, https:\/\/kichiko.net\/wp-content\/uploads\/2025\/02\/gaa.jpg 1365w\" sizes=\"(max-width: 683px) 100vw, 683px\" \/><\/figure>\n\n\n\n<figure class=\"wp-block-image size-large\"><img loading=\"lazy\" width=\"1024\" height=\"721\" src=\"https:\/\/kichiko.net\/wp-content\/uploads\/2025\/02\/gaathe-1024x721.jpg\" alt=\"\" class=\"wp-image-5608\" srcset=\"https:\/\/kichiko.net\/wp-content\/uploads\/2025\/02\/gaathe-1024x721.jpg 1024w, https:\/\/kichiko.net\/wp-content\/uploads\/2025\/02\/gaathe-400x281.jpg 400w, https:\/\/kichiko.net\/wp-content\/uploads\/2025\/02\/gaathe-768x540.jpg 768w, https:\/\/kichiko.net\/wp-content\/uploads\/2025\/02\/gaathe-1536x1081.jpg 1536w, https:\/\/kichiko.net\/wp-content\/uploads\/2025\/02\/gaathe.jpg 2048w\" sizes=\"(max-width: 1024px) 100vw, 1024px\" \/><figcaption>P\u00e5 valpekurs 2025<\/figcaption><\/figure>\n","protected":false},"excerpt":{"rendered":"<p>Navn :\u00a0Welincha`s GaatheNick : G\u00e5teKj\u00f8nn :\u00a0TispeFarge : Sort\/brunH\u00e5rlag: Normalh\u00e5rF\u00f8dt : 31\/10-2024Reg.nr :\u00a0No56255\/24Oppdretter : Ragnhild, Leif Vidar og Silje Marie Belgen, Tr\u00f8gstadHD : AD: Bitt : Eiere: Kristine Elene Schyttelvik-Rundhaug<\/p>\n","protected":false},"author":2,"featured_media":0,"parent":1407,"menu_order":4,"comment_status":"closed","ping_status":"closed","template":"","meta":[],"_links":{"self":[{"href":"https:\/\/kichiko.net\/index.php?rest_route=\/wp\/v2\/pages\/5605"}],"collection":[{"href":"https:\/\/kichiko.net\/index.php?rest_route=\/wp\/v2\/pages"}],"about":[{"href":"https:\/\/kichiko.net\/index.php?rest_route=\/wp\/v2\/types\/page"}],"author":[{"embeddable":true,"href":"https:\/\/kichiko.net\/index.php?rest_route=\/wp\/v2\/users\/2"}],"replies":[{"embeddable":true,"href":"https:\/\/kichiko.net\/index.php?rest_route=%2Fwp%2Fv2%2Fcomments&post=5605"}],"version-history":[{"count":1,"href":"https:\/\/kichiko.net\/index.php?rest_route=\/wp\/v2\/pages\/5605\/revisions"}],"predecessor-version":[{"id":5609,"href":"https:\/\/kichiko.net\/index.php?rest_route=\/wp\/v2\/pages\/5605\/revisions\/5609"}],"up":[{"embeddable":true,"href":"https:\/\/kichiko.net\/index.php?rest_route=\/wp\/v2\/pages\/1407"}],"wp:attachment":[{"href":"https:\/\/kichiko.net\/index.php?rest_route=%2Fwp%2Fv2%2Fmedia&parent=5605"}],"curies":[{"name":"wp","href":"https:\/\/api.w.org\/{rel}","templated":true}]}}