{"id":5594,"date":"2025-02-09T16:57:52","date_gmt":"2025-02-09T15:57:52","guid":{"rendered":"https:\/\/kichiko.net\/?page_id=5594"},"modified":"2025-02-09T16:58:15","modified_gmt":"2025-02-09T15:58:15","slug":"lizzie","status":"publish","type":"page","link":"https:\/\/kichiko.net\/?page_id=5594","title":{"rendered":"Lizzie"},"content":{"rendered":"\n<figure class=\"wp-block-image size-large\"><img loading=\"lazy\" width=\"1024\" height=\"683\" src=\"https:\/\/kichiko.net\/wp-content\/uploads\/2025\/02\/lizzie-1024x683.jpg\" alt=\"\" class=\"wp-image-5595\" srcset=\"https:\/\/kichiko.net\/wp-content\/uploads\/2025\/02\/lizzie-1024x683.jpg 1024w, https:\/\/kichiko.net\/wp-content\/uploads\/2025\/02\/lizzie-400x267.jpg 400w, https:\/\/kichiko.net\/wp-content\/uploads\/2025\/02\/lizzie-768x512.jpg 768w, https:\/\/kichiko.net\/wp-content\/uploads\/2025\/02\/lizzie-1536x1024.jpg 1536w, https:\/\/kichiko.net\/wp-content\/uploads\/2025\/02\/lizzie.jpg 2048w\" sizes=\"(max-width: 1024px) 100vw, 1024px\" \/><\/figure>\n\n\n\n<p>Navn :&nbsp;Emma av Quantos<br>Nick : Lizzie<br>Kj\u00f8nn :&nbsp;Tispe<br>Farge : Sort\/brun<br>H\u00e5rlag: Langh\u00e5r<br>F\u00f8dt : 14\/1-2022<br>Reg.nr :&nbsp;No33364\/22<br>Oppdretter : Tor W Johansen, Kristiansand<br>HD : E\/E<br>AD: 0\/0<br>Bitt : Korrekt og fulltannet<\/p>\n\n\n\n<p>Eiere: Hilde Schyttelvik<\/p>\n\n\n\n<figure class=\"wp-block-image size-large\"><img loading=\"lazy\" width=\"1024\" height=\"683\" src=\"https:\/\/kichiko.net\/wp-content\/uploads\/2025\/02\/liz-1024x683.jpg\" alt=\"\" class=\"wp-image-5596\" srcset=\"https:\/\/kichiko.net\/wp-content\/uploads\/2025\/02\/liz-1024x683.jpg 1024w, https:\/\/kichiko.net\/wp-content\/uploads\/2025\/02\/liz-400x267.jpg 400w, https:\/\/kichiko.net\/wp-content\/uploads\/2025\/02\/liz-768x512.jpg 768w, https:\/\/kichiko.net\/wp-content\/uploads\/2025\/02\/liz-1536x1024.jpg 1536w, https:\/\/kichiko.net\/wp-content\/uploads\/2025\/02\/liz.jpg 2048w\" sizes=\"(max-width: 1024px) 100vw, 1024px\" \/><figcaption>Februar 2025<\/figcaption><\/figure>\n","protected":false},"excerpt":{"rendered":"<p>Navn :&nbsp;Emma av QuantosNick : LizzieKj\u00f8nn :&nbsp;TispeFarge : Sort\/brunH\u00e5rlag: Langh\u00e5rF\u00f8dt : 14\/1-2022Reg.nr :&nbsp;No33364\/22Oppdretter : Tor W Johansen, KristiansandHD : E\/EAD: 0\/0Bitt : Korrekt og fulltannet Eiere: Hilde Schyttelvik<\/p>\n","protected":false},"author":2,"featured_media":0,"parent":1407,"menu_order":2,"comment_status":"closed","ping_status":"closed","template":"","meta":[],"_links":{"self":[{"href":"https:\/\/kichiko.net\/index.php?rest_route=\/wp\/v2\/pages\/5594"}],"collection":[{"href":"https:\/\/kichiko.net\/index.php?rest_route=\/wp\/v2\/pages"}],"about":[{"href":"https:\/\/kichiko.net\/index.php?rest_route=\/wp\/v2\/types\/page"}],"author":[{"embeddable":true,"href":"https:\/\/kichiko.net\/index.php?rest_route=\/wp\/v2\/users\/2"}],"replies":[{"embeddable":true,"href":"https:\/\/kichiko.net\/index.php?rest_route=%2Fwp%2Fv2%2Fcomments&post=5594"}],"version-history":[{"count":2,"href":"https:\/\/kichiko.net\/index.php?rest_route=\/wp\/v2\/pages\/5594\/revisions"}],"predecessor-version":[{"id":5599,"href":"https:\/\/kichiko.net\/index.php?rest_route=\/wp\/v2\/pages\/5594\/revisions\/5599"}],"up":[{"embeddable":true,"href":"https:\/\/kichiko.net\/index.php?rest_route=\/wp\/v2\/pages\/1407"}],"wp:attachment":[{"href":"https:\/\/kichiko.net\/index.php?rest_route=%2Fwp%2Fv2%2Fmedia&parent=5594"}],"curies":[{"name":"wp","href":"https:\/\/api.w.org\/{rel}","templated":true}]}}