{"id":5586,"date":"2025-02-09T16:52:16","date_gmt":"2025-02-09T15:52:16","guid":{"rendered":"https:\/\/kichiko.net\/?page_id=5586"},"modified":"2025-05-11T21:32:25","modified_gmt":"2025-05-11T20:32:25","slug":"bailey","status":"publish","type":"page","link":"https:\/\/kichiko.net\/?page_id=5586","title":{"rendered":"Bailey"},"content":{"rendered":"\n<figure class=\"wp-block-image size-large\"><img loading=\"lazy\" width=\"1024\" height=\"683\" src=\"https:\/\/kichiko.net\/wp-content\/uploads\/2025\/02\/f2fb217a-62be-44d0-96a4-91e3bfdb8ad4-1024x683.jpg\" alt=\"\" class=\"wp-image-5587\" srcset=\"https:\/\/kichiko.net\/wp-content\/uploads\/2025\/02\/f2fb217a-62be-44d0-96a4-91e3bfdb8ad4-1024x683.jpg 1024w, https:\/\/kichiko.net\/wp-content\/uploads\/2025\/02\/f2fb217a-62be-44d0-96a4-91e3bfdb8ad4-400x267.jpg 400w, https:\/\/kichiko.net\/wp-content\/uploads\/2025\/02\/f2fb217a-62be-44d0-96a4-91e3bfdb8ad4-768x512.jpg 768w, https:\/\/kichiko.net\/wp-content\/uploads\/2025\/02\/f2fb217a-62be-44d0-96a4-91e3bfdb8ad4-1536x1024.jpg 1536w, https:\/\/kichiko.net\/wp-content\/uploads\/2025\/02\/f2fb217a-62be-44d0-96a4-91e3bfdb8ad4.jpg 2048w\" sizes=\"(max-width: 1024px) 100vw, 1024px\" \/><\/figure>\n\n\n\n<p>Navn :&nbsp;Denice av Quantos<br>Nick : Bailey<br>Kj\u00f8nn :&nbsp;Tispe<br>Farge : Sort\/brun<br>H\u00e5rlag: Langh\u00e5r<br>F\u00f8dt : 15\/8-2021<br>Reg.nr :&nbsp;NO60888\/21<br>Oppdretter : Tor W Johansen, Kristiansand<br>HD : B\/B<br>AD: 0\/0<br>Patella : 0\/0<br>\u00d8yenlyst m\/Gonioskopi: Intet p\u00e5vist<\/p>\n\n\n\n<p>Embark panel: Fri<br>Bitt : Korrekt og fulltannet<\/p>\n\n\n\n<p>Eier: Kristine Elene Schyttelvik-Rundhaug <\/p>\n\n\n\n<p>Utstillingsresultater: 3 X EXC, 2 X CK, 1 X VG<\/p>\n\n\n\n<p>Pr\u00f8ver: <\/p>\n\n\n\n<ul><li>Gjennomf\u00f8rt MH (Mentalhelsebeskrivelse) 1 p\u00e5 skudd<\/li><li>Best\u00e5tt K-test (Karaktertest) 1 p\u00e5 skudd<\/li><li>Best\u00e5tt FA (Funksjonsanalyse) 1 p\u00e5 skudd <\/li><li>Best\u00e5tt bronsemerke i lydighet.<\/li><li>Fullf\u00f8rt\/best\u00e5tt Modul 1 NRH (Norske Redningshunder)<\/li><li><\/li><\/ul>\n\n\n\n<figure class=\"wp-block-image size-large\"><img loading=\"lazy\" width=\"683\" height=\"1024\" src=\"https:\/\/kichiko.net\/wp-content\/uploads\/2025\/02\/6d47554a-e45c-4f32-ad56-7ea14d077242-683x1024.jpg\" alt=\"\" class=\"wp-image-5588\" srcset=\"https:\/\/kichiko.net\/wp-content\/uploads\/2025\/02\/6d47554a-e45c-4f32-ad56-7ea14d077242-683x1024.jpg 683w, https:\/\/kichiko.net\/wp-content\/uploads\/2025\/02\/6d47554a-e45c-4f32-ad56-7ea14d077242-400x600.jpg 400w, https:\/\/kichiko.net\/wp-content\/uploads\/2025\/02\/6d47554a-e45c-4f32-ad56-7ea14d077242-768x1152.jpg 768w, https:\/\/kichiko.net\/wp-content\/uploads\/2025\/02\/6d47554a-e45c-4f32-ad56-7ea14d077242-1024x1536.jpg 1024w, https:\/\/kichiko.net\/wp-content\/uploads\/2025\/02\/6d47554a-e45c-4f32-ad56-7ea14d077242.jpg 1365w\" sizes=\"(max-width: 683px) 100vw, 683px\" \/><\/figure>\n\n\n\n<figure class=\"wp-block-image size-large\"><img loading=\"lazy\" width=\"1024\" height=\"614\" src=\"https:\/\/kichiko.net\/wp-content\/uploads\/2025\/02\/73ee3a5d-0895-45e3-b7a5-54064d66b788-1024x614.jpg\" alt=\"\" class=\"wp-image-5589\" srcset=\"https:\/\/kichiko.net\/wp-content\/uploads\/2025\/02\/73ee3a5d-0895-45e3-b7a5-54064d66b788-1024x614.jpg 1024w, https:\/\/kichiko.net\/wp-content\/uploads\/2025\/02\/73ee3a5d-0895-45e3-b7a5-54064d66b788-400x240.jpg 400w, https:\/\/kichiko.net\/wp-content\/uploads\/2025\/02\/73ee3a5d-0895-45e3-b7a5-54064d66b788-768x460.jpg 768w, https:\/\/kichiko.net\/wp-content\/uploads\/2025\/02\/73ee3a5d-0895-45e3-b7a5-54064d66b788-1536x920.jpg 1536w, https:\/\/kichiko.net\/wp-content\/uploads\/2025\/02\/73ee3a5d-0895-45e3-b7a5-54064d66b788.jpg 2048w\" sizes=\"(max-width: 1024px) 100vw, 1024px\" \/><\/figure>\n\n\n\n<figure class=\"wp-block-image size-large\"><img loading=\"lazy\" width=\"1024\" height=\"760\" src=\"https:\/\/kichiko.net\/wp-content\/uploads\/2025\/02\/1d3baa50-be33-42a8-99d5-f99516306b01-1024x760.jpg\" alt=\"\" class=\"wp-image-5590\" srcset=\"https:\/\/kichiko.net\/wp-content\/uploads\/2025\/02\/1d3baa50-be33-42a8-99d5-f99516306b01-1024x760.jpg 1024w, https:\/\/kichiko.net\/wp-content\/uploads\/2025\/02\/1d3baa50-be33-42a8-99d5-f99516306b01-400x297.jpg 400w, https:\/\/kichiko.net\/wp-content\/uploads\/2025\/02\/1d3baa50-be33-42a8-99d5-f99516306b01-768x570.jpg 768w, https:\/\/kichiko.net\/wp-content\/uploads\/2025\/02\/1d3baa50-be33-42a8-99d5-f99516306b01-1536x1139.jpg 1536w, https:\/\/kichiko.net\/wp-content\/uploads\/2025\/02\/1d3baa50-be33-42a8-99d5-f99516306b01.jpg 2048w\" sizes=\"(max-width: 1024px) 100vw, 1024px\" \/><\/figure>\n","protected":false},"excerpt":{"rendered":"<p>Navn :&nbsp;Denice av QuantosNick : BaileyKj\u00f8nn :&nbsp;TispeFarge : Sort\/brunH\u00e5rlag: Langh\u00e5rF\u00f8dt : 15\/8-2021Reg.nr :&nbsp;NO60888\/21Oppdretter : Tor W Johansen, KristiansandHD : B\/BAD: 0\/0Patella : 0\/0\u00d8yenlyst m\/Gonioskopi: Intet p\u00e5vist Embark panel: FriBitt : Korrekt og fulltannet Eier: Kristine Elene Schyttelvik-Rundhaug Utstillingsresultater: 3 X EXC, 2 X CK, 1 X VG Pr\u00f8ver: Gjennomf\u00f8rt MH (Mentalhelsebeskrivelse) 1 p\u00e5 skudd Best\u00e5tt [&hellip;]<\/p>\n","protected":false},"author":2,"featured_media":0,"parent":2015,"menu_order":1,"comment_status":"closed","ping_status":"closed","template":"","meta":[],"_links":{"self":[{"href":"https:\/\/kichiko.net\/index.php?rest_route=\/wp\/v2\/pages\/5586"}],"collection":[{"href":"https:\/\/kichiko.net\/index.php?rest_route=\/wp\/v2\/pages"}],"about":[{"href":"https:\/\/kichiko.net\/index.php?rest_route=\/wp\/v2\/types\/page"}],"author":[{"embeddable":true,"href":"https:\/\/kichiko.net\/index.php?rest_route=\/wp\/v2\/users\/2"}],"replies":[{"embeddable":true,"href":"https:\/\/kichiko.net\/index.php?rest_route=%2Fwp%2Fv2%2Fcomments&post=5586"}],"version-history":[{"count":3,"href":"https:\/\/kichiko.net\/index.php?rest_route=\/wp\/v2\/pages\/5586\/revisions"}],"predecessor-version":[{"id":5809,"href":"https:\/\/kichiko.net\/index.php?rest_route=\/wp\/v2\/pages\/5586\/revisions\/5809"}],"up":[{"embeddable":true,"href":"https:\/\/kichiko.net\/index.php?rest_route=\/wp\/v2\/pages\/2015"}],"wp:attachment":[{"href":"https:\/\/kichiko.net\/index.php?rest_route=%2Fwp%2Fv2%2Fmedia&parent=5586"}],"curies":[{"name":"wp","href":"https:\/\/api.w.org\/{rel}","templated":true}]}}