{"id":5546,"date":"2025-02-08T00:11:18","date_gmt":"2025-02-07T23:11:18","guid":{"rendered":"https:\/\/kichiko.net\/?page_id=5546"},"modified":"2025-03-23T10:43:07","modified_gmt":"2025-03-23T09:43:07","slug":"y-5","status":"publish","type":"page","link":"https:\/\/kichiko.net\/?page_id=5546","title":{"rendered":"Young And Joyful"},"content":{"rendered":"\n<p>Nr.5\u00a0ble en r\u00f8d tispe. Hun fikk navnet \u00abKichiko`s Young And Joyful \u00bb.<br>Nick : My<br>Rase : Shiba<br>Kj\u00f8nn: Tispe<br>Farge : R\u00f8d<br>F\u00f8dt:\u00a02\/2-2025<br>Reg.nr : NO34178\/25<br>HD:<br>AD:<br>Patella:<br>Bitt:<\/p>\n\n\n\n<p>Eier :<\/p>\n\n\n\n<figure class=\"wp-block-image size-large\"><img loading=\"lazy\" width=\"768\" height=\"1024\" src=\"https:\/\/kichiko.net\/wp-content\/uploads\/2025\/02\/476153212_1999943387194366_4903226105289022076_n-768x1024.jpg\" alt=\"\" class=\"wp-image-5579\" srcset=\"https:\/\/kichiko.net\/wp-content\/uploads\/2025\/02\/476153212_1999943387194366_4903226105289022076_n-768x1024.jpg 768w, https:\/\/kichiko.net\/wp-content\/uploads\/2025\/02\/476153212_1999943387194366_4903226105289022076_n-400x533.jpg 400w, https:\/\/kichiko.net\/wp-content\/uploads\/2025\/02\/476153212_1999943387194366_4903226105289022076_n-1152x1536.jpg 1152w, https:\/\/kichiko.net\/wp-content\/uploads\/2025\/02\/476153212_1999943387194366_4903226105289022076_n.jpg 1536w\" sizes=\"(max-width: 768px) 100vw, 768px\" \/><figcaption>Nyf\u00f8dt<\/figcaption><\/figure>\n\n\n\n<figure class=\"wp-block-image size-large\"><img loading=\"lazy\" width=\"768\" height=\"1024\" src=\"https:\/\/kichiko.net\/wp-content\/uploads\/2025\/02\/476496834_2004502680071770_2513777488931142173_n-768x1024.jpg\" alt=\"\" class=\"wp-image-5580\" srcset=\"https:\/\/kichiko.net\/wp-content\/uploads\/2025\/02\/476496834_2004502680071770_2513777488931142173_n-768x1024.jpg 768w, https:\/\/kichiko.net\/wp-content\/uploads\/2025\/02\/476496834_2004502680071770_2513777488931142173_n-400x533.jpg 400w, https:\/\/kichiko.net\/wp-content\/uploads\/2025\/02\/476496834_2004502680071770_2513777488931142173_n-1152x1536.jpg 1152w, https:\/\/kichiko.net\/wp-content\/uploads\/2025\/02\/476496834_2004502680071770_2513777488931142173_n.jpg 1536w\" sizes=\"(max-width: 768px) 100vw, 768px\" \/><figcaption>1 uke<\/figcaption><\/figure>\n\n\n\n<figure class=\"wp-block-image size-large\"><img loading=\"lazy\" width=\"768\" height=\"1024\" src=\"https:\/\/kichiko.net\/wp-content\/uploads\/2025\/02\/gul-768x1024.jpg\" alt=\"\" class=\"wp-image-5729\" srcset=\"https:\/\/kichiko.net\/wp-content\/uploads\/2025\/02\/gul-768x1024.jpg 768w, https:\/\/kichiko.net\/wp-content\/uploads\/2025\/02\/gul-400x533.jpg 400w, https:\/\/kichiko.net\/wp-content\/uploads\/2025\/02\/gul-1152x1536.jpg 1152w, https:\/\/kichiko.net\/wp-content\/uploads\/2025\/02\/gul.jpg 1536w\" sizes=\"(max-width: 768px) 100vw, 768px\" \/><figcaption>2 uker<\/figcaption><\/figure>\n\n\n\n<figure class=\"wp-block-image size-full\"><img loading=\"lazy\" width=\"720\" height=\"960\" src=\"https:\/\/kichiko.net\/wp-content\/uploads\/2025\/02\/gul-1.jpg\" alt=\"\" class=\"wp-image-5748\" srcset=\"https:\/\/kichiko.net\/wp-content\/uploads\/2025\/02\/gul-1.jpg 720w, https:\/\/kichiko.net\/wp-content\/uploads\/2025\/02\/gul-1-400x533.jpg 400w\" sizes=\"(max-width: 720px) 100vw, 720px\" \/><figcaption>3 uker<\/figcaption><\/figure>\n\n\n\n<figure class=\"wp-block-image size-large\"><img loading=\"lazy\" width=\"901\" height=\"1024\" src=\"https:\/\/kichiko.net\/wp-content\/uploads\/2025\/03\/gul-901x1024.jpg\" alt=\"\" class=\"wp-image-5781\" srcset=\"https:\/\/kichiko.net\/wp-content\/uploads\/2025\/03\/gul-901x1024.jpg 901w, https:\/\/kichiko.net\/wp-content\/uploads\/2025\/03\/gul-400x455.jpg 400w, https:\/\/kichiko.net\/wp-content\/uploads\/2025\/03\/gul-768x873.jpg 768w, https:\/\/kichiko.net\/wp-content\/uploads\/2025\/03\/gul-1352x1536.jpg 1352w, https:\/\/kichiko.net\/wp-content\/uploads\/2025\/03\/gul.jpg 1802w\" sizes=\"(max-width: 901px) 100vw, 901px\" \/><figcaption>5 uker<\/figcaption><\/figure>\n\n\n\n<figure class=\"wp-block-image size-large\"><img loading=\"lazy\" width=\"768\" height=\"1024\" src=\"https:\/\/kichiko.net\/wp-content\/uploads\/2025\/03\/gul-1-768x1024.jpg\" alt=\"\" class=\"wp-image-5805\" srcset=\"https:\/\/kichiko.net\/wp-content\/uploads\/2025\/03\/gul-1-768x1024.jpg 768w, https:\/\/kichiko.net\/wp-content\/uploads\/2025\/03\/gul-1-400x533.jpg 400w, https:\/\/kichiko.net\/wp-content\/uploads\/2025\/03\/gul-1-1152x1536.jpg 1152w, https:\/\/kichiko.net\/wp-content\/uploads\/2025\/03\/gul-1.jpg 1536w\" sizes=\"(max-width: 768px) 100vw, 768px\" \/><figcaption>6 uker<\/figcaption><\/figure>\n\n\n\n<figure class=\"wp-block-image size-large\"><img loading=\"lazy\" width=\"791\" height=\"1024\" src=\"https:\/\/kichiko.net\/wp-content\/uploads\/2025\/03\/gul-my-791x1024.jpg\" alt=\"\" class=\"wp-image-5806\" srcset=\"https:\/\/kichiko.net\/wp-content\/uploads\/2025\/03\/gul-my-791x1024.jpg 791w, https:\/\/kichiko.net\/wp-content\/uploads\/2025\/03\/gul-my-400x518.jpg 400w, https:\/\/kichiko.net\/wp-content\/uploads\/2025\/03\/gul-my-768x994.jpg 768w, https:\/\/kichiko.net\/wp-content\/uploads\/2025\/03\/gul-my-1187x1536.jpg 1187w, https:\/\/kichiko.net\/wp-content\/uploads\/2025\/03\/gul-my.jpg 1582w\" sizes=\"(max-width: 791px) 100vw, 791px\" \/><figcaption>7 uker<\/figcaption><\/figure>\n\n\n\n<p><\/p>\n","protected":false},"excerpt":{"rendered":"<p>Nr.5\u00a0ble en r\u00f8d tispe. Hun fikk navnet \u00abKichiko`s Young And Joyful \u00bb.Nick : MyRase : ShibaKj\u00f8nn: TispeFarge : R\u00f8dF\u00f8dt:\u00a02\/2-2025Reg.nr : NO34178\/25HD:AD:Patella:Bitt: Eier :<\/p>\n","protected":false},"author":2,"featured_media":0,"parent":5536,"menu_order":5,"comment_status":"closed","ping_status":"closed","template":"","meta":[],"_links":{"self":[{"href":"https:\/\/kichiko.net\/index.php?rest_route=\/wp\/v2\/pages\/5546"}],"collection":[{"href":"https:\/\/kichiko.net\/index.php?rest_route=\/wp\/v2\/pages"}],"about":[{"href":"https:\/\/kichiko.net\/index.php?rest_route=\/wp\/v2\/types\/page"}],"author":[{"embeddable":true,"href":"https:\/\/kichiko.net\/index.php?rest_route=\/wp\/v2\/users\/2"}],"replies":[{"embeddable":true,"href":"https:\/\/kichiko.net\/index.php?rest_route=%2Fwp%2Fv2%2Fcomments&post=5546"}],"version-history":[{"count":6,"href":"https:\/\/kichiko.net\/index.php?rest_route=\/wp\/v2\/pages\/5546\/revisions"}],"predecessor-version":[{"id":5807,"href":"https:\/\/kichiko.net\/index.php?rest_route=\/wp\/v2\/pages\/5546\/revisions\/5807"}],"up":[{"embeddable":true,"href":"https:\/\/kichiko.net\/index.php?rest_route=\/wp\/v2\/pages\/5536"}],"wp:attachment":[{"href":"https:\/\/kichiko.net\/index.php?rest_route=%2Fwp%2Fv2%2Fmedia&parent=5546"}],"curies":[{"name":"wp","href":"https:\/\/api.w.org\/{rel}","templated":true}]}}