{"id":5544,"date":"2025-02-08T00:10:11","date_gmt":"2025-02-07T23:10:11","guid":{"rendered":"https:\/\/kichiko.net\/?page_id=5544"},"modified":"2025-03-23T10:42:14","modified_gmt":"2025-03-23T09:42:14","slug":"y-4","status":"publish","type":"page","link":"https:\/\/kichiko.net\/?page_id=5544","title":{"rendered":"Young And Wild"},"content":{"rendered":"\n<p>Nr.4\u00a0ble en r\u00f8d tispe. Hun fikk navnet \u00abKichiko`s Young And Wild \u00bb.<br>Nick : Karma<br>Rase : Shiba<br>Kj\u00f8nn: Tispe<br>Farge : R\u00f8d<br>F\u00f8dt:\u00a02\/2-2025<br>Reg.nr : NO34179\/25<br>HD:<br>AD:<br>Patella:<br>Bitt:<\/p>\n\n\n\n<p>Eier :<\/p>\n\n\n\n<figure class=\"wp-block-image size-large\"><img loading=\"lazy\" width=\"768\" height=\"1024\" src=\"https:\/\/kichiko.net\/wp-content\/uploads\/2025\/02\/476118477_1999943440527694_8104786248512723289_n-768x1024.jpg\" alt=\"\" class=\"wp-image-5582\" srcset=\"https:\/\/kichiko.net\/wp-content\/uploads\/2025\/02\/476118477_1999943440527694_8104786248512723289_n-768x1024.jpg 768w, https:\/\/kichiko.net\/wp-content\/uploads\/2025\/02\/476118477_1999943440527694_8104786248512723289_n-400x533.jpg 400w, https:\/\/kichiko.net\/wp-content\/uploads\/2025\/02\/476118477_1999943440527694_8104786248512723289_n-1152x1536.jpg 1152w, https:\/\/kichiko.net\/wp-content\/uploads\/2025\/02\/476118477_1999943440527694_8104786248512723289_n.jpg 1536w\" sizes=\"(max-width: 768px) 100vw, 768px\" \/><figcaption>Nyf\u00f8dt<\/figcaption><\/figure>\n\n\n\n<figure class=\"wp-block-image size-large\"><img loading=\"lazy\" width=\"768\" height=\"1024\" src=\"https:\/\/kichiko.net\/wp-content\/uploads\/2025\/02\/476724794_2004502656738439_7664663466251398802_n-2-768x1024.jpg\" alt=\"\" class=\"wp-image-5583\" srcset=\"https:\/\/kichiko.net\/wp-content\/uploads\/2025\/02\/476724794_2004502656738439_7664663466251398802_n-2-768x1024.jpg 768w, https:\/\/kichiko.net\/wp-content\/uploads\/2025\/02\/476724794_2004502656738439_7664663466251398802_n-2-400x533.jpg 400w, https:\/\/kichiko.net\/wp-content\/uploads\/2025\/02\/476724794_2004502656738439_7664663466251398802_n-2-1152x1536.jpg 1152w, https:\/\/kichiko.net\/wp-content\/uploads\/2025\/02\/476724794_2004502656738439_7664663466251398802_n-2.jpg 1536w\" sizes=\"(max-width: 768px) 100vw, 768px\" \/><figcaption>1 uke<\/figcaption><\/figure>\n\n\n\n<figure class=\"wp-block-image size-large\"><img loading=\"lazy\" width=\"768\" height=\"1024\" src=\"https:\/\/kichiko.net\/wp-content\/uploads\/2025\/02\/rod-768x1024.jpg\" alt=\"\" class=\"wp-image-5727\" srcset=\"https:\/\/kichiko.net\/wp-content\/uploads\/2025\/02\/rod-768x1024.jpg 768w, https:\/\/kichiko.net\/wp-content\/uploads\/2025\/02\/rod-400x533.jpg 400w, https:\/\/kichiko.net\/wp-content\/uploads\/2025\/02\/rod-1152x1536.jpg 1152w, https:\/\/kichiko.net\/wp-content\/uploads\/2025\/02\/rod.jpg 1536w\" sizes=\"(max-width: 768px) 100vw, 768px\" \/><figcaption>2 uker<\/figcaption><\/figure>\n\n\n\n<figure class=\"wp-block-image size-full\"><img loading=\"lazy\" width=\"720\" height=\"960\" src=\"https:\/\/kichiko.net\/wp-content\/uploads\/2025\/02\/rod-1.jpg\" alt=\"\" class=\"wp-image-5746\" srcset=\"https:\/\/kichiko.net\/wp-content\/uploads\/2025\/02\/rod-1.jpg 720w, https:\/\/kichiko.net\/wp-content\/uploads\/2025\/02\/rod-1-400x533.jpg 400w\" sizes=\"(max-width: 720px) 100vw, 720px\" \/><figcaption>3 uker<\/figcaption><\/figure>\n\n\n\n<figure class=\"wp-block-image size-large\"><img loading=\"lazy\" width=\"811\" height=\"1024\" src=\"https:\/\/kichiko.net\/wp-content\/uploads\/2025\/03\/rod-811x1024.jpg\" alt=\"\" class=\"wp-image-5779\" srcset=\"https:\/\/kichiko.net\/wp-content\/uploads\/2025\/03\/rod-811x1024.jpg 811w, https:\/\/kichiko.net\/wp-content\/uploads\/2025\/03\/rod-400x505.jpg 400w, https:\/\/kichiko.net\/wp-content\/uploads\/2025\/03\/rod-768x970.jpg 768w, https:\/\/kichiko.net\/wp-content\/uploads\/2025\/03\/rod-1217x1536.jpg 1217w, https:\/\/kichiko.net\/wp-content\/uploads\/2025\/03\/rod.jpg 1622w\" sizes=\"(max-width: 811px) 100vw, 811px\" \/><figcaption>5 uker<\/figcaption><\/figure>\n\n\n\n<figure class=\"wp-block-image size-large\"><img loading=\"lazy\" width=\"768\" height=\"1024\" src=\"https:\/\/kichiko.net\/wp-content\/uploads\/2025\/03\/rod-1-768x1024.jpg\" alt=\"\" class=\"wp-image-5802\" srcset=\"https:\/\/kichiko.net\/wp-content\/uploads\/2025\/03\/rod-1-768x1024.jpg 768w, https:\/\/kichiko.net\/wp-content\/uploads\/2025\/03\/rod-1-400x533.jpg 400w, https:\/\/kichiko.net\/wp-content\/uploads\/2025\/03\/rod-1-1152x1536.jpg 1152w, https:\/\/kichiko.net\/wp-content\/uploads\/2025\/03\/rod-1.jpg 1536w\" sizes=\"(max-width: 768px) 100vw, 768px\" \/><figcaption>6 uker<\/figcaption><\/figure>\n\n\n\n<figure class=\"wp-block-image size-large\"><img loading=\"lazy\" width=\"747\" height=\"1024\" src=\"https:\/\/kichiko.net\/wp-content\/uploads\/2025\/03\/rod-karma-747x1024.jpg\" alt=\"\" class=\"wp-image-5803\" srcset=\"https:\/\/kichiko.net\/wp-content\/uploads\/2025\/03\/rod-karma-747x1024.jpg 747w, https:\/\/kichiko.net\/wp-content\/uploads\/2025\/03\/rod-karma-400x548.jpg 400w, https:\/\/kichiko.net\/wp-content\/uploads\/2025\/03\/rod-karma-768x1053.jpg 768w, https:\/\/kichiko.net\/wp-content\/uploads\/2025\/03\/rod-karma-1121x1536.jpg 1121w, https:\/\/kichiko.net\/wp-content\/uploads\/2025\/03\/rod-karma.jpg 1494w\" sizes=\"(max-width: 747px) 100vw, 747px\" \/><figcaption>7 uker<\/figcaption><\/figure>\n\n\n\n<p><\/p>\n","protected":false},"excerpt":{"rendered":"<p>Nr.4\u00a0ble en r\u00f8d tispe. Hun fikk navnet \u00abKichiko`s Young And Wild \u00bb.Nick : KarmaRase : ShibaKj\u00f8nn: TispeFarge : R\u00f8dF\u00f8dt:\u00a02\/2-2025Reg.nr : NO34179\/25HD:AD:Patella:Bitt: Eier :<\/p>\n","protected":false},"author":2,"featured_media":0,"parent":5536,"menu_order":4,"comment_status":"closed","ping_status":"closed","template":"","meta":[],"_links":{"self":[{"href":"https:\/\/kichiko.net\/index.php?rest_route=\/wp\/v2\/pages\/5544"}],"collection":[{"href":"https:\/\/kichiko.net\/index.php?rest_route=\/wp\/v2\/pages"}],"about":[{"href":"https:\/\/kichiko.net\/index.php?rest_route=\/wp\/v2\/types\/page"}],"author":[{"embeddable":true,"href":"https:\/\/kichiko.net\/index.php?rest_route=\/wp\/v2\/users\/2"}],"replies":[{"embeddable":true,"href":"https:\/\/kichiko.net\/index.php?rest_route=%2Fwp%2Fv2%2Fcomments&post=5544"}],"version-history":[{"count":9,"href":"https:\/\/kichiko.net\/index.php?rest_route=\/wp\/v2\/pages\/5544\/revisions"}],"predecessor-version":[{"id":5804,"href":"https:\/\/kichiko.net\/index.php?rest_route=\/wp\/v2\/pages\/5544\/revisions\/5804"}],"up":[{"embeddable":true,"href":"https:\/\/kichiko.net\/index.php?rest_route=\/wp\/v2\/pages\/5536"}],"wp:attachment":[{"href":"https:\/\/kichiko.net\/index.php?rest_route=%2Fwp%2Fv2%2Fmedia&parent=5544"}],"curies":[{"name":"wp","href":"https:\/\/api.w.org\/{rel}","templated":true}]}}