{"id":5542,"date":"2025-02-08T00:09:13","date_gmt":"2025-02-07T23:09:13","guid":{"rendered":"https:\/\/kichiko.net\/?page_id=5542"},"modified":"2025-03-23T10:41:12","modified_gmt":"2025-03-23T09:41:12","slug":"y-3","status":"publish","type":"page","link":"https:\/\/kichiko.net\/?page_id=5542","title":{"rendered":"Young And Crazy"},"content":{"rendered":"\n<p>Nr.1\u00a0ble en r\u00f8d hann. Han fikk navnet \u00abKichiko`s Young And Crazy \u00bb.<br>Nick : Anzu<br>Rase : Shiba<br>Kj\u00f8nn: Hann<br>Farge : R\u00f8d<br>F\u00f8dt:\u00a02\/2-2025<br>Reg.nr : NO34176\/25<br>HD:<br>AD:<br>Patella:<br>Bitt:<\/p>\n\n\n\n<p>Eier :<\/p>\n\n\n\n<figure class=\"wp-block-image size-large\"><img loading=\"lazy\" width=\"768\" height=\"1024\" src=\"https:\/\/kichiko.net\/wp-content\/uploads\/2025\/02\/475825293_1999943363861035_8448291547574102767_n-768x1024.jpg\" alt=\"\" class=\"wp-image-5573\" srcset=\"https:\/\/kichiko.net\/wp-content\/uploads\/2025\/02\/475825293_1999943363861035_8448291547574102767_n-768x1024.jpg 768w, https:\/\/kichiko.net\/wp-content\/uploads\/2025\/02\/475825293_1999943363861035_8448291547574102767_n-400x533.jpg 400w, https:\/\/kichiko.net\/wp-content\/uploads\/2025\/02\/475825293_1999943363861035_8448291547574102767_n-1152x1536.jpg 1152w, https:\/\/kichiko.net\/wp-content\/uploads\/2025\/02\/475825293_1999943363861035_8448291547574102767_n.jpg 1536w\" sizes=\"(max-width: 768px) 100vw, 768px\" \/><figcaption>Nyf\u00f8dt<\/figcaption><\/figure>\n\n\n\n<figure class=\"wp-block-image size-large\"><img loading=\"lazy\" width=\"768\" height=\"1024\" src=\"https:\/\/kichiko.net\/wp-content\/uploads\/2025\/02\/476442189_2004502740071764_7173379224686755521_n-768x1024.jpg\" alt=\"\" class=\"wp-image-5574\" srcset=\"https:\/\/kichiko.net\/wp-content\/uploads\/2025\/02\/476442189_2004502740071764_7173379224686755521_n-768x1024.jpg 768w, https:\/\/kichiko.net\/wp-content\/uploads\/2025\/02\/476442189_2004502740071764_7173379224686755521_n-400x533.jpg 400w, https:\/\/kichiko.net\/wp-content\/uploads\/2025\/02\/476442189_2004502740071764_7173379224686755521_n-1152x1536.jpg 1152w, https:\/\/kichiko.net\/wp-content\/uploads\/2025\/02\/476442189_2004502740071764_7173379224686755521_n.jpg 1536w\" sizes=\"(max-width: 768px) 100vw, 768px\" \/><figcaption>1 uke<\/figcaption><\/figure>\n\n\n\n<figure class=\"wp-block-image size-full\"><img loading=\"lazy\" width=\"720\" height=\"960\" src=\"https:\/\/kichiko.net\/wp-content\/uploads\/2025\/02\/gronn-1.jpg\" alt=\"\" class=\"wp-image-5744\" srcset=\"https:\/\/kichiko.net\/wp-content\/uploads\/2025\/02\/gronn-1.jpg 720w, https:\/\/kichiko.net\/wp-content\/uploads\/2025\/02\/gronn-1-400x533.jpg 400w\" sizes=\"(max-width: 720px) 100vw, 720px\" \/><figcaption>3 uker<\/figcaption><\/figure>\n\n\n\n<figure class=\"wp-block-image size-large\"><img loading=\"lazy\" width=\"844\" height=\"1024\" src=\"https:\/\/kichiko.net\/wp-content\/uploads\/2025\/03\/gronn-844x1024.jpg\" alt=\"\" class=\"wp-image-5777\" srcset=\"https:\/\/kichiko.net\/wp-content\/uploads\/2025\/03\/gronn-844x1024.jpg 844w, https:\/\/kichiko.net\/wp-content\/uploads\/2025\/03\/gronn-400x485.jpg 400w, https:\/\/kichiko.net\/wp-content\/uploads\/2025\/03\/gronn-768x932.jpg 768w, https:\/\/kichiko.net\/wp-content\/uploads\/2025\/03\/gronn-1266x1536.jpg 1266w, https:\/\/kichiko.net\/wp-content\/uploads\/2025\/03\/gronn.jpg 1688w\" sizes=\"(max-width: 844px) 100vw, 844px\" \/><figcaption>5 uker<\/figcaption><\/figure>\n\n\n\n<figure class=\"wp-block-image size-large\"><img loading=\"lazy\" width=\"768\" height=\"1024\" src=\"https:\/\/kichiko.net\/wp-content\/uploads\/2025\/03\/gro-768x1024.jpg\" alt=\"\" class=\"wp-image-5799\" srcset=\"https:\/\/kichiko.net\/wp-content\/uploads\/2025\/03\/gro-768x1024.jpg 768w, https:\/\/kichiko.net\/wp-content\/uploads\/2025\/03\/gro-400x533.jpg 400w, https:\/\/kichiko.net\/wp-content\/uploads\/2025\/03\/gro-1152x1536.jpg 1152w, https:\/\/kichiko.net\/wp-content\/uploads\/2025\/03\/gro.jpg 1536w\" sizes=\"(max-width: 768px) 100vw, 768px\" \/><figcaption>6 uker<\/figcaption><\/figure>\n\n\n\n<figure class=\"wp-block-image size-large\"><img loading=\"lazy\" width=\"774\" height=\"1024\" src=\"https:\/\/kichiko.net\/wp-content\/uploads\/2025\/03\/3-gronn-anzu-774x1024.jpg\" alt=\"\" class=\"wp-image-5800\" srcset=\"https:\/\/kichiko.net\/wp-content\/uploads\/2025\/03\/3-gronn-anzu-774x1024.jpg 774w, https:\/\/kichiko.net\/wp-content\/uploads\/2025\/03\/3-gronn-anzu-400x529.jpg 400w, https:\/\/kichiko.net\/wp-content\/uploads\/2025\/03\/3-gronn-anzu-768x1016.jpg 768w, https:\/\/kichiko.net\/wp-content\/uploads\/2025\/03\/3-gronn-anzu-1161x1536.jpg 1161w, https:\/\/kichiko.net\/wp-content\/uploads\/2025\/03\/3-gronn-anzu.jpg 1548w\" sizes=\"(max-width: 774px) 100vw, 774px\" \/><\/figure>\n","protected":false},"excerpt":{"rendered":"<p>Nr.1\u00a0ble en r\u00f8d hann. Han fikk navnet \u00abKichiko`s Young And Crazy \u00bb.Nick : AnzuRase : ShibaKj\u00f8nn: HannFarge : R\u00f8dF\u00f8dt:\u00a02\/2-2025Reg.nr : NO34176\/25HD:AD:Patella:Bitt: Eier :<\/p>\n","protected":false},"author":2,"featured_media":0,"parent":5536,"menu_order":3,"comment_status":"closed","ping_status":"closed","template":"","meta":[],"_links":{"self":[{"href":"https:\/\/kichiko.net\/index.php?rest_route=\/wp\/v2\/pages\/5542"}],"collection":[{"href":"https:\/\/kichiko.net\/index.php?rest_route=\/wp\/v2\/pages"}],"about":[{"href":"https:\/\/kichiko.net\/index.php?rest_route=\/wp\/v2\/types\/page"}],"author":[{"embeddable":true,"href":"https:\/\/kichiko.net\/index.php?rest_route=\/wp\/v2\/users\/2"}],"replies":[{"embeddable":true,"href":"https:\/\/kichiko.net\/index.php?rest_route=%2Fwp%2Fv2%2Fcomments&post=5542"}],"version-history":[{"count":7,"href":"https:\/\/kichiko.net\/index.php?rest_route=\/wp\/v2\/pages\/5542\/revisions"}],"predecessor-version":[{"id":5801,"href":"https:\/\/kichiko.net\/index.php?rest_route=\/wp\/v2\/pages\/5542\/revisions\/5801"}],"up":[{"embeddable":true,"href":"https:\/\/kichiko.net\/index.php?rest_route=\/wp\/v2\/pages\/5536"}],"wp:attachment":[{"href":"https:\/\/kichiko.net\/index.php?rest_route=%2Fwp%2Fv2%2Fmedia&parent=5542"}],"curies":[{"name":"wp","href":"https:\/\/api.w.org\/{rel}","templated":true}]}}