{"id":5501,"date":"2025-02-07T23:22:39","date_gmt":"2025-02-07T22:22:39","guid":{"rendered":"https:\/\/kichiko.net\/?page_id=5501"},"modified":"2025-02-07T23:25:36","modified_gmt":"2025-02-07T22:25:36","slug":"x-mas-tiny-miracle","status":"publish","type":"page","link":"https:\/\/kichiko.net\/?page_id=5501","title":{"rendered":"X-Mas Tiny Miracle"},"content":{"rendered":"\n<p>Nr.1\u00a0ble en r\u00f8d tispe Hun fikk navnet \u00abKichiko`s X-Mas Tiny Miracle\u00bb.<br>Nick : Maya<br>Rase : Shiba<br>Kj\u00f8nn: Tispe<br>Farge : R\u00f8d<br>F\u00f8dt:\u00a02\/11-2024<br>Reg.nr : NO55871\/24<br>HD:<br>AD:<br>Patella:<br>Bitt:<\/p>\n\n\n\n<p>Eier :&nbsp;Lise Schyttelvik Sauer, \u00c5ros<\/p>\n\n\n\n<p>( Medeiere: Hilde &amp; Kristine )<\/p>\n\n\n\n<figure class=\"wp-block-image size-large\"><img loading=\"lazy\" width=\"918\" height=\"1024\" src=\"https:\/\/kichiko.net\/wp-content\/uploads\/2025\/02\/1-5-918x1024.jpg\" alt=\"\" class=\"wp-image-5502\" srcset=\"https:\/\/kichiko.net\/wp-content\/uploads\/2025\/02\/1-5-918x1024.jpg 918w, https:\/\/kichiko.net\/wp-content\/uploads\/2025\/02\/1-5-400x446.jpg 400w, https:\/\/kichiko.net\/wp-content\/uploads\/2025\/02\/1-5-768x857.jpg 768w, https:\/\/kichiko.net\/wp-content\/uploads\/2025\/02\/1-5-1377x1536.jpg 1377w, https:\/\/kichiko.net\/wp-content\/uploads\/2025\/02\/1-5.jpg 1836w\" sizes=\"(max-width: 918px) 100vw, 918px\" \/><figcaption>Ganske fersk<\/figcaption><\/figure>\n\n\n\n<figure class=\"wp-block-image size-large\"><img loading=\"lazy\" width=\"900\" height=\"1024\" src=\"https:\/\/kichiko.net\/wp-content\/uploads\/2025\/02\/1-6-900x1024.jpg\" alt=\"\" class=\"wp-image-5503\" srcset=\"https:\/\/kichiko.net\/wp-content\/uploads\/2025\/02\/1-6-900x1024.jpg 900w, https:\/\/kichiko.net\/wp-content\/uploads\/2025\/02\/1-6-400x455.jpg 400w, https:\/\/kichiko.net\/wp-content\/uploads\/2025\/02\/1-6-768x874.jpg 768w, https:\/\/kichiko.net\/wp-content\/uploads\/2025\/02\/1-6-1350x1536.jpg 1350w, https:\/\/kichiko.net\/wp-content\/uploads\/2025\/02\/1-6.jpg 1800w\" sizes=\"(max-width: 900px) 100vw, 900px\" \/><figcaption>3 uker<\/figcaption><\/figure>\n\n\n\n<figure class=\"wp-block-image size-large\"><img loading=\"lazy\" width=\"746\" height=\"1024\" src=\"https:\/\/kichiko.net\/wp-content\/uploads\/2025\/02\/t1-746x1024.jpg\" alt=\"\" class=\"wp-image-5504\" srcset=\"https:\/\/kichiko.net\/wp-content\/uploads\/2025\/02\/t1-746x1024.jpg 746w, https:\/\/kichiko.net\/wp-content\/uploads\/2025\/02\/t1-400x549.jpg 400w, https:\/\/kichiko.net\/wp-content\/uploads\/2025\/02\/t1-768x1054.jpg 768w, https:\/\/kichiko.net\/wp-content\/uploads\/2025\/02\/t1-1119x1536.jpg 1119w, https:\/\/kichiko.net\/wp-content\/uploads\/2025\/02\/t1.jpg 1492w\" sizes=\"(max-width: 746px) 100vw, 746px\" \/><figcaption>4 uker<\/figcaption><\/figure>\n\n\n\n<figure class=\"wp-block-image size-large\"><img loading=\"lazy\" width=\"848\" height=\"1024\" src=\"https:\/\/kichiko.net\/wp-content\/uploads\/2025\/02\/469557118_10162579233396241_1425674636842227863_n-848x1024.jpg\" alt=\"\" class=\"wp-image-5505\" srcset=\"https:\/\/kichiko.net\/wp-content\/uploads\/2025\/02\/469557118_10162579233396241_1425674636842227863_n-848x1024.jpg 848w, https:\/\/kichiko.net\/wp-content\/uploads\/2025\/02\/469557118_10162579233396241_1425674636842227863_n-400x483.jpg 400w, https:\/\/kichiko.net\/wp-content\/uploads\/2025\/02\/469557118_10162579233396241_1425674636842227863_n-768x927.jpg 768w, https:\/\/kichiko.net\/wp-content\/uploads\/2025\/02\/469557118_10162579233396241_1425674636842227863_n-1272x1536.jpg 1272w, https:\/\/kichiko.net\/wp-content\/uploads\/2025\/02\/469557118_10162579233396241_1425674636842227863_n.jpg 1696w\" sizes=\"(max-width: 848px) 100vw, 848px\" \/><figcaption>5 uker<\/figcaption><\/figure>\n\n\n\n<figure class=\"wp-block-image size-large\"><img loading=\"lazy\" width=\"891\" height=\"1024\" src=\"https:\/\/kichiko.net\/wp-content\/uploads\/2025\/02\/maya-891x1024.jpg\" alt=\"\" class=\"wp-image-5506\" srcset=\"https:\/\/kichiko.net\/wp-content\/uploads\/2025\/02\/maya-891x1024.jpg 891w, https:\/\/kichiko.net\/wp-content\/uploads\/2025\/02\/maya-400x460.jpg 400w, https:\/\/kichiko.net\/wp-content\/uploads\/2025\/02\/maya-768x883.jpg 768w, https:\/\/kichiko.net\/wp-content\/uploads\/2025\/02\/maya.jpg 1275w\" sizes=\"(max-width: 891px) 100vw, 891px\" \/><figcaption>6 uker<\/figcaption><\/figure>\n\n\n\n<figure class=\"wp-block-image size-large\"><img loading=\"lazy\" width=\"854\" height=\"1024\" src=\"https:\/\/kichiko.net\/wp-content\/uploads\/2025\/02\/471583028_10162612230306241_6632518377738606847_n-854x1024.jpg\" alt=\"\" class=\"wp-image-5507\" srcset=\"https:\/\/kichiko.net\/wp-content\/uploads\/2025\/02\/471583028_10162612230306241_6632518377738606847_n-854x1024.jpg 854w, https:\/\/kichiko.net\/wp-content\/uploads\/2025\/02\/471583028_10162612230306241_6632518377738606847_n-400x480.jpg 400w, https:\/\/kichiko.net\/wp-content\/uploads\/2025\/02\/471583028_10162612230306241_6632518377738606847_n-768x921.jpg 768w, https:\/\/kichiko.net\/wp-content\/uploads\/2025\/02\/471583028_10162612230306241_6632518377738606847_n-1281x1536.jpg 1281w, https:\/\/kichiko.net\/wp-content\/uploads\/2025\/02\/471583028_10162612230306241_6632518377738606847_n.jpg 1708w\" sizes=\"(max-width: 854px) 100vw, 854px\" \/><figcaption>7 uker<\/figcaption><\/figure>\n\n\n\n<figure class=\"wp-block-image size-large\"><img loading=\"lazy\" width=\"725\" height=\"1024\" src=\"https:\/\/kichiko.net\/wp-content\/uploads\/2025\/02\/471684209_10162633577951241_8844971217536063163_n-725x1024.jpg\" alt=\"\" class=\"wp-image-5508\" srcset=\"https:\/\/kichiko.net\/wp-content\/uploads\/2025\/02\/471684209_10162633577951241_8844971217536063163_n-725x1024.jpg 725w, https:\/\/kichiko.net\/wp-content\/uploads\/2025\/02\/471684209_10162633577951241_8844971217536063163_n-400x565.jpg 400w, https:\/\/kichiko.net\/wp-content\/uploads\/2025\/02\/471684209_10162633577951241_8844971217536063163_n-768x1085.jpg 768w, https:\/\/kichiko.net\/wp-content\/uploads\/2025\/02\/471684209_10162633577951241_8844971217536063163_n-1088x1536.jpg 1088w, https:\/\/kichiko.net\/wp-content\/uploads\/2025\/02\/471684209_10162633577951241_8844971217536063163_n.jpg 1450w\" sizes=\"(max-width: 725px) 100vw, 725px\" \/><figcaption>8 uker<\/figcaption><\/figure>\n\n\n\n<figure class=\"wp-block-image size-large\"><img loading=\"lazy\" width=\"576\" height=\"1024\" src=\"https:\/\/kichiko.net\/wp-content\/uploads\/2025\/02\/472527709_10162676843601241_4399859574946180009_n-576x1024.jpg\" alt=\"\" class=\"wp-image-5509\" srcset=\"https:\/\/kichiko.net\/wp-content\/uploads\/2025\/02\/472527709_10162676843601241_4399859574946180009_n-576x1024.jpg 576w, https:\/\/kichiko.net\/wp-content\/uploads\/2025\/02\/472527709_10162676843601241_4399859574946180009_n-338x600.jpg 338w, https:\/\/kichiko.net\/wp-content\/uploads\/2025\/02\/472527709_10162676843601241_4399859574946180009_n-768x1365.jpg 768w, https:\/\/kichiko.net\/wp-content\/uploads\/2025\/02\/472527709_10162676843601241_4399859574946180009_n-864x1536.jpg 864w, https:\/\/kichiko.net\/wp-content\/uploads\/2025\/02\/472527709_10162676843601241_4399859574946180009_n.jpg 1080w\" sizes=\"(max-width: 576px) 100vw, 576px\" \/><figcaption>Maya med sin nye eier<\/figcaption><\/figure>\n","protected":false},"excerpt":{"rendered":"<p>Nr.1\u00a0ble en r\u00f8d tispe Hun fikk navnet \u00abKichiko`s X-Mas Tiny Miracle\u00bb.Nick : MayaRase : ShibaKj\u00f8nn: TispeFarge : R\u00f8dF\u00f8dt:\u00a02\/11-2024Reg.nr : NO55871\/24HD:AD:Patella:Bitt: Eier :&nbsp;Lise Schyttelvik Sauer, \u00c5ros ( Medeiere: Hilde &amp; Kristine )<\/p>\n","protected":false},"author":2,"featured_media":0,"parent":5491,"menu_order":1,"comment_status":"closed","ping_status":"closed","template":"","meta":[],"_links":{"self":[{"href":"https:\/\/kichiko.net\/index.php?rest_route=\/wp\/v2\/pages\/5501"}],"collection":[{"href":"https:\/\/kichiko.net\/index.php?rest_route=\/wp\/v2\/pages"}],"about":[{"href":"https:\/\/kichiko.net\/index.php?rest_route=\/wp\/v2\/types\/page"}],"author":[{"embeddable":true,"href":"https:\/\/kichiko.net\/index.php?rest_route=\/wp\/v2\/users\/2"}],"replies":[{"embeddable":true,"href":"https:\/\/kichiko.net\/index.php?rest_route=%2Fwp%2Fv2%2Fcomments&post=5501"}],"version-history":[{"count":2,"href":"https:\/\/kichiko.net\/index.php?rest_route=\/wp\/v2\/pages\/5501\/revisions"}],"predecessor-version":[{"id":5512,"href":"https:\/\/kichiko.net\/index.php?rest_route=\/wp\/v2\/pages\/5501\/revisions\/5512"}],"up":[{"embeddable":true,"href":"https:\/\/kichiko.net\/index.php?rest_route=\/wp\/v2\/pages\/5491"}],"wp:attachment":[{"href":"https:\/\/kichiko.net\/index.php?rest_route=%2Fwp%2Fv2%2Fmedia&parent=5501"}],"curies":[{"name":"wp","href":"https:\/\/api.w.org\/{rel}","templated":true}]}}