{"id":5455,"date":"2025-02-07T22:36:51","date_gmt":"2025-02-07T21:36:51","guid":{"rendered":"https:\/\/kichiko.net\/?page_id=5455"},"modified":"2025-07-23T18:55:13","modified_gmt":"2025-07-23T17:55:13","slug":"mocha","status":"publish","type":"page","link":"https:\/\/kichiko.net\/?page_id=5455","title":{"rendered":"Mocha"},"content":{"rendered":"\n<figure class=\"wp-block-image size-large\"><img loading=\"lazy\" width=\"1024\" height=\"928\" src=\"https:\/\/kichiko.net\/wp-content\/uploads\/2025\/02\/Mocha-1024x928.jpg\" alt=\"\" class=\"wp-image-5456\" srcset=\"https:\/\/kichiko.net\/wp-content\/uploads\/2025\/02\/Mocha-1024x928.jpg 1024w, https:\/\/kichiko.net\/wp-content\/uploads\/2025\/02\/Mocha-400x363.jpg 400w, https:\/\/kichiko.net\/wp-content\/uploads\/2025\/02\/Mocha-768x696.jpg 768w, https:\/\/kichiko.net\/wp-content\/uploads\/2025\/02\/Mocha-1536x1392.jpg 1536w, https:\/\/kichiko.net\/wp-content\/uploads\/2025\/02\/Mocha.jpg 2048w\" sizes=\"(max-width: 1024px) 100vw, 1024px\" \/><\/figure>\n\n\n\n<p><\/p>\n\n\n\n<p>Navn :&nbsp;Vormund Mocha Me Crazy<br>Nick : Mocha<br>Rase : Shiba<br>Kj\u00f8nn :&nbsp;Tispe<br>Farge : R\u00f8d Sesame<br>F\u00f8dt : 19\/2-2024<br>Reg.nr :&nbsp;KCBB25834202<br>Oppdretter : Elizabeth Dunhill, England<br>HD : A\/A<br>AD: 0\/0<br>Patella : 0\/0<br>\u00d8yenlyst m\/Gonioskopi: Fri \/ Intet p\u00e5vist<br>Bitt : Korrekt og fulltannet<\/p>\n\n\n\n<p>Eiere: Kristine og  Wenche Ulleberg-B\u00f8hmer <\/p>\n\n\n\n<p>Utstillingsresultater:<\/p>\n\n\n\n<p>Valp: 2 X HP, 1 X BIR<\/p>\n\n\n\n<p> Voksen: 9 X EX, 7 X CK, 1 X Jr Cert, 1 X Jr, Cacib, 1 X Nordic jr.Cert, 3 CERT, 1 X BIM, 1 X BIR JR<\/p>\n\n\n\n<p>Titler: Norsk junior champoin<\/p>\n\n\n\n<p><\/p>\n\n\n\n<figure class=\"wp-block-image size-large\"><img loading=\"lazy\" width=\"1024\" height=\"683\" src=\"https:\/\/kichiko.net\/wp-content\/uploads\/2025\/02\/Mocha1-1024x683.jpg\" alt=\"\" class=\"wp-image-5457\" srcset=\"https:\/\/kichiko.net\/wp-content\/uploads\/2025\/02\/Mocha1-1024x683.jpg 1024w, https:\/\/kichiko.net\/wp-content\/uploads\/2025\/02\/Mocha1-400x267.jpg 400w, https:\/\/kichiko.net\/wp-content\/uploads\/2025\/02\/Mocha1-768x512.jpg 768w, https:\/\/kichiko.net\/wp-content\/uploads\/2025\/02\/Mocha1-1536x1024.jpg 1536w, https:\/\/kichiko.net\/wp-content\/uploads\/2025\/02\/Mocha1.jpg 2048w\" sizes=\"(max-width: 1024px) 100vw, 1024px\" \/><\/figure>\n","protected":false},"excerpt":{"rendered":"<p>Navn :&nbsp;Vormund Mocha Me CrazyNick : MochaRase : ShibaKj\u00f8nn :&nbsp;TispeFarge : R\u00f8d SesameF\u00f8dt : 19\/2-2024Reg.nr :&nbsp;KCBB25834202Oppdretter : Elizabeth Dunhill, EnglandHD : A\/AAD: 0\/0Patella : 0\/0\u00d8yenlyst m\/Gonioskopi: Fri \/ Intet p\u00e5vistBitt : Korrekt og fulltannet Eiere: Kristine og Wenche Ulleberg-B\u00f8hmer Utstillingsresultater: Valp: 2 X HP, 1 X BIR Voksen: 9 X EX, 7 X CK, 1 [&hellip;]<\/p>\n","protected":false},"author":2,"featured_media":0,"parent":862,"menu_order":38,"comment_status":"closed","ping_status":"closed","template":"","meta":[],"_links":{"self":[{"href":"https:\/\/kichiko.net\/index.php?rest_route=\/wp\/v2\/pages\/5455"}],"collection":[{"href":"https:\/\/kichiko.net\/index.php?rest_route=\/wp\/v2\/pages"}],"about":[{"href":"https:\/\/kichiko.net\/index.php?rest_route=\/wp\/v2\/types\/page"}],"author":[{"embeddable":true,"href":"https:\/\/kichiko.net\/index.php?rest_route=\/wp\/v2\/users\/2"}],"replies":[{"embeddable":true,"href":"https:\/\/kichiko.net\/index.php?rest_route=%2Fwp%2Fv2%2Fcomments&post=5455"}],"version-history":[{"count":8,"href":"https:\/\/kichiko.net\/index.php?rest_route=\/wp\/v2\/pages\/5455\/revisions"}],"predecessor-version":[{"id":5895,"href":"https:\/\/kichiko.net\/index.php?rest_route=\/wp\/v2\/pages\/5455\/revisions\/5895"}],"up":[{"embeddable":true,"href":"https:\/\/kichiko.net\/index.php?rest_route=\/wp\/v2\/pages\/862"}],"wp:attachment":[{"href":"https:\/\/kichiko.net\/index.php?rest_route=%2Fwp%2Fv2%2Fmedia&parent=5455"}],"curies":[{"name":"wp","href":"https:\/\/api.w.org\/{rel}","templated":true}]}}