{"id":541,"date":"2016-10-03T23:36:35","date_gmt":"2016-10-03T22:36:35","guid":{"rendered":"http:\/\/kichiko.net\/?page_id=541"},"modified":"2017-02-22T16:02:27","modified_gmt":"2017-02-22T15:02:27","slug":"ginhime","status":"publish","type":"page","link":"https:\/\/kichiko.net\/?page_id=541","title":{"rendered":"Ginhime"},"content":{"rendered":"<p>Kl. 9:50 ble det f\u00f8dt en tispe p\u00e5 265 gram. Hun fikk navnet Kichiko`s Ginhime som betyr S\u00f8lvprinsesse<\/p>\n<p>Nick : Cashew<br \/>\nRase : Shiba<br \/>\nKj\u00f8nn : Tispe<br \/>\nFarge : Black\/Tan<br \/>\nF\u00f8dt : 10\/10-2015<br \/>\nReg.nr : NO53589\/15<br \/>\nHD : A<br \/>\nAD : 0<br \/>\nBitt:<\/p>\n<p>Eier : Martin Beck Skjerping, Oslo<\/p>\n<div id=\"attachment_548\" style=\"width: 410px\" class=\"wp-caption alignnone\"><img aria-describedby=\"caption-attachment-548\" loading=\"lazy\" class=\"size-medium wp-image-548\" src=\"http:\/\/kichiko.net\/wp-content\/uploads\/2016\/10\/hjc-400x377.jpg\" alt=\"1 uke\" width=\"400\" height=\"377\" srcset=\"https:\/\/kichiko.net\/wp-content\/uploads\/2016\/10\/hjc-400x377.jpg 400w, https:\/\/kichiko.net\/wp-content\/uploads\/2016\/10\/hjc-768x723.jpg 768w, https:\/\/kichiko.net\/wp-content\/uploads\/2016\/10\/hjc-1024x964.jpg 1024w, https:\/\/kichiko.net\/wp-content\/uploads\/2016\/10\/hjc.jpg 1279w\" sizes=\"(max-width: 400px) 100vw, 400px\" \/><p id=\"caption-attachment-548\" class=\"wp-caption-text\">1 uke<\/p><\/div>\n<div id=\"attachment_549\" style=\"width: 410px\" class=\"wp-caption alignnone\"><img aria-describedby=\"caption-attachment-549\" loading=\"lazy\" class=\" wp-image-549\" src=\"http:\/\/kichiko.net\/wp-content\/uploads\/2016\/10\/hjcc-384x600.jpg\" alt=\"7 uker\" width=\"400\" height=\"625\" srcset=\"https:\/\/kichiko.net\/wp-content\/uploads\/2016\/10\/hjcc-384x600.jpg 384w, https:\/\/kichiko.net\/wp-content\/uploads\/2016\/10\/hjcc.jpg 615w\" sizes=\"(max-width: 400px) 100vw, 400px\" \/><p id=\"caption-attachment-549\" class=\"wp-caption-text\">7 uker<\/p><\/div>\n<div id=\"attachment_543\" style=\"width: 410px\" class=\"wp-caption alignnone\"><img aria-describedby=\"caption-attachment-543\" loading=\"lazy\" class=\"size-medium wp-image-543\" src=\"http:\/\/kichiko.net\/wp-content\/uploads\/2016\/10\/hjccc-400x344.jpg\" alt=\"Cashew med sine nye eiere\" width=\"400\" height=\"344\" srcset=\"https:\/\/kichiko.net\/wp-content\/uploads\/2016\/10\/hjccc-400x344.jpg 400w, https:\/\/kichiko.net\/wp-content\/uploads\/2016\/10\/hjccc-768x660.jpg 768w, https:\/\/kichiko.net\/wp-content\/uploads\/2016\/10\/hjccc-1024x880.jpg 1024w, https:\/\/kichiko.net\/wp-content\/uploads\/2016\/10\/hjccc.jpg 1279w\" sizes=\"(max-width: 400px) 100vw, 400px\" \/><p id=\"caption-attachment-543\" class=\"wp-caption-text\">Cashew med sine nye eiere<\/p><\/div>\n<div id=\"attachment_550\" style=\"width: 410px\" class=\"wp-caption alignnone\"><img aria-describedby=\"caption-attachment-550\" loading=\"lazy\" class=\"size-medium wp-image-550\" src=\"http:\/\/kichiko.net\/wp-content\/uploads\/2016\/10\/hjcccc-400x473.jpg\" alt=\"Cashew i sekken\" width=\"400\" height=\"473\" srcset=\"https:\/\/kichiko.net\/wp-content\/uploads\/2016\/10\/hjcccc-400x473.jpg 400w, https:\/\/kichiko.net\/wp-content\/uploads\/2016\/10\/hjcccc.jpg 630w\" sizes=\"(max-width: 400px) 100vw, 400px\" \/><p id=\"caption-attachment-550\" class=\"wp-caption-text\">Cashew i sekken<\/p><\/div>\n<div id=\"attachment_551\" style=\"width: 358px\" class=\"wp-caption alignnone\"><img aria-describedby=\"caption-attachment-551\" loading=\"lazy\" class=\"size-medium wp-image-551\" src=\"http:\/\/kichiko.net\/wp-content\/uploads\/2016\/10\/hjcccca-348x600.jpg\" alt=\"Cashew\" width=\"348\" height=\"600\" srcset=\"https:\/\/kichiko.net\/wp-content\/uploads\/2016\/10\/hjcccca-348x600.jpg 348w, https:\/\/kichiko.net\/wp-content\/uploads\/2016\/10\/hjcccca.jpg 352w\" sizes=\"(max-width: 348px) 100vw, 348px\" \/><p id=\"caption-attachment-551\" class=\"wp-caption-text\">Cashew<\/p><\/div>\n","protected":false},"excerpt":{"rendered":"<p>Kl. 9:50 ble det f\u00f8dt en tispe p\u00e5 265 gram. Hun fikk navnet Kichiko`s Ginhime som betyr S\u00f8lvprinsesse Nick : Cashew Rase : Shiba Kj\u00f8nn : Tispe Farge : Black\/Tan F\u00f8dt : 10\/10-2015 Reg.nr : NO53589\/15 HD : A AD : 0 Bitt: Eier : Martin Beck Skjerping, Oslo<\/p>\n","protected":false},"author":2,"featured_media":0,"parent":129,"menu_order":0,"comment_status":"closed","ping_status":"closed","template":"","meta":[],"_links":{"self":[{"href":"https:\/\/kichiko.net\/index.php?rest_route=\/wp\/v2\/pages\/541"}],"collection":[{"href":"https:\/\/kichiko.net\/index.php?rest_route=\/wp\/v2\/pages"}],"about":[{"href":"https:\/\/kichiko.net\/index.php?rest_route=\/wp\/v2\/types\/page"}],"author":[{"embeddable":true,"href":"https:\/\/kichiko.net\/index.php?rest_route=\/wp\/v2\/users\/2"}],"replies":[{"embeddable":true,"href":"https:\/\/kichiko.net\/index.php?rest_route=%2Fwp%2Fv2%2Fcomments&post=541"}],"version-history":[{"count":5,"href":"https:\/\/kichiko.net\/index.php?rest_route=\/wp\/v2\/pages\/541\/revisions"}],"predecessor-version":[{"id":880,"href":"https:\/\/kichiko.net\/index.php?rest_route=\/wp\/v2\/pages\/541\/revisions\/880"}],"up":[{"embeddable":true,"href":"https:\/\/kichiko.net\/index.php?rest_route=\/wp\/v2\/pages\/129"}],"wp:attachment":[{"href":"https:\/\/kichiko.net\/index.php?rest_route=%2Fwp%2Fv2%2Fmedia&parent=541"}],"curies":[{"name":"wp","href":"https:\/\/api.w.org\/{rel}","templated":true}]}}