{"id":5343,"date":"2024-08-13T16:10:15","date_gmt":"2024-08-13T15:10:15","guid":{"rendered":"https:\/\/kichiko.net\/?page_id=5343"},"modified":"2025-02-14T13:54:01","modified_gmt":"2025-02-14T12:54:01","slug":"nikko","status":"publish","type":"page","link":"https:\/\/kichiko.net\/?page_id=5343","title":{"rendered":"Nikko"},"content":{"rendered":"\n<figure class=\"wp-block-image size-large\"><img loading=\"lazy\" width=\"1024\" height=\"843\" src=\"https:\/\/kichiko.net\/wp-content\/uploads\/2024\/08\/NIKKO-1024x843.jpg\" alt=\"\" class=\"wp-image-5347\" srcset=\"https:\/\/kichiko.net\/wp-content\/uploads\/2024\/08\/NIKKO-1024x843.jpg 1024w, https:\/\/kichiko.net\/wp-content\/uploads\/2024\/08\/NIKKO-400x329.jpg 400w, https:\/\/kichiko.net\/wp-content\/uploads\/2024\/08\/NIKKO-768x632.jpg 768w, https:\/\/kichiko.net\/wp-content\/uploads\/2024\/08\/NIKKO-1536x1264.jpg 1536w, https:\/\/kichiko.net\/wp-content\/uploads\/2024\/08\/NIKKO.jpg 2048w\" sizes=\"(max-width: 1024px) 100vw, 1024px\" \/><\/figure>\n\n\n\n<p>Navn : Nikome Go Sanuki Mizumotosou<br>Nick : Nikko<br>Rase : Shiba<br>Reg.nr : LOE2564184<br>Kj\u00f8nn: Tispe<br>Farge : R\u00f8d<br>F\u00f8dt: 30.07.2019<br>Oppdretter : Takamatsushi, Noritaka Mizumoto<br>HD: C\/C ( A\/A i Spania )<br>Eier:\u00a0Hilde Schyttelvik<\/p>\n\n\n\n<p>Premieringer: 2 X EX, 1 X CK<\/p>\n\n\n\n<figure class=\"wp-block-image size-large\"><img loading=\"lazy\" width=\"683\" height=\"1024\" src=\"https:\/\/kichiko.net\/wp-content\/uploads\/2025\/02\/nikko-683x1024.jpg\" alt=\"\" class=\"wp-image-5623\" srcset=\"https:\/\/kichiko.net\/wp-content\/uploads\/2025\/02\/nikko-683x1024.jpg 683w, https:\/\/kichiko.net\/wp-content\/uploads\/2025\/02\/nikko-400x600.jpg 400w, https:\/\/kichiko.net\/wp-content\/uploads\/2025\/02\/nikko-768x1152.jpg 768w, https:\/\/kichiko.net\/wp-content\/uploads\/2025\/02\/nikko-1024x1536.jpg 1024w, https:\/\/kichiko.net\/wp-content\/uploads\/2025\/02\/nikko.jpg 1365w\" sizes=\"(max-width: 683px) 100vw, 683px\" \/><\/figure>\n","protected":false},"excerpt":{"rendered":"<p>Navn : Nikome Go Sanuki MizumotosouNick : NikkoRase : ShibaReg.nr : LOE2564184Kj\u00f8nn: TispeFarge : R\u00f8dF\u00f8dt: 30.07.2019Oppdretter : Takamatsushi, Noritaka MizumotoHD: C\/C ( A\/A i Spania )Eier:\u00a0Hilde Schyttelvik Premieringer: 2 X EX, 1 X CK<\/p>\n","protected":false},"author":2,"featured_media":0,"parent":862,"menu_order":36,"comment_status":"closed","ping_status":"closed","template":"","meta":[],"_links":{"self":[{"href":"https:\/\/kichiko.net\/index.php?rest_route=\/wp\/v2\/pages\/5343"}],"collection":[{"href":"https:\/\/kichiko.net\/index.php?rest_route=\/wp\/v2\/pages"}],"about":[{"href":"https:\/\/kichiko.net\/index.php?rest_route=\/wp\/v2\/types\/page"}],"author":[{"embeddable":true,"href":"https:\/\/kichiko.net\/index.php?rest_route=\/wp\/v2\/users\/2"}],"replies":[{"embeddable":true,"href":"https:\/\/kichiko.net\/index.php?rest_route=%2Fwp%2Fv2%2Fcomments&post=5343"}],"version-history":[{"count":6,"href":"https:\/\/kichiko.net\/index.php?rest_route=\/wp\/v2\/pages\/5343\/revisions"}],"predecessor-version":[{"id":5720,"href":"https:\/\/kichiko.net\/index.php?rest_route=\/wp\/v2\/pages\/5343\/revisions\/5720"}],"up":[{"embeddable":true,"href":"https:\/\/kichiko.net\/index.php?rest_route=\/wp\/v2\/pages\/862"}],"wp:attachment":[{"href":"https:\/\/kichiko.net\/index.php?rest_route=%2Fwp%2Fv2%2Fmedia&parent=5343"}],"curies":[{"name":"wp","href":"https:\/\/api.w.org\/{rel}","templated":true}]}}