{"id":5303,"date":"2024-07-28T14:42:31","date_gmt":"2024-07-28T13:42:31","guid":{"rendered":"https:\/\/kichiko.net\/?page_id=5303"},"modified":"2024-09-12T22:21:28","modified_gmt":"2024-09-12T21:21:28","slug":"kichikos-v-4","status":"publish","type":"page","link":"https:\/\/kichiko.net\/?page_id=5303","title":{"rendered":"Victorious Nova"},"content":{"rendered":"\n<p>Det ble en r\u00f8d tispe som fikk navnet Kichiko<code>s&nbsp;<\/code>Victorious Nova<br>Nick : Nova<br>Rase : Shiba<br>Kj\u00f8nn: Tispe<br>Farge : R\u00f8d<br>F\u00f8dt: 7\/7-2024<br>Reg.nr : NO 48960\/24<br>HD:<br>AD:<br>Patella:<br>\u00d8yne:<br>Bitt:<\/p>\n\n\n\n<p>Eiere :&nbsp;Christine Stokkebryn og Tony Strande, Leira<\/p>\n\n\n\n<figure class=\"wp-block-image size-large\"><img loading=\"lazy\" width=\"1024\" height=\"986\" src=\"https:\/\/kichiko.net\/wp-content\/uploads\/2024\/07\/4-1024x986.jpg\" alt=\"\" class=\"wp-image-5304\" srcset=\"https:\/\/kichiko.net\/wp-content\/uploads\/2024\/07\/4-1024x986.jpg 1024w, https:\/\/kichiko.net\/wp-content\/uploads\/2024\/07\/4-400x385.jpg 400w, https:\/\/kichiko.net\/wp-content\/uploads\/2024\/07\/4-768x740.jpg 768w, https:\/\/kichiko.net\/wp-content\/uploads\/2024\/07\/4-1536x1479.jpg 1536w, https:\/\/kichiko.net\/wp-content\/uploads\/2024\/07\/4.jpg 2048w\" sizes=\"(max-width: 1024px) 100vw, 1024px\" \/><figcaption>Nyf\u00f8dt<\/figcaption><\/figure>\n\n\n\n<figure class=\"wp-block-image size-large\"><img loading=\"lazy\" width=\"949\" height=\"1024\" src=\"https:\/\/kichiko.net\/wp-content\/uploads\/2024\/07\/t-1-rod-949x1024.jpg\" alt=\"\" class=\"wp-image-5305\" srcset=\"https:\/\/kichiko.net\/wp-content\/uploads\/2024\/07\/t-1-rod-949x1024.jpg 949w, https:\/\/kichiko.net\/wp-content\/uploads\/2024\/07\/t-1-rod-400x431.jpg 400w, https:\/\/kichiko.net\/wp-content\/uploads\/2024\/07\/t-1-rod-768x828.jpg 768w, https:\/\/kichiko.net\/wp-content\/uploads\/2024\/07\/t-1-rod-1424x1536.jpg 1424w, https:\/\/kichiko.net\/wp-content\/uploads\/2024\/07\/t-1-rod.jpg 1695w\" sizes=\"(max-width: 949px) 100vw, 949px\" \/><figcaption>1 uke<\/figcaption><\/figure>\n\n\n\n<figure class=\"wp-block-image size-large\"><img loading=\"lazy\" width=\"976\" height=\"1024\" src=\"https:\/\/kichiko.net\/wp-content\/uploads\/2024\/07\/rod-1-976x1024.jpg\" alt=\"\" class=\"wp-image-5306\" srcset=\"https:\/\/kichiko.net\/wp-content\/uploads\/2024\/07\/rod-1-976x1024.jpg 976w, https:\/\/kichiko.net\/wp-content\/uploads\/2024\/07\/rod-1-400x420.jpg 400w, https:\/\/kichiko.net\/wp-content\/uploads\/2024\/07\/rod-1-768x806.jpg 768w, https:\/\/kichiko.net\/wp-content\/uploads\/2024\/07\/rod-1-1464x1536.jpg 1464w, https:\/\/kichiko.net\/wp-content\/uploads\/2024\/07\/rod-1.jpg 1952w\" sizes=\"(max-width: 976px) 100vw, 976px\" \/><figcaption>2 uker<\/figcaption><\/figure>\n\n\n\n<figure class=\"wp-block-image size-large is-style-default\"><img loading=\"lazy\" width=\"951\" height=\"1024\" src=\"https:\/\/kichiko.net\/wp-content\/uploads\/2024\/07\/rod-2-951x1024.jpg\" alt=\"\" class=\"wp-image-5307\" srcset=\"https:\/\/kichiko.net\/wp-content\/uploads\/2024\/07\/rod-2-951x1024.jpg 951w, https:\/\/kichiko.net\/wp-content\/uploads\/2024\/07\/rod-2-400x431.jpg 400w, https:\/\/kichiko.net\/wp-content\/uploads\/2024\/07\/rod-2-768x827.jpg 768w, https:\/\/kichiko.net\/wp-content\/uploads\/2024\/07\/rod-2-1427x1536.jpg 1427w, https:\/\/kichiko.net\/wp-content\/uploads\/2024\/07\/rod-2.jpg 1752w\" sizes=\"(max-width: 951px) 100vw, 951px\" \/><figcaption>3 uker<\/figcaption><\/figure>\n\n\n\n<figure class=\"wp-block-image size-large\"><img loading=\"lazy\" width=\"982\" height=\"1024\" src=\"https:\/\/kichiko.net\/wp-content\/uploads\/2024\/08\/454208771_10161844457256241_7362149600214600767_n-982x1024.jpg\" alt=\"\" class=\"wp-image-5337\" srcset=\"https:\/\/kichiko.net\/wp-content\/uploads\/2024\/08\/454208771_10161844457256241_7362149600214600767_n-982x1024.jpg 982w, https:\/\/kichiko.net\/wp-content\/uploads\/2024\/08\/454208771_10161844457256241_7362149600214600767_n-400x417.jpg 400w, https:\/\/kichiko.net\/wp-content\/uploads\/2024\/08\/454208771_10161844457256241_7362149600214600767_n-768x801.jpg 768w, https:\/\/kichiko.net\/wp-content\/uploads\/2024\/08\/454208771_10161844457256241_7362149600214600767_n-1472x1536.jpg 1472w, https:\/\/kichiko.net\/wp-content\/uploads\/2024\/08\/454208771_10161844457256241_7362149600214600767_n.jpg 1780w\" sizes=\"(max-width: 982px) 100vw, 982px\" \/><figcaption>4 uker<\/figcaption><\/figure>\n\n\n\n<figure class=\"wp-block-image size-large\"><img loading=\"lazy\" width=\"851\" height=\"1024\" src=\"https:\/\/kichiko.net\/wp-content\/uploads\/2024\/08\/454839776_10161867896071241_7521745181511188360_n-851x1024.jpg\" alt=\"\" class=\"wp-image-5338\" srcset=\"https:\/\/kichiko.net\/wp-content\/uploads\/2024\/08\/454839776_10161867896071241_7521745181511188360_n-851x1024.jpg 851w, https:\/\/kichiko.net\/wp-content\/uploads\/2024\/08\/454839776_10161867896071241_7521745181511188360_n-400x482.jpg 400w, https:\/\/kichiko.net\/wp-content\/uploads\/2024\/08\/454839776_10161867896071241_7521745181511188360_n-768x925.jpg 768w, https:\/\/kichiko.net\/wp-content\/uploads\/2024\/08\/454839776_10161867896071241_7521745181511188360_n-1276x1536.jpg 1276w, https:\/\/kichiko.net\/wp-content\/uploads\/2024\/08\/454839776_10161867896071241_7521745181511188360_n.jpg 1657w\" sizes=\"(max-width: 851px) 100vw, 851px\" \/><figcaption>5 uker<\/figcaption><\/figure>\n\n\n\n<figure class=\"wp-block-image size-full\"><img loading=\"lazy\" width=\"262\" height=\"340\" src=\"https:\/\/kichiko.net\/wp-content\/uploads\/2024\/08\/rod.jpg\" alt=\"\" class=\"wp-image-5365\"\/><figcaption>6 uker<\/figcaption><\/figure>\n\n\n\n<figure class=\"wp-block-image size-large\"><img loading=\"lazy\" width=\"824\" height=\"1024\" src=\"https:\/\/kichiko.net\/wp-content\/uploads\/2024\/08\/rod-1-824x1024.jpg\" alt=\"\" class=\"wp-image-5380\" srcset=\"https:\/\/kichiko.net\/wp-content\/uploads\/2024\/08\/rod-1-824x1024.jpg 824w, https:\/\/kichiko.net\/wp-content\/uploads\/2024\/08\/rod-1-400x497.jpg 400w, https:\/\/kichiko.net\/wp-content\/uploads\/2024\/08\/rod-1-768x954.jpg 768w, https:\/\/kichiko.net\/wp-content\/uploads\/2024\/08\/rod-1-1237x1536.jpg 1237w, https:\/\/kichiko.net\/wp-content\/uploads\/2024\/08\/rod-1.jpg 1631w\" sizes=\"(max-width: 824px) 100vw, 824px\" \/><figcaption>7 uker<\/figcaption><\/figure>\n\n\n\n<figure class=\"wp-block-image size-large\"><img loading=\"lazy\" width=\"768\" height=\"1024\" src=\"https:\/\/kichiko.net\/wp-content\/uploads\/2024\/09\/Nova-768x1024.jpg\" alt=\"\" class=\"wp-image-5406\" srcset=\"https:\/\/kichiko.net\/wp-content\/uploads\/2024\/09\/Nova-768x1024.jpg 768w, https:\/\/kichiko.net\/wp-content\/uploads\/2024\/09\/Nova-400x533.jpg 400w, https:\/\/kichiko.net\/wp-content\/uploads\/2024\/09\/Nova-1152x1536.jpg 1152w, https:\/\/kichiko.net\/wp-content\/uploads\/2024\/09\/Nova.jpg 1536w\" sizes=\"(max-width: 768px) 100vw, 768px\" \/><figcaption>Nova med sine nye eiere<\/figcaption><\/figure>\n","protected":false},"excerpt":{"rendered":"<p>Det ble en r\u00f8d tispe som fikk navnet Kichikos&nbsp;Victorious NovaNick : NovaRase : ShibaKj\u00f8nn: TispeFarge : R\u00f8dF\u00f8dt: 7\/7-2024Reg.nr : NO 48960\/24HD:AD:Patella:\u00d8yne:Bitt: Eiere :&nbsp;Christine Stokkebryn og Tony Strande, Leira<\/p>\n","protected":false},"author":2,"featured_media":0,"parent":5281,"menu_order":4,"comment_status":"closed","ping_status":"closed","template":"","meta":[],"_links":{"self":[{"href":"https:\/\/kichiko.net\/index.php?rest_route=\/wp\/v2\/pages\/5303"}],"collection":[{"href":"https:\/\/kichiko.net\/index.php?rest_route=\/wp\/v2\/pages"}],"about":[{"href":"https:\/\/kichiko.net\/index.php?rest_route=\/wp\/v2\/types\/page"}],"author":[{"embeddable":true,"href":"https:\/\/kichiko.net\/index.php?rest_route=\/wp\/v2\/users\/2"}],"replies":[{"embeddable":true,"href":"https:\/\/kichiko.net\/index.php?rest_route=%2Fwp%2Fv2%2Fcomments&post=5303"}],"version-history":[{"count":6,"href":"https:\/\/kichiko.net\/index.php?rest_route=\/wp\/v2\/pages\/5303\/revisions"}],"predecessor-version":[{"id":5407,"href":"https:\/\/kichiko.net\/index.php?rest_route=\/wp\/v2\/pages\/5303\/revisions\/5407"}],"up":[{"embeddable":true,"href":"https:\/\/kichiko.net\/index.php?rest_route=\/wp\/v2\/pages\/5281"}],"wp:attachment":[{"href":"https:\/\/kichiko.net\/index.php?rest_route=%2Fwp%2Fv2%2Fmedia&parent=5303"}],"curies":[{"name":"wp","href":"https:\/\/api.w.org\/{rel}","templated":true}]}}