{"id":5297,"date":"2024-07-28T14:40:29","date_gmt":"2024-07-28T13:40:29","guid":{"rendered":"https:\/\/kichiko.net\/?page_id=5297"},"modified":"2024-09-12T22:20:43","modified_gmt":"2024-09-12T21:20:43","slug":"kichikos-v-3","status":"publish","type":"page","link":"https:\/\/kichiko.net\/?page_id=5297","title":{"rendered":"Victorious Yoshi"},"content":{"rendered":"\n<p>Det ble en r\u00f8d hann som fikk navnet Kichiko<code>s&nbsp;<\/code>Victorious Yoshi<br>Nick : Yoshi<br>Rase : Shiba<br>Kj\u00f8nn: Hann<br>Farge : R\u00f8d<br>F\u00f8dt: 7\/7-2024<br>Reg.nr : NO 48959\/24<br>HD:<br>AD:<br>Patella:<br>\u00d8yne:<br>Bitt:<\/p>\n\n\n\n<p>Eiere :&nbsp;Martin Kronen og Hanna Brakstad Kronen, Frekhaug<\/p>\n\n\n\n<figure class=\"wp-block-image size-large\"><img loading=\"lazy\" width=\"987\" height=\"1024\" src=\"https:\/\/kichiko.net\/wp-content\/uploads\/2024\/07\/3-987x1024.jpg\" alt=\"\" class=\"wp-image-5298\" srcset=\"https:\/\/kichiko.net\/wp-content\/uploads\/2024\/07\/3-987x1024.jpg 987w, https:\/\/kichiko.net\/wp-content\/uploads\/2024\/07\/3-400x415.jpg 400w, https:\/\/kichiko.net\/wp-content\/uploads\/2024\/07\/3-768x797.jpg 768w, https:\/\/kichiko.net\/wp-content\/uploads\/2024\/07\/3-1481x1536.jpg 1481w, https:\/\/kichiko.net\/wp-content\/uploads\/2024\/07\/3.jpg 1974w\" sizes=\"(max-width: 987px) 100vw, 987px\" \/><figcaption>Nyf\u00f8dt<\/figcaption><\/figure>\n\n\n\n<figure class=\"wp-block-image size-large\"><img loading=\"lazy\" width=\"1019\" height=\"1024\" src=\"https:\/\/kichiko.net\/wp-content\/uploads\/2024\/07\/3-svart-1019x1024.jpg\" alt=\"\" class=\"wp-image-5299\" srcset=\"https:\/\/kichiko.net\/wp-content\/uploads\/2024\/07\/3-svart-1019x1024.jpg 1019w, https:\/\/kichiko.net\/wp-content\/uploads\/2024\/07\/3-svart-400x402.jpg 400w, https:\/\/kichiko.net\/wp-content\/uploads\/2024\/07\/3-svart-150x150.jpg 150w, https:\/\/kichiko.net\/wp-content\/uploads\/2024\/07\/3-svart-768x771.jpg 768w, https:\/\/kichiko.net\/wp-content\/uploads\/2024\/07\/3-svart-1529x1536.jpg 1529w, https:\/\/kichiko.net\/wp-content\/uploads\/2024\/07\/3-svart.jpg 1798w\" sizes=\"(max-width: 1019px) 100vw, 1019px\" \/><figcaption>1 uke <\/figcaption><\/figure>\n\n\n\n<figure class=\"wp-block-image size-large\"><img loading=\"lazy\" width=\"811\" height=\"1024\" src=\"https:\/\/kichiko.net\/wp-content\/uploads\/2024\/07\/3-sort-811x1024.jpg\" alt=\"\" class=\"wp-image-5300\" srcset=\"https:\/\/kichiko.net\/wp-content\/uploads\/2024\/07\/3-sort-811x1024.jpg 811w, https:\/\/kichiko.net\/wp-content\/uploads\/2024\/07\/3-sort-400x505.jpg 400w, https:\/\/kichiko.net\/wp-content\/uploads\/2024\/07\/3-sort-768x970.jpg 768w, https:\/\/kichiko.net\/wp-content\/uploads\/2024\/07\/3-sort-1217x1536.jpg 1217w, https:\/\/kichiko.net\/wp-content\/uploads\/2024\/07\/3-sort.jpg 1622w\" sizes=\"(max-width: 811px) 100vw, 811px\" \/><figcaption>2 uker<\/figcaption><\/figure>\n\n\n\n<figure class=\"wp-block-image size-large\"><img loading=\"lazy\" width=\"900\" height=\"1024\" src=\"https:\/\/kichiko.net\/wp-content\/uploads\/2024\/07\/3-sort-1-900x1024.jpg\" alt=\"\" class=\"wp-image-5301\" srcset=\"https:\/\/kichiko.net\/wp-content\/uploads\/2024\/07\/3-sort-1-900x1024.jpg 900w, https:\/\/kichiko.net\/wp-content\/uploads\/2024\/07\/3-sort-1-400x455.jpg 400w, https:\/\/kichiko.net\/wp-content\/uploads\/2024\/07\/3-sort-1-768x874.jpg 768w, https:\/\/kichiko.net\/wp-content\/uploads\/2024\/07\/3-sort-1-1350x1536.jpg 1350w, https:\/\/kichiko.net\/wp-content\/uploads\/2024\/07\/3-sort-1.jpg 1704w\" sizes=\"(max-width: 900px) 100vw, 900px\" \/><figcaption>3 uker<\/figcaption><\/figure>\n\n\n\n<p><\/p>\n\n\n\n<figure class=\"wp-block-image size-large\"><img loading=\"lazy\" width=\"848\" height=\"1024\" src=\"https:\/\/kichiko.net\/wp-content\/uploads\/2024\/08\/454198462_10161844457181241_8746600449386416762_n-848x1024.jpg\" alt=\"\" class=\"wp-image-5334\" srcset=\"https:\/\/kichiko.net\/wp-content\/uploads\/2024\/08\/454198462_10161844457181241_8746600449386416762_n-848x1024.jpg 848w, https:\/\/kichiko.net\/wp-content\/uploads\/2024\/08\/454198462_10161844457181241_8746600449386416762_n-400x483.jpg 400w, https:\/\/kichiko.net\/wp-content\/uploads\/2024\/08\/454198462_10161844457181241_8746600449386416762_n-768x927.jpg 768w, https:\/\/kichiko.net\/wp-content\/uploads\/2024\/08\/454198462_10161844457181241_8746600449386416762_n-1272x1536.jpg 1272w, https:\/\/kichiko.net\/wp-content\/uploads\/2024\/08\/454198462_10161844457181241_8746600449386416762_n.jpg 1655w\" sizes=\"(max-width: 848px) 100vw, 848px\" \/><figcaption>4 uker<\/figcaption><\/figure>\n\n\n\n<figure class=\"wp-block-image size-large\"><img loading=\"lazy\" width=\"889\" height=\"1024\" src=\"https:\/\/kichiko.net\/wp-content\/uploads\/2024\/08\/455023569_10161867896051241_4794261389482923714_n-889x1024.jpg\" alt=\"\" class=\"wp-image-5335\" srcset=\"https:\/\/kichiko.net\/wp-content\/uploads\/2024\/08\/455023569_10161867896051241_4794261389482923714_n-889x1024.jpg 889w, https:\/\/kichiko.net\/wp-content\/uploads\/2024\/08\/455023569_10161867896051241_4794261389482923714_n-400x461.jpg 400w, https:\/\/kichiko.net\/wp-content\/uploads\/2024\/08\/455023569_10161867896051241_4794261389482923714_n-768x885.jpg 768w, https:\/\/kichiko.net\/wp-content\/uploads\/2024\/08\/455023569_10161867896051241_4794261389482923714_n-1333x1536.jpg 1333w, https:\/\/kichiko.net\/wp-content\/uploads\/2024\/08\/455023569_10161867896051241_4794261389482923714_n.jpg 1694w\" sizes=\"(max-width: 889px) 100vw, 889px\" \/><figcaption>5 uker<\/figcaption><\/figure>\n\n\n\n<figure class=\"wp-block-image size-large\"><img loading=\"lazy\" width=\"722\" height=\"1024\" src=\"https:\/\/kichiko.net\/wp-content\/uploads\/2024\/08\/sort-722x1024.jpg\" alt=\"\" class=\"wp-image-5378\" srcset=\"https:\/\/kichiko.net\/wp-content\/uploads\/2024\/08\/sort-722x1024.jpg 722w, https:\/\/kichiko.net\/wp-content\/uploads\/2024\/08\/sort-400x567.jpg 400w, https:\/\/kichiko.net\/wp-content\/uploads\/2024\/08\/sort-768x1089.jpg 768w, https:\/\/kichiko.net\/wp-content\/uploads\/2024\/08\/sort-1083x1536.jpg 1083w, https:\/\/kichiko.net\/wp-content\/uploads\/2024\/08\/sort.jpg 1444w\" sizes=\"(max-width: 722px) 100vw, 722px\" \/><figcaption>7 uker<\/figcaption><\/figure>\n\n\n\n<figure class=\"wp-block-image size-large\"><img loading=\"lazy\" width=\"706\" height=\"1024\" src=\"https:\/\/kichiko.net\/wp-content\/uploads\/2024\/09\/Yoshi-706x1024.jpg\" alt=\"\" class=\"wp-image-5404\" srcset=\"https:\/\/kichiko.net\/wp-content\/uploads\/2024\/09\/Yoshi-706x1024.jpg 706w, https:\/\/kichiko.net\/wp-content\/uploads\/2024\/09\/Yoshi-400x580.jpg 400w, https:\/\/kichiko.net\/wp-content\/uploads\/2024\/09\/Yoshi-768x1114.jpg 768w, https:\/\/kichiko.net\/wp-content\/uploads\/2024\/09\/Yoshi-1059x1536.jpg 1059w, https:\/\/kichiko.net\/wp-content\/uploads\/2024\/09\/Yoshi.jpg 1412w\" sizes=\"(max-width: 706px) 100vw, 706px\" \/><figcaption>Yoshi med sin nye familie<\/figcaption><\/figure>\n","protected":false},"excerpt":{"rendered":"<p>Det ble en r\u00f8d hann som fikk navnet Kichikos&nbsp;Victorious YoshiNick : YoshiRase : ShibaKj\u00f8nn: HannFarge : R\u00f8dF\u00f8dt: 7\/7-2024Reg.nr : NO 48959\/24HD:AD:Patella:\u00d8yne:Bitt: Eiere :&nbsp;Martin Kronen og Hanna Brakstad Kronen, Frekhaug<\/p>\n","protected":false},"author":2,"featured_media":0,"parent":5281,"menu_order":3,"comment_status":"closed","ping_status":"closed","template":"","meta":[],"_links":{"self":[{"href":"https:\/\/kichiko.net\/index.php?rest_route=\/wp\/v2\/pages\/5297"}],"collection":[{"href":"https:\/\/kichiko.net\/index.php?rest_route=\/wp\/v2\/pages"}],"about":[{"href":"https:\/\/kichiko.net\/index.php?rest_route=\/wp\/v2\/types\/page"}],"author":[{"embeddable":true,"href":"https:\/\/kichiko.net\/index.php?rest_route=\/wp\/v2\/users\/2"}],"replies":[{"embeddable":true,"href":"https:\/\/kichiko.net\/index.php?rest_route=%2Fwp%2Fv2%2Fcomments&post=5297"}],"version-history":[{"count":5,"href":"https:\/\/kichiko.net\/index.php?rest_route=\/wp\/v2\/pages\/5297\/revisions"}],"predecessor-version":[{"id":5405,"href":"https:\/\/kichiko.net\/index.php?rest_route=\/wp\/v2\/pages\/5297\/revisions\/5405"}],"up":[{"embeddable":true,"href":"https:\/\/kichiko.net\/index.php?rest_route=\/wp\/v2\/pages\/5281"}],"wp:attachment":[{"href":"https:\/\/kichiko.net\/index.php?rest_route=%2Fwp%2Fv2%2Fmedia&parent=5297"}],"curies":[{"name":"wp","href":"https:\/\/api.w.org\/{rel}","templated":true}]}}