{"id":5291,"date":"2024-07-28T14:38:42","date_gmt":"2024-07-28T13:38:42","guid":{"rendered":"https:\/\/kichiko.net\/?page_id=5291"},"modified":"2024-09-12T22:19:59","modified_gmt":"2024-09-12T21:19:59","slug":"kichikos-v-2","status":"publish","type":"page","link":"https:\/\/kichiko.net\/?page_id=5291","title":{"rendered":"Victorious Satoshi"},"content":{"rendered":"\n<p>Det ble en r\u00f8d hann som fikk navnet Kichiko<code>s&nbsp;<\/code>Victorious Satoshi<br>Nick : Satoshi<br>Rase : Shiba<br>Kj\u00f8nn: Hann<br>Farge : R\u00f8d<br>F\u00f8dt: 7\/7-2024<br>Reg.nr : NO 48958\/24<br>HD:<br>AD:<br>Patella:<br>\u00d8yne:<br>Bitt:<\/p>\n\n\n\n<p>Eiere :&nbsp;Gard Visdal Halvorsen og Kaja Moe Larsen, Oslo<\/p>\n\n\n\n<figure class=\"wp-block-image size-large\"><img loading=\"lazy\" width=\"1024\" height=\"954\" src=\"https:\/\/kichiko.net\/wp-content\/uploads\/2024\/07\/2-1024x954.jpg\" alt=\"\" class=\"wp-image-5292\" srcset=\"https:\/\/kichiko.net\/wp-content\/uploads\/2024\/07\/2-1024x954.jpg 1024w, https:\/\/kichiko.net\/wp-content\/uploads\/2024\/07\/2-400x373.jpg 400w, https:\/\/kichiko.net\/wp-content\/uploads\/2024\/07\/2-768x716.jpg 768w, https:\/\/kichiko.net\/wp-content\/uploads\/2024\/07\/2-1536x1431.jpg 1536w, https:\/\/kichiko.net\/wp-content\/uploads\/2024\/07\/2.jpg 2048w\" sizes=\"(max-width: 1024px) 100vw, 1024px\" \/><figcaption>Nyf\u00f8dt<\/figcaption><\/figure>\n\n\n\n<figure class=\"wp-block-image size-large\"><img loading=\"lazy\" width=\"1024\" height=\"927\" src=\"https:\/\/kichiko.net\/wp-content\/uploads\/2024\/07\/2-gronn-1024x927.jpg\" alt=\"\" class=\"wp-image-5293\" srcset=\"https:\/\/kichiko.net\/wp-content\/uploads\/2024\/07\/2-gronn-1024x927.jpg 1024w, https:\/\/kichiko.net\/wp-content\/uploads\/2024\/07\/2-gronn-400x362.jpg 400w, https:\/\/kichiko.net\/wp-content\/uploads\/2024\/07\/2-gronn-768x695.jpg 768w, https:\/\/kichiko.net\/wp-content\/uploads\/2024\/07\/2-gronn-1536x1391.jpg 1536w, https:\/\/kichiko.net\/wp-content\/uploads\/2024\/07\/2-gronn.jpg 2048w\" sizes=\"(max-width: 1024px) 100vw, 1024px\" \/><figcaption>1 uke<\/figcaption><\/figure>\n\n\n\n<figure class=\"wp-block-image size-large\"><img loading=\"lazy\" width=\"780\" height=\"1024\" src=\"https:\/\/kichiko.net\/wp-content\/uploads\/2024\/07\/2-gronn-1-780x1024.jpg\" alt=\"\" class=\"wp-image-5294\" srcset=\"https:\/\/kichiko.net\/wp-content\/uploads\/2024\/07\/2-gronn-1-780x1024.jpg 780w, https:\/\/kichiko.net\/wp-content\/uploads\/2024\/07\/2-gronn-1-400x525.jpg 400w, https:\/\/kichiko.net\/wp-content\/uploads\/2024\/07\/2-gronn-1-768x1008.jpg 768w, https:\/\/kichiko.net\/wp-content\/uploads\/2024\/07\/2-gronn-1-1170x1536.jpg 1170w, https:\/\/kichiko.net\/wp-content\/uploads\/2024\/07\/2-gronn-1.jpg 1560w\" sizes=\"(max-width: 780px) 100vw, 780px\" \/><figcaption>2 uker<\/figcaption><\/figure>\n\n\n\n<figure class=\"wp-block-image size-large\"><img loading=\"lazy\" width=\"1024\" height=\"1010\" src=\"https:\/\/kichiko.net\/wp-content\/uploads\/2024\/07\/2-gronn-2-1024x1010.jpg\" alt=\"\" class=\"wp-image-5295\" srcset=\"https:\/\/kichiko.net\/wp-content\/uploads\/2024\/07\/2-gronn-2-1024x1010.jpg 1024w, https:\/\/kichiko.net\/wp-content\/uploads\/2024\/07\/2-gronn-2-400x395.jpg 400w, https:\/\/kichiko.net\/wp-content\/uploads\/2024\/07\/2-gronn-2-768x758.jpg 768w, https:\/\/kichiko.net\/wp-content\/uploads\/2024\/07\/2-gronn-2-1536x1515.jpg 1536w, https:\/\/kichiko.net\/wp-content\/uploads\/2024\/07\/2-gronn-2.jpg 1830w\" sizes=\"(max-width: 1024px) 100vw, 1024px\" \/><figcaption>3 uker<\/figcaption><\/figure>\n\n\n\n<figure class=\"wp-block-image size-large\"><img loading=\"lazy\" width=\"873\" height=\"1024\" src=\"https:\/\/kichiko.net\/wp-content\/uploads\/2024\/08\/454238089_10161844457456241_8105882825759918425_n-873x1024.jpg\" alt=\"\" class=\"wp-image-5331\" srcset=\"https:\/\/kichiko.net\/wp-content\/uploads\/2024\/08\/454238089_10161844457456241_8105882825759918425_n-873x1024.jpg 873w, https:\/\/kichiko.net\/wp-content\/uploads\/2024\/08\/454238089_10161844457456241_8105882825759918425_n-400x469.jpg 400w, https:\/\/kichiko.net\/wp-content\/uploads\/2024\/08\/454238089_10161844457456241_8105882825759918425_n-768x901.jpg 768w, https:\/\/kichiko.net\/wp-content\/uploads\/2024\/08\/454238089_10161844457456241_8105882825759918425_n-1309x1536.jpg 1309w, https:\/\/kichiko.net\/wp-content\/uploads\/2024\/08\/454238089_10161844457456241_8105882825759918425_n.jpg 1678w\" sizes=\"(max-width: 873px) 100vw, 873px\" \/><figcaption>4 uker<\/figcaption><\/figure>\n\n\n\n<figure class=\"wp-block-image size-large\"><img loading=\"lazy\" width=\"931\" height=\"1024\" src=\"https:\/\/kichiko.net\/wp-content\/uploads\/2024\/08\/455068175_10161867895756241_7869681570701392872_n-931x1024.jpg\" alt=\"\" class=\"wp-image-5332\" srcset=\"https:\/\/kichiko.net\/wp-content\/uploads\/2024\/08\/455068175_10161867895756241_7869681570701392872_n-931x1024.jpg 931w, https:\/\/kichiko.net\/wp-content\/uploads\/2024\/08\/455068175_10161867895756241_7869681570701392872_n-400x440.jpg 400w, https:\/\/kichiko.net\/wp-content\/uploads\/2024\/08\/455068175_10161867895756241_7869681570701392872_n-768x845.jpg 768w, https:\/\/kichiko.net\/wp-content\/uploads\/2024\/08\/455068175_10161867895756241_7869681570701392872_n-1397x1536.jpg 1397w, https:\/\/kichiko.net\/wp-content\/uploads\/2024\/08\/455068175_10161867895756241_7869681570701392872_n.jpg 1734w\" sizes=\"(max-width: 931px) 100vw, 931px\" \/><figcaption>5 uker<\/figcaption><\/figure>\n\n\n\n<figure class=\"wp-block-image size-full\"><img loading=\"lazy\" width=\"302\" height=\"434\" src=\"https:\/\/kichiko.net\/wp-content\/uploads\/2024\/08\/gronn.jpg\" alt=\"\" class=\"wp-image-5359\"\/><figcaption>6 uker <\/figcaption><\/figure>\n\n\n\n<figure class=\"wp-block-image size-large\"><img loading=\"lazy\" width=\"810\" height=\"1024\" src=\"https:\/\/kichiko.net\/wp-content\/uploads\/2024\/08\/gr-810x1024.jpg\" alt=\"\" class=\"wp-image-5376\" srcset=\"https:\/\/kichiko.net\/wp-content\/uploads\/2024\/08\/gr-810x1024.jpg 810w, https:\/\/kichiko.net\/wp-content\/uploads\/2024\/08\/gr-400x506.jpg 400w, https:\/\/kichiko.net\/wp-content\/uploads\/2024\/08\/gr-768x971.jpg 768w, https:\/\/kichiko.net\/wp-content\/uploads\/2024\/08\/gr-1215x1536.jpg 1215w, https:\/\/kichiko.net\/wp-content\/uploads\/2024\/08\/gr.jpg 1610w\" sizes=\"(max-width: 810px) 100vw, 810px\" \/><figcaption>7 uker<\/figcaption><\/figure>\n\n\n\n<figure class=\"wp-block-image size-large\"><img loading=\"lazy\" width=\"473\" height=\"1024\" src=\"https:\/\/kichiko.net\/wp-content\/uploads\/2024\/09\/Satoshi-473x1024.jpg\" alt=\"\" class=\"wp-image-5402\" srcset=\"https:\/\/kichiko.net\/wp-content\/uploads\/2024\/09\/Satoshi-473x1024.jpg 473w, https:\/\/kichiko.net\/wp-content\/uploads\/2024\/09\/Satoshi-277x600.jpg 277w, https:\/\/kichiko.net\/wp-content\/uploads\/2024\/09\/Satoshi-768x1663.jpg 768w, https:\/\/kichiko.net\/wp-content\/uploads\/2024\/09\/Satoshi-710x1536.jpg 710w, https:\/\/kichiko.net\/wp-content\/uploads\/2024\/09\/Satoshi.jpg 946w\" sizes=\"(max-width: 473px) 100vw, 473px\" \/><figcaption>Satoshi med en av sine nye eiere<\/figcaption><\/figure>\n\n\n\n<p><\/p>\n","protected":false},"excerpt":{"rendered":"<p>Det ble en r\u00f8d hann som fikk navnet Kichikos&nbsp;Victorious SatoshiNick : SatoshiRase : ShibaKj\u00f8nn: HannFarge : R\u00f8dF\u00f8dt: 7\/7-2024Reg.nr : NO 48958\/24HD:AD:Patella:\u00d8yne:Bitt: Eiere :&nbsp;Gard Visdal Halvorsen og Kaja Moe Larsen, Oslo<\/p>\n","protected":false},"author":2,"featured_media":0,"parent":5281,"menu_order":2,"comment_status":"closed","ping_status":"closed","template":"","meta":[],"_links":{"self":[{"href":"https:\/\/kichiko.net\/index.php?rest_route=\/wp\/v2\/pages\/5291"}],"collection":[{"href":"https:\/\/kichiko.net\/index.php?rest_route=\/wp\/v2\/pages"}],"about":[{"href":"https:\/\/kichiko.net\/index.php?rest_route=\/wp\/v2\/types\/page"}],"author":[{"embeddable":true,"href":"https:\/\/kichiko.net\/index.php?rest_route=\/wp\/v2\/users\/2"}],"replies":[{"embeddable":true,"href":"https:\/\/kichiko.net\/index.php?rest_route=%2Fwp%2Fv2%2Fcomments&post=5291"}],"version-history":[{"count":6,"href":"https:\/\/kichiko.net\/index.php?rest_route=\/wp\/v2\/pages\/5291\/revisions"}],"predecessor-version":[{"id":5403,"href":"https:\/\/kichiko.net\/index.php?rest_route=\/wp\/v2\/pages\/5291\/revisions\/5403"}],"up":[{"embeddable":true,"href":"https:\/\/kichiko.net\/index.php?rest_route=\/wp\/v2\/pages\/5281"}],"wp:attachment":[{"href":"https:\/\/kichiko.net\/index.php?rest_route=%2Fwp%2Fv2%2Fmedia&parent=5291"}],"curies":[{"name":"wp","href":"https:\/\/api.w.org\/{rel}","templated":true}]}}