{"id":5285,"date":"2024-07-28T14:36:40","date_gmt":"2024-07-28T13:36:40","guid":{"rendered":"https:\/\/kichiko.net\/?page_id=5285"},"modified":"2024-09-12T22:19:09","modified_gmt":"2024-09-12T21:19:09","slug":"kichikos-v","status":"publish","type":"page","link":"https:\/\/kichiko.net\/?page_id=5285","title":{"rendered":"Victorious Tenshi"},"content":{"rendered":"\n<p>Det ble en r\u00f8d hann som fikk navnet Kichiko<code>s&nbsp;<\/code>Victorious Tenshi<br>Nick : Tenshi<br>Rase : Shiba<br>Kj\u00f8nn: Hann<br>Farge : R\u00f8d<br>F\u00f8dt: 7\/7-2024<br>Reg.nr : NO 48957\/24<br>HD:<br>AD:<br>Patella:<br>\u00d8yne:<br>Bitt:<\/p>\n\n\n\n<p>Eiere :&nbsp;Malin Vernvik og Adrian Nitter, Lillestr\u00f8m<\/p>\n\n\n\n<figure class=\"wp-block-image size-large\"><img loading=\"lazy\" width=\"1015\" height=\"1024\" src=\"https:\/\/kichiko.net\/wp-content\/uploads\/2024\/07\/1-1015x1024.jpg\" alt=\"\" class=\"wp-image-5286\" srcset=\"https:\/\/kichiko.net\/wp-content\/uploads\/2024\/07\/1-1015x1024.jpg 1015w, https:\/\/kichiko.net\/wp-content\/uploads\/2024\/07\/1-400x404.jpg 400w, https:\/\/kichiko.net\/wp-content\/uploads\/2024\/07\/1-150x150.jpg 150w, https:\/\/kichiko.net\/wp-content\/uploads\/2024\/07\/1-768x775.jpg 768w, https:\/\/kichiko.net\/wp-content\/uploads\/2024\/07\/1-1523x1536.jpg 1523w, https:\/\/kichiko.net\/wp-content\/uploads\/2024\/07\/1.jpg 2030w\" sizes=\"(max-width: 1015px) 100vw, 1015px\" \/><figcaption>Nyf\u00f8dt<\/figcaption><\/figure>\n\n\n\n<figure class=\"wp-block-image size-large\"><img loading=\"lazy\" width=\"1024\" height=\"1022\" src=\"https:\/\/kichiko.net\/wp-content\/uploads\/2024\/07\/1-bla-1024x1022.jpg\" alt=\"\" class=\"wp-image-5287\" srcset=\"https:\/\/kichiko.net\/wp-content\/uploads\/2024\/07\/1-bla-1024x1022.jpg 1024w, https:\/\/kichiko.net\/wp-content\/uploads\/2024\/07\/1-bla-400x399.jpg 400w, https:\/\/kichiko.net\/wp-content\/uploads\/2024\/07\/1-bla-150x150.jpg 150w, https:\/\/kichiko.net\/wp-content\/uploads\/2024\/07\/1-bla-768x767.jpg 768w, https:\/\/kichiko.net\/wp-content\/uploads\/2024\/07\/1-bla-1536x1533.jpg 1536w, https:\/\/kichiko.net\/wp-content\/uploads\/2024\/07\/1-bla.jpg 2048w\" sizes=\"(max-width: 1024px) 100vw, 1024px\" \/><figcaption>1 uke<\/figcaption><\/figure>\n\n\n\n<figure class=\"wp-block-image size-large\"><img loading=\"lazy\" width=\"558\" height=\"1024\" src=\"https:\/\/kichiko.net\/wp-content\/uploads\/2024\/07\/1-bla-1-558x1024.jpg\" alt=\"\" class=\"wp-image-5288\" srcset=\"https:\/\/kichiko.net\/wp-content\/uploads\/2024\/07\/1-bla-1-558x1024.jpg 558w, https:\/\/kichiko.net\/wp-content\/uploads\/2024\/07\/1-bla-1-327x600.jpg 327w, https:\/\/kichiko.net\/wp-content\/uploads\/2024\/07\/1-bla-1-768x1409.jpg 768w, https:\/\/kichiko.net\/wp-content\/uploads\/2024\/07\/1-bla-1-837x1536.jpg 837w, https:\/\/kichiko.net\/wp-content\/uploads\/2024\/07\/1-bla-1.jpg 1116w\" sizes=\"(max-width: 558px) 100vw, 558px\" \/><figcaption>2 uker<\/figcaption><\/figure>\n\n\n\n<figure class=\"wp-block-image size-large\"><img loading=\"lazy\" width=\"937\" height=\"1024\" src=\"https:\/\/kichiko.net\/wp-content\/uploads\/2024\/07\/bla-937x1024.jpg\" alt=\"\" class=\"wp-image-5289\" srcset=\"https:\/\/kichiko.net\/wp-content\/uploads\/2024\/07\/bla-937x1024.jpg 937w, https:\/\/kichiko.net\/wp-content\/uploads\/2024\/07\/bla-400x437.jpg 400w, https:\/\/kichiko.net\/wp-content\/uploads\/2024\/07\/bla-768x839.jpg 768w, https:\/\/kichiko.net\/wp-content\/uploads\/2024\/07\/bla-1406x1536.jpg 1406w, https:\/\/kichiko.net\/wp-content\/uploads\/2024\/07\/bla.jpg 1739w\" sizes=\"(max-width: 937px) 100vw, 937px\" \/><figcaption>3 uker<\/figcaption><\/figure>\n\n\n\n<figure class=\"wp-block-image size-large\"><img loading=\"lazy\" width=\"719\" height=\"1024\" src=\"https:\/\/kichiko.net\/wp-content\/uploads\/2024\/08\/454263935_10161844457131241_8014698577963665176_n-719x1024.jpg\" alt=\"\" class=\"wp-image-5328\" srcset=\"https:\/\/kichiko.net\/wp-content\/uploads\/2024\/08\/454263935_10161844457131241_8014698577963665176_n-719x1024.jpg 719w, https:\/\/kichiko.net\/wp-content\/uploads\/2024\/08\/454263935_10161844457131241_8014698577963665176_n-400x570.jpg 400w, https:\/\/kichiko.net\/wp-content\/uploads\/2024\/08\/454263935_10161844457131241_8014698577963665176_n-768x1094.jpg 768w, https:\/\/kichiko.net\/wp-content\/uploads\/2024\/08\/454263935_10161844457131241_8014698577963665176_n-1079x1536.jpg 1079w, https:\/\/kichiko.net\/wp-content\/uploads\/2024\/08\/454263935_10161844457131241_8014698577963665176_n.jpg 1438w\" sizes=\"(max-width: 719px) 100vw, 719px\" \/><figcaption>4 uker<\/figcaption><\/figure>\n\n\n\n<figure class=\"wp-block-image size-large\"><img loading=\"lazy\" width=\"978\" height=\"1024\" src=\"https:\/\/kichiko.net\/wp-content\/uploads\/2024\/08\/455140249_10161867895331241_7576408166632529640_n-978x1024.jpg\" alt=\"\" class=\"wp-image-5329\" srcset=\"https:\/\/kichiko.net\/wp-content\/uploads\/2024\/08\/455140249_10161867895331241_7576408166632529640_n-978x1024.jpg 978w, https:\/\/kichiko.net\/wp-content\/uploads\/2024\/08\/455140249_10161867895331241_7576408166632529640_n-400x419.jpg 400w, https:\/\/kichiko.net\/wp-content\/uploads\/2024\/08\/455140249_10161867895331241_7576408166632529640_n-768x804.jpg 768w, https:\/\/kichiko.net\/wp-content\/uploads\/2024\/08\/455140249_10161867895331241_7576408166632529640_n-1467x1536.jpg 1467w, https:\/\/kichiko.net\/wp-content\/uploads\/2024\/08\/455140249_10161867895331241_7576408166632529640_n.jpg 1777w\" sizes=\"(max-width: 978px) 100vw, 978px\" \/><figcaption>5 uker<\/figcaption><\/figure>\n\n\n\n<figure class=\"wp-block-image size-full\"><img loading=\"lazy\" width=\"356\" height=\"434\" src=\"https:\/\/kichiko.net\/wp-content\/uploads\/2024\/08\/bla.jpg\" alt=\"\" class=\"wp-image-5356\"\/><\/figure>\n\n\n\n<p>6 uker<\/p>\n\n\n\n<figure class=\"wp-block-image size-large\"><img loading=\"lazy\" width=\"727\" height=\"1024\" src=\"https:\/\/kichiko.net\/wp-content\/uploads\/2024\/08\/456695096_10161920629291241_8846578857770458371_n-727x1024.jpg\" alt=\"\" class=\"wp-image-5372\" srcset=\"https:\/\/kichiko.net\/wp-content\/uploads\/2024\/08\/456695096_10161920629291241_8846578857770458371_n-727x1024.jpg 727w, https:\/\/kichiko.net\/wp-content\/uploads\/2024\/08\/456695096_10161920629291241_8846578857770458371_n-400x563.jpg 400w, https:\/\/kichiko.net\/wp-content\/uploads\/2024\/08\/456695096_10161920629291241_8846578857770458371_n-768x1082.jpg 768w, https:\/\/kichiko.net\/wp-content\/uploads\/2024\/08\/456695096_10161920629291241_8846578857770458371_n-1091x1536.jpg 1091w, https:\/\/kichiko.net\/wp-content\/uploads\/2024\/08\/456695096_10161920629291241_8846578857770458371_n.jpg 1454w\" sizes=\"(max-width: 727px) 100vw, 727px\" \/><figcaption>7 uker <\/figcaption><\/figure>\n\n\n\n<figure class=\"wp-block-image size-large\"><img loading=\"lazy\" width=\"768\" height=\"1024\" src=\"https:\/\/kichiko.net\/wp-content\/uploads\/2024\/09\/Tenshi-768x1024.jpg\" alt=\"\" class=\"wp-image-5400\" srcset=\"https:\/\/kichiko.net\/wp-content\/uploads\/2024\/09\/Tenshi-768x1024.jpg 768w, https:\/\/kichiko.net\/wp-content\/uploads\/2024\/09\/Tenshi-400x533.jpg 400w, https:\/\/kichiko.net\/wp-content\/uploads\/2024\/09\/Tenshi-1152x1536.jpg 1152w, https:\/\/kichiko.net\/wp-content\/uploads\/2024\/09\/Tenshi.jpg 1536w\" sizes=\"(max-width: 768px) 100vw, 768px\" \/><figcaption>Tenshi med sine nye eiere<\/figcaption><\/figure>\n","protected":false},"excerpt":{"rendered":"<p>Det ble en r\u00f8d hann som fikk navnet Kichikos&nbsp;Victorious TenshiNick : TenshiRase : ShibaKj\u00f8nn: HannFarge : R\u00f8dF\u00f8dt: 7\/7-2024Reg.nr : NO 48957\/24HD:AD:Patella:\u00d8yne:Bitt: Eiere :&nbsp;Malin Vernvik og Adrian Nitter, Lillestr\u00f8m 6 uker<\/p>\n","protected":false},"author":2,"featured_media":0,"parent":5281,"menu_order":1,"comment_status":"closed","ping_status":"closed","template":"","meta":[],"_links":{"self":[{"href":"https:\/\/kichiko.net\/index.php?rest_route=\/wp\/v2\/pages\/5285"}],"collection":[{"href":"https:\/\/kichiko.net\/index.php?rest_route=\/wp\/v2\/pages"}],"about":[{"href":"https:\/\/kichiko.net\/index.php?rest_route=\/wp\/v2\/types\/page"}],"author":[{"embeddable":true,"href":"https:\/\/kichiko.net\/index.php?rest_route=\/wp\/v2\/users\/2"}],"replies":[{"embeddable":true,"href":"https:\/\/kichiko.net\/index.php?rest_route=%2Fwp%2Fv2%2Fcomments&post=5285"}],"version-history":[{"count":7,"href":"https:\/\/kichiko.net\/index.php?rest_route=\/wp\/v2\/pages\/5285\/revisions"}],"predecessor-version":[{"id":5401,"href":"https:\/\/kichiko.net\/index.php?rest_route=\/wp\/v2\/pages\/5285\/revisions\/5401"}],"up":[{"embeddable":true,"href":"https:\/\/kichiko.net\/index.php?rest_route=\/wp\/v2\/pages\/5281"}],"wp:attachment":[{"href":"https:\/\/kichiko.net\/index.php?rest_route=%2Fwp%2Fv2%2Fmedia&parent=5285"}],"curies":[{"name":"wp","href":"https:\/\/api.w.org\/{rel}","templated":true}]}}