{"id":528,"date":"2016-10-03T23:25:46","date_gmt":"2016-10-03T22:25:46","guid":{"rendered":"http:\/\/kichiko.net\/?page_id=528"},"modified":"2016-12-19T22:16:19","modified_gmt":"2016-12-19T21:16:19","slug":"fukuhoshi","status":"publish","type":"page","link":"https:\/\/kichiko.net\/?page_id=528","title":{"rendered":"Fukuhoshi"},"content":{"rendered":"<p>Kl.\u00a014:05 . Nr.4 ble en r\u00f8d\u00a0tispe som veide\u00a0250 gr.\u00a0 <span class=\"rtb4\">Hun fikk navnet : Kichiko`s\u00a0\u00a0Fukuhoshi som betyr Lykkestjerne<\/span><\/p>\n<p><span class=\"rtb4\">Nick : Stella<br \/>\nRase : Shiba<br \/>\nKj\u00f8nn : Tispe<br \/>\nFarge : R\u00f8d<br \/>\nF\u00f8dt : 18\/6-2015<br \/>\nReg.nr : NO45364\/15<br \/>\nHD : A<br \/>\nAD : 0<br \/>\nBitt: Korrekt<\/span><\/p>\n<p>Eier : <span class=\"rtb4\"><span style=\"color: #808080;\">\u00a0<\/span> Linda Torkelsen og Andreas M\u00f8rka Torkelsen, Bor\u00f8y<\/span><\/p>\n<div id=\"attachment_533\" style=\"width: 410px\" class=\"wp-caption alignnone\"><img aria-describedby=\"caption-attachment-533\" loading=\"lazy\" class=\"size-medium wp-image-533\" src=\"http:\/\/kichiko.net\/wp-content\/uploads\/2016\/10\/Hjs-400x377.jpg\" alt=\"1 uke\" width=\"400\" height=\"377\" srcset=\"https:\/\/kichiko.net\/wp-content\/uploads\/2016\/10\/Hjs-400x377.jpg 400w, https:\/\/kichiko.net\/wp-content\/uploads\/2016\/10\/Hjs-768x723.jpg 768w, https:\/\/kichiko.net\/wp-content\/uploads\/2016\/10\/Hjs.jpg 960w\" sizes=\"(max-width: 400px) 100vw, 400px\" \/><p id=\"caption-attachment-533\" class=\"wp-caption-text\">1 uke<\/p><\/div>\n<div id=\"attachment_534\" style=\"width: 410px\" class=\"wp-caption alignnone\"><img aria-describedby=\"caption-attachment-534\" loading=\"lazy\" class=\"size-medium wp-image-534\" src=\"http:\/\/kichiko.net\/wp-content\/uploads\/2016\/10\/hjss-400x448.jpg\" alt=\"7 uker\" width=\"400\" height=\"448\" srcset=\"https:\/\/kichiko.net\/wp-content\/uploads\/2016\/10\/hjss-400x448.jpg 400w, https:\/\/kichiko.net\/wp-content\/uploads\/2016\/10\/hjss-768x859.jpg 768w, https:\/\/kichiko.net\/wp-content\/uploads\/2016\/10\/hjss.jpg 858w\" sizes=\"(max-width: 400px) 100vw, 400px\" \/><p id=\"caption-attachment-534\" class=\"wp-caption-text\">7 uker<\/p><\/div>\n<div id=\"attachment_532\" style=\"width: 410px\" class=\"wp-caption alignnone\"><img aria-describedby=\"caption-attachment-532\" loading=\"lazy\" class=\" wp-image-532\" src=\"http:\/\/kichiko.net\/wp-content\/uploads\/2016\/10\/hjsss-400x386.jpg\" alt=\"Stella\" width=\"400\" height=\"386\" srcset=\"https:\/\/kichiko.net\/wp-content\/uploads\/2016\/10\/hjsss-400x386.jpg 400w, https:\/\/kichiko.net\/wp-content\/uploads\/2016\/10\/hjsss.jpg 509w\" sizes=\"(max-width: 400px) 100vw, 400px\" \/><p id=\"caption-attachment-532\" class=\"wp-caption-text\">Stella<\/p><\/div>\n","protected":false},"excerpt":{"rendered":"<p>Kl.\u00a014:05 . Nr.4 ble en r\u00f8d\u00a0tispe som veide\u00a0250 gr.\u00a0 Hun fikk navnet : Kichiko`s\u00a0\u00a0Fukuhoshi som betyr Lykkestjerne Nick : Stella Rase : Shiba Kj\u00f8nn : Tispe Farge : R\u00f8d F\u00f8dt : 18\/6-2015 Reg.nr : NO45364\/15 HD : A AD : 0 Bitt: Korrekt Eier : \u00a0 Linda Torkelsen og Andreas M\u00f8rka Torkelsen, Bor\u00f8y<\/p>\n","protected":false},"author":2,"featured_media":0,"parent":127,"menu_order":0,"comment_status":"closed","ping_status":"closed","template":"","meta":[],"_links":{"self":[{"href":"https:\/\/kichiko.net\/index.php?rest_route=\/wp\/v2\/pages\/528"}],"collection":[{"href":"https:\/\/kichiko.net\/index.php?rest_route=\/wp\/v2\/pages"}],"about":[{"href":"https:\/\/kichiko.net\/index.php?rest_route=\/wp\/v2\/types\/page"}],"author":[{"embeddable":true,"href":"https:\/\/kichiko.net\/index.php?rest_route=\/wp\/v2\/users\/2"}],"replies":[{"embeddable":true,"href":"https:\/\/kichiko.net\/index.php?rest_route=%2Fwp%2Fv2%2Fcomments&post=528"}],"version-history":[{"count":2,"href":"https:\/\/kichiko.net\/index.php?rest_route=\/wp\/v2\/pages\/528\/revisions"}],"predecessor-version":[{"id":855,"href":"https:\/\/kichiko.net\/index.php?rest_route=\/wp\/v2\/pages\/528\/revisions\/855"}],"up":[{"embeddable":true,"href":"https:\/\/kichiko.net\/index.php?rest_route=\/wp\/v2\/pages\/127"}],"wp:attachment":[{"href":"https:\/\/kichiko.net\/index.php?rest_route=%2Fwp%2Fv2%2Fmedia&parent=528"}],"curies":[{"name":"wp","href":"https:\/\/api.w.org\/{rel}","templated":true}]}}