{"id":5198,"date":"2024-07-05T21:36:53","date_gmt":"2024-07-05T20:36:53","guid":{"rendered":"https:\/\/kichiko.net\/?page_id=5198"},"modified":"2024-07-28T14:02:19","modified_gmt":"2024-07-28T13:02:19","slug":"kichikos-u-5","status":"publish","type":"page","link":"https:\/\/kichiko.net\/?page_id=5198","title":{"rendered":"Unique Sweetest Shio"},"content":{"rendered":"\n<p>Det ble en r\u00f8d tispe som fikk navnet Kichiko<code>s\u00a0<\/code>Unique Sweetest Shio<br>Nick : Shio<br>Rase : Shiba<br>Kj\u00f8nn: Tispe<br>Farge : R\u00f8d<br>F\u00f8dt: 10.06.2024<br>Reg.nr : NO 46608\/24<br>HD:<br>AD:<br>Patella:<br>\u00d8yne:<br>Bitt:<\/p>\n\n\n\n<p>Eiere :\u00a0Egil Syre og Renata Alves-Syre, Stavanger<\/p>\n\n\n\n<figure class=\"wp-block-image size-large\"><img loading=\"lazy\" width=\"1024\" height=\"871\" src=\"https:\/\/kichiko.net\/wp-content\/uploads\/2024\/07\/448204718_10161694236821241_2710905442549993957_n-1024x871.jpg\" alt=\"\" class=\"wp-image-5231\" srcset=\"https:\/\/kichiko.net\/wp-content\/uploads\/2024\/07\/448204718_10161694236821241_2710905442549993957_n-1024x871.jpg 1024w, https:\/\/kichiko.net\/wp-content\/uploads\/2024\/07\/448204718_10161694236821241_2710905442549993957_n-400x340.jpg 400w, https:\/\/kichiko.net\/wp-content\/uploads\/2024\/07\/448204718_10161694236821241_2710905442549993957_n-768x653.jpg 768w, https:\/\/kichiko.net\/wp-content\/uploads\/2024\/07\/448204718_10161694236821241_2710905442549993957_n-1536x1306.jpg 1536w, https:\/\/kichiko.net\/wp-content\/uploads\/2024\/07\/448204718_10161694236821241_2710905442549993957_n.jpg 1994w\" sizes=\"(max-width: 1024px) 100vw, 1024px\" \/><figcaption>Nyf\u00f8dt<\/figcaption><\/figure>\n\n\n\n<figure class=\"wp-block-image size-large\"><img loading=\"lazy\" width=\"1024\" height=\"1024\" src=\"https:\/\/kichiko.net\/wp-content\/uploads\/2024\/07\/448690869_10161712075381241_8499773091897974271_n-1024x1024.jpg\" alt=\"\" class=\"wp-image-5232\" srcset=\"https:\/\/kichiko.net\/wp-content\/uploads\/2024\/07\/448690869_10161712075381241_8499773091897974271_n-1024x1024.jpg 1024w, https:\/\/kichiko.net\/wp-content\/uploads\/2024\/07\/448690869_10161712075381241_8499773091897974271_n-400x400.jpg 400w, https:\/\/kichiko.net\/wp-content\/uploads\/2024\/07\/448690869_10161712075381241_8499773091897974271_n-150x150.jpg 150w, https:\/\/kichiko.net\/wp-content\/uploads\/2024\/07\/448690869_10161712075381241_8499773091897974271_n-768x769.jpg 768w, https:\/\/kichiko.net\/wp-content\/uploads\/2024\/07\/448690869_10161712075381241_8499773091897974271_n-1536x1536.jpg 1536w, https:\/\/kichiko.net\/wp-content\/uploads\/2024\/07\/448690869_10161712075381241_8499773091897974271_n.jpg 2046w\" sizes=\"(max-width: 1024px) 100vw, 1024px\" \/><figcaption>1 uke<\/figcaption><\/figure>\n\n\n\n<figure class=\"wp-block-image size-large\"><img loading=\"lazy\" width=\"768\" height=\"1024\" src=\"https:\/\/kichiko.net\/wp-content\/uploads\/2024\/07\/449087511_10161727676401241_7093443214465296415_n-768x1024.jpg\" alt=\"\" class=\"wp-image-5233\" srcset=\"https:\/\/kichiko.net\/wp-content\/uploads\/2024\/07\/449087511_10161727676401241_7093443214465296415_n-768x1024.jpg 768w, https:\/\/kichiko.net\/wp-content\/uploads\/2024\/07\/449087511_10161727676401241_7093443214465296415_n-400x533.jpg 400w, https:\/\/kichiko.net\/wp-content\/uploads\/2024\/07\/449087511_10161727676401241_7093443214465296415_n-1152x1536.jpg 1152w, https:\/\/kichiko.net\/wp-content\/uploads\/2024\/07\/449087511_10161727676401241_7093443214465296415_n.jpg 1536w\" sizes=\"(max-width: 768px) 100vw, 768px\" \/><figcaption>2 uker<\/figcaption><\/figure>\n\n\n\n<figure class=\"wp-block-image size-large\"><img loading=\"lazy\" width=\"862\" height=\"1024\" src=\"https:\/\/kichiko.net\/wp-content\/uploads\/2024\/07\/449521791_10161745687201241_7469599621685987713_n-862x1024.jpg\" alt=\"\" class=\"wp-image-5236\" srcset=\"https:\/\/kichiko.net\/wp-content\/uploads\/2024\/07\/449521791_10161745687201241_7469599621685987713_n-862x1024.jpg 862w, https:\/\/kichiko.net\/wp-content\/uploads\/2024\/07\/449521791_10161745687201241_7469599621685987713_n-400x475.jpg 400w, https:\/\/kichiko.net\/wp-content\/uploads\/2024\/07\/449521791_10161745687201241_7469599621685987713_n-768x912.jpg 768w, https:\/\/kichiko.net\/wp-content\/uploads\/2024\/07\/449521791_10161745687201241_7469599621685987713_n-1293x1536.jpg 1293w, https:\/\/kichiko.net\/wp-content\/uploads\/2024\/07\/449521791_10161745687201241_7469599621685987713_n.jpg 1724w\" sizes=\"(max-width: 862px) 100vw, 862px\" \/><figcaption>3 uker<\/figcaption><\/figure>\n\n\n\n<figure class=\"wp-block-image size-large\"><img loading=\"lazy\" width=\"826\" height=\"1024\" src=\"https:\/\/kichiko.net\/wp-content\/uploads\/2024\/07\/450336390_10161762668946241_7776972753713920759_n-826x1024.jpg\" alt=\"\" class=\"wp-image-5273\" srcset=\"https:\/\/kichiko.net\/wp-content\/uploads\/2024\/07\/450336390_10161762668946241_7776972753713920759_n-826x1024.jpg 826w, https:\/\/kichiko.net\/wp-content\/uploads\/2024\/07\/450336390_10161762668946241_7776972753713920759_n-400x496.jpg 400w, https:\/\/kichiko.net\/wp-content\/uploads\/2024\/07\/450336390_10161762668946241_7776972753713920759_n-768x952.jpg 768w, https:\/\/kichiko.net\/wp-content\/uploads\/2024\/07\/450336390_10161762668946241_7776972753713920759_n-1239x1536.jpg 1239w, https:\/\/kichiko.net\/wp-content\/uploads\/2024\/07\/450336390_10161762668946241_7776972753713920759_n.jpg 1652w\" sizes=\"(max-width: 826px) 100vw, 826px\" \/><figcaption>4 uker<\/figcaption><\/figure>\n\n\n\n<figure class=\"wp-block-image size-large\"><img loading=\"lazy\" width=\"804\" height=\"1024\" src=\"https:\/\/kichiko.net\/wp-content\/uploads\/2024\/07\/451060253_10161780825516241_55595080019191332_n-804x1024.jpg\" alt=\"\" class=\"wp-image-5274\" srcset=\"https:\/\/kichiko.net\/wp-content\/uploads\/2024\/07\/451060253_10161780825516241_55595080019191332_n-804x1024.jpg 804w, https:\/\/kichiko.net\/wp-content\/uploads\/2024\/07\/451060253_10161780825516241_55595080019191332_n-400x509.jpg 400w, https:\/\/kichiko.net\/wp-content\/uploads\/2024\/07\/451060253_10161780825516241_55595080019191332_n-768x978.jpg 768w, https:\/\/kichiko.net\/wp-content\/uploads\/2024\/07\/451060253_10161780825516241_55595080019191332_n-1206x1536.jpg 1206w, https:\/\/kichiko.net\/wp-content\/uploads\/2024\/07\/451060253_10161780825516241_55595080019191332_n.jpg 1608w\" sizes=\"(max-width: 804px) 100vw, 804px\" \/><figcaption>5 uker<\/figcaption><\/figure>\n\n\n\n<figure class=\"wp-block-image size-large\"><img loading=\"lazy\" width=\"757\" height=\"1024\" src=\"https:\/\/kichiko.net\/wp-content\/uploads\/2024\/07\/452466069_10161799257746241_8716406254691854266_n-757x1024.jpg\" alt=\"\" class=\"wp-image-5275\" srcset=\"https:\/\/kichiko.net\/wp-content\/uploads\/2024\/07\/452466069_10161799257746241_8716406254691854266_n-757x1024.jpg 757w, https:\/\/kichiko.net\/wp-content\/uploads\/2024\/07\/452466069_10161799257746241_8716406254691854266_n-400x541.jpg 400w, https:\/\/kichiko.net\/wp-content\/uploads\/2024\/07\/452466069_10161799257746241_8716406254691854266_n-768x1039.jpg 768w, https:\/\/kichiko.net\/wp-content\/uploads\/2024\/07\/452466069_10161799257746241_8716406254691854266_n-1136x1536.jpg 1136w, https:\/\/kichiko.net\/wp-content\/uploads\/2024\/07\/452466069_10161799257746241_8716406254691854266_n.jpg 1514w\" sizes=\"(max-width: 757px) 100vw, 757px\" \/><figcaption>6 uker<\/figcaption><\/figure>\n\n\n\n<figure class=\"wp-block-image size-large\"><img loading=\"lazy\" width=\"768\" height=\"1024\" src=\"https:\/\/kichiko.net\/wp-content\/uploads\/2024\/07\/orange-768x1024.jpg\" alt=\"\" class=\"wp-image-5276\" srcset=\"https:\/\/kichiko.net\/wp-content\/uploads\/2024\/07\/orange-768x1024.jpg 768w, https:\/\/kichiko.net\/wp-content\/uploads\/2024\/07\/orange-400x533.jpg 400w, https:\/\/kichiko.net\/wp-content\/uploads\/2024\/07\/orange-1152x1536.jpg 1152w, https:\/\/kichiko.net\/wp-content\/uploads\/2024\/07\/orange.jpg 1536w\" sizes=\"(max-width: 768px) 100vw, 768px\" \/><figcaption>7 uker<\/figcaption><\/figure>\n\n\n\n<p><\/p>\n","protected":false},"excerpt":{"rendered":"<p>Det ble en r\u00f8d tispe som fikk navnet Kichikos\u00a0Unique Sweetest ShioNick : ShioRase : ShibaKj\u00f8nn: TispeFarge : R\u00f8dF\u00f8dt: 10.06.2024Reg.nr : NO 46608\/24HD:AD:Patella:\u00d8yne:Bitt: Eiere :\u00a0Egil Syre og Renata Alves-Syre, Stavanger<\/p>\n","protected":false},"author":2,"featured_media":0,"parent":5180,"menu_order":5,"comment_status":"closed","ping_status":"closed","template":"","meta":[],"_links":{"self":[{"href":"https:\/\/kichiko.net\/index.php?rest_route=\/wp\/v2\/pages\/5198"}],"collection":[{"href":"https:\/\/kichiko.net\/index.php?rest_route=\/wp\/v2\/pages"}],"about":[{"href":"https:\/\/kichiko.net\/index.php?rest_route=\/wp\/v2\/types\/page"}],"author":[{"embeddable":true,"href":"https:\/\/kichiko.net\/index.php?rest_route=\/wp\/v2\/users\/2"}],"replies":[{"embeddable":true,"href":"https:\/\/kichiko.net\/index.php?rest_route=%2Fwp%2Fv2%2Fcomments&post=5198"}],"version-history":[{"count":5,"href":"https:\/\/kichiko.net\/index.php?rest_route=\/wp\/v2\/pages\/5198\/revisions"}],"predecessor-version":[{"id":5277,"href":"https:\/\/kichiko.net\/index.php?rest_route=\/wp\/v2\/pages\/5198\/revisions\/5277"}],"up":[{"embeddable":true,"href":"https:\/\/kichiko.net\/index.php?rest_route=\/wp\/v2\/pages\/5180"}],"wp:attachment":[{"href":"https:\/\/kichiko.net\/index.php?rest_route=%2Fwp%2Fv2%2Fmedia&parent=5198"}],"curies":[{"name":"wp","href":"https:\/\/api.w.org\/{rel}","templated":true}]}}