{"id":5196,"date":"2024-07-05T21:36:28","date_gmt":"2024-07-05T20:36:28","guid":{"rendered":"https:\/\/kichiko.net\/?page_id=5196"},"modified":"2024-07-28T13:59:23","modified_gmt":"2024-07-28T12:59:23","slug":"kichikos-u-4","status":"publish","type":"page","link":"https:\/\/kichiko.net\/?page_id=5196","title":{"rendered":"Unique Squishy Kosho"},"content":{"rendered":"\n<p>Det ble en r\u00f8d tispe som fikk navnet Kichiko<code>s\u00a0<\/code>Unique Squishy Kosho<br>Nick : Kosho<br>Rase : Shiba<br>Kj\u00f8nn: Tispe<br>Farge : R\u00f8d<br>F\u00f8dt: 10.06.2024<br>Reg.nr : NO 46607\/24<br>HD:<br>AD:<br>Patella:<br>\u00d8yne:<br>Bitt:<\/p>\n\n\n\n<p>Eiere :\u00a0Egil Syre og Renata Alves-Syre, Stavanger<\/p>\n\n\n\n<figure class=\"wp-block-image size-large\"><img loading=\"lazy\" width=\"1024\" height=\"970\" src=\"https:\/\/kichiko.net\/wp-content\/uploads\/2024\/07\/448178420_10161694236746241_6899387347978188311_n-1024x970.jpg\" alt=\"\" class=\"wp-image-5225\" srcset=\"https:\/\/kichiko.net\/wp-content\/uploads\/2024\/07\/448178420_10161694236746241_6899387347978188311_n-1024x970.jpg 1024w, https:\/\/kichiko.net\/wp-content\/uploads\/2024\/07\/448178420_10161694236746241_6899387347978188311_n-400x379.jpg 400w, https:\/\/kichiko.net\/wp-content\/uploads\/2024\/07\/448178420_10161694236746241_6899387347978188311_n-768x727.jpg 768w, https:\/\/kichiko.net\/wp-content\/uploads\/2024\/07\/448178420_10161694236746241_6899387347978188311_n-1536x1455.jpg 1536w, https:\/\/kichiko.net\/wp-content\/uploads\/2024\/07\/448178420_10161694236746241_6899387347978188311_n.jpg 1912w\" sizes=\"(max-width: 1024px) 100vw, 1024px\" \/><figcaption>Nyf\u00f8dt<\/figcaption><\/figure>\n\n\n\n<figure class=\"wp-block-image size-large\"><img loading=\"lazy\" width=\"1019\" height=\"1024\" src=\"https:\/\/kichiko.net\/wp-content\/uploads\/2024\/07\/448653492_10161712075551241_2470381372863234578_n-1019x1024.jpg\" alt=\"\" class=\"wp-image-5226\" srcset=\"https:\/\/kichiko.net\/wp-content\/uploads\/2024\/07\/448653492_10161712075551241_2470381372863234578_n-1019x1024.jpg 1019w, https:\/\/kichiko.net\/wp-content\/uploads\/2024\/07\/448653492_10161712075551241_2470381372863234578_n-400x402.jpg 400w, https:\/\/kichiko.net\/wp-content\/uploads\/2024\/07\/448653492_10161712075551241_2470381372863234578_n-150x150.jpg 150w, https:\/\/kichiko.net\/wp-content\/uploads\/2024\/07\/448653492_10161712075551241_2470381372863234578_n-768x772.jpg 768w, https:\/\/kichiko.net\/wp-content\/uploads\/2024\/07\/448653492_10161712075551241_2470381372863234578_n-1529x1536.jpg 1529w, https:\/\/kichiko.net\/wp-content\/uploads\/2024\/07\/448653492_10161712075551241_2470381372863234578_n.jpg 2038w\" sizes=\"(max-width: 1019px) 100vw, 1019px\" \/><figcaption>1 uke<\/figcaption><\/figure>\n\n\n\n<figure class=\"wp-block-image size-large\"><img loading=\"lazy\" width=\"768\" height=\"1024\" src=\"https:\/\/kichiko.net\/wp-content\/uploads\/2024\/07\/448984642_10161727676281241_1982401042529992649_n-768x1024.jpg\" alt=\"\" class=\"wp-image-5227\" srcset=\"https:\/\/kichiko.net\/wp-content\/uploads\/2024\/07\/448984642_10161727676281241_1982401042529992649_n-768x1024.jpg 768w, https:\/\/kichiko.net\/wp-content\/uploads\/2024\/07\/448984642_10161727676281241_1982401042529992649_n-400x533.jpg 400w, https:\/\/kichiko.net\/wp-content\/uploads\/2024\/07\/448984642_10161727676281241_1982401042529992649_n-1152x1536.jpg 1152w, https:\/\/kichiko.net\/wp-content\/uploads\/2024\/07\/448984642_10161727676281241_1982401042529992649_n.jpg 1536w\" sizes=\"(max-width: 768px) 100vw, 768px\" \/><figcaption>2 uker<\/figcaption><\/figure>\n\n\n\n<figure class=\"wp-block-image size-large\"><img loading=\"lazy\" width=\"855\" height=\"1024\" src=\"https:\/\/kichiko.net\/wp-content\/uploads\/2024\/07\/449516913_10161745686901241_4824815768511870319_n-855x1024.jpg\" alt=\"\" class=\"wp-image-5229\" srcset=\"https:\/\/kichiko.net\/wp-content\/uploads\/2024\/07\/449516913_10161745686901241_4824815768511870319_n-855x1024.jpg 855w, https:\/\/kichiko.net\/wp-content\/uploads\/2024\/07\/449516913_10161745686901241_4824815768511870319_n-400x479.jpg 400w, https:\/\/kichiko.net\/wp-content\/uploads\/2024\/07\/449516913_10161745686901241_4824815768511870319_n-768x920.jpg 768w, https:\/\/kichiko.net\/wp-content\/uploads\/2024\/07\/449516913_10161745686901241_4824815768511870319_n-1283x1536.jpg 1283w, https:\/\/kichiko.net\/wp-content\/uploads\/2024\/07\/449516913_10161745686901241_4824815768511870319_n.jpg 1710w\" sizes=\"(max-width: 855px) 100vw, 855px\" \/><figcaption>3 uker<\/figcaption><\/figure>\n\n\n\n<p><\/p>\n","protected":false},"excerpt":{"rendered":"<p>Det ble en r\u00f8d tispe som fikk navnet Kichikos\u00a0Unique Squishy KoshoNick : KoshoRase : ShibaKj\u00f8nn: TispeFarge : R\u00f8dF\u00f8dt: 10.06.2024Reg.nr : NO 46607\/24HD:AD:Patella:\u00d8yne:Bitt: Eiere :\u00a0Egil Syre og Renata Alves-Syre, Stavanger<\/p>\n","protected":false},"author":2,"featured_media":0,"parent":5180,"menu_order":4,"comment_status":"closed","ping_status":"closed","template":"","meta":[],"_links":{"self":[{"href":"https:\/\/kichiko.net\/index.php?rest_route=\/wp\/v2\/pages\/5196"}],"collection":[{"href":"https:\/\/kichiko.net\/index.php?rest_route=\/wp\/v2\/pages"}],"about":[{"href":"https:\/\/kichiko.net\/index.php?rest_route=\/wp\/v2\/types\/page"}],"author":[{"embeddable":true,"href":"https:\/\/kichiko.net\/index.php?rest_route=\/wp\/v2\/users\/2"}],"replies":[{"embeddable":true,"href":"https:\/\/kichiko.net\/index.php?rest_route=%2Fwp%2Fv2%2Fcomments&post=5196"}],"version-history":[{"count":4,"href":"https:\/\/kichiko.net\/index.php?rest_route=\/wp\/v2\/pages\/5196\/revisions"}],"predecessor-version":[{"id":5270,"href":"https:\/\/kichiko.net\/index.php?rest_route=\/wp\/v2\/pages\/5196\/revisions\/5270"}],"up":[{"embeddable":true,"href":"https:\/\/kichiko.net\/index.php?rest_route=\/wp\/v2\/pages\/5180"}],"wp:attachment":[{"href":"https:\/\/kichiko.net\/index.php?rest_route=%2Fwp%2Fv2%2Fmedia&parent=5196"}],"curies":[{"name":"wp","href":"https:\/\/api.w.org\/{rel}","templated":true}]}}