{"id":5192,"date":"2024-07-05T21:35:33","date_gmt":"2024-07-05T20:35:33","guid":{"rendered":"https:\/\/kichiko.net\/?page_id=5192"},"modified":"2024-07-28T13:54:31","modified_gmt":"2024-07-28T12:54:31","slug":"kichikos-u-2","status":"publish","type":"page","link":"https:\/\/kichiko.net\/?page_id=5192","title":{"rendered":"Unique Sweet Zita"},"content":{"rendered":"\n<p>Det ble en r\u00f8d tispe som fikk navnet Kichiko<code>s\u00a0<\/code>Unique Sweet Zita<br>Nick : Zita<br>Rase : Shiba<br>Kj\u00f8nn: Tispe<br>Farge : R\u00f8d<br>F\u00f8dt: 10.06.2024<br>Reg.nr : NO46605\/24<br>HD:<br>AD:<br>Patella:<br>\u00d8yne:<br>Bitt:<\/p>\n\n\n\n<p>Eiere :\u00a0Annettte Berg Sagen, Oslo<\/p>\n\n\n\n<figure class=\"wp-block-image size-large\"><img loading=\"lazy\" width=\"1024\" height=\"974\" src=\"https:\/\/kichiko.net\/wp-content\/uploads\/2024\/07\/448122129_10161694236841241_5011952399561401475_n-1024x974.jpg\" alt=\"\" class=\"wp-image-5212\" srcset=\"https:\/\/kichiko.net\/wp-content\/uploads\/2024\/07\/448122129_10161694236841241_5011952399561401475_n-1024x974.jpg 1024w, https:\/\/kichiko.net\/wp-content\/uploads\/2024\/07\/448122129_10161694236841241_5011952399561401475_n-400x381.jpg 400w, https:\/\/kichiko.net\/wp-content\/uploads\/2024\/07\/448122129_10161694236841241_5011952399561401475_n-768x731.jpg 768w, https:\/\/kichiko.net\/wp-content\/uploads\/2024\/07\/448122129_10161694236841241_5011952399561401475_n-1536x1462.jpg 1536w, https:\/\/kichiko.net\/wp-content\/uploads\/2024\/07\/448122129_10161694236841241_5011952399561401475_n.jpg 2027w\" sizes=\"(max-width: 1024px) 100vw, 1024px\" \/><figcaption>Nyf\u00f8dt<\/figcaption><\/figure>\n\n\n\n<figure class=\"wp-block-image size-large\"><img loading=\"lazy\" width=\"931\" height=\"1024\" src=\"https:\/\/kichiko.net\/wp-content\/uploads\/2024\/07\/448537359_10161712075801241_3090870452258329257_n-931x1024.jpg\" alt=\"\" class=\"wp-image-5215\" srcset=\"https:\/\/kichiko.net\/wp-content\/uploads\/2024\/07\/448537359_10161712075801241_3090870452258329257_n-931x1024.jpg 931w, https:\/\/kichiko.net\/wp-content\/uploads\/2024\/07\/448537359_10161712075801241_3090870452258329257_n-400x440.jpg 400w, https:\/\/kichiko.net\/wp-content\/uploads\/2024\/07\/448537359_10161712075801241_3090870452258329257_n-768x845.jpg 768w, https:\/\/kichiko.net\/wp-content\/uploads\/2024\/07\/448537359_10161712075801241_3090870452258329257_n-1397x1536.jpg 1397w, https:\/\/kichiko.net\/wp-content\/uploads\/2024\/07\/448537359_10161712075801241_3090870452258329257_n.jpg 1862w\" sizes=\"(max-width: 931px) 100vw, 931px\" \/><figcaption>1 uke <\/figcaption><\/figure>\n\n\n\n<figure class=\"wp-block-image size-large\"><img loading=\"lazy\" width=\"768\" height=\"1024\" src=\"https:\/\/kichiko.net\/wp-content\/uploads\/2024\/07\/448977172_10161727676476241_5407593908440188906_n-768x1024.jpg\" alt=\"\" class=\"wp-image-5216\" srcset=\"https:\/\/kichiko.net\/wp-content\/uploads\/2024\/07\/448977172_10161727676476241_5407593908440188906_n-768x1024.jpg 768w, https:\/\/kichiko.net\/wp-content\/uploads\/2024\/07\/448977172_10161727676476241_5407593908440188906_n-400x533.jpg 400w, https:\/\/kichiko.net\/wp-content\/uploads\/2024\/07\/448977172_10161727676476241_5407593908440188906_n-1152x1536.jpg 1152w, https:\/\/kichiko.net\/wp-content\/uploads\/2024\/07\/448977172_10161727676476241_5407593908440188906_n.jpg 1536w\" sizes=\"(max-width: 768px) 100vw, 768px\" \/><figcaption>2 uker<\/figcaption><\/figure>\n\n\n\n<figure class=\"wp-block-image size-large\"><img loading=\"lazy\" width=\"726\" height=\"1024\" src=\"https:\/\/kichiko.net\/wp-content\/uploads\/2024\/07\/449692393_10161745687136241_2475220400878454837_n-726x1024.jpg\" alt=\"\" class=\"wp-image-5217\" srcset=\"https:\/\/kichiko.net\/wp-content\/uploads\/2024\/07\/449692393_10161745687136241_2475220400878454837_n-726x1024.jpg 726w, https:\/\/kichiko.net\/wp-content\/uploads\/2024\/07\/449692393_10161745687136241_2475220400878454837_n-400x564.jpg 400w, https:\/\/kichiko.net\/wp-content\/uploads\/2024\/07\/449692393_10161745687136241_2475220400878454837_n-768x1083.jpg 768w, https:\/\/kichiko.net\/wp-content\/uploads\/2024\/07\/449692393_10161745687136241_2475220400878454837_n-1089x1536.jpg 1089w, https:\/\/kichiko.net\/wp-content\/uploads\/2024\/07\/449692393_10161745687136241_2475220400878454837_n.jpg 1452w\" sizes=\"(max-width: 726px) 100vw, 726px\" \/><figcaption>3 uker<\/figcaption><\/figure>\n\n\n\n<figure class=\"wp-block-image size-large\"><img loading=\"lazy\" width=\"812\" height=\"1024\" src=\"https:\/\/kichiko.net\/wp-content\/uploads\/2024\/07\/450473593_10161762669021241_7784356246331409627_n-812x1024.jpg\" alt=\"\" class=\"wp-image-5256\" srcset=\"https:\/\/kichiko.net\/wp-content\/uploads\/2024\/07\/450473593_10161762669021241_7784356246331409627_n-812x1024.jpg 812w, https:\/\/kichiko.net\/wp-content\/uploads\/2024\/07\/450473593_10161762669021241_7784356246331409627_n-400x504.jpg 400w, https:\/\/kichiko.net\/wp-content\/uploads\/2024\/07\/450473593_10161762669021241_7784356246331409627_n-768x969.jpg 768w, https:\/\/kichiko.net\/wp-content\/uploads\/2024\/07\/450473593_10161762669021241_7784356246331409627_n-1218x1536.jpg 1218w, https:\/\/kichiko.net\/wp-content\/uploads\/2024\/07\/450473593_10161762669021241_7784356246331409627_n.jpg 1624w\" sizes=\"(max-width: 812px) 100vw, 812px\" \/><figcaption>4 uker<\/figcaption><\/figure>\n\n\n\n<figure class=\"wp-block-image size-large\"><img loading=\"lazy\" width=\"778\" height=\"1024\" src=\"https:\/\/kichiko.net\/wp-content\/uploads\/2024\/07\/450731492_10161780825691241_8327184726612050852_n-778x1024.jpg\" alt=\"\" class=\"wp-image-5258\" srcset=\"https:\/\/kichiko.net\/wp-content\/uploads\/2024\/07\/450731492_10161780825691241_8327184726612050852_n-778x1024.jpg 778w, https:\/\/kichiko.net\/wp-content\/uploads\/2024\/07\/450731492_10161780825691241_8327184726612050852_n-400x526.jpg 400w, https:\/\/kichiko.net\/wp-content\/uploads\/2024\/07\/450731492_10161780825691241_8327184726612050852_n-768x1011.jpg 768w, https:\/\/kichiko.net\/wp-content\/uploads\/2024\/07\/450731492_10161780825691241_8327184726612050852_n-1167x1536.jpg 1167w, https:\/\/kichiko.net\/wp-content\/uploads\/2024\/07\/450731492_10161780825691241_8327184726612050852_n.jpg 1556w\" sizes=\"(max-width: 778px) 100vw, 778px\" \/><figcaption>5 uker<\/figcaption><\/figure>\n\n\n\n<figure class=\"wp-block-image size-large\"><img loading=\"lazy\" width=\"644\" height=\"1024\" src=\"https:\/\/kichiko.net\/wp-content\/uploads\/2024\/07\/452476293_10161799257616241_647664471466566882_n-644x1024.jpg\" alt=\"\" class=\"wp-image-5259\" srcset=\"https:\/\/kichiko.net\/wp-content\/uploads\/2024\/07\/452476293_10161799257616241_647664471466566882_n-644x1024.jpg 644w, https:\/\/kichiko.net\/wp-content\/uploads\/2024\/07\/452476293_10161799257616241_647664471466566882_n-377x600.jpg 377w, https:\/\/kichiko.net\/wp-content\/uploads\/2024\/07\/452476293_10161799257616241_647664471466566882_n-768x1221.jpg 768w, https:\/\/kichiko.net\/wp-content\/uploads\/2024\/07\/452476293_10161799257616241_647664471466566882_n-966x1536.jpg 966w, https:\/\/kichiko.net\/wp-content\/uploads\/2024\/07\/452476293_10161799257616241_647664471466566882_n.jpg 1288w\" sizes=\"(max-width: 644px) 100vw, 644px\" \/><figcaption>6 uker<\/figcaption><\/figure>\n\n\n\n<figure class=\"wp-block-image size-large\"><img loading=\"lazy\" width=\"768\" height=\"1024\" src=\"https:\/\/kichiko.net\/wp-content\/uploads\/2024\/07\/rod-768x1024.jpg\" alt=\"\" class=\"wp-image-5260\" srcset=\"https:\/\/kichiko.net\/wp-content\/uploads\/2024\/07\/rod-768x1024.jpg 768w, https:\/\/kichiko.net\/wp-content\/uploads\/2024\/07\/rod-400x533.jpg 400w, https:\/\/kichiko.net\/wp-content\/uploads\/2024\/07\/rod-1152x1536.jpg 1152w, https:\/\/kichiko.net\/wp-content\/uploads\/2024\/07\/rod.jpg 1536w\" sizes=\"(max-width: 768px) 100vw, 768px\" \/><figcaption>7 uker<\/figcaption><\/figure>\n","protected":false},"excerpt":{"rendered":"<p>Det ble en r\u00f8d tispe som fikk navnet Kichikos\u00a0Unique Sweet ZitaNick : ZitaRase : ShibaKj\u00f8nn: TispeFarge : R\u00f8dF\u00f8dt: 10.06.2024Reg.nr : NO46605\/24HD:AD:Patella:\u00d8yne:Bitt: Eiere :\u00a0Annettte Berg Sagen, Oslo<\/p>\n","protected":false},"author":2,"featured_media":0,"parent":5180,"menu_order":2,"comment_status":"closed","ping_status":"closed","template":"","meta":[],"_links":{"self":[{"href":"https:\/\/kichiko.net\/index.php?rest_route=\/wp\/v2\/pages\/5192"}],"collection":[{"href":"https:\/\/kichiko.net\/index.php?rest_route=\/wp\/v2\/pages"}],"about":[{"href":"https:\/\/kichiko.net\/index.php?rest_route=\/wp\/v2\/types\/page"}],"author":[{"embeddable":true,"href":"https:\/\/kichiko.net\/index.php?rest_route=\/wp\/v2\/users\/2"}],"replies":[{"embeddable":true,"href":"https:\/\/kichiko.net\/index.php?rest_route=%2Fwp%2Fv2%2Fcomments&post=5192"}],"version-history":[{"count":5,"href":"https:\/\/kichiko.net\/index.php?rest_route=\/wp\/v2\/pages\/5192\/revisions"}],"predecessor-version":[{"id":5262,"href":"https:\/\/kichiko.net\/index.php?rest_route=\/wp\/v2\/pages\/5192\/revisions\/5262"}],"up":[{"embeddable":true,"href":"https:\/\/kichiko.net\/index.php?rest_route=\/wp\/v2\/pages\/5180"}],"wp:attachment":[{"href":"https:\/\/kichiko.net\/index.php?rest_route=%2Fwp%2Fv2%2Fmedia&parent=5192"}],"curies":[{"name":"wp","href":"https:\/\/api.w.org\/{rel}","templated":true}]}}