{"id":5190,"date":"2024-07-05T21:35:03","date_gmt":"2024-07-05T20:35:03","guid":{"rendered":"https:\/\/kichiko.net\/?page_id=5190"},"modified":"2024-07-28T13:51:47","modified_gmt":"2024-07-28T12:51:47","slug":"kichikos-u","status":"publish","type":"page","link":"https:\/\/kichiko.net\/?page_id=5190","title":{"rendered":"Unique Tough Rusty"},"content":{"rendered":"\n<p>Det ble en r\u00f8d hann som fikk navnet Kichiko<code>s\u00a0<\/code>Unique Tough Rusty<br>Nick : Rusty<br>Rase : Shiba<br>Kj\u00f8nn: Hann<br>Farge : R\u00f8d<br>F\u00f8dt: 10.06.2024<br>Reg.nr : NO46604\/24<br>HD:<br>AD:<br>Patella:<br>\u00d8yne:<br>Bitt:<\/p>\n\n\n\n<p>Eiere :\u00a0John Colby Perkins og Tone Stene, Auli<\/p>\n\n\n\n<figure class=\"wp-block-image size-large\"><img loading=\"lazy\" width=\"1024\" height=\"989\" src=\"https:\/\/kichiko.net\/wp-content\/uploads\/2024\/07\/448176674_10161694236676241_4157410669513803517_n-1024x989.jpg\" alt=\"\" class=\"wp-image-5205\" srcset=\"https:\/\/kichiko.net\/wp-content\/uploads\/2024\/07\/448176674_10161694236676241_4157410669513803517_n-1024x989.jpg 1024w, https:\/\/kichiko.net\/wp-content\/uploads\/2024\/07\/448176674_10161694236676241_4157410669513803517_n-400x386.jpg 400w, https:\/\/kichiko.net\/wp-content\/uploads\/2024\/07\/448176674_10161694236676241_4157410669513803517_n-768x742.jpg 768w, https:\/\/kichiko.net\/wp-content\/uploads\/2024\/07\/448176674_10161694236676241_4157410669513803517_n-1536x1484.jpg 1536w, https:\/\/kichiko.net\/wp-content\/uploads\/2024\/07\/448176674_10161694236676241_4157410669513803517_n.jpg 2048w\" sizes=\"(max-width: 1024px) 100vw, 1024px\" \/><figcaption>Nyf\u00f8dt<\/figcaption><\/figure>\n\n\n\n<figure class=\"wp-block-image size-large\"><img loading=\"lazy\" width=\"943\" height=\"1024\" src=\"https:\/\/kichiko.net\/wp-content\/uploads\/2024\/07\/448638306_10161712075361241_6088591074364835495_n-943x1024.jpg\" alt=\"\" class=\"wp-image-5207\" srcset=\"https:\/\/kichiko.net\/wp-content\/uploads\/2024\/07\/448638306_10161712075361241_6088591074364835495_n-943x1024.jpg 943w, https:\/\/kichiko.net\/wp-content\/uploads\/2024\/07\/448638306_10161712075361241_6088591074364835495_n-400x434.jpg 400w, https:\/\/kichiko.net\/wp-content\/uploads\/2024\/07\/448638306_10161712075361241_6088591074364835495_n-768x834.jpg 768w, https:\/\/kichiko.net\/wp-content\/uploads\/2024\/07\/448638306_10161712075361241_6088591074364835495_n-1415x1536.jpg 1415w, https:\/\/kichiko.net\/wp-content\/uploads\/2024\/07\/448638306_10161712075361241_6088591074364835495_n.jpg 1886w\" sizes=\"(max-width: 943px) 100vw, 943px\" \/><figcaption>1 uke <\/figcaption><\/figure>\n\n\n\n<figure class=\"wp-block-image size-large\"><img loading=\"lazy\" width=\"729\" height=\"1024\" src=\"https:\/\/kichiko.net\/wp-content\/uploads\/2024\/07\/449085802_10161727676206241_6296150850305344327_n-729x1024.jpg\" alt=\"\" class=\"wp-image-5208\" srcset=\"https:\/\/kichiko.net\/wp-content\/uploads\/2024\/07\/449085802_10161727676206241_6296150850305344327_n-729x1024.jpg 729w, https:\/\/kichiko.net\/wp-content\/uploads\/2024\/07\/449085802_10161727676206241_6296150850305344327_n-400x562.jpg 400w, https:\/\/kichiko.net\/wp-content\/uploads\/2024\/07\/449085802_10161727676206241_6296150850305344327_n-768x1079.jpg 768w, https:\/\/kichiko.net\/wp-content\/uploads\/2024\/07\/449085802_10161727676206241_6296150850305344327_n-1094x1536.jpg 1094w, https:\/\/kichiko.net\/wp-content\/uploads\/2024\/07\/449085802_10161727676206241_6296150850305344327_n.jpg 1458w\" sizes=\"(max-width: 729px) 100vw, 729px\" \/><figcaption>2 uker<\/figcaption><\/figure>\n\n\n\n<figure class=\"wp-block-image size-large\"><img loading=\"lazy\" width=\"691\" height=\"1024\" src=\"https:\/\/kichiko.net\/wp-content\/uploads\/2024\/07\/449679400_10161745686876241_1022419189321703059_n-691x1024.jpg\" alt=\"\" class=\"wp-image-5209\" srcset=\"https:\/\/kichiko.net\/wp-content\/uploads\/2024\/07\/449679400_10161745686876241_1022419189321703059_n-691x1024.jpg 691w, https:\/\/kichiko.net\/wp-content\/uploads\/2024\/07\/449679400_10161745686876241_1022419189321703059_n-400x593.jpg 400w, https:\/\/kichiko.net\/wp-content\/uploads\/2024\/07\/449679400_10161745686876241_1022419189321703059_n-768x1138.jpg 768w, https:\/\/kichiko.net\/wp-content\/uploads\/2024\/07\/449679400_10161745686876241_1022419189321703059_n-1037x1536.jpg 1037w, https:\/\/kichiko.net\/wp-content\/uploads\/2024\/07\/449679400_10161745686876241_1022419189321703059_n.jpg 1382w\" sizes=\"(max-width: 691px) 100vw, 691px\" \/><figcaption>3 uker<\/figcaption><\/figure>\n\n\n\n<figure class=\"wp-block-image size-large\"><img loading=\"lazy\" width=\"1004\" height=\"1024\" src=\"https:\/\/kichiko.net\/wp-content\/uploads\/2024\/07\/450328407_10161762668881241_4101340796462555679_n-1004x1024.jpg\" alt=\"\" class=\"wp-image-5251\" srcset=\"https:\/\/kichiko.net\/wp-content\/uploads\/2024\/07\/450328407_10161762668881241_4101340796462555679_n-1004x1024.jpg 1004w, https:\/\/kichiko.net\/wp-content\/uploads\/2024\/07\/450328407_10161762668881241_4101340796462555679_n-400x408.jpg 400w, https:\/\/kichiko.net\/wp-content\/uploads\/2024\/07\/450328407_10161762668881241_4101340796462555679_n-768x783.jpg 768w, https:\/\/kichiko.net\/wp-content\/uploads\/2024\/07\/450328407_10161762668881241_4101340796462555679_n-1506x1536.jpg 1506w, https:\/\/kichiko.net\/wp-content\/uploads\/2024\/07\/450328407_10161762668881241_4101340796462555679_n.jpg 2008w\" sizes=\"(max-width: 1004px) 100vw, 1004px\" \/><figcaption>4 uker<\/figcaption><\/figure>\n\n\n\n<figure class=\"wp-block-image size-large\"><img loading=\"lazy\" width=\"670\" height=\"1024\" src=\"https:\/\/kichiko.net\/wp-content\/uploads\/2024\/07\/450686994_10161780825316241_3307060210193842249_n-670x1024.jpg\" alt=\"\" class=\"wp-image-5252\" srcset=\"https:\/\/kichiko.net\/wp-content\/uploads\/2024\/07\/450686994_10161780825316241_3307060210193842249_n-670x1024.jpg 670w, https:\/\/kichiko.net\/wp-content\/uploads\/2024\/07\/450686994_10161780825316241_3307060210193842249_n-393x600.jpg 393w, https:\/\/kichiko.net\/wp-content\/uploads\/2024\/07\/450686994_10161780825316241_3307060210193842249_n-768x1174.jpg 768w, https:\/\/kichiko.net\/wp-content\/uploads\/2024\/07\/450686994_10161780825316241_3307060210193842249_n-1005x1536.jpg 1005w, https:\/\/kichiko.net\/wp-content\/uploads\/2024\/07\/450686994_10161780825316241_3307060210193842249_n.jpg 1340w\" sizes=\"(max-width: 670px) 100vw, 670px\" \/><figcaption>5 uker<\/figcaption><\/figure>\n\n\n\n<figure class=\"wp-block-image size-large\"><img loading=\"lazy\" width=\"801\" height=\"1024\" src=\"https:\/\/kichiko.net\/wp-content\/uploads\/2024\/07\/452646511_10161799257476241_8471398010740475399_n-801x1024.jpg\" alt=\"\" class=\"wp-image-5253\" srcset=\"https:\/\/kichiko.net\/wp-content\/uploads\/2024\/07\/452646511_10161799257476241_8471398010740475399_n-801x1024.jpg 801w, https:\/\/kichiko.net\/wp-content\/uploads\/2024\/07\/452646511_10161799257476241_8471398010740475399_n-400x511.jpg 400w, https:\/\/kichiko.net\/wp-content\/uploads\/2024\/07\/452646511_10161799257476241_8471398010740475399_n-768x982.jpg 768w, https:\/\/kichiko.net\/wp-content\/uploads\/2024\/07\/452646511_10161799257476241_8471398010740475399_n-1202x1536.jpg 1202w, https:\/\/kichiko.net\/wp-content\/uploads\/2024\/07\/452646511_10161799257476241_8471398010740475399_n.jpg 1602w\" sizes=\"(max-width: 801px) 100vw, 801px\" \/><figcaption>6 uker<\/figcaption><\/figure>\n\n\n\n<figure class=\"wp-block-image size-large\"><img loading=\"lazy\" width=\"768\" height=\"1024\" src=\"https:\/\/kichiko.net\/wp-content\/uploads\/2024\/07\/452471825_3427009550926062_9020418307695449560_n-768x1024.jpg\" alt=\"\" class=\"wp-image-5254\" srcset=\"https:\/\/kichiko.net\/wp-content\/uploads\/2024\/07\/452471825_3427009550926062_9020418307695449560_n-768x1024.jpg 768w, https:\/\/kichiko.net\/wp-content\/uploads\/2024\/07\/452471825_3427009550926062_9020418307695449560_n-400x533.jpg 400w, https:\/\/kichiko.net\/wp-content\/uploads\/2024\/07\/452471825_3427009550926062_9020418307695449560_n-1152x1536.jpg 1152w, https:\/\/kichiko.net\/wp-content\/uploads\/2024\/07\/452471825_3427009550926062_9020418307695449560_n.jpg 1536w\" sizes=\"(max-width: 768px) 100vw, 768px\" \/><figcaption>7 uker<\/figcaption><\/figure>\n","protected":false},"excerpt":{"rendered":"<p>Det ble en r\u00f8d hann som fikk navnet Kichikos\u00a0Unique Tough RustyNick : RustyRase : ShibaKj\u00f8nn: HannFarge : R\u00f8dF\u00f8dt: 10.06.2024Reg.nr : NO46604\/24HD:AD:Patella:\u00d8yne:Bitt: Eiere :\u00a0John Colby Perkins og Tone Stene, Auli<\/p>\n","protected":false},"author":2,"featured_media":0,"parent":5180,"menu_order":1,"comment_status":"closed","ping_status":"closed","template":"","meta":[],"_links":{"self":[{"href":"https:\/\/kichiko.net\/index.php?rest_route=\/wp\/v2\/pages\/5190"}],"collection":[{"href":"https:\/\/kichiko.net\/index.php?rest_route=\/wp\/v2\/pages"}],"about":[{"href":"https:\/\/kichiko.net\/index.php?rest_route=\/wp\/v2\/types\/page"}],"author":[{"embeddable":true,"href":"https:\/\/kichiko.net\/index.php?rest_route=\/wp\/v2\/users\/2"}],"replies":[{"embeddable":true,"href":"https:\/\/kichiko.net\/index.php?rest_route=%2Fwp%2Fv2%2Fcomments&post=5190"}],"version-history":[{"count":5,"href":"https:\/\/kichiko.net\/index.php?rest_route=\/wp\/v2\/pages\/5190\/revisions"}],"predecessor-version":[{"id":5255,"href":"https:\/\/kichiko.net\/index.php?rest_route=\/wp\/v2\/pages\/5190\/revisions\/5255"}],"up":[{"embeddable":true,"href":"https:\/\/kichiko.net\/index.php?rest_route=\/wp\/v2\/pages\/5180"}],"wp:attachment":[{"href":"https:\/\/kichiko.net\/index.php?rest_route=%2Fwp%2Fv2%2Fmedia&parent=5190"}],"curies":[{"name":"wp","href":"https:\/\/api.w.org\/{rel}","templated":true}]}}