{"id":5030,"date":"2023-12-03T22:13:10","date_gmt":"2023-12-03T21:13:10","guid":{"rendered":"https:\/\/kichiko.net\/?page_id=5030"},"modified":"2024-01-06T15:01:23","modified_gmt":"2024-01-06T14:01:23","slug":"kichikos-s-5","status":"publish","type":"page","link":"https:\/\/kichiko.net\/?page_id=5030","title":{"rendered":"Sweet Venom"},"content":{"rendered":"\n<p>Det ble en r\u00f8d tispe som veide 233 gram og fikk navnet Kichiko`s Sweet Venom<br>Nick : Bj\u00f8rk<br>Rase : Shiba<br>Kj\u00f8nn: Tispe<br>Farge : R\u00f8d<br>F\u00f8dt: 13.11.2023<br>Reg.nr : NO58356\/23<br>HD:<br>AD:<br>Patella:<br>\u00d8yne:<br>Bitt:<\/p>\n\n\n\n<p>Eiere :\u00a0Catriona Hussain, Oslo<\/p>\n\n\n\n<figure class=\"wp-block-image size-large\"><img loading=\"lazy\" width=\"998\" height=\"1024\" src=\"https:\/\/kichiko.net\/wp-content\/uploads\/2023\/12\/gul-3-998x1024.jpg\" alt=\"\" class=\"wp-image-5031\" srcset=\"https:\/\/kichiko.net\/wp-content\/uploads\/2023\/12\/gul-3-998x1024.jpg 998w, https:\/\/kichiko.net\/wp-content\/uploads\/2023\/12\/gul-3-400x410.jpg 400w, https:\/\/kichiko.net\/wp-content\/uploads\/2023\/12\/gul-3-768x788.jpg 768w, https:\/\/kichiko.net\/wp-content\/uploads\/2023\/12\/gul-3-1497x1536.jpg 1497w, https:\/\/kichiko.net\/wp-content\/uploads\/2023\/12\/gul-3.jpg 1996w\" sizes=\"(max-width: 998px) 100vw, 998px\" \/><figcaption>Nyf\u00f8dt<\/figcaption><\/figure>\n\n\n\n<figure class=\"wp-block-image size-large\"><img loading=\"lazy\" width=\"901\" height=\"1024\" src=\"https:\/\/kichiko.net\/wp-content\/uploads\/2023\/12\/gul-4-901x1024.jpg\" alt=\"\" class=\"wp-image-5032\" srcset=\"https:\/\/kichiko.net\/wp-content\/uploads\/2023\/12\/gul-4-901x1024.jpg 901w, https:\/\/kichiko.net\/wp-content\/uploads\/2023\/12\/gul-4-400x455.jpg 400w, https:\/\/kichiko.net\/wp-content\/uploads\/2023\/12\/gul-4-768x873.jpg 768w, https:\/\/kichiko.net\/wp-content\/uploads\/2023\/12\/gul-4.jpg 1068w\" sizes=\"(max-width: 901px) 100vw, 901px\" \/><figcaption>1 uke <\/figcaption><\/figure>\n\n\n\n<figure class=\"wp-block-image size-large\"><img loading=\"lazy\" width=\"1013\" height=\"1024\" src=\"https:\/\/kichiko.net\/wp-content\/uploads\/2023\/12\/gul-5-1013x1024.jpg\" alt=\"\" class=\"wp-image-5033\" srcset=\"https:\/\/kichiko.net\/wp-content\/uploads\/2023\/12\/gul-5-1013x1024.jpg 1013w, https:\/\/kichiko.net\/wp-content\/uploads\/2023\/12\/gul-5-400x404.jpg 400w, https:\/\/kichiko.net\/wp-content\/uploads\/2023\/12\/gul-5-768x776.jpg 768w, https:\/\/kichiko.net\/wp-content\/uploads\/2023\/12\/gul-5-1519x1536.jpg 1519w, https:\/\/kichiko.net\/wp-content\/uploads\/2023\/12\/gul-5.jpg 1808w\" sizes=\"(max-width: 1013px) 100vw, 1013px\" \/><figcaption>2 uker <\/figcaption><\/figure>\n\n\n\n<figure class=\"wp-block-image size-large\"><img loading=\"lazy\" width=\"748\" height=\"1024\" src=\"https:\/\/kichiko.net\/wp-content\/uploads\/2023\/12\/gul-6-748x1024.jpg\" alt=\"\" class=\"wp-image-5060\" srcset=\"https:\/\/kichiko.net\/wp-content\/uploads\/2023\/12\/gul-6-748x1024.jpg 748w, https:\/\/kichiko.net\/wp-content\/uploads\/2023\/12\/gul-6-400x548.jpg 400w, https:\/\/kichiko.net\/wp-content\/uploads\/2023\/12\/gul-6-768x1051.jpg 768w, https:\/\/kichiko.net\/wp-content\/uploads\/2023\/12\/gul-6-1122x1536.jpg 1122w, https:\/\/kichiko.net\/wp-content\/uploads\/2023\/12\/gul-6.jpg 1496w\" sizes=\"(max-width: 748px) 100vw, 748px\" \/><figcaption>3 uker<\/figcaption><\/figure>\n\n\n\n<figure class=\"wp-block-image size-large\"><img loading=\"lazy\" width=\"1024\" height=\"1006\" src=\"https:\/\/kichiko.net\/wp-content\/uploads\/2023\/12\/gul-7-1024x1006.jpg\" alt=\"\" class=\"wp-image-5088\" srcset=\"https:\/\/kichiko.net\/wp-content\/uploads\/2023\/12\/gul-7-1024x1006.jpg 1024w, https:\/\/kichiko.net\/wp-content\/uploads\/2023\/12\/gul-7-400x393.jpg 400w, https:\/\/kichiko.net\/wp-content\/uploads\/2023\/12\/gul-7-768x755.jpg 768w, https:\/\/kichiko.net\/wp-content\/uploads\/2023\/12\/gul-7-1536x1509.jpg 1536w, https:\/\/kichiko.net\/wp-content\/uploads\/2023\/12\/gul-7.jpg 1834w\" sizes=\"(max-width: 1024px) 100vw, 1024px\" \/><figcaption>4 uker<\/figcaption><\/figure>\n\n\n\n<figure class=\"wp-block-image size-large\"><img loading=\"lazy\" width=\"731\" height=\"1024\" src=\"https:\/\/kichiko.net\/wp-content\/uploads\/2023\/12\/gul-8-731x1024.jpg\" alt=\"\" class=\"wp-image-5089\" srcset=\"https:\/\/kichiko.net\/wp-content\/uploads\/2023\/12\/gul-8-731x1024.jpg 731w, https:\/\/kichiko.net\/wp-content\/uploads\/2023\/12\/gul-8-400x560.jpg 400w, https:\/\/kichiko.net\/wp-content\/uploads\/2023\/12\/gul-8-768x1076.jpg 768w, https:\/\/kichiko.net\/wp-content\/uploads\/2023\/12\/gul-8-1097x1536.jpg 1097w, https:\/\/kichiko.net\/wp-content\/uploads\/2023\/12\/gul-8.jpg 1462w\" sizes=\"(max-width: 731px) 100vw, 731px\" \/><figcaption>5 uker<\/figcaption><\/figure>\n\n\n\n<figure class=\"wp-block-image size-large\"><img loading=\"lazy\" width=\"835\" height=\"1024\" src=\"https:\/\/kichiko.net\/wp-content\/uploads\/2023\/12\/414610696_10161384601721241_1007093999739111115_n-835x1024.jpg\" alt=\"\" class=\"wp-image-5112\" srcset=\"https:\/\/kichiko.net\/wp-content\/uploads\/2023\/12\/414610696_10161384601721241_1007093999739111115_n-835x1024.jpg 835w, https:\/\/kichiko.net\/wp-content\/uploads\/2023\/12\/414610696_10161384601721241_1007093999739111115_n-400x491.jpg 400w, https:\/\/kichiko.net\/wp-content\/uploads\/2023\/12\/414610696_10161384601721241_1007093999739111115_n-768x942.jpg 768w, https:\/\/kichiko.net\/wp-content\/uploads\/2023\/12\/414610696_10161384601721241_1007093999739111115_n-1252x1536.jpg 1252w, https:\/\/kichiko.net\/wp-content\/uploads\/2023\/12\/414610696_10161384601721241_1007093999739111115_n.jpg 1642w\" sizes=\"(max-width: 835px) 100vw, 835px\" \/><figcaption>6 uker <\/figcaption><\/figure>\n\n\n\n<figure class=\"wp-block-image size-large\"><img loading=\"lazy\" width=\"1024\" height=\"991\" src=\"https:\/\/kichiko.net\/wp-content\/uploads\/2024\/01\/Bjork-1024x991.jpg\" alt=\"\" class=\"wp-image-5146\" srcset=\"https:\/\/kichiko.net\/wp-content\/uploads\/2024\/01\/Bjork-1024x991.jpg 1024w, https:\/\/kichiko.net\/wp-content\/uploads\/2024\/01\/Bjork-400x387.jpg 400w, https:\/\/kichiko.net\/wp-content\/uploads\/2024\/01\/Bjork-768x743.jpg 768w, https:\/\/kichiko.net\/wp-content\/uploads\/2024\/01\/Bjork-1536x1487.jpg 1536w, https:\/\/kichiko.net\/wp-content\/uploads\/2024\/01\/Bjork-2048x1982.jpg 2048w\" sizes=\"(max-width: 1024px) 100vw, 1024px\" \/><figcaption>Bj\u00f8rk med sine nye eiere, Adam og Catriona<\/figcaption><\/figure>\n","protected":false},"excerpt":{"rendered":"<p>Det ble en r\u00f8d tispe som veide 233 gram og fikk navnet Kichiko`s Sweet VenomNick : Bj\u00f8rkRase : ShibaKj\u00f8nn: TispeFarge : R\u00f8dF\u00f8dt: 13.11.2023Reg.nr : NO58356\/23HD:AD:Patella:\u00d8yne:Bitt: Eiere :\u00a0Catriona Hussain, Oslo<\/p>\n","protected":false},"author":2,"featured_media":0,"parent":5006,"menu_order":5,"comment_status":"closed","ping_status":"closed","template":"","meta":[],"_links":{"self":[{"href":"https:\/\/kichiko.net\/index.php?rest_route=\/wp\/v2\/pages\/5030"}],"collection":[{"href":"https:\/\/kichiko.net\/index.php?rest_route=\/wp\/v2\/pages"}],"about":[{"href":"https:\/\/kichiko.net\/index.php?rest_route=\/wp\/v2\/types\/page"}],"author":[{"embeddable":true,"href":"https:\/\/kichiko.net\/index.php?rest_route=\/wp\/v2\/users\/2"}],"replies":[{"embeddable":true,"href":"https:\/\/kichiko.net\/index.php?rest_route=%2Fwp%2Fv2%2Fcomments&post=5030"}],"version-history":[{"count":8,"href":"https:\/\/kichiko.net\/index.php?rest_route=\/wp\/v2\/pages\/5030\/revisions"}],"predecessor-version":[{"id":5148,"href":"https:\/\/kichiko.net\/index.php?rest_route=\/wp\/v2\/pages\/5030\/revisions\/5148"}],"up":[{"embeddable":true,"href":"https:\/\/kichiko.net\/index.php?rest_route=\/wp\/v2\/pages\/5006"}],"wp:attachment":[{"href":"https:\/\/kichiko.net\/index.php?rest_route=%2Fwp%2Fv2%2Fmedia&parent=5030"}],"curies":[{"name":"wp","href":"https:\/\/api.w.org\/{rel}","templated":true}]}}