{"id":5018,"date":"2023-12-03T22:09:35","date_gmt":"2023-12-03T21:09:35","guid":{"rendered":"https:\/\/kichiko.net\/?page_id=5018"},"modified":"2025-02-22T23:53:22","modified_gmt":"2025-02-22T22:53:22","slug":"kichikos-s-3","status":"publish","type":"page","link":"https:\/\/kichiko.net\/?page_id=5018","title":{"rendered":"Sweet Creature"},"content":{"rendered":"\n<p>Det ble en r\u00f8d hann som veide 228 gram og fikk navnet Kichiko`s Sweet Creature<br>Nick : Chopper<br>Rase : Shiba<br>Kj\u00f8nn: Hann<br>Farge : R\u00f8d<br>F\u00f8dt: 13.11.2023<br>Reg.nr : NO58354\/23<br>HD: B\/B<br>AD: 0\/0<br>Patella: 0\/0<br>\u00d8yne m\/gonioskopi: Intet p\u00e5vist\/fri<br>Bitt:<\/p>\n\n\n\n<p>Eiere:&nbsp;Sofie Haug Shangezi og Espen Haug, Oslo<\/p>\n\n\n\n<figure class=\"wp-block-image size-large\"><img loading=\"lazy\" width=\"1024\" height=\"1015\" src=\"https:\/\/kichiko.net\/wp-content\/uploads\/2023\/12\/sort-1024x1015.jpg\" alt=\"\" class=\"wp-image-5019\" srcset=\"https:\/\/kichiko.net\/wp-content\/uploads\/2023\/12\/sort-1024x1015.jpg 1024w, https:\/\/kichiko.net\/wp-content\/uploads\/2023\/12\/sort-400x397.jpg 400w, https:\/\/kichiko.net\/wp-content\/uploads\/2023\/12\/sort-150x150.jpg 150w, https:\/\/kichiko.net\/wp-content\/uploads\/2023\/12\/sort-768x762.jpg 768w, https:\/\/kichiko.net\/wp-content\/uploads\/2023\/12\/sort-1536x1523.jpg 1536w, https:\/\/kichiko.net\/wp-content\/uploads\/2023\/12\/sort.jpg 1902w\" sizes=\"(max-width: 1024px) 100vw, 1024px\" \/><figcaption>Nyf\u00f8dt<\/figcaption><\/figure>\n\n\n\n<figure class=\"wp-block-image size-large\"><img loading=\"lazy\" width=\"961\" height=\"1024\" src=\"https:\/\/kichiko.net\/wp-content\/uploads\/2023\/12\/sort-1-961x1024.jpg\" alt=\"\" class=\"wp-image-5020\" srcset=\"https:\/\/kichiko.net\/wp-content\/uploads\/2023\/12\/sort-1-961x1024.jpg 961w, https:\/\/kichiko.net\/wp-content\/uploads\/2023\/12\/sort-1-400x426.jpg 400w, https:\/\/kichiko.net\/wp-content\/uploads\/2023\/12\/sort-1-768x818.jpg 768w, https:\/\/kichiko.net\/wp-content\/uploads\/2023\/12\/sort-1.jpg 1132w\" sizes=\"(max-width: 961px) 100vw, 961px\" \/><figcaption>1 uke<\/figcaption><\/figure>\n\n\n\n<figure class=\"wp-block-image size-large\"><img loading=\"lazy\" width=\"865\" height=\"1024\" src=\"https:\/\/kichiko.net\/wp-content\/uploads\/2023\/12\/sort-2-865x1024.jpg\" alt=\"\" class=\"wp-image-5021\" srcset=\"https:\/\/kichiko.net\/wp-content\/uploads\/2023\/12\/sort-2-865x1024.jpg 865w, https:\/\/kichiko.net\/wp-content\/uploads\/2023\/12\/sort-2-400x474.jpg 400w, https:\/\/kichiko.net\/wp-content\/uploads\/2023\/12\/sort-2-768x910.jpg 768w, https:\/\/kichiko.net\/wp-content\/uploads\/2023\/12\/sort-2-1297x1536.jpg 1297w, https:\/\/kichiko.net\/wp-content\/uploads\/2023\/12\/sort-2.jpg 1671w\" sizes=\"(max-width: 865px) 100vw, 865px\" \/><figcaption>2 uker<\/figcaption><\/figure>\n\n\n\n<figure class=\"wp-block-image size-large\"><img loading=\"lazy\" width=\"1024\" height=\"989\" src=\"https:\/\/kichiko.net\/wp-content\/uploads\/2023\/12\/sort-3-1024x989.jpg\" alt=\"\" class=\"wp-image-5056\" srcset=\"https:\/\/kichiko.net\/wp-content\/uploads\/2023\/12\/sort-3-1024x989.jpg 1024w, https:\/\/kichiko.net\/wp-content\/uploads\/2023\/12\/sort-3-400x386.jpg 400w, https:\/\/kichiko.net\/wp-content\/uploads\/2023\/12\/sort-3-768x741.jpg 768w, https:\/\/kichiko.net\/wp-content\/uploads\/2023\/12\/sort-3-1536x1483.jpg 1536w, https:\/\/kichiko.net\/wp-content\/uploads\/2023\/12\/sort-3.jpg 1850w\" sizes=\"(max-width: 1024px) 100vw, 1024px\" \/><figcaption>3 uker<\/figcaption><\/figure>\n\n\n\n<figure class=\"wp-block-image size-large\"><img loading=\"lazy\" width=\"745\" height=\"1024\" src=\"https:\/\/kichiko.net\/wp-content\/uploads\/2023\/12\/sort-4-745x1024.jpg\" alt=\"\" class=\"wp-image-5077\" srcset=\"https:\/\/kichiko.net\/wp-content\/uploads\/2023\/12\/sort-4-745x1024.jpg 745w, https:\/\/kichiko.net\/wp-content\/uploads\/2023\/12\/sort-4-400x550.jpg 400w, https:\/\/kichiko.net\/wp-content\/uploads\/2023\/12\/sort-4-768x1056.jpg 768w, https:\/\/kichiko.net\/wp-content\/uploads\/2023\/12\/sort-4-1118x1536.jpg 1118w, https:\/\/kichiko.net\/wp-content\/uploads\/2023\/12\/sort-4.jpg 1490w\" sizes=\"(max-width: 745px) 100vw, 745px\" \/><figcaption>4 uker<\/figcaption><\/figure>\n\n\n\n<figure class=\"wp-block-image size-large\"><img loading=\"lazy\" width=\"692\" height=\"1024\" src=\"https:\/\/kichiko.net\/wp-content\/uploads\/2023\/12\/sort-5-692x1024.jpg\" alt=\"\" class=\"wp-image-5079\" srcset=\"https:\/\/kichiko.net\/wp-content\/uploads\/2023\/12\/sort-5-692x1024.jpg 692w, https:\/\/kichiko.net\/wp-content\/uploads\/2023\/12\/sort-5-400x592.jpg 400w, https:\/\/kichiko.net\/wp-content\/uploads\/2023\/12\/sort-5-768x1136.jpg 768w, https:\/\/kichiko.net\/wp-content\/uploads\/2023\/12\/sort-5-1038x1536.jpg 1038w, https:\/\/kichiko.net\/wp-content\/uploads\/2023\/12\/sort-5.jpg 1384w\" sizes=\"(max-width: 692px) 100vw, 692px\" \/><figcaption>5 uker<\/figcaption><\/figure>\n\n\n\n<figure class=\"wp-block-image size-large\"><img loading=\"lazy\" width=\"621\" height=\"1024\" src=\"https:\/\/kichiko.net\/wp-content\/uploads\/2023\/12\/414440253_10161384601786241_8915409116624680214_n-621x1024.jpg\" alt=\"\" class=\"wp-image-5108\" srcset=\"https:\/\/kichiko.net\/wp-content\/uploads\/2023\/12\/414440253_10161384601786241_8915409116624680214_n-621x1024.jpg 621w, https:\/\/kichiko.net\/wp-content\/uploads\/2023\/12\/414440253_10161384601786241_8915409116624680214_n-364x600.jpg 364w, https:\/\/kichiko.net\/wp-content\/uploads\/2023\/12\/414440253_10161384601786241_8915409116624680214_n-768x1266.jpg 768w, https:\/\/kichiko.net\/wp-content\/uploads\/2023\/12\/414440253_10161384601786241_8915409116624680214_n-932x1536.jpg 932w, https:\/\/kichiko.net\/wp-content\/uploads\/2023\/12\/414440253_10161384601786241_8915409116624680214_n.jpg 1242w\" sizes=\"(max-width: 621px) 100vw, 621px\" \/><figcaption>6 uker<\/figcaption><\/figure>\n\n\n\n<figure class=\"wp-block-image size-large\"><img loading=\"lazy\" width=\"768\" height=\"1024\" src=\"https:\/\/kichiko.net\/wp-content\/uploads\/2024\/01\/sort-768x1024.jpg\" alt=\"\" class=\"wp-image-5133\" srcset=\"https:\/\/kichiko.net\/wp-content\/uploads\/2024\/01\/sort-768x1023.jpg 768w, https:\/\/kichiko.net\/wp-content\/uploads\/2024\/01\/sort-400x533.jpg 400w, https:\/\/kichiko.net\/wp-content\/uploads\/2024\/01\/sort-1153x1536.jpg 1153w, https:\/\/kichiko.net\/wp-content\/uploads\/2024\/01\/sort.jpg 1170w\" sizes=\"(max-width: 768px) 100vw, 768px\" \/><figcaption>7 uker <\/figcaption><\/figure>\n\n\n\n<figure class=\"wp-block-image size-large\"><img loading=\"lazy\" width=\"768\" height=\"1024\" src=\"https:\/\/kichiko.net\/wp-content\/uploads\/2024\/01\/412803066_693260239540853_6788409673235779792_n-2-768x1024.jpg\" alt=\"\" class=\"wp-image-5144\" srcset=\"https:\/\/kichiko.net\/wp-content\/uploads\/2024\/01\/412803066_693260239540853_6788409673235779792_n-2-768x1024.jpg 768w, https:\/\/kichiko.net\/wp-content\/uploads\/2024\/01\/412803066_693260239540853_6788409673235779792_n-2-400x533.jpg 400w, https:\/\/kichiko.net\/wp-content\/uploads\/2024\/01\/412803066_693260239540853_6788409673235779792_n-2-1152x1536.jpg 1152w, https:\/\/kichiko.net\/wp-content\/uploads\/2024\/01\/412803066_693260239540853_6788409673235779792_n-2-1536x2048.jpg 1536w, https:\/\/kichiko.net\/wp-content\/uploads\/2024\/01\/412803066_693260239540853_6788409673235779792_n-2-scaled.jpg 1920w\" sizes=\"(max-width: 768px) 100vw, 768px\" \/><figcaption>Chopper med sine nye eiere<\/figcaption><\/figure>\n","protected":false},"excerpt":{"rendered":"<p>Det ble en r\u00f8d hann som veide 228 gram og fikk navnet Kichiko`s Sweet CreatureNick : ChopperRase : ShibaKj\u00f8nn: HannFarge : R\u00f8dF\u00f8dt: 13.11.2023Reg.nr : NO58354\/23HD: B\/BAD: 0\/0Patella: 0\/0\u00d8yne m\/gonioskopi: Intet p\u00e5vist\/friBitt: Eiere:&nbsp;Sofie Haug Shangezi og Espen Haug, Oslo<\/p>\n","protected":false},"author":2,"featured_media":0,"parent":5006,"menu_order":3,"comment_status":"closed","ping_status":"closed","template":"","meta":[],"_links":{"self":[{"href":"https:\/\/kichiko.net\/index.php?rest_route=\/wp\/v2\/pages\/5018"}],"collection":[{"href":"https:\/\/kichiko.net\/index.php?rest_route=\/wp\/v2\/pages"}],"about":[{"href":"https:\/\/kichiko.net\/index.php?rest_route=\/wp\/v2\/types\/page"}],"author":[{"embeddable":true,"href":"https:\/\/kichiko.net\/index.php?rest_route=\/wp\/v2\/users\/2"}],"replies":[{"embeddable":true,"href":"https:\/\/kichiko.net\/index.php?rest_route=%2Fwp%2Fv2%2Fcomments&post=5018"}],"version-history":[{"count":9,"href":"https:\/\/kichiko.net\/index.php?rest_route=\/wp\/v2\/pages\/5018\/revisions"}],"predecessor-version":[{"id":5736,"href":"https:\/\/kichiko.net\/index.php?rest_route=\/wp\/v2\/pages\/5018\/revisions\/5736"}],"up":[{"embeddable":true,"href":"https:\/\/kichiko.net\/index.php?rest_route=\/wp\/v2\/pages\/5006"}],"wp:attachment":[{"href":"https:\/\/kichiko.net\/index.php?rest_route=%2Fwp%2Fv2%2Fmedia&parent=5018"}],"curies":[{"name":"wp","href":"https:\/\/api.w.org\/{rel}","templated":true}]}}