{"id":501,"date":"2016-10-03T23:09:37","date_gmt":"2016-10-03T22:09:37","guid":{"rendered":"http:\/\/kichiko.net\/?page_id=501"},"modified":"2016-12-19T22:16:55","modified_gmt":"2016-12-19T21:16:55","slug":"fukutaro","status":"publish","type":"page","link":"https:\/\/kichiko.net\/?page_id=501","title":{"rendered":"Fukutaro"},"content":{"rendered":"<p><span class=\"rtb4\">Kl.\u00a010:00 . Nr.1 ble en r\u00f8d\u00a0hann som veide\u00a0255 gr.\u00a0 <span style=\"color: #000000;\">Han fikk navnet : Kichiko`s\u00a0\u00a0Fukutaro som betyr\u00a0Lykkegutt<\/span><\/span><\/p>\n<p><span class=\"rtb4\">Nick : Dexter<br \/>\nRase : Shiba<br \/>\nKj\u00f8nn : Hann<br \/>\nFarge : R\u00f8d<br \/>\nF\u00f8dt : 18\/6-2015<br \/>\nReg.nr : NO45361\/15<br \/>\nHD : A<br \/>\nAD : 0<br \/>\nBitt: Korrekt<\/span><\/p>\n<p><span class=\"rtb4\"><strong><br \/>\n<\/strong>Eier: Heidi Gabrielle Moen, Troms\u00f8<\/span><\/p>\n<div id=\"attachment_506\" style=\"width: 410px\" class=\"wp-caption alignnone\"><img aria-describedby=\"caption-attachment-506\" loading=\"lazy\" class=\"size-medium wp-image-506\" src=\"http:\/\/kichiko.net\/wp-content\/uploads\/2016\/10\/Hjf-400x475.jpg\" alt=\"1 uke\" width=\"400\" height=\"475\" srcset=\"https:\/\/kichiko.net\/wp-content\/uploads\/2016\/10\/Hjf-400x475.jpg 400w, https:\/\/kichiko.net\/wp-content\/uploads\/2016\/10\/Hjf-768x911.jpg 768w, https:\/\/kichiko.net\/wp-content\/uploads\/2016\/10\/Hjf.jpg 809w\" sizes=\"(max-width: 400px) 100vw, 400px\" \/><p id=\"caption-attachment-506\" class=\"wp-caption-text\">1 uke<\/p><\/div>\n<div id=\"attachment_507\" style=\"width: 410px\" class=\"wp-caption alignnone\"><img aria-describedby=\"caption-attachment-507\" loading=\"lazy\" class=\"size-medium wp-image-507\" src=\"http:\/\/kichiko.net\/wp-content\/uploads\/2016\/10\/hjff-400x506.jpg\" alt=\"7 uker\" width=\"400\" height=\"506\" srcset=\"https:\/\/kichiko.net\/wp-content\/uploads\/2016\/10\/hjff-400x506.jpg 400w, https:\/\/kichiko.net\/wp-content\/uploads\/2016\/10\/hjff.jpg 759w\" sizes=\"(max-width: 400px) 100vw, 400px\" \/><p id=\"caption-attachment-507\" class=\"wp-caption-text\">7 uker<\/p><\/div>\n<div id=\"attachment_508\" style=\"width: 410px\" class=\"wp-caption alignnone\"><img aria-describedby=\"caption-attachment-508\" loading=\"lazy\" class=\" wp-image-508\" src=\"http:\/\/kichiko.net\/wp-content\/uploads\/2016\/10\/hjfff-400x576.jpg\" alt=\"Dexter med sin nye eier\" width=\"400\" height=\"576\" srcset=\"https:\/\/kichiko.net\/wp-content\/uploads\/2016\/10\/hjfff-400x576.jpg 400w, https:\/\/kichiko.net\/wp-content\/uploads\/2016\/10\/hjfff.jpg 667w\" sizes=\"(max-width: 400px) 100vw, 400px\" \/><p id=\"caption-attachment-508\" class=\"wp-caption-text\">Dexter med sin nye eier<\/p><\/div>\n<div id=\"attachment_505\" style=\"width: 410px\" class=\"wp-caption alignnone\"><img aria-describedby=\"caption-attachment-505\" loading=\"lazy\" class=\"size-medium wp-image-505\" src=\"http:\/\/kichiko.net\/wp-content\/uploads\/2016\/10\/Hjefff-400x404.jpg\" alt=\"Dexter\" width=\"400\" height=\"404\" srcset=\"https:\/\/kichiko.net\/wp-content\/uploads\/2016\/10\/Hjefff-400x404.jpg 400w, https:\/\/kichiko.net\/wp-content\/uploads\/2016\/10\/Hjefff.jpg 565w\" sizes=\"(max-width: 400px) 100vw, 400px\" \/><p id=\"caption-attachment-505\" class=\"wp-caption-text\">Dexter<\/p><\/div>\n","protected":false},"excerpt":{"rendered":"<p>Kl.\u00a010:00 . Nr.1 ble en r\u00f8d\u00a0hann som veide\u00a0255 gr.\u00a0 Han fikk navnet : Kichiko`s\u00a0\u00a0Fukutaro som betyr\u00a0Lykkegutt Nick : Dexter Rase : Shiba Kj\u00f8nn : Hann Farge : R\u00f8d F\u00f8dt : 18\/6-2015 Reg.nr : NO45361\/15 HD : A AD : 0 Bitt: Korrekt Eier: Heidi Gabrielle Moen, Troms\u00f8<\/p>\n","protected":false},"author":2,"featured_media":0,"parent":127,"menu_order":0,"comment_status":"closed","ping_status":"closed","template":"","meta":[],"_links":{"self":[{"href":"https:\/\/kichiko.net\/index.php?rest_route=\/wp\/v2\/pages\/501"}],"collection":[{"href":"https:\/\/kichiko.net\/index.php?rest_route=\/wp\/v2\/pages"}],"about":[{"href":"https:\/\/kichiko.net\/index.php?rest_route=\/wp\/v2\/types\/page"}],"author":[{"embeddable":true,"href":"https:\/\/kichiko.net\/index.php?rest_route=\/wp\/v2\/users\/2"}],"replies":[{"embeddable":true,"href":"https:\/\/kichiko.net\/index.php?rest_route=%2Fwp%2Fv2%2Fcomments&post=501"}],"version-history":[{"count":2,"href":"https:\/\/kichiko.net\/index.php?rest_route=\/wp\/v2\/pages\/501\/revisions"}],"predecessor-version":[{"id":856,"href":"https:\/\/kichiko.net\/index.php?rest_route=\/wp\/v2\/pages\/501\/revisions\/856"}],"up":[{"embeddable":true,"href":"https:\/\/kichiko.net\/index.php?rest_route=\/wp\/v2\/pages\/127"}],"wp:attachment":[{"href":"https:\/\/kichiko.net\/index.php?rest_route=%2Fwp%2Fv2%2Fmedia&parent=501"}],"curies":[{"name":"wp","href":"https:\/\/api.w.org\/{rel}","templated":true}]}}