{"id":4794,"date":"2023-10-02T16:00:41","date_gmt":"2023-10-02T15:00:41","guid":{"rendered":"https:\/\/kichiko.net\/?page_id=4794"},"modified":"2025-02-08T00:35:30","modified_gmt":"2025-02-07T23:35:30","slug":"kichikos-r-3","status":"publish","type":"page","link":"https:\/\/kichiko.net\/?page_id=4794","title":{"rendered":"Royal King"},"content":{"rendered":"\n<p>Det ble en r\u00f8d hann som veide 220 gram og fikk navnet Kichiko`s Royal King<\/p>\n\n\n\n<p>Nick : King<br>Rase : Shiba<br>Kj\u00f8nn: Hannhund<br>Farge : R\u00f8d<br>F\u00f8dt: 02.10.2023<br>Reg.nr : NO 55032\/23<br>HD: B\/B<br>AD: 0\/0<br>Patella: 0\/0<br>\u00d8yne: \u00d8yenlyst med gonioskopi, intet p\u00e5vist\/fri<br>Bitt: Korrekt og fulltannet<br>Eier :\u00a0Simen Gundersen og Karina Lorentzen, Son<\/p>\n\n\n\n<figure class=\"wp-block-image size-large\"><img loading=\"lazy\" width=\"1024\" height=\"987\" src=\"https:\/\/kichiko.net\/wp-content\/uploads\/2023\/10\/hann-1-1024x987.jpg\" alt=\"\" class=\"wp-image-4823\" srcset=\"https:\/\/kichiko.net\/wp-content\/uploads\/2023\/10\/hann-1-1024x987.jpg 1024w, https:\/\/kichiko.net\/wp-content\/uploads\/2023\/10\/hann-1-400x386.jpg 400w, https:\/\/kichiko.net\/wp-content\/uploads\/2023\/10\/hann-1-768x741.jpg 768w, https:\/\/kichiko.net\/wp-content\/uploads\/2023\/10\/hann-1-1536x1481.jpg 1536w, https:\/\/kichiko.net\/wp-content\/uploads\/2023\/10\/hann-1.jpg 1851w\" sizes=\"(max-width: 1024px) 100vw, 1024px\" \/><figcaption>Nyf\u00f8dt<\/figcaption><\/figure>\n\n\n\n<figure class=\"wp-block-image size-full\"><img loading=\"lazy\" width=\"671\" height=\"736\" src=\"http:\/\/kichiko.net\/wp-content\/uploads\/2023\/10\/hann-4.jpg\" alt=\"\" class=\"wp-image-4863\" srcset=\"https:\/\/kichiko.net\/wp-content\/uploads\/2023\/10\/hann-4.jpg 671w, https:\/\/kichiko.net\/wp-content\/uploads\/2023\/10\/hann-4-400x439.jpg 400w\" sizes=\"(max-width: 671px) 100vw, 671px\" \/><figcaption>1 uke <\/figcaption><\/figure>\n\n\n\n<figure class=\"wp-block-image size-large\"><img loading=\"lazy\" width=\"951\" height=\"1024\" src=\"http:\/\/kichiko.net\/wp-content\/uploads\/2023\/10\/hann-5-951x1024.jpg\" alt=\"\" class=\"wp-image-4864\" srcset=\"https:\/\/kichiko.net\/wp-content\/uploads\/2023\/10\/hann-5-951x1024.jpg 951w, https:\/\/kichiko.net\/wp-content\/uploads\/2023\/10\/hann-5-400x431.jpg 400w, https:\/\/kichiko.net\/wp-content\/uploads\/2023\/10\/hann-5-768x827.jpg 768w, https:\/\/kichiko.net\/wp-content\/uploads\/2023\/10\/hann-5.jpg 1087w\" sizes=\"(max-width: 951px) 100vw, 951px\" \/><figcaption>2 uker<\/figcaption><\/figure>\n\n\n\n<p><\/p>\n\n\n\n<figure class=\"wp-block-image size-large\"><img loading=\"lazy\" width=\"986\" height=\"1024\" src=\"https:\/\/kichiko.net\/wp-content\/uploads\/2023\/10\/hann-7-986x1024.jpg\" alt=\"\" class=\"wp-image-4904\" srcset=\"https:\/\/kichiko.net\/wp-content\/uploads\/2023\/10\/hann-7-986x1024.jpg 986w, https:\/\/kichiko.net\/wp-content\/uploads\/2023\/10\/hann-7-400x415.jpg 400w, https:\/\/kichiko.net\/wp-content\/uploads\/2023\/10\/hann-7-768x797.jpg 768w, https:\/\/kichiko.net\/wp-content\/uploads\/2023\/10\/hann-7.jpg 1018w\" sizes=\"(max-width: 986px) 100vw, 986px\" \/><figcaption>3 uker<\/figcaption><\/figure>\n\n\n\n<figure class=\"wp-block-image size-large\"><img loading=\"lazy\" width=\"1024\" height=\"908\" src=\"https:\/\/kichiko.net\/wp-content\/uploads\/2023\/10\/hann-8-1024x908.jpg\" alt=\"\" class=\"wp-image-4916\" srcset=\"https:\/\/kichiko.net\/wp-content\/uploads\/2023\/10\/hann-8-1024x908.jpg 1024w, https:\/\/kichiko.net\/wp-content\/uploads\/2023\/10\/hann-8-400x355.jpg 400w, https:\/\/kichiko.net\/wp-content\/uploads\/2023\/10\/hann-8-768x681.jpg 768w, https:\/\/kichiko.net\/wp-content\/uploads\/2023\/10\/hann-8-1536x1362.jpg 1536w, https:\/\/kichiko.net\/wp-content\/uploads\/2023\/10\/hann-8.jpg 1931w\" sizes=\"(max-width: 1024px) 100vw, 1024px\" \/><figcaption>4 uker<\/figcaption><\/figure>\n\n\n\n<figure class=\"wp-block-image size-full\"><img loading=\"lazy\" width=\"673\" height=\"725\" src=\"https:\/\/kichiko.net\/wp-content\/uploads\/2023\/12\/gutt.jpg\" alt=\"\" class=\"wp-image-4986\" srcset=\"https:\/\/kichiko.net\/wp-content\/uploads\/2023\/12\/gutt.jpg 673w, https:\/\/kichiko.net\/wp-content\/uploads\/2023\/12\/gutt-400x431.jpg 400w\" sizes=\"(max-width: 673px) 100vw, 673px\" \/><figcaption>5 uker<\/figcaption><\/figure>\n\n\n\n<figure class=\"wp-block-image size-large\"><img loading=\"lazy\" width=\"728\" height=\"1024\" src=\"https:\/\/kichiko.net\/wp-content\/uploads\/2023\/12\/gutt-1-728x1024.jpg\" alt=\"\" class=\"wp-image-4987\" srcset=\"https:\/\/kichiko.net\/wp-content\/uploads\/2023\/12\/gutt-1-728x1024.jpg 728w, https:\/\/kichiko.net\/wp-content\/uploads\/2023\/12\/gutt-1-400x563.jpg 400w, https:\/\/kichiko.net\/wp-content\/uploads\/2023\/12\/gutt-1-768x1080.jpg 768w, https:\/\/kichiko.net\/wp-content\/uploads\/2023\/12\/gutt-1-1092x1536.jpg 1092w, https:\/\/kichiko.net\/wp-content\/uploads\/2023\/12\/gutt-1.jpg 1456w\" sizes=\"(max-width: 728px) 100vw, 728px\" \/><figcaption>6 uker<\/figcaption><\/figure>\n\n\n\n<figure class=\"wp-block-image size-large\"><img loading=\"lazy\" width=\"691\" height=\"1024\" src=\"https:\/\/kichiko.net\/wp-content\/uploads\/2023\/12\/gutt-2-691x1024.jpg\" alt=\"\" class=\"wp-image-4988\" srcset=\"https:\/\/kichiko.net\/wp-content\/uploads\/2023\/12\/gutt-2-691x1024.jpg 691w, https:\/\/kichiko.net\/wp-content\/uploads\/2023\/12\/gutt-2-400x593.jpg 400w, https:\/\/kichiko.net\/wp-content\/uploads\/2023\/12\/gutt-2-768x1138.jpg 768w, https:\/\/kichiko.net\/wp-content\/uploads\/2023\/12\/gutt-2-1037x1536.jpg 1037w, https:\/\/kichiko.net\/wp-content\/uploads\/2023\/12\/gutt-2.jpg 1382w\" sizes=\"(max-width: 691px) 100vw, 691px\" \/><figcaption>7 uker<\/figcaption><\/figure>\n\n\n\n<figure class=\"wp-block-image size-large\"><img loading=\"lazy\" width=\"768\" height=\"1024\" src=\"https:\/\/kichiko.net\/wp-content\/uploads\/2023\/12\/king-768x1024.jpg\" alt=\"\" class=\"wp-image-4989\" srcset=\"https:\/\/kichiko.net\/wp-content\/uploads\/2023\/12\/king-768x1024.jpg 768w, https:\/\/kichiko.net\/wp-content\/uploads\/2023\/12\/king-400x533.jpg 400w, https:\/\/kichiko.net\/wp-content\/uploads\/2023\/12\/king-1152x1536.jpg 1152w, https:\/\/kichiko.net\/wp-content\/uploads\/2023\/12\/king.jpg 1536w\" sizes=\"(max-width: 768px) 100vw, 768px\" \/><figcaption>King med sin nye familie<\/figcaption><\/figure>\n","protected":false},"excerpt":{"rendered":"<p>Det ble en r\u00f8d hann som veide 220 gram og fikk navnet Kichiko`s Royal King Nick : KingRase : ShibaKj\u00f8nn: HannhundFarge : R\u00f8dF\u00f8dt: 02.10.2023Reg.nr : NO 55032\/23HD: B\/BAD: 0\/0Patella: 0\/0\u00d8yne: \u00d8yenlyst med gonioskopi, intet p\u00e5vist\/friBitt: Korrekt og fulltannetEier :\u00a0Simen Gundersen og Karina Lorentzen, Son<\/p>\n","protected":false},"author":2,"featured_media":0,"parent":4788,"menu_order":3,"comment_status":"closed","ping_status":"closed","template":"","meta":[],"_links":{"self":[{"href":"https:\/\/kichiko.net\/index.php?rest_route=\/wp\/v2\/pages\/4794"}],"collection":[{"href":"https:\/\/kichiko.net\/index.php?rest_route=\/wp\/v2\/pages"}],"about":[{"href":"https:\/\/kichiko.net\/index.php?rest_route=\/wp\/v2\/types\/page"}],"author":[{"embeddable":true,"href":"https:\/\/kichiko.net\/index.php?rest_route=\/wp\/v2\/users\/2"}],"replies":[{"embeddable":true,"href":"https:\/\/kichiko.net\/index.php?rest_route=%2Fwp%2Fv2%2Fcomments&post=4794"}],"version-history":[{"count":10,"href":"https:\/\/kichiko.net\/index.php?rest_route=\/wp\/v2\/pages\/4794\/revisions"}],"predecessor-version":[{"id":5558,"href":"https:\/\/kichiko.net\/index.php?rest_route=\/wp\/v2\/pages\/4794\/revisions\/5558"}],"up":[{"embeddable":true,"href":"https:\/\/kichiko.net\/index.php?rest_route=\/wp\/v2\/pages\/4788"}],"wp:attachment":[{"href":"https:\/\/kichiko.net\/index.php?rest_route=%2Fwp%2Fv2%2Fmedia&parent=4794"}],"curies":[{"name":"wp","href":"https:\/\/api.w.org\/{rel}","templated":true}]}}