{"id":4792,"date":"2023-10-02T16:00:06","date_gmt":"2023-10-02T15:00:06","guid":{"rendered":"https:\/\/kichiko.net\/?page_id=4792"},"modified":"2025-02-08T00:34:56","modified_gmt":"2025-02-07T23:34:56","slug":"kichikos-r-2","status":"publish","type":"page","link":"https:\/\/kichiko.net\/?page_id=4792","title":{"rendered":"Royal Queen"},"content":{"rendered":"\n<p>Det ble en r\u00f8d tispe som veide 240 gram og fikk navnet Kichiko`s Royal Queen<\/p>\n\n\n\n<p>Nick : Julie<br>Rase : Shiba<br>Kj\u00f8nn: Tispe<br>Farge : R\u00f8d<br>F\u00f8dt: 02.10.2023<br>Reg.nr : NO55033\/23<br>HD: A\/A<br>AD: 0\/0<br>Patella:<br>\u00d8yne:<br>Bitt:<br>Eier :\u00a0Christina Victor Br\u00e5then og Hans Petter R\u00f8nning, Hokksund<\/p>\n\n\n\n<figure class=\"wp-block-image size-full\"><img loading=\"lazy\" width=\"936\" height=\"980\" src=\"https:\/\/kichiko.net\/wp-content\/uploads\/2023\/10\/2-1.jpg\" alt=\"\" class=\"wp-image-4821\" srcset=\"https:\/\/kichiko.net\/wp-content\/uploads\/2023\/10\/2-1.jpg 936w, https:\/\/kichiko.net\/wp-content\/uploads\/2023\/10\/2-1-400x419.jpg 400w, https:\/\/kichiko.net\/wp-content\/uploads\/2023\/10\/2-1-768x804.jpg 768w\" sizes=\"(max-width: 936px) 100vw, 936px\" \/><figcaption>Nyf\u00f8dt<\/figcaption><\/figure>\n\n\n\n<figure class=\"wp-block-image size-full\"><img loading=\"lazy\" width=\"800\" height=\"968\" src=\"http:\/\/kichiko.net\/wp-content\/uploads\/2023\/10\/t1-2.jpg\" alt=\"\" class=\"wp-image-4855\" srcset=\"https:\/\/kichiko.net\/wp-content\/uploads\/2023\/10\/t1-2.jpg 800w, https:\/\/kichiko.net\/wp-content\/uploads\/2023\/10\/t1-2-400x484.jpg 400w, https:\/\/kichiko.net\/wp-content\/uploads\/2023\/10\/t1-2-768x929.jpg 768w\" sizes=\"(max-width: 800px) 100vw, 800px\" \/><figcaption>1 uke <\/figcaption><\/figure>\n\n\n\n<figure class=\"wp-block-image size-large\"><img loading=\"lazy\" width=\"846\" height=\"1024\" src=\"http:\/\/kichiko.net\/wp-content\/uploads\/2023\/10\/t1-3-846x1024.jpg\" alt=\"\" class=\"wp-image-4856\" srcset=\"https:\/\/kichiko.net\/wp-content\/uploads\/2023\/10\/t1-3-846x1024.jpg 846w, https:\/\/kichiko.net\/wp-content\/uploads\/2023\/10\/t1-3-400x484.jpg 400w, https:\/\/kichiko.net\/wp-content\/uploads\/2023\/10\/t1-3-768x929.jpg 768w, https:\/\/kichiko.net\/wp-content\/uploads\/2023\/10\/t1-3.jpg 1000w\" sizes=\"(max-width: 846px) 100vw, 846px\" \/><figcaption>2 uker<\/figcaption><\/figure>\n\n\n\n<figure class=\"wp-block-image size-large\"><img loading=\"lazy\" width=\"914\" height=\"1024\" src=\"https:\/\/kichiko.net\/wp-content\/uploads\/2023\/10\/t1-6-914x1024.jpg\" alt=\"\" class=\"wp-image-4902\" srcset=\"https:\/\/kichiko.net\/wp-content\/uploads\/2023\/10\/t1-6-914x1024.jpg 914w, https:\/\/kichiko.net\/wp-content\/uploads\/2023\/10\/t1-6-400x448.jpg 400w, https:\/\/kichiko.net\/wp-content\/uploads\/2023\/10\/t1-6-768x860.jpg 768w, https:\/\/kichiko.net\/wp-content\/uploads\/2023\/10\/t1-6.jpg 981w\" sizes=\"(max-width: 914px) 100vw, 914px\" \/><figcaption>3 uker<\/figcaption><\/figure>\n\n\n\n<figure class=\"wp-block-image size-large\"><img loading=\"lazy\" width=\"997\" height=\"1024\" src=\"https:\/\/kichiko.net\/wp-content\/uploads\/2023\/10\/T1-gul-997x1024.jpg\" alt=\"\" class=\"wp-image-4914\" srcset=\"https:\/\/kichiko.net\/wp-content\/uploads\/2023\/10\/T1-gul-997x1024.jpg 997w, https:\/\/kichiko.net\/wp-content\/uploads\/2023\/10\/T1-gul-400x411.jpg 400w, https:\/\/kichiko.net\/wp-content\/uploads\/2023\/10\/T1-gul-768x789.jpg 768w, https:\/\/kichiko.net\/wp-content\/uploads\/2023\/10\/T1-gul-1496x1536.jpg 1496w, https:\/\/kichiko.net\/wp-content\/uploads\/2023\/10\/T1-gul.jpg 1794w\" sizes=\"(max-width: 997px) 100vw, 997px\" \/><figcaption>4 uker<\/figcaption><\/figure>\n\n\n\n<figure class=\"wp-block-image size-full\"><img loading=\"lazy\" width=\"744\" height=\"928\" src=\"https:\/\/kichiko.net\/wp-content\/uploads\/2023\/12\/gul.jpg\" alt=\"\" class=\"wp-image-4980\" srcset=\"https:\/\/kichiko.net\/wp-content\/uploads\/2023\/12\/gul.jpg 744w, https:\/\/kichiko.net\/wp-content\/uploads\/2023\/12\/gul-400x499.jpg 400w\" sizes=\"(max-width: 744px) 100vw, 744px\" \/><\/figure>\n\n\n\n<p>5 uker<\/p>\n\n\n\n<figure class=\"wp-block-image size-large\"><img loading=\"lazy\" width=\"783\" height=\"1024\" src=\"https:\/\/kichiko.net\/wp-content\/uploads\/2023\/12\/gul-1-783x1024.jpg\" alt=\"\" class=\"wp-image-4981\" srcset=\"https:\/\/kichiko.net\/wp-content\/uploads\/2023\/12\/gul-1-783x1024.jpg 783w, https:\/\/kichiko.net\/wp-content\/uploads\/2023\/12\/gul-1-400x523.jpg 400w, https:\/\/kichiko.net\/wp-content\/uploads\/2023\/12\/gul-1-768x1004.jpg 768w, https:\/\/kichiko.net\/wp-content\/uploads\/2023\/12\/gul-1-1175x1536.jpg 1175w, https:\/\/kichiko.net\/wp-content\/uploads\/2023\/12\/gul-1.jpg 1566w\" sizes=\"(max-width: 783px) 100vw, 783px\" \/><figcaption>6 uker<\/figcaption><\/figure>\n\n\n\n<figure class=\"wp-block-image size-large\"><img loading=\"lazy\" width=\"594\" height=\"1024\" src=\"https:\/\/kichiko.net\/wp-content\/uploads\/2023\/12\/gul-2-594x1024.jpg\" alt=\"\" class=\"wp-image-4983\" srcset=\"https:\/\/kichiko.net\/wp-content\/uploads\/2023\/12\/gul-2-594x1024.jpg 594w, https:\/\/kichiko.net\/wp-content\/uploads\/2023\/12\/gul-2-348x600.jpg 348w, https:\/\/kichiko.net\/wp-content\/uploads\/2023\/12\/gul-2-768x1324.jpg 768w, https:\/\/kichiko.net\/wp-content\/uploads\/2023\/12\/gul-2-891x1536.jpg 891w, https:\/\/kichiko.net\/wp-content\/uploads\/2023\/12\/gul-2.jpg 1188w\" sizes=\"(max-width: 594px) 100vw, 594px\" \/><figcaption>7 uker<\/figcaption><\/figure>\n","protected":false},"excerpt":{"rendered":"<p>Det ble en r\u00f8d tispe som veide 240 gram og fikk navnet Kichiko`s Royal Queen Nick : JulieRase : ShibaKj\u00f8nn: TispeFarge : R\u00f8dF\u00f8dt: 02.10.2023Reg.nr : NO55033\/23HD: A\/AAD: 0\/0Patella:\u00d8yne:Bitt:Eier :\u00a0Christina Victor Br\u00e5then og Hans Petter R\u00f8nning, Hokksund 5 uker<\/p>\n","protected":false},"author":2,"featured_media":0,"parent":4788,"menu_order":2,"comment_status":"closed","ping_status":"closed","template":"","meta":[],"_links":{"self":[{"href":"https:\/\/kichiko.net\/index.php?rest_route=\/wp\/v2\/pages\/4792"}],"collection":[{"href":"https:\/\/kichiko.net\/index.php?rest_route=\/wp\/v2\/pages"}],"about":[{"href":"https:\/\/kichiko.net\/index.php?rest_route=\/wp\/v2\/types\/page"}],"author":[{"embeddable":true,"href":"https:\/\/kichiko.net\/index.php?rest_route=\/wp\/v2\/users\/2"}],"replies":[{"embeddable":true,"href":"https:\/\/kichiko.net\/index.php?rest_route=%2Fwp%2Fv2%2Fcomments&post=4792"}],"version-history":[{"count":9,"href":"https:\/\/kichiko.net\/index.php?rest_route=\/wp\/v2\/pages\/4792\/revisions"}],"predecessor-version":[{"id":5557,"href":"https:\/\/kichiko.net\/index.php?rest_route=\/wp\/v2\/pages\/4792\/revisions\/5557"}],"up":[{"embeddable":true,"href":"https:\/\/kichiko.net\/index.php?rest_route=\/wp\/v2\/pages\/4788"}],"wp:attachment":[{"href":"https:\/\/kichiko.net\/index.php?rest_route=%2Fwp%2Fv2%2Fmedia&parent=4792"}],"curies":[{"name":"wp","href":"https:\/\/api.w.org\/{rel}","templated":true}]}}