{"id":4786,"date":"2023-10-02T15:57:30","date_gmt":"2023-10-02T14:57:30","guid":{"rendered":"https:\/\/kichiko.net\/?page_id=4786"},"modified":"2023-11-20T14:41:01","modified_gmt":"2023-11-20T13:41:01","slug":"kichikos-q-4","status":"publish","type":"page","link":"https:\/\/kichiko.net\/?page_id=4786","title":{"rendered":"Qule Vitani"},"content":{"rendered":"\n<p>Det ble en r\u00f8d tispe som veide 250 gram og fikk navnet Kichiko`s Qule Vitani<\/p>\n\n\n\n<p>Nick : SiriAnn<br>Rase : Shiba<br>Kj\u00f8nn: Tispe<br>Farge : R\u00f8d<br>F\u00f8dt: 27.09.2023<br>Reg.nr : NO54981\/23<br>HD:<br>AD:<br>Patella:<br>\u00d8yne:<br>Bitt:<br>Eier: Astrid Crozier T\u00f8nnessen, Flekkefjord<\/p>\n\n\n\n<figure class=\"wp-block-image size-large\"><img loading=\"lazy\" width=\"1024\" height=\"1016\" src=\"https:\/\/kichiko.net\/wp-content\/uploads\/2023\/10\/4-orange-1024x1016.jpg\" alt=\"\" class=\"wp-image-4813\" srcset=\"https:\/\/kichiko.net\/wp-content\/uploads\/2023\/10\/4-orange-1024x1016.jpg 1024w, https:\/\/kichiko.net\/wp-content\/uploads\/2023\/10\/4-orange-400x397.jpg 400w, https:\/\/kichiko.net\/wp-content\/uploads\/2023\/10\/4-orange-150x150.jpg 150w, https:\/\/kichiko.net\/wp-content\/uploads\/2023\/10\/4-orange-768x762.jpg 768w, https:\/\/kichiko.net\/wp-content\/uploads\/2023\/10\/4-orange-1536x1524.jpg 1536w, https:\/\/kichiko.net\/wp-content\/uploads\/2023\/10\/4-orange.jpg 1825w\" sizes=\"(max-width: 1024px) 100vw, 1024px\" \/><figcaption>Nyf\u00f8dt<\/figcaption><\/figure>\n\n\n\n<figure class=\"wp-block-image size-large\"><img loading=\"lazy\" width=\"940\" height=\"1024\" src=\"http:\/\/kichiko.net\/wp-content\/uploads\/2023\/10\/t4-940x1024.jpg\" alt=\"\" class=\"wp-image-4850\" srcset=\"https:\/\/kichiko.net\/wp-content\/uploads\/2023\/10\/t4-940x1024.jpg 940w, https:\/\/kichiko.net\/wp-content\/uploads\/2023\/10\/t4-400x436.jpg 400w, https:\/\/kichiko.net\/wp-content\/uploads\/2023\/10\/t4-768x837.jpg 768w, https:\/\/kichiko.net\/wp-content\/uploads\/2023\/10\/t4.jpg 1095w\" sizes=\"(max-width: 940px) 100vw, 940px\" \/><figcaption>1 uke<\/figcaption><\/figure>\n\n\n\n<figure class=\"wp-block-image size-large\"><img loading=\"lazy\" width=\"950\" height=\"1024\" src=\"http:\/\/kichiko.net\/wp-content\/uploads\/2023\/10\/t4-1-950x1024.jpg\" alt=\"\" class=\"wp-image-4851\" srcset=\"https:\/\/kichiko.net\/wp-content\/uploads\/2023\/10\/t4-1-950x1024.jpg 950w, https:\/\/kichiko.net\/wp-content\/uploads\/2023\/10\/t4-1-400x431.jpg 400w, https:\/\/kichiko.net\/wp-content\/uploads\/2023\/10\/t4-1-768x828.jpg 768w, https:\/\/kichiko.net\/wp-content\/uploads\/2023\/10\/t4-1-1425x1536.jpg 1425w, https:\/\/kichiko.net\/wp-content\/uploads\/2023\/10\/t4-1.jpg 1751w\" sizes=\"(max-width: 950px) 100vw, 950px\" \/><figcaption>2 uker<\/figcaption><\/figure>\n\n\n\n<figure class=\"wp-block-image size-large\"><img loading=\"lazy\" width=\"1024\" height=\"906\" src=\"https:\/\/kichiko.net\/wp-content\/uploads\/2023\/10\/t4-4-1024x906.jpg\" alt=\"\" class=\"wp-image-4885\" srcset=\"https:\/\/kichiko.net\/wp-content\/uploads\/2023\/10\/t4-4-1024x906.jpg 1024w, https:\/\/kichiko.net\/wp-content\/uploads\/2023\/10\/t4-4-400x354.jpg 400w, https:\/\/kichiko.net\/wp-content\/uploads\/2023\/10\/t4-4-768x679.jpg 768w, https:\/\/kichiko.net\/wp-content\/uploads\/2023\/10\/t4-4-1536x1359.jpg 1536w, https:\/\/kichiko.net\/wp-content\/uploads\/2023\/10\/t4-4.jpg 1933w\" sizes=\"(max-width: 1024px) 100vw, 1024px\" \/><figcaption>3 uker<\/figcaption><\/figure>\n\n\n\n<figure class=\"wp-block-image size-large\"><img loading=\"lazy\" width=\"731\" height=\"1024\" src=\"https:\/\/kichiko.net\/wp-content\/uploads\/2023\/10\/t4-5-731x1024.jpg\" alt=\"\" class=\"wp-image-4898\" srcset=\"https:\/\/kichiko.net\/wp-content\/uploads\/2023\/10\/t4-5-731x1024.jpg 731w, https:\/\/kichiko.net\/wp-content\/uploads\/2023\/10\/t4-5-400x560.jpg 400w, https:\/\/kichiko.net\/wp-content\/uploads\/2023\/10\/t4-5-768x1076.jpg 768w, https:\/\/kichiko.net\/wp-content\/uploads\/2023\/10\/t4-5-1097x1536.jpg 1097w, https:\/\/kichiko.net\/wp-content\/uploads\/2023\/10\/t4-5.jpg 1462w\" sizes=\"(max-width: 731px) 100vw, 731px\" \/><figcaption>4 uker<\/figcaption><\/figure>\n\n\n\n<figure class=\"wp-block-image size-large\"><img loading=\"lazy\" width=\"659\" height=\"1024\" src=\"https:\/\/kichiko.net\/wp-content\/uploads\/2023\/11\/SiriAnn-orange-659x1024.jpg\" alt=\"\" class=\"wp-image-4949\" srcset=\"https:\/\/kichiko.net\/wp-content\/uploads\/2023\/11\/SiriAnn-orange-659x1024.jpg 659w, https:\/\/kichiko.net\/wp-content\/uploads\/2023\/11\/SiriAnn-orange-386x600.jpg 386w, https:\/\/kichiko.net\/wp-content\/uploads\/2023\/11\/SiriAnn-orange-768x1193.jpg 768w, https:\/\/kichiko.net\/wp-content\/uploads\/2023\/11\/SiriAnn-orange-989x1536.jpg 989w, https:\/\/kichiko.net\/wp-content\/uploads\/2023\/11\/SiriAnn-orange.jpg 1318w\" sizes=\"(max-width: 659px) 100vw, 659px\" \/><figcaption>5 uker<\/figcaption><\/figure>\n\n\n\n<figure class=\"wp-block-image size-large\"><img loading=\"lazy\" width=\"658\" height=\"1024\" src=\"https:\/\/kichiko.net\/wp-content\/uploads\/2023\/11\/Siriann-orange-1-658x1024.jpg\" alt=\"\" class=\"wp-image-4951\" srcset=\"https:\/\/kichiko.net\/wp-content\/uploads\/2023\/11\/Siriann-orange-1-658x1024.jpg 658w, https:\/\/kichiko.net\/wp-content\/uploads\/2023\/11\/Siriann-orange-1-386x600.jpg 386w, https:\/\/kichiko.net\/wp-content\/uploads\/2023\/11\/Siriann-orange-1-768x1195.jpg 768w, https:\/\/kichiko.net\/wp-content\/uploads\/2023\/11\/Siriann-orange-1-987x1536.jpg 987w, https:\/\/kichiko.net\/wp-content\/uploads\/2023\/11\/Siriann-orange-1.jpg 1316w\" sizes=\"(max-width: 658px) 100vw, 658px\" \/><figcaption>6 uker<\/figcaption><\/figure>\n\n\n\n<figure class=\"wp-block-image size-large\"><img loading=\"lazy\" width=\"699\" height=\"1024\" src=\"https:\/\/kichiko.net\/wp-content\/uploads\/2023\/11\/SiriAnn-7-uker-699x1024.jpg\" alt=\"\" class=\"wp-image-4952\" srcset=\"https:\/\/kichiko.net\/wp-content\/uploads\/2023\/11\/SiriAnn-7-uker-699x1024.jpg 699w, https:\/\/kichiko.net\/wp-content\/uploads\/2023\/11\/SiriAnn-7-uker-400x586.jpg 400w, https:\/\/kichiko.net\/wp-content\/uploads\/2023\/11\/SiriAnn-7-uker-768x1125.jpg 768w, https:\/\/kichiko.net\/wp-content\/uploads\/2023\/11\/SiriAnn-7-uker-1049x1536.jpg 1049w, https:\/\/kichiko.net\/wp-content\/uploads\/2023\/11\/SiriAnn-7-uker.jpg 1398w\" sizes=\"(max-width: 699px) 100vw, 699px\" \/><figcaption>7 uker<\/figcaption><\/figure>\n\n\n\n<figure class=\"wp-block-image size-large\"><img loading=\"lazy\" width=\"755\" height=\"1024\" src=\"https:\/\/kichiko.net\/wp-content\/uploads\/2023\/11\/Siriann-med-folk-755x1024.jpg\" alt=\"\" class=\"wp-image-4953\" srcset=\"https:\/\/kichiko.net\/wp-content\/uploads\/2023\/11\/Siriann-med-folk-755x1024.jpg 755w, https:\/\/kichiko.net\/wp-content\/uploads\/2023\/11\/Siriann-med-folk-400x543.jpg 400w, https:\/\/kichiko.net\/wp-content\/uploads\/2023\/11\/Siriann-med-folk-768x1042.jpg 768w, https:\/\/kichiko.net\/wp-content\/uploads\/2023\/11\/Siriann-med-folk-1133x1536.jpg 1133w, https:\/\/kichiko.net\/wp-content\/uploads\/2023\/11\/Siriann-med-folk.jpg 1510w\" sizes=\"(max-width: 755px) 100vw, 755px\" \/><figcaption>SiriAnn med sin nye eier<\/figcaption><\/figure>\n","protected":false},"excerpt":{"rendered":"<p>Det ble en r\u00f8d tispe som veide 250 gram og fikk navnet Kichiko`s Qule Vitani Nick : SiriAnnRase : ShibaKj\u00f8nn: TispeFarge : R\u00f8dF\u00f8dt: 27.09.2023Reg.nr : NO54981\/23HD:AD:Patella:\u00d8yne:Bitt:Eier: Astrid Crozier T\u00f8nnessen, Flekkefjord<\/p>\n","protected":false},"author":2,"featured_media":0,"parent":4773,"menu_order":5,"comment_status":"closed","ping_status":"closed","template":"","meta":[],"_links":{"self":[{"href":"https:\/\/kichiko.net\/index.php?rest_route=\/wp\/v2\/pages\/4786"}],"collection":[{"href":"https:\/\/kichiko.net\/index.php?rest_route=\/wp\/v2\/pages"}],"about":[{"href":"https:\/\/kichiko.net\/index.php?rest_route=\/wp\/v2\/types\/page"}],"author":[{"embeddable":true,"href":"https:\/\/kichiko.net\/index.php?rest_route=\/wp\/v2\/users\/2"}],"replies":[{"embeddable":true,"href":"https:\/\/kichiko.net\/index.php?rest_route=%2Fwp%2Fv2%2Fcomments&post=4786"}],"version-history":[{"count":7,"href":"https:\/\/kichiko.net\/index.php?rest_route=\/wp\/v2\/pages\/4786\/revisions"}],"predecessor-version":[{"id":4954,"href":"https:\/\/kichiko.net\/index.php?rest_route=\/wp\/v2\/pages\/4786\/revisions\/4954"}],"up":[{"embeddable":true,"href":"https:\/\/kichiko.net\/index.php?rest_route=\/wp\/v2\/pages\/4773"}],"wp:attachment":[{"href":"https:\/\/kichiko.net\/index.php?rest_route=%2Fwp%2Fv2%2Fmedia&parent=4786"}],"curies":[{"name":"wp","href":"https:\/\/api.w.org\/{rel}","templated":true}]}}