{"id":4784,"date":"2023-10-02T15:56:59","date_gmt":"2023-10-02T14:56:59","guid":{"rendered":"https:\/\/kichiko.net\/?page_id=4784"},"modified":"2025-02-08T00:30:50","modified_gmt":"2025-02-07T23:30:50","slug":"kichikos-q-5","status":"publish","type":"page","link":"https:\/\/kichiko.net\/?page_id=4784","title":{"rendered":"Qule Nala"},"content":{"rendered":"\n<p>Det ble en r\u00f8d tispe som veide 250 gram og fikk navnet Kichiko`s Qule Nala<\/p>\n\n\n\n<p>Nick : Nala<br>Rase : Shiba<br>Kj\u00f8nn: Tispe<br>Farge : R\u00f8d<br>F\u00f8dt: 27.09.2023<br>Reg.nr : NO 54980\/23<br>HD: C\/C<br>AD: 0\/0<br>Patella: 1\/1<br>\u00d8yenlyst m\/gonioskopi: Intet p\u00e5vist<br>Bitt: Korrekt og fulltannet<\/p>\n\n\n\n<p>Eier: Adela Ferdean og Rafael Pacheco, R\u00e5holt<\/p>\n\n\n\n<figure class=\"wp-block-image size-large\"><img loading=\"lazy\" width=\"990\" height=\"1024\" src=\"https:\/\/kichiko.net\/wp-content\/uploads\/2023\/10\/3-gul-990x1024.jpg\" alt=\"\" class=\"wp-image-4811\" srcset=\"https:\/\/kichiko.net\/wp-content\/uploads\/2023\/10\/3-gul-990x1024.jpg 990w, https:\/\/kichiko.net\/wp-content\/uploads\/2023\/10\/3-gul-400x414.jpg 400w, https:\/\/kichiko.net\/wp-content\/uploads\/2023\/10\/3-gul-768x794.jpg 768w, https:\/\/kichiko.net\/wp-content\/uploads\/2023\/10\/3-gul-1485x1536.jpg 1485w, https:\/\/kichiko.net\/wp-content\/uploads\/2023\/10\/3-gul.jpg 1788w\" sizes=\"(max-width: 990px) 100vw, 990px\" \/><\/figure>\n\n\n\n<p>Nyf\u00f8dt<\/p>\n\n\n\n<figure class=\"wp-block-image size-large\"><img loading=\"lazy\" width=\"1024\" height=\"1024\" src=\"http:\/\/kichiko.net\/wp-content\/uploads\/2023\/10\/t3-1024x1024.jpg\" alt=\"\" class=\"wp-image-4847\" srcset=\"https:\/\/kichiko.net\/wp-content\/uploads\/2023\/10\/t3-1024x1024.jpg 1024w, https:\/\/kichiko.net\/wp-content\/uploads\/2023\/10\/t3-400x400.jpg 400w, https:\/\/kichiko.net\/wp-content\/uploads\/2023\/10\/t3-150x150.jpg 150w, https:\/\/kichiko.net\/wp-content\/uploads\/2023\/10\/t3-768x769.jpg 768w, https:\/\/kichiko.net\/wp-content\/uploads\/2023\/10\/t3.jpg 1159w\" sizes=\"(max-width: 1024px) 100vw, 1024px\" \/><figcaption>Nyf\u00f8dt<\/figcaption><\/figure>\n\n\n\n<figure class=\"wp-block-image size-large\"><img loading=\"lazy\" width=\"784\" height=\"1024\" src=\"http:\/\/kichiko.net\/wp-content\/uploads\/2023\/10\/t3-1-784x1024.jpg\" alt=\"\" class=\"wp-image-4848\" srcset=\"https:\/\/kichiko.net\/wp-content\/uploads\/2023\/10\/t3-1-784x1024.jpg 784w, https:\/\/kichiko.net\/wp-content\/uploads\/2023\/10\/t3-1-400x522.jpg 400w, https:\/\/kichiko.net\/wp-content\/uploads\/2023\/10\/t3-1-768x1003.jpg 768w, https:\/\/kichiko.net\/wp-content\/uploads\/2023\/10\/t3-1-1176x1536.jpg 1176w, https:\/\/kichiko.net\/wp-content\/uploads\/2023\/10\/t3-1.jpg 1568w\" sizes=\"(max-width: 784px) 100vw, 784px\" \/><figcaption>2 uker<\/figcaption><\/figure>\n\n\n\n<figure class=\"wp-block-image size-large\"><img loading=\"lazy\" width=\"882\" height=\"1024\" src=\"https:\/\/kichiko.net\/wp-content\/uploads\/2023\/10\/t3-4-882x1024.jpg\" alt=\"\" class=\"wp-image-4883\" srcset=\"https:\/\/kichiko.net\/wp-content\/uploads\/2023\/10\/t3-4-882x1024.jpg 882w, https:\/\/kichiko.net\/wp-content\/uploads\/2023\/10\/t3-4-400x464.jpg 400w, https:\/\/kichiko.net\/wp-content\/uploads\/2023\/10\/t3-4-768x892.jpg 768w, https:\/\/kichiko.net\/wp-content\/uploads\/2023\/10\/t3-4-1323x1536.jpg 1323w, https:\/\/kichiko.net\/wp-content\/uploads\/2023\/10\/t3-4.jpg 1687w\" sizes=\"(max-width: 882px) 100vw, 882px\" \/><figcaption>3 uker<\/figcaption><\/figure>\n\n\n\n<figure class=\"wp-block-image size-large\"><img loading=\"lazy\" width=\"747\" height=\"1024\" src=\"https:\/\/kichiko.net\/wp-content\/uploads\/2023\/10\/t3-5-747x1024.jpg\" alt=\"\" class=\"wp-image-4896\" srcset=\"https:\/\/kichiko.net\/wp-content\/uploads\/2023\/10\/t3-5-747x1024.jpg 747w, https:\/\/kichiko.net\/wp-content\/uploads\/2023\/10\/t3-5-400x548.jpg 400w, https:\/\/kichiko.net\/wp-content\/uploads\/2023\/10\/t3-5-768x1053.jpg 768w, https:\/\/kichiko.net\/wp-content\/uploads\/2023\/10\/t3-5-1121x1536.jpg 1121w, https:\/\/kichiko.net\/wp-content\/uploads\/2023\/10\/t3-5.jpg 1494w\" sizes=\"(max-width: 747px) 100vw, 747px\" \/><figcaption>4 uker<\/figcaption><\/figure>\n\n\n\n<figure class=\"wp-block-image size-large\"><img loading=\"lazy\" width=\"676\" height=\"1024\" src=\"https:\/\/kichiko.net\/wp-content\/uploads\/2023\/12\/Nala-gul-676x1024.jpg\" alt=\"\" class=\"wp-image-4970\" srcset=\"https:\/\/kichiko.net\/wp-content\/uploads\/2023\/12\/Nala-gul-676x1024.jpg 676w, https:\/\/kichiko.net\/wp-content\/uploads\/2023\/12\/Nala-gul-396x600.jpg 396w, https:\/\/kichiko.net\/wp-content\/uploads\/2023\/12\/Nala-gul-768x1163.jpg 768w, https:\/\/kichiko.net\/wp-content\/uploads\/2023\/12\/Nala-gul.jpg 982w\" sizes=\"(max-width: 676px) 100vw, 676px\" \/><figcaption>5 uker<\/figcaption><\/figure>\n\n\n\n<figure class=\"wp-block-image size-large\"><img loading=\"lazy\" width=\"726\" height=\"1024\" src=\"https:\/\/kichiko.net\/wp-content\/uploads\/2023\/12\/Nala-gul-1-726x1024.jpg\" alt=\"\" class=\"wp-image-4971\" srcset=\"https:\/\/kichiko.net\/wp-content\/uploads\/2023\/12\/Nala-gul-1-726x1024.jpg 726w, https:\/\/kichiko.net\/wp-content\/uploads\/2023\/12\/Nala-gul-1-400x564.jpg 400w, https:\/\/kichiko.net\/wp-content\/uploads\/2023\/12\/Nala-gul-1-768x1083.jpg 768w, https:\/\/kichiko.net\/wp-content\/uploads\/2023\/12\/Nala-gul-1-1089x1536.jpg 1089w, https:\/\/kichiko.net\/wp-content\/uploads\/2023\/12\/Nala-gul-1.jpg 1452w\" sizes=\"(max-width: 726px) 100vw, 726px\" \/><figcaption>6 uker<\/figcaption><\/figure>\n\n\n\n<figure class=\"wp-block-image size-large\"><img loading=\"lazy\" width=\"741\" height=\"1024\" src=\"https:\/\/kichiko.net\/wp-content\/uploads\/2023\/12\/nala-gul-2-741x1024.jpg\" alt=\"\" class=\"wp-image-4972\" srcset=\"https:\/\/kichiko.net\/wp-content\/uploads\/2023\/12\/nala-gul-2-741x1024.jpg 741w, https:\/\/kichiko.net\/wp-content\/uploads\/2023\/12\/nala-gul-2-400x553.jpg 400w, https:\/\/kichiko.net\/wp-content\/uploads\/2023\/12\/nala-gul-2-768x1061.jpg 768w, https:\/\/kichiko.net\/wp-content\/uploads\/2023\/12\/nala-gul-2.jpg 979w\" sizes=\"(max-width: 741px) 100vw, 741px\" \/><figcaption>7 uker<\/figcaption><\/figure>\n\n\n\n<figure class=\"wp-block-image size-large\"><img loading=\"lazy\" width=\"726\" height=\"1024\" src=\"https:\/\/kichiko.net\/wp-content\/uploads\/2023\/12\/nala-726x1024.jpg\" alt=\"\" class=\"wp-image-4973\" srcset=\"https:\/\/kichiko.net\/wp-content\/uploads\/2023\/12\/nala-726x1024.jpg 726w, https:\/\/kichiko.net\/wp-content\/uploads\/2023\/12\/nala-400x564.jpg 400w, https:\/\/kichiko.net\/wp-content\/uploads\/2023\/12\/nala-768x1083.jpg 768w, https:\/\/kichiko.net\/wp-content\/uploads\/2023\/12\/nala-1089x1536.jpg 1089w, https:\/\/kichiko.net\/wp-content\/uploads\/2023\/12\/nala.jpg 1452w\" sizes=\"(max-width: 726px) 100vw, 726px\" \/><figcaption>Nala med sin nye famile<\/figcaption><\/figure>\n","protected":false},"excerpt":{"rendered":"<p>Det ble en r\u00f8d tispe som veide 250 gram og fikk navnet Kichiko`s Qule Nala Nick : NalaRase : ShibaKj\u00f8nn: TispeFarge : R\u00f8dF\u00f8dt: 27.09.2023Reg.nr : NO 54980\/23HD: C\/CAD: 0\/0Patella: 1\/1\u00d8yenlyst m\/gonioskopi: Intet p\u00e5vistBitt: Korrekt og fulltannet Eier: Adela Ferdean og Rafael Pacheco, R\u00e5holt Nyf\u00f8dt<\/p>\n","protected":false},"author":2,"featured_media":0,"parent":4773,"menu_order":4,"comment_status":"closed","ping_status":"closed","template":"","meta":[],"_links":{"self":[{"href":"https:\/\/kichiko.net\/index.php?rest_route=\/wp\/v2\/pages\/4784"}],"collection":[{"href":"https:\/\/kichiko.net\/index.php?rest_route=\/wp\/v2\/pages"}],"about":[{"href":"https:\/\/kichiko.net\/index.php?rest_route=\/wp\/v2\/types\/page"}],"author":[{"embeddable":true,"href":"https:\/\/kichiko.net\/index.php?rest_route=\/wp\/v2\/users\/2"}],"replies":[{"embeddable":true,"href":"https:\/\/kichiko.net\/index.php?rest_route=%2Fwp%2Fv2%2Fcomments&post=4784"}],"version-history":[{"count":10,"href":"https:\/\/kichiko.net\/index.php?rest_route=\/wp\/v2\/pages\/4784\/revisions"}],"predecessor-version":[{"id":5555,"href":"https:\/\/kichiko.net\/index.php?rest_route=\/wp\/v2\/pages\/4784\/revisions\/5555"}],"up":[{"embeddable":true,"href":"https:\/\/kichiko.net\/index.php?rest_route=\/wp\/v2\/pages\/4773"}],"wp:attachment":[{"href":"https:\/\/kichiko.net\/index.php?rest_route=%2Fwp%2Fv2%2Fmedia&parent=4784"}],"curies":[{"name":"wp","href":"https:\/\/api.w.org\/{rel}","templated":true}]}}