{"id":4782,"date":"2023-10-02T15:56:33","date_gmt":"2023-10-02T14:56:33","guid":{"rendered":"https:\/\/kichiko.net\/?page_id=4782"},"modified":"2024-07-28T15:07:08","modified_gmt":"2024-07-28T14:07:08","slug":"kichikos-q-3","status":"publish","type":"page","link":"https:\/\/kichiko.net\/?page_id=4782","title":{"rendered":"Qule Kiara"},"content":{"rendered":"\n<p>Det ble en r\u00f8d tispe som veide 260 gram og fikk navnet Kichiko`s Qule Kiara<\/p>\n\n\n\n<p>Nick : Polly<br>Rase : Shiba<br>Kj\u00f8nn: Tispe<br>Farge : R\u00f8d<br>F\u00f8dt: 27.09.2023<br>Reg.nr : NO 54797\/23<br>HD:<br>AD:<br>Patella:<br>\u00d8yne:<br>Bitt:<\/p>\n\n\n\n<p>Eier: Kathinka og John Erick Salazar, Oslo<\/p>\n\n\n\n<figure class=\"wp-block-image size-large\"><img loading=\"lazy\" width=\"748\" height=\"1024\" src=\"https:\/\/kichiko.net\/wp-content\/uploads\/2023\/10\/lilla-748x1024.jpg\" alt=\"\" class=\"wp-image-4809\" srcset=\"https:\/\/kichiko.net\/wp-content\/uploads\/2023\/10\/lilla-748x1024.jpg 748w, https:\/\/kichiko.net\/wp-content\/uploads\/2023\/10\/lilla-400x548.jpg 400w, https:\/\/kichiko.net\/wp-content\/uploads\/2023\/10\/lilla-768x1051.jpg 768w, https:\/\/kichiko.net\/wp-content\/uploads\/2023\/10\/lilla-1122x1536.jpg 1122w, https:\/\/kichiko.net\/wp-content\/uploads\/2023\/10\/lilla.jpg 1496w\" sizes=\"(max-width: 748px) 100vw, 748px\" \/><\/figure>\n\n\n\n<p>Nyf\u00f8dt<\/p>\n\n\n\n<figure class=\"wp-block-image size-large\"><img loading=\"lazy\" width=\"887\" height=\"1024\" src=\"http:\/\/kichiko.net\/wp-content\/uploads\/2023\/10\/t2-887x1024.jpg\" alt=\"\" class=\"wp-image-4844\" srcset=\"https:\/\/kichiko.net\/wp-content\/uploads\/2023\/10\/t2-887x1024.jpg 887w, https:\/\/kichiko.net\/wp-content\/uploads\/2023\/10\/t2-400x462.jpg 400w, https:\/\/kichiko.net\/wp-content\/uploads\/2023\/10\/t2-768x887.jpg 768w, https:\/\/kichiko.net\/wp-content\/uploads\/2023\/10\/t2.jpg 1169w\" sizes=\"(max-width: 887px) 100vw, 887px\" \/><figcaption>1 uke<\/figcaption><\/figure>\n\n\n\n<figure class=\"wp-block-image size-large\"><img loading=\"lazy\" width=\"863\" height=\"1024\" src=\"http:\/\/kichiko.net\/wp-content\/uploads\/2023\/10\/t2-1-863x1024.jpg\" alt=\"\" class=\"wp-image-4845\" srcset=\"https:\/\/kichiko.net\/wp-content\/uploads\/2023\/10\/t2-1-863x1024.jpg 863w, https:\/\/kichiko.net\/wp-content\/uploads\/2023\/10\/t2-1-400x475.jpg 400w, https:\/\/kichiko.net\/wp-content\/uploads\/2023\/10\/t2-1-768x912.jpg 768w, https:\/\/kichiko.net\/wp-content\/uploads\/2023\/10\/t2-1-1294x1536.jpg 1294w, https:\/\/kichiko.net\/wp-content\/uploads\/2023\/10\/t2-1.jpg 1669w\" sizes=\"(max-width: 863px) 100vw, 863px\" \/><figcaption>2 uker<\/figcaption><\/figure>\n\n\n\n<figure class=\"wp-block-image size-large\"><img loading=\"lazy\" width=\"987\" height=\"1024\" src=\"https:\/\/kichiko.net\/wp-content\/uploads\/2023\/10\/t2-5-987x1024.jpg\" alt=\"\" class=\"wp-image-4881\" srcset=\"https:\/\/kichiko.net\/wp-content\/uploads\/2023\/10\/t2-5-987x1024.jpg 987w, https:\/\/kichiko.net\/wp-content\/uploads\/2023\/10\/t2-5-400x415.jpg 400w, https:\/\/kichiko.net\/wp-content\/uploads\/2023\/10\/t2-5-768x797.jpg 768w, https:\/\/kichiko.net\/wp-content\/uploads\/2023\/10\/t2-5-1480x1536.jpg 1480w, https:\/\/kichiko.net\/wp-content\/uploads\/2023\/10\/t2-5.jpg 1785w\" sizes=\"(max-width: 987px) 100vw, 987px\" \/><figcaption>3 uker<\/figcaption><\/figure>\n\n\n\n<figure class=\"wp-block-image size-large\"><img loading=\"lazy\" width=\"805\" height=\"1024\" src=\"https:\/\/kichiko.net\/wp-content\/uploads\/2023\/10\/t2-6-805x1024.jpg\" alt=\"\" class=\"wp-image-4892\" srcset=\"https:\/\/kichiko.net\/wp-content\/uploads\/2023\/10\/t2-6-805x1024.jpg 805w, https:\/\/kichiko.net\/wp-content\/uploads\/2023\/10\/t2-6-400x509.jpg 400w, https:\/\/kichiko.net\/wp-content\/uploads\/2023\/10\/t2-6-768x977.jpg 768w, https:\/\/kichiko.net\/wp-content\/uploads\/2023\/10\/t2-6-1208x1536.jpg 1208w, https:\/\/kichiko.net\/wp-content\/uploads\/2023\/10\/t2-6.jpg 1610w\" sizes=\"(max-width: 805px) 100vw, 805px\" \/><figcaption>4 uker<\/figcaption><\/figure>\n\n\n\n<figure class=\"wp-block-image size-large\"><img loading=\"lazy\" width=\"683\" height=\"1024\" src=\"https:\/\/kichiko.net\/wp-content\/uploads\/2023\/12\/Polly-lilla-683x1024.jpg\" alt=\"\" class=\"wp-image-4964\" srcset=\"https:\/\/kichiko.net\/wp-content\/uploads\/2023\/12\/Polly-lilla-683x1024.jpg 683w, https:\/\/kichiko.net\/wp-content\/uploads\/2023\/12\/Polly-lilla-400x600.jpg 400w, https:\/\/kichiko.net\/wp-content\/uploads\/2023\/12\/Polly-lilla-768x1151.jpg 768w, https:\/\/kichiko.net\/wp-content\/uploads\/2023\/12\/Polly-lilla-1025x1536.jpg 1025w, https:\/\/kichiko.net\/wp-content\/uploads\/2023\/12\/Polly-lilla.jpg 1366w\" sizes=\"(max-width: 683px) 100vw, 683px\" \/><figcaption>5 uker<\/figcaption><\/figure>\n\n\n\n<figure class=\"wp-block-image size-large\"><img loading=\"lazy\" width=\"682\" height=\"1024\" src=\"https:\/\/kichiko.net\/wp-content\/uploads\/2023\/12\/Polly-lilla-1-682x1024.jpg\" alt=\"\" class=\"wp-image-4965\" srcset=\"https:\/\/kichiko.net\/wp-content\/uploads\/2023\/12\/Polly-lilla-1-682x1024.jpg 682w, https:\/\/kichiko.net\/wp-content\/uploads\/2023\/12\/Polly-lilla-1-400x600.jpg 400w, https:\/\/kichiko.net\/wp-content\/uploads\/2023\/12\/Polly-lilla-1-768x1153.jpg 768w, https:\/\/kichiko.net\/wp-content\/uploads\/2023\/12\/Polly-lilla-1-1023x1536.jpg 1023w, https:\/\/kichiko.net\/wp-content\/uploads\/2023\/12\/Polly-lilla-1.jpg 1364w\" sizes=\"(max-width: 682px) 100vw, 682px\" \/><figcaption>6 uker<\/figcaption><\/figure>\n\n\n\n<figure class=\"wp-block-image size-large\"><img loading=\"lazy\" width=\"764\" height=\"1024\" src=\"https:\/\/kichiko.net\/wp-content\/uploads\/2023\/12\/Polly-lilla-2-764x1024.jpg\" alt=\"\" class=\"wp-image-4966\" srcset=\"https:\/\/kichiko.net\/wp-content\/uploads\/2023\/12\/Polly-lilla-2-764x1024.jpg 764w, https:\/\/kichiko.net\/wp-content\/uploads\/2023\/12\/Polly-lilla-2-400x536.jpg 400w, https:\/\/kichiko.net\/wp-content\/uploads\/2023\/12\/Polly-lilla-2-768x1029.jpg 768w, https:\/\/kichiko.net\/wp-content\/uploads\/2023\/12\/Polly-lilla-2.jpg 1025w\" sizes=\"(max-width: 764px) 100vw, 764px\" \/><figcaption>7 uker<\/figcaption><\/figure>\n\n\n\n<figure class=\"wp-block-image size-large\"><img loading=\"lazy\" width=\"781\" height=\"1024\" src=\"https:\/\/kichiko.net\/wp-content\/uploads\/2023\/12\/polly-781x1024.jpg\" alt=\"\" class=\"wp-image-4967\" srcset=\"https:\/\/kichiko.net\/wp-content\/uploads\/2023\/12\/polly-781x1024.jpg 781w, https:\/\/kichiko.net\/wp-content\/uploads\/2023\/12\/polly-400x524.jpg 400w, https:\/\/kichiko.net\/wp-content\/uploads\/2023\/12\/polly-768x1007.jpg 768w, https:\/\/kichiko.net\/wp-content\/uploads\/2023\/12\/polly-1172x1536.jpg 1172w, https:\/\/kichiko.net\/wp-content\/uploads\/2023\/12\/polly.jpg 1562w\" sizes=\"(max-width: 781px) 100vw, 781px\" \/><figcaption>Polly med sin nye familie<\/figcaption><\/figure>\n","protected":false},"excerpt":{"rendered":"<p>Det ble en r\u00f8d tispe som veide 260 gram og fikk navnet Kichiko`s Qule Kiara Nick : PollyRase : ShibaKj\u00f8nn: TispeFarge : R\u00f8dF\u00f8dt: 27.09.2023Reg.nr : NO 54797\/23HD:AD:Patella:\u00d8yne:Bitt: Eier: Kathinka og John Erick Salazar, Oslo Nyf\u00f8dt<\/p>\n","protected":false},"author":2,"featured_media":0,"parent":4773,"menu_order":3,"comment_status":"closed","ping_status":"closed","template":"","meta":[],"_links":{"self":[{"href":"https:\/\/kichiko.net\/index.php?rest_route=\/wp\/v2\/pages\/4782"}],"collection":[{"href":"https:\/\/kichiko.net\/index.php?rest_route=\/wp\/v2\/pages"}],"about":[{"href":"https:\/\/kichiko.net\/index.php?rest_route=\/wp\/v2\/types\/page"}],"author":[{"embeddable":true,"href":"https:\/\/kichiko.net\/index.php?rest_route=\/wp\/v2\/users\/2"}],"replies":[{"embeddable":true,"href":"https:\/\/kichiko.net\/index.php?rest_route=%2Fwp%2Fv2%2Fcomments&post=4782"}],"version-history":[{"count":7,"href":"https:\/\/kichiko.net\/index.php?rest_route=\/wp\/v2\/pages\/4782\/revisions"}],"predecessor-version":[{"id":5316,"href":"https:\/\/kichiko.net\/index.php?rest_route=\/wp\/v2\/pages\/4782\/revisions\/5316"}],"up":[{"embeddable":true,"href":"https:\/\/kichiko.net\/index.php?rest_route=\/wp\/v2\/pages\/4773"}],"wp:attachment":[{"href":"https:\/\/kichiko.net\/index.php?rest_route=%2Fwp%2Fv2%2Fmedia&parent=4782"}],"curies":[{"name":"wp","href":"https:\/\/api.w.org\/{rel}","templated":true}]}}