{"id":478,"date":"2016-10-03T22:48:24","date_gmt":"2016-10-03T21:48:24","guid":{"rendered":"http:\/\/kichiko.net\/?page_id=478"},"modified":"2018-11-03T23:20:40","modified_gmt":"2018-11-03T22:20:40","slug":"ei-katsuko","status":"publish","type":"page","link":"https:\/\/kichiko.net\/?page_id=478","title":{"rendered":"Ei Katsuko"},"content":{"rendered":"<p><span class=\"rtb4\">Kl.\u00a011:20 . Nr.4 ble en r\u00f8d\u00a0tispe som veide\u00a0240 gr.\u00a0 <span style=\"color: #000000;\">Hun fikk navnet : Kichiko`s\u00a0 Ei Katsuko. Det betyr : Fullkommen Seiersbarn\u00a0<\/span><\/span><\/p>\n<div class=\"tmpMainPicBox\">\n<div class=\"tmpMainPicSubBox\">\n<div class=\"tmpMainRich\">\n<p><span class=\"rtb4\">Nick : Lillith<br \/>\nRase : Shiba<br \/>\nKj\u00f8nn : Tispe<br \/>\nFarge : R\u00f8d<br \/>\nF\u00f8dt: 7\/10-2013<br \/>\nReg.nr : NO54220\/13<br \/>\nHD : A<br \/>\nAD : 0<br \/>\n<\/span><span class=\"rtb4\">\u00d8yenlyst fri<br \/>\nBitt: Korrekt og fulltannet<br \/>\n<\/span>Tittel: Nuch, NJV-13<\/p>\n<p>Eiere\u00a0: Vetle Edvardsen og Annette Helen Hunt, \u00c5ros<\/p>\n<p><img loading=\"lazy\" class=\"alignnone size-medium wp-image-482\" src=\"http:\/\/kichiko.net\/wp-content\/uploads\/2016\/10\/hjl-400x392.jpg\" alt=\"hjl\" width=\"400\" height=\"392\" srcset=\"https:\/\/kichiko.net\/wp-content\/uploads\/2016\/10\/hjl-400x392.jpg 400w, https:\/\/kichiko.net\/wp-content\/uploads\/2016\/10\/hjl-768x752.jpg 768w, https:\/\/kichiko.net\/wp-content\/uploads\/2016\/10\/hjl.jpg 960w\" sizes=\"(max-width: 400px) 100vw, 400px\" \/><\/p>\n<p>1 uke<\/p>\n<div id=\"attachment_481\" style=\"width: 410px\" class=\"wp-caption alignnone\"><img aria-describedby=\"caption-attachment-481\" loading=\"lazy\" class=\"size-medium wp-image-481\" src=\"http:\/\/kichiko.net\/wp-content\/uploads\/2016\/10\/hjll-1-400x352.jpg\" alt=\"7 uker\" width=\"400\" height=\"352\" srcset=\"https:\/\/kichiko.net\/wp-content\/uploads\/2016\/10\/hjll-1-400x352.jpg 400w, https:\/\/kichiko.net\/wp-content\/uploads\/2016\/10\/hjll-1-768x676.jpg 768w, https:\/\/kichiko.net\/wp-content\/uploads\/2016\/10\/hjll-1.jpg 960w\" sizes=\"(max-width: 400px) 100vw, 400px\" \/><p id=\"caption-attachment-481\" class=\"wp-caption-text\">7 uker<\/p><\/div>\n<div id=\"attachment_483\" style=\"width: 410px\" class=\"wp-caption alignnone\"><img aria-describedby=\"caption-attachment-483\" loading=\"lazy\" class=\"size-medium wp-image-483\" src=\"http:\/\/kichiko.net\/wp-content\/uploads\/2016\/10\/hjlll-1-400x389.jpg\" alt=\"4 mnd\" width=\"400\" height=\"389\" srcset=\"https:\/\/kichiko.net\/wp-content\/uploads\/2016\/10\/hjlll-1-400x389.jpg 400w, https:\/\/kichiko.net\/wp-content\/uploads\/2016\/10\/hjlll-1.jpg 565w\" sizes=\"(max-width: 400px) 100vw, 400px\" \/><p id=\"caption-attachment-483\" class=\"wp-caption-text\">4 mnd<\/p><\/div>\n<p><img loading=\"lazy\" class=\"alignnone size-medium wp-image-485\" src=\"http:\/\/kichiko.net\/wp-content\/uploads\/2016\/10\/Hjllll-400x299.jpg\" alt=\"hjllll\" width=\"400\" height=\"299\" srcset=\"https:\/\/kichiko.net\/wp-content\/uploads\/2016\/10\/Hjllll-400x299.jpg 400w, https:\/\/kichiko.net\/wp-content\/uploads\/2016\/10\/Hjllll.jpg 565w\" sizes=\"(max-width: 400px) 100vw, 400px\" \/><\/p>\n<p>Lillith<\/p>\n<\/div>\n<\/div>\n<\/div>\n","protected":false},"excerpt":{"rendered":"<p>Kl.\u00a011:20 . Nr.4 ble en r\u00f8d\u00a0tispe som veide\u00a0240 gr.\u00a0 Hun fikk navnet : Kichiko`s\u00a0 Ei Katsuko. Det betyr : Fullkommen Seiersbarn\u00a0 Nick : Lillith Rase : Shiba Kj\u00f8nn : Tispe Farge : R\u00f8d F\u00f8dt: 7\/10-2013 Reg.nr : NO54220\/13 HD : A AD : 0 \u00d8yenlyst fri Bitt: Korrekt og fulltannet Tittel: Nuch, NJV-13 Eiere\u00a0: Vetle [&hellip;]<\/p>\n","protected":false},"author":2,"featured_media":0,"parent":125,"menu_order":0,"comment_status":"closed","ping_status":"closed","template":"","meta":[],"_links":{"self":[{"href":"https:\/\/kichiko.net\/index.php?rest_route=\/wp\/v2\/pages\/478"}],"collection":[{"href":"https:\/\/kichiko.net\/index.php?rest_route=\/wp\/v2\/pages"}],"about":[{"href":"https:\/\/kichiko.net\/index.php?rest_route=\/wp\/v2\/types\/page"}],"author":[{"embeddable":true,"href":"https:\/\/kichiko.net\/index.php?rest_route=\/wp\/v2\/users\/2"}],"replies":[{"embeddable":true,"href":"https:\/\/kichiko.net\/index.php?rest_route=%2Fwp%2Fv2%2Fcomments&post=478"}],"version-history":[{"count":5,"href":"https:\/\/kichiko.net\/index.php?rest_route=\/wp\/v2\/pages\/478\/revisions"}],"predecessor-version":[{"id":1968,"href":"https:\/\/kichiko.net\/index.php?rest_route=\/wp\/v2\/pages\/478\/revisions\/1968"}],"up":[{"embeddable":true,"href":"https:\/\/kichiko.net\/index.php?rest_route=\/wp\/v2\/pages\/125"}],"wp:attachment":[{"href":"https:\/\/kichiko.net\/index.php?rest_route=%2Fwp%2Fv2%2Fmedia&parent=478"}],"curies":[{"name":"wp","href":"https:\/\/api.w.org\/{rel}","templated":true}]}}