{"id":4778,"date":"2023-10-02T15:55:31","date_gmt":"2023-10-02T14:55:31","guid":{"rendered":"https:\/\/kichiko.net\/?page_id=4778"},"modified":"2025-02-08T00:32:25","modified_gmt":"2025-02-07T23:32:25","slug":"kichikos-q","status":"publish","type":"page","link":"https:\/\/kichiko.net\/?page_id=4778","title":{"rendered":"Qule Simba"},"content":{"rendered":"\n<p>Det ble en r\u00f8d hann som veide 245 gram og fikk navnet Kichiko`s Qule Simba<br>Nick : Simba<br>Rase : Shiba<br>Kj\u00f8nn: Hann<br>Farge : R\u00f8d<br>F\u00f8dt: 27.09.2023<br>Reg.nr : NO54977\/23<br>HD: C\/C<br>AD: 0\/0<br>Patella:<br>\u00d8yne:<br>Bitt:<\/p>\n\n\n\n<p>Eier :&nbsp;Michelle Hvitstein og Georg S\u00f8lversen, Kodal<\/p>\n\n\n\n<figure class=\"wp-block-image size-large\"><img loading=\"lazy\" width=\"1024\" height=\"1021\" src=\"https:\/\/kichiko.net\/wp-content\/uploads\/2023\/10\/hann-1024x1021.jpg\" alt=\"\" class=\"wp-image-4803\" srcset=\"https:\/\/kichiko.net\/wp-content\/uploads\/2023\/10\/hann-1024x1021.jpg 1024w, https:\/\/kichiko.net\/wp-content\/uploads\/2023\/10\/hann-400x399.jpg 400w, https:\/\/kichiko.net\/wp-content\/uploads\/2023\/10\/hann-150x150.jpg 150w, https:\/\/kichiko.net\/wp-content\/uploads\/2023\/10\/hann-768x765.jpg 768w, https:\/\/kichiko.net\/wp-content\/uploads\/2023\/10\/hann-1536x1531.jpg 1536w, https:\/\/kichiko.net\/wp-content\/uploads\/2023\/10\/hann.jpg 1821w\" sizes=\"(max-width: 1024px) 100vw, 1024px\" \/><figcaption>Nyf\u00f8dt<\/figcaption><\/figure>\n\n\n\n<figure class=\"wp-block-image size-large\"><img loading=\"lazy\" width=\"1024\" height=\"1004\" src=\"http:\/\/kichiko.net\/wp-content\/uploads\/2023\/10\/hann-2-1024x1004.jpg\" alt=\"\" class=\"wp-image-4838\" srcset=\"https:\/\/kichiko.net\/wp-content\/uploads\/2023\/10\/hann-2-1024x1004.jpg 1024w, https:\/\/kichiko.net\/wp-content\/uploads\/2023\/10\/hann-2-400x392.jpg 400w, https:\/\/kichiko.net\/wp-content\/uploads\/2023\/10\/hann-2-768x753.jpg 768w, https:\/\/kichiko.net\/wp-content\/uploads\/2023\/10\/hann-2.jpg 1064w\" sizes=\"(max-width: 1024px) 100vw, 1024px\" \/><figcaption>1 uke<\/figcaption><\/figure>\n\n\n\n<figure class=\"wp-block-image size-large\"><img loading=\"lazy\" width=\"1024\" height=\"1001\" src=\"http:\/\/kichiko.net\/wp-content\/uploads\/2023\/10\/hann-3-1024x1001.jpg\" alt=\"\" class=\"wp-image-4839\" srcset=\"https:\/\/kichiko.net\/wp-content\/uploads\/2023\/10\/hann-3-1024x1001.jpg 1024w, https:\/\/kichiko.net\/wp-content\/uploads\/2023\/10\/hann-3-400x391.jpg 400w, https:\/\/kichiko.net\/wp-content\/uploads\/2023\/10\/hann-3-768x751.jpg 768w, https:\/\/kichiko.net\/wp-content\/uploads\/2023\/10\/hann-3-1536x1502.jpg 1536w, https:\/\/kichiko.net\/wp-content\/uploads\/2023\/10\/hann-3.jpg 1839w\" sizes=\"(max-width: 1024px) 100vw, 1024px\" \/><figcaption>2 uker<\/figcaption><\/figure>\n\n\n\n<figure class=\"wp-block-image size-large\"><img loading=\"lazy\" width=\"1024\" height=\"883\" src=\"https:\/\/kichiko.net\/wp-content\/uploads\/2023\/10\/h-1024x883.jpg\" alt=\"\" class=\"wp-image-4877\" srcset=\"https:\/\/kichiko.net\/wp-content\/uploads\/2023\/10\/h-1024x883.jpg 1024w, https:\/\/kichiko.net\/wp-content\/uploads\/2023\/10\/h-400x345.jpg 400w, https:\/\/kichiko.net\/wp-content\/uploads\/2023\/10\/h-768x662.jpg 768w, https:\/\/kichiko.net\/wp-content\/uploads\/2023\/10\/h-1536x1325.jpg 1536w, https:\/\/kichiko.net\/wp-content\/uploads\/2023\/10\/h.jpg 1958w\" sizes=\"(max-width: 1024px) 100vw, 1024px\" \/><figcaption>3 uker<\/figcaption><\/figure>\n\n\n\n<figure class=\"wp-block-image size-large\"><img loading=\"lazy\" width=\"894\" height=\"1024\" src=\"https:\/\/kichiko.net\/wp-content\/uploads\/2023\/10\/hann-6-894x1024.jpg\" alt=\"\" class=\"wp-image-4890\" srcset=\"https:\/\/kichiko.net\/wp-content\/uploads\/2023\/10\/hann-6-894x1024.jpg 894w, https:\/\/kichiko.net\/wp-content\/uploads\/2023\/10\/hann-6-400x458.jpg 400w, https:\/\/kichiko.net\/wp-content\/uploads\/2023\/10\/hann-6-768x880.jpg 768w, https:\/\/kichiko.net\/wp-content\/uploads\/2023\/10\/hann-6.jpg 1242w\" sizes=\"(max-width: 894px) 100vw, 894px\" \/><figcaption>4 uker<\/figcaption><\/figure>\n\n\n\n<figure class=\"wp-block-image size-large\"><img loading=\"lazy\" width=\"715\" height=\"1024\" src=\"https:\/\/kichiko.net\/wp-content\/uploads\/2023\/11\/simba-715x1024.jpg\" alt=\"\" class=\"wp-image-4944\" srcset=\"https:\/\/kichiko.net\/wp-content\/uploads\/2023\/11\/simba-715x1024.jpg 715w, https:\/\/kichiko.net\/wp-content\/uploads\/2023\/11\/simba-400x573.jpg 400w, https:\/\/kichiko.net\/wp-content\/uploads\/2023\/11\/simba-768x1100.jpg 768w, https:\/\/kichiko.net\/wp-content\/uploads\/2023\/11\/simba-1073x1536.jpg 1073w, https:\/\/kichiko.net\/wp-content\/uploads\/2023\/11\/simba.jpg 1430w\" sizes=\"(max-width: 715px) 100vw, 715px\" \/><figcaption>5 uker<\/figcaption><\/figure>\n\n\n\n<figure class=\"wp-block-image size-large\"><img loading=\"lazy\" width=\"658\" height=\"1024\" src=\"https:\/\/kichiko.net\/wp-content\/uploads\/2023\/11\/simba-1-658x1024.jpg\" alt=\"\" class=\"wp-image-4945\" srcset=\"https:\/\/kichiko.net\/wp-content\/uploads\/2023\/11\/simba-1-658x1024.jpg 658w, https:\/\/kichiko.net\/wp-content\/uploads\/2023\/11\/simba-1-386x600.jpg 386w, https:\/\/kichiko.net\/wp-content\/uploads\/2023\/11\/simba-1-768x1195.jpg 768w, https:\/\/kichiko.net\/wp-content\/uploads\/2023\/11\/simba-1-987x1536.jpg 987w, https:\/\/kichiko.net\/wp-content\/uploads\/2023\/11\/simba-1.jpg 1316w\" sizes=\"(max-width: 658px) 100vw, 658px\" \/><figcaption>6 uker<\/figcaption><\/figure>\n\n\n\n<figure class=\"wp-block-image size-large\"><img loading=\"lazy\" width=\"780\" height=\"1024\" src=\"https:\/\/kichiko.net\/wp-content\/uploads\/2023\/11\/simba-2-780x1024.jpg\" alt=\"\" class=\"wp-image-4946\" srcset=\"https:\/\/kichiko.net\/wp-content\/uploads\/2023\/11\/simba-2-780x1024.jpg 780w, https:\/\/kichiko.net\/wp-content\/uploads\/2023\/11\/simba-2-400x525.jpg 400w, https:\/\/kichiko.net\/wp-content\/uploads\/2023\/11\/simba-2-768x1008.jpg 768w, https:\/\/kichiko.net\/wp-content\/uploads\/2023\/11\/simba-2.jpg 929w\" sizes=\"(max-width: 780px) 100vw, 780px\" \/><figcaption>7 uker<\/figcaption><\/figure>\n\n\n\n<figure class=\"wp-block-image size-large\"><img loading=\"lazy\" width=\"620\" height=\"1024\" src=\"https:\/\/kichiko.net\/wp-content\/uploads\/2023\/11\/simba-med-folk-620x1024.jpg\" alt=\"\" class=\"wp-image-4947\" srcset=\"https:\/\/kichiko.net\/wp-content\/uploads\/2023\/11\/simba-med-folk-620x1024.jpg 620w, https:\/\/kichiko.net\/wp-content\/uploads\/2023\/11\/simba-med-folk-363x600.jpg 363w, https:\/\/kichiko.net\/wp-content\/uploads\/2023\/11\/simba-med-folk-768x1268.jpg 768w, https:\/\/kichiko.net\/wp-content\/uploads\/2023\/11\/simba-med-folk-930x1536.jpg 930w, https:\/\/kichiko.net\/wp-content\/uploads\/2023\/11\/simba-med-folk.jpg 1240w\" sizes=\"(max-width: 620px) 100vw, 620px\" \/><figcaption>Simba med sine nye eiere<\/figcaption><\/figure>\n\n\n\n<p><\/p>\n","protected":false},"excerpt":{"rendered":"<p>Det ble en r\u00f8d hann som veide 245 gram og fikk navnet Kichiko`s Qule SimbaNick : SimbaRase : ShibaKj\u00f8nn: HannFarge : R\u00f8dF\u00f8dt: 27.09.2023Reg.nr : NO54977\/23HD: C\/CAD: 0\/0Patella:\u00d8yne:Bitt: Eier :&nbsp;Michelle Hvitstein og Georg S\u00f8lversen, Kodal<\/p>\n","protected":false},"author":2,"featured_media":0,"parent":4773,"menu_order":1,"comment_status":"closed","ping_status":"closed","template":"","meta":[],"_links":{"self":[{"href":"https:\/\/kichiko.net\/index.php?rest_route=\/wp\/v2\/pages\/4778"}],"collection":[{"href":"https:\/\/kichiko.net\/index.php?rest_route=\/wp\/v2\/pages"}],"about":[{"href":"https:\/\/kichiko.net\/index.php?rest_route=\/wp\/v2\/types\/page"}],"author":[{"embeddable":true,"href":"https:\/\/kichiko.net\/index.php?rest_route=\/wp\/v2\/users\/2"}],"replies":[{"embeddable":true,"href":"https:\/\/kichiko.net\/index.php?rest_route=%2Fwp%2Fv2%2Fcomments&post=4778"}],"version-history":[{"count":10,"href":"https:\/\/kichiko.net\/index.php?rest_route=\/wp\/v2\/pages\/4778\/revisions"}],"predecessor-version":[{"id":5556,"href":"https:\/\/kichiko.net\/index.php?rest_route=\/wp\/v2\/pages\/4778\/revisions\/5556"}],"up":[{"embeddable":true,"href":"https:\/\/kichiko.net\/index.php?rest_route=\/wp\/v2\/pages\/4773"}],"wp:attachment":[{"href":"https:\/\/kichiko.net\/index.php?rest_route=%2Fwp%2Fv2%2Fmedia&parent=4778"}],"curies":[{"name":"wp","href":"https:\/\/api.w.org\/{rel}","templated":true}]}}