{"id":4637,"date":"2023-07-14T23:17:09","date_gmt":"2023-07-14T22:17:09","guid":{"rendered":"http:\/\/kichiko.net\/?page_id=4637"},"modified":"2023-10-02T15:44:46","modified_gmt":"2023-10-02T14:44:46","slug":"kichikos-p","status":"publish","type":"page","link":"https:\/\/kichiko.net\/?page_id=4637","title":{"rendered":"Powered ByLoveFromAllOfUs"},"content":{"rendered":"\n<p>Kl.01:00 . Det ble en r\u00f8d hann som veide 305 gram og fikk navnet Kichiko`s Powered ByLoveFromAllOfUs<\/p>\n\n\n\n<p>Nick : Kaito<br>Rase : Shiba<br>Kj\u00f8nn: Hann<br>Farge : R\u00f8d<br>F\u00f8dt: 26\/7-2023<br>Reg.nr : NO50971\/23<br>HD:<br>AD:<br>Patella:<br>Bitt:<\/p>\n\n\n\n<p>Eier :&nbsp;Ella Cecilie V\u00e5gsvoll og Matias L\u00f8nning, J\u00f8rpeland<\/p>\n\n\n\n<figure class=\"wp-block-image size-large\"><img loading=\"lazy\" width=\"768\" height=\"1024\" src=\"http:\/\/kichiko.net\/wp-content\/uploads\/2023\/07\/hann-768x1024.jpg\" alt=\"\" class=\"wp-image-4669\" srcset=\"https:\/\/kichiko.net\/wp-content\/uploads\/2023\/07\/hann-768x1024.jpg 768w, https:\/\/kichiko.net\/wp-content\/uploads\/2023\/07\/hann-400x533.jpg 400w, https:\/\/kichiko.net\/wp-content\/uploads\/2023\/07\/hann-1152x1536.jpg 1152w, https:\/\/kichiko.net\/wp-content\/uploads\/2023\/07\/hann-1536x2048.jpg 1536w, https:\/\/kichiko.net\/wp-content\/uploads\/2023\/07\/hann-scaled.jpg 1920w\" sizes=\"(max-width: 768px) 100vw, 768px\" \/><figcaption>Nyf\u00f8dt<\/figcaption><\/figure>\n\n\n\n<figure class=\"wp-block-image size-large\"><img loading=\"lazy\" width=\"768\" height=\"1024\" src=\"http:\/\/kichiko.net\/wp-content\/uploads\/2023\/08\/h-768x1024.jpg\" alt=\"\" class=\"wp-image-4695\" srcset=\"https:\/\/kichiko.net\/wp-content\/uploads\/2023\/08\/h-768x1024.jpg 768w, https:\/\/kichiko.net\/wp-content\/uploads\/2023\/08\/h-400x533.jpg 400w, https:\/\/kichiko.net\/wp-content\/uploads\/2023\/08\/h-1152x1536.jpg 1152w, https:\/\/kichiko.net\/wp-content\/uploads\/2023\/08\/h.jpg 1536w\" sizes=\"(max-width: 768px) 100vw, 768px\" \/><figcaption>1 uke<\/figcaption><\/figure>\n\n\n\n<figure class=\"wp-block-image size-large\"><img loading=\"lazy\" width=\"968\" height=\"1024\" src=\"http:\/\/kichiko.net\/wp-content\/uploads\/2023\/08\/h-1-968x1024.jpg\" alt=\"\" class=\"wp-image-4696\" srcset=\"https:\/\/kichiko.net\/wp-content\/uploads\/2023\/08\/h-1-968x1024.jpg 968w, https:\/\/kichiko.net\/wp-content\/uploads\/2023\/08\/h-1-400x423.jpg 400w, https:\/\/kichiko.net\/wp-content\/uploads\/2023\/08\/h-1-768x812.jpg 768w, https:\/\/kichiko.net\/wp-content\/uploads\/2023\/08\/h-1-1452x1536.jpg 1452w, https:\/\/kichiko.net\/wp-content\/uploads\/2023\/08\/h-1.jpg 1768w\" sizes=\"(max-width: 968px) 100vw, 968px\" \/><figcaption>2 uker<\/figcaption><\/figure>\n\n\n\n<figure class=\"wp-block-image size-large\"><img loading=\"lazy\" width=\"768\" height=\"1024\" src=\"http:\/\/kichiko.net\/wp-content\/uploads\/2023\/08\/h-2-768x1024.jpg\" alt=\"\" class=\"wp-image-4713\" srcset=\"https:\/\/kichiko.net\/wp-content\/uploads\/2023\/08\/h-2-768x1024.jpg 768w, https:\/\/kichiko.net\/wp-content\/uploads\/2023\/08\/h-2-400x533.jpg 400w, https:\/\/kichiko.net\/wp-content\/uploads\/2023\/08\/h-2-1152x1536.jpg 1152w, https:\/\/kichiko.net\/wp-content\/uploads\/2023\/08\/h-2.jpg 1536w\" sizes=\"(max-width: 768px) 100vw, 768px\" \/><figcaption>3 uker<\/figcaption><\/figure>\n\n\n\n<figure class=\"wp-block-image size-large\"><img loading=\"lazy\" width=\"768\" height=\"1024\" src=\"http:\/\/kichiko.net\/wp-content\/uploads\/2023\/08\/gutt-768x1024.jpg\" alt=\"\" class=\"wp-image-4723\" srcset=\"https:\/\/kichiko.net\/wp-content\/uploads\/2023\/08\/gutt-768x1024.jpg 768w, https:\/\/kichiko.net\/wp-content\/uploads\/2023\/08\/gutt-400x533.jpg 400w, https:\/\/kichiko.net\/wp-content\/uploads\/2023\/08\/gutt-1152x1536.jpg 1152w, https:\/\/kichiko.net\/wp-content\/uploads\/2023\/08\/gutt-1536x2048.jpg 1536w, https:\/\/kichiko.net\/wp-content\/uploads\/2023\/08\/gutt-scaled.jpg 1920w\" sizes=\"(max-width: 768px) 100vw, 768px\" \/><figcaption>4 uker<\/figcaption><\/figure>\n\n\n\n<figure class=\"wp-block-image size-large\"><img loading=\"lazy\" width=\"1024\" height=\"683\" src=\"https:\/\/kichiko.net\/wp-content\/uploads\/2023\/10\/kaito-1024x683.jpg\" alt=\"\" class=\"wp-image-4765\" srcset=\"https:\/\/kichiko.net\/wp-content\/uploads\/2023\/10\/kaito-1024x683.jpg 1024w, https:\/\/kichiko.net\/wp-content\/uploads\/2023\/10\/kaito-400x267.jpg 400w, https:\/\/kichiko.net\/wp-content\/uploads\/2023\/10\/kaito-768x512.jpg 768w, https:\/\/kichiko.net\/wp-content\/uploads\/2023\/10\/kaito-1536x1024.jpg 1536w, https:\/\/kichiko.net\/wp-content\/uploads\/2023\/10\/kaito-2048x1365.jpg 2048w\" sizes=\"(max-width: 1024px) 100vw, 1024px\" \/><\/figure>\n\n\n\n<figure class=\"wp-block-image size-large\"><img loading=\"lazy\" width=\"1024\" height=\"683\" src=\"https:\/\/kichiko.net\/wp-content\/uploads\/2023\/10\/375014280_841160867591924_7411993966558649530_n-1024x683.jpg\" alt=\"\" class=\"wp-image-4766\" srcset=\"https:\/\/kichiko.net\/wp-content\/uploads\/2023\/10\/375014280_841160867591924_7411993966558649530_n-1024x683.jpg 1024w, https:\/\/kichiko.net\/wp-content\/uploads\/2023\/10\/375014280_841160867591924_7411993966558649530_n-400x267.jpg 400w, https:\/\/kichiko.net\/wp-content\/uploads\/2023\/10\/375014280_841160867591924_7411993966558649530_n-768x512.jpg 768w, https:\/\/kichiko.net\/wp-content\/uploads\/2023\/10\/375014280_841160867591924_7411993966558649530_n.jpg 1170w\" sizes=\"(max-width: 1024px) 100vw, 1024px\" \/><\/figure>\n\n\n\n<figure class=\"wp-block-image size-large\"><img loading=\"lazy\" width=\"587\" height=\"1024\" src=\"https:\/\/kichiko.net\/wp-content\/uploads\/2023\/10\/379176378_10161189883296241_8303375008152529137_n-587x1024.jpg\" alt=\"\" class=\"wp-image-4768\" srcset=\"https:\/\/kichiko.net\/wp-content\/uploads\/2023\/10\/379176378_10161189883296241_8303375008152529137_n-587x1024.jpg 587w, https:\/\/kichiko.net\/wp-content\/uploads\/2023\/10\/379176378_10161189883296241_8303375008152529137_n-344x600.jpg 344w, https:\/\/kichiko.net\/wp-content\/uploads\/2023\/10\/379176378_10161189883296241_8303375008152529137_n-768x1340.jpg 768w, https:\/\/kichiko.net\/wp-content\/uploads\/2023\/10\/379176378_10161189883296241_8303375008152529137_n-881x1536.jpg 881w, https:\/\/kichiko.net\/wp-content\/uploads\/2023\/10\/379176378_10161189883296241_8303375008152529137_n.jpg 1174w\" sizes=\"(max-width: 587px) 100vw, 587px\" \/><figcaption>Kaito med sine nye folk<\/figcaption><\/figure>\n","protected":false},"excerpt":{"rendered":"<p>Kl.01:00 . Det ble en r\u00f8d hann som veide 305 gram og fikk navnet Kichiko`s Powered ByLoveFromAllOfUs Nick : KaitoRase : ShibaKj\u00f8nn: HannFarge : R\u00f8dF\u00f8dt: 26\/7-2023Reg.nr : NO50971\/23HD:AD:Patella:Bitt: Eier :&nbsp;Ella Cecilie V\u00e5gsvoll og Matias L\u00f8nning, J\u00f8rpeland<\/p>\n","protected":false},"author":2,"featured_media":0,"parent":4633,"menu_order":1,"comment_status":"closed","ping_status":"closed","template":"","meta":[],"_links":{"self":[{"href":"https:\/\/kichiko.net\/index.php?rest_route=\/wp\/v2\/pages\/4637"}],"collection":[{"href":"https:\/\/kichiko.net\/index.php?rest_route=\/wp\/v2\/pages"}],"about":[{"href":"https:\/\/kichiko.net\/index.php?rest_route=\/wp\/v2\/types\/page"}],"author":[{"embeddable":true,"href":"https:\/\/kichiko.net\/index.php?rest_route=\/wp\/v2\/users\/2"}],"replies":[{"embeddable":true,"href":"https:\/\/kichiko.net\/index.php?rest_route=%2Fwp%2Fv2%2Fcomments&post=4637"}],"version-history":[{"count":9,"href":"https:\/\/kichiko.net\/index.php?rest_route=\/wp\/v2\/pages\/4637\/revisions"}],"predecessor-version":[{"id":4769,"href":"https:\/\/kichiko.net\/index.php?rest_route=\/wp\/v2\/pages\/4637\/revisions\/4769"}],"up":[{"embeddable":true,"href":"https:\/\/kichiko.net\/index.php?rest_route=\/wp\/v2\/pages\/4633"}],"wp:attachment":[{"href":"https:\/\/kichiko.net\/index.php?rest_route=%2Fwp%2Fv2%2Fmedia&parent=4637"}],"curies":[{"name":"wp","href":"https:\/\/api.w.org\/{rel}","templated":true}]}}