{"id":4631,"date":"2023-07-14T23:10:13","date_gmt":"2023-07-14T22:10:13","guid":{"rendered":"http:\/\/kichiko.net\/?page_id=4631"},"modified":"2024-08-22T17:21:13","modified_gmt":"2024-08-22T16:21:13","slug":"kichikos-o-2","status":"publish","type":"page","link":"https:\/\/kichiko.net\/?page_id=4631","title":{"rendered":"Just Me And You Bro"},"content":{"rendered":"\n<p>Kl.10:15 . Det ble en r\u00f8d hann som veide 295 gram og fikk navnet Kichiko`s Just  Me And You Bro<\/p>\n\n\n\n<p>Nick : Kenzo<br>Rase : Shiba<br>Kj\u00f8nn: Hann<br>Farge : R\u00f8d<br>F\u00f8dt: 16.07.2023<br>Reg.nr : NO50163\/23<br>HD:<br>AD:<br>Patella:<br>\u00d8yne:<br>Bitt:<\/p>\n\n\n\n<p>Eier :&nbsp;Julie Gylland Sandmo og Henrik Husum Alm, Sande<\/p>\n\n\n\n<figure class=\"wp-block-image size-large\"><img loading=\"lazy\" width=\"768\" height=\"1024\" src=\"http:\/\/kichiko.net\/wp-content\/uploads\/2023\/07\/2-768x1024.jpg\" alt=\"\" class=\"wp-image-4655\" srcset=\"https:\/\/kichiko.net\/wp-content\/uploads\/2023\/07\/2-768x1024.jpg 768w, https:\/\/kichiko.net\/wp-content\/uploads\/2023\/07\/2-400x533.jpg 400w, https:\/\/kichiko.net\/wp-content\/uploads\/2023\/07\/2-1152x1536.jpg 1152w, https:\/\/kichiko.net\/wp-content\/uploads\/2023\/07\/2.jpg 1536w\" sizes=\"(max-width: 768px) 100vw, 768px\" \/><figcaption>Nyf\u00f8dt<\/figcaption><\/figure>\n\n\n\n<figure class=\"wp-block-image size-large\"><img loading=\"lazy\" width=\"978\" height=\"1024\" src=\"http:\/\/kichiko.net\/wp-content\/uploads\/2023\/07\/2-1-978x1024.jpg\" alt=\"\" class=\"wp-image-4664\" srcset=\"https:\/\/kichiko.net\/wp-content\/uploads\/2023\/07\/2-1-978x1024.jpg 978w, https:\/\/kichiko.net\/wp-content\/uploads\/2023\/07\/2-1-400x419.jpg 400w, https:\/\/kichiko.net\/wp-content\/uploads\/2023\/07\/2-1-768x804.jpg 768w, https:\/\/kichiko.net\/wp-content\/uploads\/2023\/07\/2-1-1467x1536.jpg 1467w, https:\/\/kichiko.net\/wp-content\/uploads\/2023\/07\/2-1.jpg 1956w\" sizes=\"(max-width: 978px) 100vw, 978px\" \/><figcaption>1 uke <\/figcaption><\/figure>\n\n\n\n<figure class=\"wp-block-image size-large\"><img loading=\"lazy\" width=\"849\" height=\"1024\" src=\"http:\/\/kichiko.net\/wp-content\/uploads\/2023\/08\/2-849x1024.jpg\" alt=\"\" class=\"wp-image-4680\" srcset=\"https:\/\/kichiko.net\/wp-content\/uploads\/2023\/08\/2-849x1024.jpg 849w, https:\/\/kichiko.net\/wp-content\/uploads\/2023\/08\/2-400x483.jpg 400w, https:\/\/kichiko.net\/wp-content\/uploads\/2023\/08\/2-768x927.jpg 768w, https:\/\/kichiko.net\/wp-content\/uploads\/2023\/08\/2-1273x1536.jpg 1273w, https:\/\/kichiko.net\/wp-content\/uploads\/2023\/08\/2.jpg 1655w\" sizes=\"(max-width: 849px) 100vw, 849px\" \/><figcaption>2 uker<\/figcaption><\/figure>\n\n\n\n<figure class=\"wp-block-image size-large\"><img loading=\"lazy\" width=\"914\" height=\"1024\" src=\"http:\/\/kichiko.net\/wp-content\/uploads\/2023\/08\/2-1-914x1024.jpg\" alt=\"\" class=\"wp-image-4681\" srcset=\"https:\/\/kichiko.net\/wp-content\/uploads\/2023\/08\/2-1-914x1024.jpg 914w, https:\/\/kichiko.net\/wp-content\/uploads\/2023\/08\/2-1-400x448.jpg 400w, https:\/\/kichiko.net\/wp-content\/uploads\/2023\/08\/2-1-768x860.jpg 768w, https:\/\/kichiko.net\/wp-content\/uploads\/2023\/08\/2-1-1372x1536.jpg 1372w, https:\/\/kichiko.net\/wp-content\/uploads\/2023\/08\/2-1.jpg 1718w\" sizes=\"(max-width: 914px) 100vw, 914px\" \/><figcaption>3 uker<\/figcaption><\/figure>\n\n\n\n<figure class=\"wp-block-image size-large\"><img loading=\"lazy\" width=\"692\" height=\"1024\" src=\"http:\/\/kichiko.net\/wp-content\/uploads\/2023\/08\/2-2-692x1024.jpg\" alt=\"\" class=\"wp-image-4683\" srcset=\"https:\/\/kichiko.net\/wp-content\/uploads\/2023\/08\/2-2-692x1024.jpg 692w, https:\/\/kichiko.net\/wp-content\/uploads\/2023\/08\/2-2-400x592.jpg 400w, https:\/\/kichiko.net\/wp-content\/uploads\/2023\/08\/2-2-768x1136.jpg 768w, https:\/\/kichiko.net\/wp-content\/uploads\/2023\/08\/2-2-1038x1536.jpg 1038w, https:\/\/kichiko.net\/wp-content\/uploads\/2023\/08\/2-2.jpg 1384w\" sizes=\"(max-width: 692px) 100vw, 692px\" \/><figcaption>4 uker<\/figcaption><\/figure>\n\n\n\n<figure class=\"wp-block-image size-large\"><img loading=\"lazy\" width=\"764\" height=\"1024\" src=\"http:\/\/kichiko.net\/wp-content\/uploads\/2023\/08\/2-3-764x1024.jpg\" alt=\"\" class=\"wp-image-4721\" srcset=\"https:\/\/kichiko.net\/wp-content\/uploads\/2023\/08\/2-3-764x1024.jpg 764w, https:\/\/kichiko.net\/wp-content\/uploads\/2023\/08\/2-3-400x536.jpg 400w, https:\/\/kichiko.net\/wp-content\/uploads\/2023\/08\/2-3-768x1029.jpg 768w, https:\/\/kichiko.net\/wp-content\/uploads\/2023\/08\/2-3-1146x1536.jpg 1146w, https:\/\/kichiko.net\/wp-content\/uploads\/2023\/08\/2-3.jpg 1528w\" sizes=\"(max-width: 764px) 100vw, 764px\" \/><figcaption>5 uker<\/figcaption><\/figure>\n\n\n\n<figure class=\"wp-block-image size-large\"><img loading=\"lazy\" width=\"541\" height=\"1024\" src=\"http:\/\/kichiko.net\/wp-content\/uploads\/2023\/08\/2-4-541x1024.jpg\" alt=\"\" class=\"wp-image-4734\" srcset=\"https:\/\/kichiko.net\/wp-content\/uploads\/2023\/08\/2-4-541x1024.jpg 541w, https:\/\/kichiko.net\/wp-content\/uploads\/2023\/08\/2-4-317x600.jpg 317w, https:\/\/kichiko.net\/wp-content\/uploads\/2023\/08\/2-4-768x1455.jpg 768w, https:\/\/kichiko.net\/wp-content\/uploads\/2023\/08\/2-4-811x1536.jpg 811w, https:\/\/kichiko.net\/wp-content\/uploads\/2023\/08\/2-4.jpg 1062w\" sizes=\"(max-width: 541px) 100vw, 541px\" \/><figcaption>6 uker<\/figcaption><\/figure>\n\n\n\n<figure class=\"wp-block-image size-large\"><img loading=\"lazy\" width=\"677\" height=\"1024\" src=\"https:\/\/kichiko.net\/wp-content\/uploads\/2023\/10\/2-677x1024.jpg\" alt=\"\" class=\"wp-image-4756\" srcset=\"https:\/\/kichiko.net\/wp-content\/uploads\/2023\/10\/2-677x1024.jpg 677w, https:\/\/kichiko.net\/wp-content\/uploads\/2023\/10\/2-397x600.jpg 397w, https:\/\/kichiko.net\/wp-content\/uploads\/2023\/10\/2-768x1162.jpg 768w, https:\/\/kichiko.net\/wp-content\/uploads\/2023\/10\/2-1016x1536.jpg 1016w, https:\/\/kichiko.net\/wp-content\/uploads\/2023\/10\/2.jpg 1354w\" sizes=\"(max-width: 677px) 100vw, 677px\" \/><figcaption>7 uker<\/figcaption><\/figure>\n\n\n\n<figure class=\"wp-block-image size-large\"><img loading=\"lazy\" width=\"675\" height=\"1024\" src=\"https:\/\/kichiko.net\/wp-content\/uploads\/2023\/10\/372048935_10161171017151241_6241832621258497098_n-675x1024.jpg\" alt=\"\" class=\"wp-image-4757\" srcset=\"https:\/\/kichiko.net\/wp-content\/uploads\/2023\/10\/372048935_10161171017151241_6241832621258497098_n-675x1024.jpg 675w, https:\/\/kichiko.net\/wp-content\/uploads\/2023\/10\/372048935_10161171017151241_6241832621258497098_n-396x600.jpg 396w, https:\/\/kichiko.net\/wp-content\/uploads\/2023\/10\/372048935_10161171017151241_6241832621258497098_n-768x1165.jpg 768w, https:\/\/kichiko.net\/wp-content\/uploads\/2023\/10\/372048935_10161171017151241_6241832621258497098_n-1013x1536.jpg 1013w, https:\/\/kichiko.net\/wp-content\/uploads\/2023\/10\/372048935_10161171017151241_6241832621258497098_n.jpg 1350w\" sizes=\"(max-width: 675px) 100vw, 675px\" \/><figcaption>Kenzo med sine nye folk<\/figcaption><\/figure>\n","protected":false},"excerpt":{"rendered":"<p>Kl.10:15 . Det ble en r\u00f8d hann som veide 295 gram og fikk navnet Kichiko`s Just Me And You Bro Nick : KenzoRase : ShibaKj\u00f8nn: HannFarge : R\u00f8dF\u00f8dt: 16.07.2023Reg.nr : NO50163\/23HD:AD:Patella:\u00d8yne:Bitt: Eier :&nbsp;Julie Gylland Sandmo og Henrik Husum Alm, Sande<\/p>\n","protected":false},"author":2,"featured_media":0,"parent":4627,"menu_order":2,"comment_status":"closed","ping_status":"closed","template":"","meta":[],"_links":{"self":[{"href":"https:\/\/kichiko.net\/index.php?rest_route=\/wp\/v2\/pages\/4631"}],"collection":[{"href":"https:\/\/kichiko.net\/index.php?rest_route=\/wp\/v2\/pages"}],"about":[{"href":"https:\/\/kichiko.net\/index.php?rest_route=\/wp\/v2\/types\/page"}],"author":[{"embeddable":true,"href":"https:\/\/kichiko.net\/index.php?rest_route=\/wp\/v2\/users\/2"}],"replies":[{"embeddable":true,"href":"https:\/\/kichiko.net\/index.php?rest_route=%2Fwp%2Fv2%2Fcomments&post=4631"}],"version-history":[{"count":11,"href":"https:\/\/kichiko.net\/index.php?rest_route=\/wp\/v2\/pages\/4631\/revisions"}],"predecessor-version":[{"id":5352,"href":"https:\/\/kichiko.net\/index.php?rest_route=\/wp\/v2\/pages\/4631\/revisions\/5352"}],"up":[{"embeddable":true,"href":"https:\/\/kichiko.net\/index.php?rest_route=\/wp\/v2\/pages\/4627"}],"wp:attachment":[{"href":"https:\/\/kichiko.net\/index.php?rest_route=%2Fwp%2Fv2%2Fmedia&parent=4631"}],"curies":[{"name":"wp","href":"https:\/\/api.w.org\/{rel}","templated":true}]}}