{"id":459,"date":"2016-10-03T22:36:27","date_gmt":"2016-10-03T21:36:27","guid":{"rendered":"http:\/\/kichiko.net\/?page_id=459"},"modified":"2016-12-19T22:13:47","modified_gmt":"2016-12-19T21:13:47","slug":"ei-shinju","status":"publish","type":"page","link":"https:\/\/kichiko.net\/?page_id=459","title":{"rendered":"Ei Shinju"},"content":{"rendered":"<p>Kl.\u00a010:15 . Nr.2 ble en r\u00f8d\u00a0tispe som veide\u00a0220 gr.\u00a0 <span style=\"color: #000000;\"><span class=\"rtb4\">Hun fikk navnet : Kichiko`s\u00a0 Ei Shinju. Det betyr : Fullkommen Perle<\/span>\u00a0<\/span><\/p>\n<p><span class=\"rtb4\">Nick : Roxy<br \/>\nRase : Shiba<br \/>\nKj\u00f8nn : Tispe<br \/>\nFarge : R\u00f8d<br \/>\nF\u00f8dt : 7\/10-2013<br \/>\nReg.nr : NO54219\/13<br \/>\nHD : A<br \/>\nAD : A <\/span><span class=\"rtb4\"><br \/>\nBitt:\u00a0Korrekt<br \/>\n<\/span><span class=\"rtb4\">\u00d8yenlyst fri<\/span><\/p>\n<p>Eier : Lisa Marie Johansen, Oslo<\/p>\n<p>Premieringer :\u00a02 X BIR valp , 1 x BIG 1 valp, 1 X BIS 2 valp<\/p>\n<div class=\"tmpMainPicBox\">\n<div class=\"tmpMainPicSubBox\">\n<div class=\"tmpMainRich\"><span class=\"rtbBox\"><span class=\"rtb4\">1 X BIR jr, 1 X BIR,\u00a02 X CK, 1 X cert, 1 X res.cert<\/span><\/span><\/div>\n<div class=\"tmpMainRich\">\n<div id=\"attachment_464\" style=\"width: 410px\" class=\"wp-caption alignnone\"><img aria-describedby=\"caption-attachment-464\" loading=\"lazy\" class=\"size-medium wp-image-464\" src=\"http:\/\/kichiko.net\/wp-content\/uploads\/2016\/10\/HjR-400x359.jpg\" alt=\"1 uke\" width=\"400\" height=\"359\" srcset=\"https:\/\/kichiko.net\/wp-content\/uploads\/2016\/10\/HjR-400x359.jpg 400w, https:\/\/kichiko.net\/wp-content\/uploads\/2016\/10\/HjR-768x690.jpg 768w, https:\/\/kichiko.net\/wp-content\/uploads\/2016\/10\/HjR.jpg 960w\" sizes=\"(max-width: 400px) 100vw, 400px\" \/><p id=\"caption-attachment-464\" class=\"wp-caption-text\">1 uke<\/p><\/div>\n<div id=\"attachment_465\" style=\"width: 410px\" class=\"wp-caption alignnone\"><img aria-describedby=\"caption-attachment-465\" loading=\"lazy\" class=\"size-medium wp-image-465\" src=\"http:\/\/kichiko.net\/wp-content\/uploads\/2016\/10\/Hjrr-400x336.jpg\" alt=\"7 uker\" width=\"400\" height=\"336\" srcset=\"https:\/\/kichiko.net\/wp-content\/uploads\/2016\/10\/Hjrr-400x336.jpg 400w, https:\/\/kichiko.net\/wp-content\/uploads\/2016\/10\/Hjrr-768x645.jpg 768w, https:\/\/kichiko.net\/wp-content\/uploads\/2016\/10\/Hjrr.jpg 960w\" sizes=\"(max-width: 400px) 100vw, 400px\" \/><p id=\"caption-attachment-465\" class=\"wp-caption-text\">7 uker<\/p><\/div>\n<\/div>\n<div class=\"tmpMainRich\">\n<div id=\"attachment_466\" style=\"width: 410px\" class=\"wp-caption alignnone\"><img aria-describedby=\"caption-attachment-466\" loading=\"lazy\" class=\"size-medium wp-image-466\" src=\"http:\/\/kichiko.net\/wp-content\/uploads\/2016\/10\/hjrrr-400x523.jpg\" alt=\"Roxy med sin nye eier\" width=\"400\" height=\"523\" srcset=\"https:\/\/kichiko.net\/wp-content\/uploads\/2016\/10\/hjrrr-400x523.jpg 400w, https:\/\/kichiko.net\/wp-content\/uploads\/2016\/10\/hjrrr-768x1003.jpg 768w, https:\/\/kichiko.net\/wp-content\/uploads\/2016\/10\/hjrrr-784x1024.jpg 784w, https:\/\/kichiko.net\/wp-content\/uploads\/2016\/10\/hjrrr.jpg 979w\" sizes=\"(max-width: 400px) 100vw, 400px\" \/><p id=\"caption-attachment-466\" class=\"wp-caption-text\">Roxy med sin nye eier<\/p><\/div>\n<div id=\"attachment_463\" style=\"width: 410px\" class=\"wp-caption alignnone\"><img aria-describedby=\"caption-attachment-463\" loading=\"lazy\" class=\" wp-image-463\" src=\"http:\/\/kichiko.net\/wp-content\/uploads\/2016\/10\/hjrrrr-366x600.jpg\" alt=\"Roxy, Mona Lisa og Kristine p\u00e5 ustilling\" width=\"400\" height=\"656\" srcset=\"https:\/\/kichiko.net\/wp-content\/uploads\/2016\/10\/hjrrrr-366x600.jpg 366w, https:\/\/kichiko.net\/wp-content\/uploads\/2016\/10\/hjrrrr-768x1260.jpg 768w, https:\/\/kichiko.net\/wp-content\/uploads\/2016\/10\/hjrrrr-624x1024.jpg 624w, https:\/\/kichiko.net\/wp-content\/uploads\/2016\/10\/hjrrrr.jpg 780w\" sizes=\"(max-width: 400px) 100vw, 400px\" \/><p id=\"caption-attachment-463\" class=\"wp-caption-text\">Roxy, Mona Lisa og Kristine p\u00e5 ustilling<\/p><\/div>\n<\/div>\n<\/div>\n<\/div>\n","protected":false},"excerpt":{"rendered":"<p>Kl.\u00a010:15 . Nr.2 ble en r\u00f8d\u00a0tispe som veide\u00a0220 gr.\u00a0 Hun fikk navnet : Kichiko`s\u00a0 Ei Shinju. Det betyr : Fullkommen Perle\u00a0 Nick : Roxy Rase : Shiba Kj\u00f8nn : Tispe Farge : R\u00f8d F\u00f8dt : 7\/10-2013 Reg.nr : NO54219\/13 HD : A AD : A Bitt:\u00a0Korrekt \u00d8yenlyst fri Eier : Lisa Marie Johansen, Oslo Premieringer [&hellip;]<\/p>\n","protected":false},"author":2,"featured_media":0,"parent":125,"menu_order":0,"comment_status":"closed","ping_status":"closed","template":"","meta":[],"_links":{"self":[{"href":"https:\/\/kichiko.net\/index.php?rest_route=\/wp\/v2\/pages\/459"}],"collection":[{"href":"https:\/\/kichiko.net\/index.php?rest_route=\/wp\/v2\/pages"}],"about":[{"href":"https:\/\/kichiko.net\/index.php?rest_route=\/wp\/v2\/types\/page"}],"author":[{"embeddable":true,"href":"https:\/\/kichiko.net\/index.php?rest_route=\/wp\/v2\/users\/2"}],"replies":[{"embeddable":true,"href":"https:\/\/kichiko.net\/index.php?rest_route=%2Fwp%2Fv2%2Fcomments&post=459"}],"version-history":[{"count":5,"href":"https:\/\/kichiko.net\/index.php?rest_route=\/wp\/v2\/pages\/459\/revisions"}],"predecessor-version":[{"id":853,"href":"https:\/\/kichiko.net\/index.php?rest_route=\/wp\/v2\/pages\/459\/revisions\/853"}],"up":[{"embeddable":true,"href":"https:\/\/kichiko.net\/index.php?rest_route=\/wp\/v2\/pages\/125"}],"wp:attachment":[{"href":"https:\/\/kichiko.net\/index.php?rest_route=%2Fwp%2Fv2%2Fmedia&parent=459"}],"curies":[{"name":"wp","href":"https:\/\/api.w.org\/{rel}","templated":true}]}}